{"id":90,"date":"2020-06-28T22:42:11","date_gmt":"2020-06-28T20:42:11","guid":{"rendered":"https:\/\/darsa.pl\/www\/?page_id=90"},"modified":"2022-02-15T09:13:36","modified_gmt":"2022-02-15T08:13:36","slug":"poreczenia-spo-wkp","status":"publish","type":"page","link":"https:\/\/darsa.pl\/www\/projekty\/poreczenia-spo-wkp\/","title":{"rendered":"POR\u0118CZENIA SPO WKP"},"content":{"rendered":"\t\t<div data-elementor-type=\"wp-page\" data-elementor-id=\"90\" class=\"elementor elementor-90\">\n\t\t\t\t\t\t<section class=\"elementor-section elementor-top-section elementor-element elementor-element-3f809d94 elementor-section-boxed elementor-section-height-default elementor-section-height-default\" data-id=\"3f809d94\" data-element_type=\"section\" data-e-type=\"section\" data-settings=\"{&quot;background_background&quot;:&quot;gradient&quot;}\">\n\t\t\t\t\t\t<div class=\"elementor-container elementor-column-gap-default\">\n\t\t\t\t\t<div class=\"elementor-column elementor-col-100 elementor-top-column elementor-element elementor-element-39418987\" data-id=\"39418987\" data-element_type=\"column\" data-e-type=\"column\">\n\t\t\t<div class=\"elementor-widget-wrap elementor-element-populated\">\n\t\t\t\t\t\t<div class=\"elementor-element elementor-element-22b1a76a elementor-widget elementor-widget-heading\" data-id=\"22b1a76a\" data-element_type=\"widget\" data-e-type=\"widget\" data-widget_type=\"heading.default\">\n\t\t\t\t<div class=\"elementor-widget-container\">\n\t\t\t\t\t<h2 class=\"elementor-heading-title elementor-size-default\">Por\u0119czenia SPO WKP<\/h2>\t\t\t\t<\/div>\n\t\t\t\t<\/div>\n\t\t\t\t\t<\/div>\n\t\t<\/div>\n\t\t\t\t\t<\/div>\n\t\t<\/section>\n\t\t\t\t<section class=\"elementor-section elementor-top-section elementor-element elementor-element-24bf39e5 elementor-section-boxed elementor-section-height-default elementor-section-height-default\" data-id=\"24bf39e5\" data-element_type=\"section\" data-e-type=\"section\" data-settings=\"{&quot;background_background&quot;:&quot;classic&quot;}\">\n\t\t\t\t\t\t<div class=\"elementor-container elementor-column-gap-default\">\n\t\t\t\t\t<div class=\"elementor-column elementor-col-100 elementor-top-column elementor-element elementor-element-72f484a6\" data-id=\"72f484a6\" data-element_type=\"column\" data-e-type=\"column\">\n\t\t\t<div class=\"elementor-widget-wrap elementor-element-populated\">\n\t\t\t\t\t\t<div class=\"elementor-element elementor-element-4c23b26c elementor-widget elementor-widget-image\" data-id=\"4c23b26c\" data-element_type=\"widget\" data-e-type=\"widget\" data-widget_type=\"image.default\">\n\t\t\t\t<div class=\"elementor-widget-container\">\n\t\t\t\t\t\t\t\t\t\t\t\t\t\t\t<img fetchpriority=\"high\" decoding=\"async\" width=\"848\" height=\"546\" src=\"https:\/\/darsa.pl\/www\/wp-content\/uploads\/2020\/07\/download.png\" class=\"attachment-full size-full wp-image-860\" alt=\"\" srcset=\"https:\/\/darsa.pl\/www\/wp-content\/uploads\/2020\/07\/download.png 848w, https:\/\/darsa.pl\/www\/wp-content\/uploads\/2020\/07\/download-300x193.png 300w, https:\/\/darsa.pl\/www\/wp-content\/uploads\/2020\/07\/download-768x494.png 768w\" sizes=\"(max-width: 848px) 100vw, 848px\" \/>\t\t\t\t\t\t\t\t\t\t\t\t\t\t\t<\/div>\n\t\t\t\t<\/div>\n\t\t\t\t<div class=\"elementor-element elementor-element-1e7f5e67 elementor-align-center elementor-widget elementor-widget-button\" data-id=\"1e7f5e67\" data-element_type=\"widget\" data-e-type=\"widget\" data-widget_type=\"button.default\">\n\t\t\t\t<div class=\"elementor-widget-container\">\n\t\t\t\t\t\t\t\t\t<div class=\"elementor-button-wrapper\">\n\t\t\t\t\t<a class=\"elementor-button elementor-button-link elementor-size-sm\" href=\"https:\/\/darsa.pl\/www\/wp-content\/uploads\/2020\/08\/Projekty_-_Poreczenia_SPOWKP_pliki_.zip\" target=\"_blank\">\n\t\t\t\t\t\t<span class=\"elementor-button-content-wrapper\">\n\t\t\t\t\t\t\t\t\t<span class=\"elementor-button-text\">POBIERZ WSZYSTKIE PLIKI<\/span>\n\t\t\t\t\t<\/span>\n\t\t\t\t\t<\/a>\n\t\t\t\t<\/div>\n\t\t\t\t\t\t\t\t<\/div>\n\t\t\t\t<\/div>\n\t\t\t\t\t<\/div>\n\t\t<\/div>\n\t\t\t\t\t<\/div>\n\t\t<\/section>\n\t\t\t\t<section class=\"elementor-section elementor-top-section elementor-element elementor-element-7151a4ed elementor-section-boxed elementor-section-height-default elementor-section-height-default\" data-id=\"7151a4ed\" data-element_type=\"section\" data-e-type=\"section\">\n\t\t\t\t\t\t<div class=\"elementor-container elementor-column-gap-default\">\n\t\t\t\t\t<div class=\"elementor-column elementor-col-100 elementor-top-column elementor-element elementor-element-6ec3fa0\" data-id=\"6ec3fa0\" data-element_type=\"column\" data-e-type=\"column\">\n\t\t\t<div class=\"elementor-widget-wrap elementor-element-populated\">\n\t\t\t\t\t\t<div class=\"elementor-element elementor-element-2ae6c8d1 elementor-widget elementor-widget-text-editor\" data-id=\"2ae6c8d1\" data-element_type=\"widget\" data-e-type=\"widget\" data-widget_type=\"text-editor.default\">\n\t\t\t\t<div class=\"elementor-widget-container\">\n\t\t\t\t\t\t\t\t\t<p align=\"center\"><span style=\"color: #223e81;\">Projekt wsp\u00f3\u0142finansowany ze \u015brodk\u00f3w Europejskiego Funduszu Rozwoju Regionalnego w ramach Sektorowego Programu Operacyjnego Wzrost Konkurencyjno\u015bci Przedsi\u0119biorstw, lata 2004-2006 \u2013 Dzia\u0142anie 1.2. realizowany, na podstawie Umowy o dofinansowanie projektu, pomi\u0119dzy Dzia\u0142dowsk\u0105 Agencj\u0105 Rozwoju S.A. a Polsk\u0105 Agencj\u0105 Rozwoju Przedsi\u0119biorczo\u015bci.<\/span><\/p><p><span>W 2005 roku zosta\u0142a podpisana umowa pomi\u0119dzy Dzia\u0142dowsk\u0105 Agencj\u0105 Rozwoju S.A. a Polsk\u0105 Agencj\u0105 Rozwoju Przedsi\u0119biorczo\u015bci na dokapitalizowanie funduszu por\u0119czeniowego na kwot\u0119 dofinansowania r\u00f3wn\u0105 5000000PLN. Dofinansowanie projektu pn. &#8222;Lokalny Fundusz Por\u0119cze\u0144 Kredytowych w Dzia\u0142dowie&#8221; wsp\u00f3\u0142finansowane jest ze \u015brodk\u00f3w Europejskiego Funduszu Rozwoju Regionalnego w ramach Sektorowego Programu Operacyjnego Wzrost Konkurencyjno\u015bci Przedsi\u0119biorstw, lata 2004-2006 \u2013 Dzia\u0142anie 1.2. Uzyskane \u015brodki pozwalaj\u0105 na udzielanie por\u0119cze\u0144 od maja 2005 roku do chwili obecnej na warunkach okre\u015blonych dla programu (<\/span><strong>SPO \u2013 WKP<\/strong><span>).<\/span><\/p>\t\t\t\t\t\t\t\t<\/div>\n\t\t\t\t<\/div>\n\t\t\t\t\t<\/div>\n\t\t<\/div>\n\t\t\t\t\t<\/div>\n\t\t<\/section>\n\t\t\t\t<section class=\"elementor-section elementor-top-section elementor-element elementor-element-1605eeb elementor-section-boxed elementor-section-height-default elementor-section-height-default\" data-id=\"1605eeb\" data-element_type=\"section\" data-e-type=\"section\">\n\t\t\t\t\t\t<div class=\"elementor-container elementor-column-gap-default\">\n\t\t\t\t\t<div class=\"elementor-column elementor-col-100 elementor-top-column elementor-element elementor-element-b86372d\" data-id=\"b86372d\" data-element_type=\"column\" data-e-type=\"column\">\n\t\t\t<div class=\"elementor-widget-wrap elementor-element-populated\">\n\t\t\t\t\t\t<div class=\"elementor-element elementor-element-65be059 elementor-widget elementor-widget-text-editor\" data-id=\"65be059\" data-element_type=\"widget\" data-e-type=\"widget\" data-widget_type=\"text-editor.default\">\n\t\t\t\t<div class=\"elementor-widget-container\">\n\t\t\t\t\t\t\t\t\t<p style=\"text-align: center;\"><strong>Warunki udzielania por\u0119cze\u0144 w ramach SPO-WKP:<\/strong><\/p><p><strong>\u2022 <\/strong><strong>BENEFICJENTAMI mog\u0105 by\u0107:<\/strong><\/p><ul><li><strong>ma\u0142e i \u015brednie przedsi\u0119biorstwa<\/strong><span>\u00a0<\/span>posiadaj\u0105ce swoj\u0105 siedzib\u0119 na terytorium Rzeczypospolitej Polskiej ze szczeg\u00f3lnym uwzgl\u0119dnieniem Beneficjent\u00f3w, kt\u00f3rych g\u0142\u00f3wne miejsce wykonywania dzia\u0142alno\u015bci mie\u015bci si\u0119 w powiecie dzia\u0142dowskim i powiatach z nim s\u0105siaduj\u0105cych<\/li><\/ul><p><span>\u2022 <\/span>por\u0119czenia udzielane s\u0105 jako zabezpieczenie kredyt\u00f3w lub po\u017cyczek<span>\u00a0<\/span><strong>przeznaczonych na<\/strong><span>\u00a0<\/span>finansowanie przedsi\u0119wzi\u0119\u0107 gospodarczych zwi\u0105zanych z bie\u017c\u0105c\u0105 i inwestycyjn\u0105 dzia\u0142alno\u015bci\u0105 gospodarcz\u0105<\/p><p><span>\u2022 <\/span>maksymalna kwota udzielanego zabezpieczenia do jednego kredytu\/po\u017cyczki wynosi<span>\u00a0<\/span><strong>250000PLN<\/strong>, przy czym nie mo\u017ce przekroczy\u0107<span>\u00a0<\/span><strong>80%<\/strong><span>\u00a0<\/span>warto\u015bci zabezpieczanego kredytu lub po\u017cyczki<\/p><p><span>\u2022 <\/span>koszty udzielonego por\u0119czenia to<span>\u00a0<\/span><strong>jednorazowa prowizja<\/strong><span>\u00a0<\/span>za udzielenie por\u0119czenia p\u0142atna w dniu podpisania umowy por\u0119czenia<\/p><p><span>\u2022 <\/span>por\u0119czenie udzielane jest<span>\u00a0<\/span><strong>na okres<\/strong><span>\u00a0<\/span>do momentu uregulowania nale\u017cno\u015bci wynikaj\u0105cych z umowy kredytowej\/po\u017cyczki<\/p><p><span>\u2022 <\/span>por\u0119czenia udzielane s\u0105 w ramach pomocy<span>\u00a0<\/span><em>de minimis<\/em><\/p>\t\t\t\t\t\t\t\t<\/div>\n\t\t\t\t<\/div>\n\t\t\t\t\t<\/div>\n\t\t<\/div>\n\t\t\t\t\t<\/div>\n\t\t<\/section>\n\t\t\t\t<section class=\"elementor-section elementor-top-section elementor-element elementor-element-46fafb83 elementor-section-boxed elementor-section-height-default elementor-section-height-default\" data-id=\"46fafb83\" data-element_type=\"section\" data-e-type=\"section\">\n\t\t\t\t\t\t<div class=\"elementor-container elementor-column-gap-default\">\n\t\t\t\t\t<div class=\"elementor-column elementor-col-100 elementor-top-column elementor-element elementor-element-721a376c\" data-id=\"721a376c\" data-element_type=\"column\" data-e-type=\"column\">\n\t\t\t<div class=\"elementor-widget-wrap elementor-element-populated\">\n\t\t\t\t\t\t<div class=\"elementor-element elementor-element-5f38163 elementor-widget elementor-widget-heading\" data-id=\"5f38163\" data-element_type=\"widget\" data-e-type=\"widget\" data-widget_type=\"heading.default\">\n\t\t\t\t<div class=\"elementor-widget-container\">\n\t\t\t\t\t<h3 class=\"elementor-heading-title elementor-size-default\"><br>Za\u0142\u0105czniki<\/h3>\t\t\t\t<\/div>\n\t\t\t\t<\/div>\n\t\t\t\t\t<\/div>\n\t\t<\/div>\n\t\t\t\t\t<\/div>\n\t\t<\/section>\n\t\t\t\t<section class=\"elementor-section elementor-top-section elementor-element elementor-element-230be894 elementor-section-boxed elementor-section-height-default elementor-section-height-default\" data-id=\"230be894\" data-element_type=\"section\" data-e-type=\"section\">\n\t\t\t\t\t\t<div class=\"elementor-container elementor-column-gap-default\">\n\t\t\t\t\t<div class=\"elementor-column elementor-col-100 elementor-top-column elementor-element elementor-element-3526bc2b\" data-id=\"3526bc2b\" data-element_type=\"column\" data-e-type=\"column\">\n\t\t\t<div class=\"elementor-widget-wrap elementor-element-populated\">\n\t\t\t\t\t\t<div class=\"elementor-element elementor-element-54b98e6c elementor-widget elementor-widget-text-editor\" data-id=\"54b98e6c\" data-element_type=\"widget\" data-e-type=\"widget\" data-widget_type=\"text-editor.default\">\n\t\t\t\t<div class=\"elementor-widget-container\">\n\t\t\t\t\t\t\t\t\t<ul><li><a href=\"https:\/\/darsa.pl\/www\/wp-content\/uploads\/2021\/01\/regulamin.pdf\" target=\"_blank\" rel=\"noopener\">Regulamin Lokalnego Funduszu Por\u0119cze\u0144 Kredytowych<\/a><\/li><li><a href=\"https:\/\/darsa.pl\/www\/wp-content\/uploads\/2020\/08\/wniosek-2.doc\">Wniosek o por\u0119czenie wraz z za\u0142\u0105cznikami<\/a><\/li><li><a href=\"https:\/\/darsa.pl\/www\/wp-content\/uploads\/2020\/08\/wniosek_dm_mono.doc\">Wniosek o pomoc <em>de minimis<\/em><\/a><span>\u00a0<\/span>(wersja monochromatyczna)<\/li><li><a href=\"https:\/\/darsa.pl\/www\/wp-content\/uploads\/2020\/08\/wniosek_dm_kolor.doc\">Wniosek o pomoc <em>de minimis<\/em><\/a><span>\u00a0<\/span>(wersja kolorowa)<\/li><li><a href=\"https:\/\/darsa.pl\/www\/wp-content\/uploads\/2020\/08\/form_dm_mono.pdf\">Formularz informacji przedstawianych przy ubieganiu si\u0119 o pomoc <em>de minimis<\/em><\/a><\/li><li><a href=\"https:\/\/darsa.pl\/www\/wp-content\/uploads\/2020\/08\/osw_dm_mono.doc\">O\u015bwiadczenie o uzyskanej pomocy publicznej<\/a><span>\u00a0<\/span>(wersja monochromatyczna)<\/li><li><a href=\"https:\/\/darsa.pl\/www\/wp-content\/uploads\/2020\/08\/osw_dm_kolor.doc\">O\u015bwiadczenie o uzyskanej pomocy publicznej<\/a><span>\u00a0<\/span>(wersja kolorowa)<\/li><li><a href=\"https:\/\/darsa.pl\/www\/wp-content\/uploads\/2020\/08\/tabela.doc\">Tabela op\u0142at i prowizji<\/a><\/li><li><a href=\"https:\/\/darsa.pl\/www\/wp-content\/uploads\/2020\/08\/osw_zob_por.doc\">O\u015bwiadczenie o zobowi\u0105zaniach por\u0119czyciela<\/a><\/li><li><a href=\"https:\/\/darsa.pl\/www\/wp-content\/uploads\/2020\/08\/osw_zob_wnios.doc\">O\u015bwiadczenie o zobowi\u0105zaniach wnioskodawcy<\/a><\/li><li><a href=\"https:\/\/darsa.pl\/www\/wp-content\/uploads\/2020\/08\/osw_por_fiz.doc\">O\u015bwiadczenie por\u0119czeniobiorcy b\u0119d\u0105cego osob\u0105 fizyczn\u0105<\/a><\/li><li><a href=\"https:\/\/darsa.pl\/www\/wp-content\/uploads\/2020\/08\/osw_por_niefiz.doc\">O\u015bwiadczenie por\u0119czeniobiorcy nieb\u0119d\u0105cego osob\u0105 fizyczn\u0105<\/a><\/li><li><a href=\"https:\/\/darsa.pl\/www\/wp-content\/uploads\/2020\/08\/osw_poreczyciela.doc\">O\u015bwiadczenie por\u0119czyciela<\/a><\/li><li><a href=\"https:\/\/darsa.pl\/www\/wp-content\/uploads\/2020\/08\/osw_wspolmalzonka.doc\">O\u015bwiadczenie wsp\u00f3\u0142ma\u0142\u017conka por\u0119czyciela<\/a><\/li><li><a href=\"https:\/\/darsa.pl\/www\/wp-content\/uploads\/2020\/08\/osw_wspolmalzonka_por.doc\">O\u015bwiadczenie wsp\u00f3\u0142ma\u0142\u017conka por\u0119czeniobiorcy<\/a><\/li><li><a href=\"https:\/\/darsa.pl\/www\/wp-content\/uploads\/2020\/08\/osw_inwestycja.doc\">O\u015bwiadczenie o zrealizowanej inwestycji<\/a><\/li><li><a href=\"https:\/\/darsa.pl\/www\/wp-content\/uploads\/2020\/08\/up_1-2.doc\">Upowa\u017cnienie konsumenta do InfoMonitor<\/a><\/li><li><a href=\"https:\/\/darsa.pl\/www\/wp-content\/uploads\/2020\/08\/up_2-2.doc\">Upowa\u017cnienie przedsi\u0119biorcy do InfoMonitor<\/a><\/li><\/ul>\t\t\t\t\t\t\t\t<\/div>\n\t\t\t\t<\/div>\n\t\t\t\t\t<\/div>\n\t\t<\/div>\n\t\t\t\t\t<\/div>\n\t\t<\/section>\n\t\t\t\t<section class=\"elementor-section elementor-top-section elementor-element elementor-element-1ca6c9ab elementor-section-boxed elementor-section-height-default elementor-section-height-default\" data-id=\"1ca6c9ab\" data-element_type=\"section\" data-e-type=\"section\">\n\t\t\t\t\t\t<div class=\"elementor-container elementor-column-gap-default\">\n\t\t\t\t\t<div class=\"elementor-column elementor-col-50 elementor-top-column elementor-element elementor-element-3b3372ca\" data-id=\"3b3372ca\" data-element_type=\"column\" data-e-type=\"column\">\n\t\t\t<div class=\"elementor-widget-wrap elementor-element-populated\">\n\t\t\t\t\t\t<div class=\"elementor-element elementor-element-1b1f6662 elementor-widget elementor-widget-counter\" data-id=\"1b1f6662\" data-element_type=\"widget\" data-e-type=\"widget\" data-widget_type=\"counter.default\">\n\t\t\t\t<div class=\"elementor-widget-container\">\n\t\t\t\t\t\t\t<div class=\"elementor-counter\">\n\t\t\t<div class=\"elementor-counter-title\">Kwota udzielonych por\u0119cze\u0144 (w PLN)<\/div>\t\t\t<div class=\"elementor-counter-number-wrapper\">\n\t\t\t\t<span class=\"elementor-counter-number-prefix\"><\/span>\n\t\t\t\t<span class=\"elementor-counter-number\" data-duration=\"5000\" data-to-value=\"146393721\" data-from-value=\"0\" data-delimiter=\" \">0<\/span>\n\t\t\t\t<span class=\"elementor-counter-number-suffix\"><\/span>\n\t\t\t<\/div>\n\t\t<\/div>\n\t\t\t\t\t\t<\/div>\n\t\t\t\t<\/div>\n\t\t\t\t\t<\/div>\n\t\t<\/div>\n\t\t\t\t<div class=\"elementor-column elementor-col-50 elementor-top-column elementor-element elementor-element-7f61aaeb\" data-id=\"7f61aaeb\" data-element_type=\"column\" data-e-type=\"column\">\n\t\t\t<div class=\"elementor-widget-wrap elementor-element-populated\">\n\t\t\t\t\t\t<div class=\"elementor-element elementor-element-6b77e8e8 elementor-widget elementor-widget-counter\" data-id=\"6b77e8e8\" data-element_type=\"widget\" data-e-type=\"widget\" data-widget_type=\"counter.default\">\n\t\t\t\t<div class=\"elementor-widget-container\">\n\t\t\t\t\t\t\t<div class=\"elementor-counter\">\n\t\t\t<div class=\"elementor-counter-title\">Liczba udzielonych por\u0119cze\u0144<\/div>\t\t\t<div class=\"elementor-counter-number-wrapper\">\n\t\t\t\t<span class=\"elementor-counter-number-prefix\"><\/span>\n\t\t\t\t<span class=\"elementor-counter-number\" data-duration=\"3000\" data-to-value=\"3101\" data-from-value=\"0\" data-delimiter=\" \">0<\/span>\n\t\t\t\t<span class=\"elementor-counter-number-suffix\"><\/span>\n\t\t\t<\/div>\n\t\t<\/div>\n\t\t\t\t\t\t<\/div>\n\t\t\t\t<\/div>\n\t\t\t\t\t<\/div>\n\t\t<\/div>\n\t\t\t\t\t<\/div>\n\t\t<\/section>\n\t\t\t\t<\/div>\n\t\t","protected":false},"excerpt":{"rendered":"<p>Por\u0119czenia SPO WKP POBIERZ WSZYSTKIE PLIKI Projekt wsp\u00f3\u0142finansowany ze \u015brodk\u00f3w Europejskiego Funduszu Rozwoju Regionalnego w ramach Sektorowego Programu Operacyjnego Wzrost Konkurencyjno\u015bci Przedsi\u0119biorstw, lata 2004-2006 \u2013 Dzia\u0142anie 1.2. realizowany, na podstawie Umowy o dofinansowanie projektu, pomi\u0119dzy Dzia\u0142dowsk\u0105 Agencj\u0105 Rozwoju S.A. a Polsk\u0105 Agencj\u0105 Rozwoju Przedsi\u0119biorczo\u015bci. W 2005 roku zosta\u0142a podpisana umowa [&hellip;]<\/p>\n","protected":false},"author":1,"featured_media":0,"parent":75,"menu_order":4,"comment_status":"closed","ping_status":"closed","template":"elementor_header_footer","meta":{"footnotes":""},"class_list":["post-90","page","type-page","status-publish","hentry"],"yoast_head":"<!-- This site is optimized with the Yoast SEO plugin v27.3 - https:\/\/yoast.com\/product\/yoast-seo-wordpress\/ -->\n<title>Dzia\u0142dowska Agencja Rozwoju S.A.<\/title>\n<meta name=\"description\" content=\"Wspieranie ma\u0142ych i \u015brednich przedsi\u0119biorstw, edukacja i szkolenia.\" \/>\n<meta name=\"robots\" content=\"index, follow, max-snippet:-1, max-image-preview:large, max-video-preview:-1\" \/>\n<link rel=\"canonical\" href=\"https:\/\/darsa.pl\/www\/projekty\/poreczenia-spo-wkp\/\" \/>\n<meta property=\"og:locale\" content=\"pl_PL\" \/>\n<meta property=\"og:type\" content=\"article\" \/>\n<meta property=\"og:description\" content=\"Wspieranie ma\u0142ych i \u015brednich przedsi\u0119biorstw, edukacja i szkolenia.\" \/>\n<meta property=\"og:url\" content=\"https:\/\/darsa.pl\/www\/projekty\/poreczenia-spo-wkp\/\" \/>\n<meta property=\"og:site_name\" content=\"Dzia\u0142dowska Agencja Rozwoju S.A.\" \/>\n<meta property=\"article:modified_time\" content=\"2022-02-15T08:13:36+00:00\" \/>\n<meta property=\"og:image\" content=\"https:\/\/darsa.pl\/www\/wp-content\/uploads\/2020\/07\/download.png\" \/>\n<meta name=\"twitter:card\" content=\"summary_large_image\" \/>\n<meta name=\"twitter:label1\" content=\"Szacowany czas czytania\" \/>\n\t<meta name=\"twitter:data1\" content=\"3 minuty\" \/>\n<script type=\"application\/ld+json\" class=\"yoast-schema-graph\">{\"@context\":\"https:\\\/\\\/schema.org\",\"@graph\":[{\"@type\":\"WebPage\",\"@id\":\"https:\\\/\\\/darsa.pl\\\/www\\\/projekty\\\/poreczenia-spo-wkp\\\/\",\"url\":\"https:\\\/\\\/darsa.pl\\\/www\\\/projekty\\\/poreczenia-spo-wkp\\\/\",\"name\":\"\",\"isPartOf\":{\"@id\":\"https:\\\/\\\/darsa.pl\\\/www\\\/#website\"},\"primaryImageOfPage\":{\"@id\":\"https:\\\/\\\/darsa.pl\\\/www\\\/projekty\\\/poreczenia-spo-wkp\\\/#primaryimage\"},\"image\":{\"@id\":\"https:\\\/\\\/darsa.pl\\\/www\\\/projekty\\\/poreczenia-spo-wkp\\\/#primaryimage\"},\"thumbnailUrl\":\"https:\\\/\\\/darsa.pl\\\/www\\\/wp-content\\\/uploads\\\/2020\\\/07\\\/download.png\",\"datePublished\":\"2020-06-28T20:42:11+00:00\",\"dateModified\":\"2022-02-15T08:13:36+00:00\",\"description\":\"Wspieranie ma\u0142ych i \u015brednich przedsi\u0119biorstw, edukacja i szkolenia.\",\"breadcrumb\":{\"@id\":\"https:\\\/\\\/darsa.pl\\\/www\\\/projekty\\\/poreczenia-spo-wkp\\\/#breadcrumb\"},\"inLanguage\":\"pl-PL\",\"potentialAction\":[{\"@type\":\"ReadAction\",\"target\":[\"https:\\\/\\\/darsa.pl\\\/www\\\/projekty\\\/poreczenia-spo-wkp\\\/\"]}]},{\"@type\":\"ImageObject\",\"inLanguage\":\"pl-PL\",\"@id\":\"https:\\\/\\\/darsa.pl\\\/www\\\/projekty\\\/poreczenia-spo-wkp\\\/#primaryimage\",\"url\":\"https:\\\/\\\/darsa.pl\\\/www\\\/wp-content\\\/uploads\\\/2020\\\/07\\\/download.png\",\"contentUrl\":\"https:\\\/\\\/darsa.pl\\\/www\\\/wp-content\\\/uploads\\\/2020\\\/07\\\/download.png\",\"width\":848,\"height\":546},{\"@type\":\"BreadcrumbList\",\"@id\":\"https:\\\/\\\/darsa.pl\\\/www\\\/projekty\\\/poreczenia-spo-wkp\\\/#breadcrumb\",\"itemListElement\":[{\"@type\":\"ListItem\",\"position\":1,\"name\":\"Strona g\u0142\u00f3wna\",\"item\":\"https:\\\/\\\/darsa.pl\\\/www\\\/\"},{\"@type\":\"ListItem\",\"position\":2,\"name\":\"PROJEKTY\",\"item\":\"https:\\\/\\\/darsa.pl\\\/www\\\/projekty\\\/\"},{\"@type\":\"ListItem\",\"position\":3,\"name\":\"POR\u0118CZENIA SPO WKP\"}]},{\"@type\":\"WebSite\",\"@id\":\"https:\\\/\\\/darsa.pl\\\/www\\\/#website\",\"url\":\"https:\\\/\\\/darsa.pl\\\/www\\\/\",\"name\":\"Dzia\u0142dowska Agencja Rozwoju S.A.\",\"description\":\"Wspieranie ma\u0142ych i \u015brednich przedsi\u0119biorstw, edukacja i szkolenia.\",\"publisher\":{\"@id\":\"https:\\\/\\\/darsa.pl\\\/www\\\/#organization\"},\"potentialAction\":[{\"@type\":\"SearchAction\",\"target\":{\"@type\":\"EntryPoint\",\"urlTemplate\":\"https:\\\/\\\/darsa.pl\\\/www\\\/?s={search_term_string}\"},\"query-input\":{\"@type\":\"PropertyValueSpecification\",\"valueRequired\":true,\"valueName\":\"search_term_string\"}}],\"inLanguage\":\"pl-PL\"},{\"@type\":\"Organization\",\"@id\":\"https:\\\/\\\/darsa.pl\\\/www\\\/#organization\",\"name\":\"Dzia\u0142dowska Agencja Rozwoju S.A.\",\"url\":\"https:\\\/\\\/darsa.pl\\\/www\\\/\",\"logo\":{\"@type\":\"ImageObject\",\"inLanguage\":\"pl-PL\",\"@id\":\"https:\\\/\\\/darsa.pl\\\/www\\\/#\\\/schema\\\/logo\\\/image\\\/\",\"url\":\"https:\\\/\\\/darsa.pl\\\/www\\\/wp-content\\\/uploads\\\/2020\\\/06\\\/logo_h200px.png\",\"contentUrl\":\"https:\\\/\\\/darsa.pl\\\/www\\\/wp-content\\\/uploads\\\/2020\\\/06\\\/logo_h200px.png\",\"width\":856,\"height\":200,\"caption\":\"Dzia\u0142dowska Agencja Rozwoju S.A.\"},\"image\":{\"@id\":\"https:\\\/\\\/darsa.pl\\\/www\\\/#\\\/schema\\\/logo\\\/image\\\/\"}}]}<\/script>\n<!-- \/ Yoast SEO plugin. -->","yoast_head_json":{"title":"Dzia\u0142dowska Agencja Rozwoju S.A.","description":"Wspieranie ma\u0142ych i \u015brednich przedsi\u0119biorstw, edukacja i szkolenia.","robots":{"index":"index","follow":"follow","max-snippet":"max-snippet:-1","max-image-preview":"max-image-preview:large","max-video-preview":"max-video-preview:-1"},"canonical":"https:\/\/darsa.pl\/www\/projekty\/poreczenia-spo-wkp\/","og_locale":"pl_PL","og_type":"article","og_description":"Wspieranie ma\u0142ych i \u015brednich przedsi\u0119biorstw, edukacja i szkolenia.","og_url":"https:\/\/darsa.pl\/www\/projekty\/poreczenia-spo-wkp\/","og_site_name":"Dzia\u0142dowska Agencja Rozwoju S.A.","article_modified_time":"2022-02-15T08:13:36+00:00","og_image":[{"url":"https:\/\/darsa.pl\/www\/wp-content\/uploads\/2020\/07\/download.png","type":"","width":"","height":""}],"twitter_card":"summary_large_image","twitter_misc":{"Szacowany czas czytania":"3 minuty"},"schema":{"@context":"https:\/\/schema.org","@graph":[{"@type":"WebPage","@id":"https:\/\/darsa.pl\/www\/projekty\/poreczenia-spo-wkp\/","url":"https:\/\/darsa.pl\/www\/projekty\/poreczenia-spo-wkp\/","name":"","isPartOf":{"@id":"https:\/\/darsa.pl\/www\/#website"},"primaryImageOfPage":{"@id":"https:\/\/darsa.pl\/www\/projekty\/poreczenia-spo-wkp\/#primaryimage"},"image":{"@id":"https:\/\/darsa.pl\/www\/projekty\/poreczenia-spo-wkp\/#primaryimage"},"thumbnailUrl":"https:\/\/darsa.pl\/www\/wp-content\/uploads\/2020\/07\/download.png","datePublished":"2020-06-28T20:42:11+00:00","dateModified":"2022-02-15T08:13:36+00:00","description":"Wspieranie ma\u0142ych i \u015brednich przedsi\u0119biorstw, edukacja i szkolenia.","breadcrumb":{"@id":"https:\/\/darsa.pl\/www\/projekty\/poreczenia-spo-wkp\/#breadcrumb"},"inLanguage":"pl-PL","potentialAction":[{"@type":"ReadAction","target":["https:\/\/darsa.pl\/www\/projekty\/poreczenia-spo-wkp\/"]}]},{"@type":"ImageObject","inLanguage":"pl-PL","@id":"https:\/\/darsa.pl\/www\/projekty\/poreczenia-spo-wkp\/#primaryimage","url":"https:\/\/darsa.pl\/www\/wp-content\/uploads\/2020\/07\/download.png","contentUrl":"https:\/\/darsa.pl\/www\/wp-content\/uploads\/2020\/07\/download.png","width":848,"height":546},{"@type":"BreadcrumbList","@id":"https:\/\/darsa.pl\/www\/projekty\/poreczenia-spo-wkp\/#breadcrumb","itemListElement":[{"@type":"ListItem","position":1,"name":"Strona g\u0142\u00f3wna","item":"https:\/\/darsa.pl\/www\/"},{"@type":"ListItem","position":2,"name":"PROJEKTY","item":"https:\/\/darsa.pl\/www\/projekty\/"},{"@type":"ListItem","position":3,"name":"POR\u0118CZENIA SPO WKP"}]},{"@type":"WebSite","@id":"https:\/\/darsa.pl\/www\/#website","url":"https:\/\/darsa.pl\/www\/","name":"Dzia\u0142dowska Agencja Rozwoju S.A.","description":"Wspieranie ma\u0142ych i \u015brednich przedsi\u0119biorstw, edukacja i szkolenia.","publisher":{"@id":"https:\/\/darsa.pl\/www\/#organization"},"potentialAction":[{"@type":"SearchAction","target":{"@type":"EntryPoint","urlTemplate":"https:\/\/darsa.pl\/www\/?s={search_term_string}"},"query-input":{"@type":"PropertyValueSpecification","valueRequired":true,"valueName":"search_term_string"}}],"inLanguage":"pl-PL"},{"@type":"Organization","@id":"https:\/\/darsa.pl\/www\/#organization","name":"Dzia\u0142dowska Agencja Rozwoju S.A.","url":"https:\/\/darsa.pl\/www\/","logo":{"@type":"ImageObject","inLanguage":"pl-PL","@id":"https:\/\/darsa.pl\/www\/#\/schema\/logo\/image\/","url":"https:\/\/darsa.pl\/www\/wp-content\/uploads\/2020\/06\/logo_h200px.png","contentUrl":"https:\/\/darsa.pl\/www\/wp-content\/uploads\/2020\/06\/logo_h200px.png","width":856,"height":200,"caption":"Dzia\u0142dowska Agencja Rozwoju S.A."},"image":{"@id":"https:\/\/darsa.pl\/www\/#\/schema\/logo\/image\/"}}]}},"_links":{"self":[{"href":"https:\/\/darsa.pl\/www\/wp-json\/wp\/v2\/pages\/90","targetHints":{"allow":["GET"]}}],"collection":[{"href":"https:\/\/darsa.pl\/www\/wp-json\/wp\/v2\/pages"}],"about":[{"href":"https:\/\/darsa.pl\/www\/wp-json\/wp\/v2\/types\/page"}],"author":[{"embeddable":true,"href":"https:\/\/darsa.pl\/www\/wp-json\/wp\/v2\/users\/1"}],"replies":[{"embeddable":true,"href":"https:\/\/darsa.pl\/www\/wp-json\/wp\/v2\/comments?post=90"}],"version-history":[{"count":17,"href":"https:\/\/darsa.pl\/www\/wp-json\/wp\/v2\/pages\/90\/revisions"}],"predecessor-version":[{"id":4003,"href":"https:\/\/darsa.pl\/www\/wp-json\/wp\/v2\/pages\/90\/revisions\/4003"}],"up":[{"embeddable":true,"href":"https:\/\/darsa.pl\/www\/wp-json\/wp\/v2\/pages\/75"}],"wp:attachment":[{"href":"https:\/\/darsa.pl\/www\/wp-json\/wp\/v2\/media?parent=90"}],"curies":[{"name":"wp","href":"https:\/\/api.w.org\/{rel}","templated":true}]}}