{"id":7560,"date":"2025-09-30T11:54:29","date_gmt":"2025-09-30T09:54:29","guid":{"rendered":"https:\/\/darsa.pl\/www\/?page_id=7560"},"modified":"2025-10-06T14:56:18","modified_gmt":"2025-10-06T12:56:18","slug":"klub-aktywnego-seniora","status":"publish","type":"page","link":"https:\/\/darsa.pl\/www\/projekty\/projekty-dofinansowane-z-ue\/klub-aktywnego-seniora\/","title":{"rendered":"Przystosowanie i wyposa\u017cenie pomieszcze\u0144 budynku Edukacyjnego centrum rehabilitacyjno-medycznego w Gr\u00f3dkach pod potrzeby Klubu Aktywnego Seniora w powiecie dzia\u0142dowskim"},"content":{"rendered":"\t\t<div data-elementor-type=\"wp-page\" data-elementor-id=\"7560\" class=\"elementor elementor-7560\">\n\t\t\t\t\t\t<section class=\"elementor-section elementor-top-section elementor-element elementor-element-4e99e64 elementor-section-boxed elementor-section-height-default elementor-section-height-default\" data-id=\"4e99e64\" data-element_type=\"section\" data-e-type=\"section\">\n\t\t\t\t\t\t<div class=\"elementor-container elementor-column-gap-default\">\n\t\t\t\t\t<div class=\"elementor-column elementor-col-100 elementor-top-column elementor-element elementor-element-cd52822\" data-id=\"cd52822\" data-element_type=\"column\" data-e-type=\"column\">\n\t\t\t<div class=\"elementor-widget-wrap elementor-element-populated\">\n\t\t\t\t\t\t<div class=\"elementor-element elementor-element-58a6431 elementor-widget elementor-widget-image\" data-id=\"58a6431\" data-element_type=\"widget\" data-e-type=\"widget\" data-widget_type=\"image.default\">\n\t\t\t\t<div class=\"elementor-widget-container\">\n\t\t\t\t\t\t\t\t\t\t\t\t\t\t\t<img fetchpriority=\"high\" decoding=\"async\" width=\"750\" height=\"89\" src=\"https:\/\/darsa.pl\/www\/wp-content\/uploads\/2025\/09\/thumbnail_image-1-1024x122.png\" class=\"attachment-large size-large wp-image-7487\" alt=\"\" srcset=\"https:\/\/darsa.pl\/www\/wp-content\/uploads\/2025\/09\/thumbnail_image-1-1024x122.png 1024w, https:\/\/darsa.pl\/www\/wp-content\/uploads\/2025\/09\/thumbnail_image-1-300x36.png 300w, https:\/\/darsa.pl\/www\/wp-content\/uploads\/2025\/09\/thumbnail_image-1-768x92.png 768w, https:\/\/darsa.pl\/www\/wp-content\/uploads\/2025\/09\/thumbnail_image-1.png 1247w\" sizes=\"(max-width: 750px) 100vw, 750px\" \/>\t\t\t\t\t\t\t\t\t\t\t\t\t\t\t<\/div>\n\t\t\t\t<\/div>\n\t\t\t\t\t<\/div>\n\t\t<\/div>\n\t\t\t\t\t<\/div>\n\t\t<\/section>\n\t\t\t\t<section class=\"elementor-section elementor-top-section elementor-element elementor-element-1c612cf elementor-section-boxed elementor-section-height-default elementor-section-height-default\" data-id=\"1c612cf\" data-element_type=\"section\" data-e-type=\"section\">\n\t\t\t\t\t\t<div class=\"elementor-container elementor-column-gap-default\">\n\t\t\t\t\t<div class=\"elementor-column elementor-col-100 elementor-top-column elementor-element elementor-element-86e61d2\" data-id=\"86e61d2\" data-element_type=\"column\" data-e-type=\"column\">\n\t\t\t<div class=\"elementor-widget-wrap elementor-element-populated\">\n\t\t\t\t\t\t<div class=\"elementor-element elementor-element-35c96d1 elementor-widget elementor-widget-text-editor\" data-id=\"35c96d1\" data-element_type=\"widget\" data-e-type=\"widget\" data-widget_type=\"text-editor.default\">\n\t\t\t\t<div class=\"elementor-widget-container\">\n\t\t\t\t\t\t\t\t\t<p>Z pocz\u0105tkiem wrze\u015bnia 2025 roku Dzia\u0142dowska Agencja Rozwoju S.A. oficjalnie powo\u0142a\u0142a do \u017cycia <strong>Klub Aktywnego Seniora<\/strong> \u2013 wyj\u0105tkow\u0105 przestrze\u0144 dla os\u00f3b 60+, kt\u00f3re chc\u0105 zadba\u0107 o zdrowie, kondycj\u0119 i dobre samopoczucie.<\/p><p>Klub powstaje w ramach Umowy o dofinansowanie projektu pn. <strong>\u201ePrzystosowanie i wyposa\u017cenie pomieszcze\u0144 budynku Edukacyjnego centrum rehabilitacyjno-medycznego w Gr\u00f3dkach pod potrzeby Klubu Aktywnego Seniora w powiecie dzia\u0142dowskim\u201d<\/strong> &#8211; Nr Umowy FEWM.08.01-IZ.00-0003\/24-00 zawartej w dniu 6 czerwca 2025 r. w ramach Priorytetu 08 W\u0142\u0105czenie i Integracja EFRR Dzia\u0142anie 08.01 Infrastruktura spo\u0142eczna (Typ 2 Wsparcie infrastruktury na potrzeby realizacji us\u0142ug spo\u0142ecznych poprzez inwestycje, w tym miejsca \u015bwiadczenia us\u0142ug opieku\u0144czych i bytowych, zgodnie z zasadami deinstytucjonalizacji) programu regionalnego Fundusze Europejskie dla Warmii i Mazur 2021-2027 wsp\u00f3\u0142finansowanego ze \u015brodk\u00f3w Europejskiego Funduszu Rozwoju Regionalnego.<\/p><p><strong>Ca\u0142kowity bud\u017cet projektu wynosi 1 921 793,86 z\u0142, z czego 1 551 852,94 z\u0142 stanowi dofinansowanie unijne<\/strong>.<\/p><p>Powo\u0142anie Klubu Aktywnego Seniora stanowi jeden z pierwszych etap\u00f3w realizacji projektu. Obecnie prowadzone s\u0105 intensywne prace nad przygotowaniem dokumentacji przetargowej, niezb\u0119dnej do og\u0142oszenia post\u0119powania, dotycz\u0105cego przystosowania i wyposa\u017cenia pomieszcze\u0144 budynku Edukacyjnego centrum rehabilitacyjno-medycznego w Gr\u00f3dkach.<\/p><p>Co b\u0119dzie oferowa\u0142 Klub?<\/p><ul><li>zaj\u0119cia ruchowe z wykorzystaniem nowoczesnego sprz\u0119tu sportowo-rehabilitacyjnego,<\/li><li>indywidualne plany \u0107wicze\u0144 dostosowane do potrzeb zdrowotnych i mo\u017cliwo\u015bci cz\u0142onk\u00f3w Klubu,<\/li><li>edukacj\u0119 zdrowotn\u0105 \u2013 wyk\u0142ady, warsztaty, spotkania tematyczne,<\/li><li>integracj\u0119 spo\u0142eczn\u0105 i budowanie relacji mi\u0119dzypokoleniowych,<\/li><li>wsparcie w rozwijaniu samodzielno\u015bci i niezale\u017cno\u015bci,<\/li><li>mo\u017cliwo\u015b\u0107 udzia\u0142u w wydarzeniach kulturalnych i towarzyskich.<\/li><\/ul><p>Dzia\u0142alno\u015b\u0107 Klubu zostanie oficjalnie rozpocz\u0119ta, gdy obiekt b\u0119dzie w pe\u0142ni przygotowany i wyposa\u017cony. O post\u0119pach prac b\u0119dziemy informowa\u0107 na bie\u017c\u0105co \u2013 \u015bled\u017acie nasz\u0105 stron\u0119 internetow\u0105 <a href=\"https:\/\/darsa.pl\/www\/\">www.darsa.pl<\/a> oraz <a href=\"https:\/\/www.facebook.com\/dardzialdowo\/\" target=\"_blank\" rel=\"noopener\">media spo\u0142eczno\u015bciowe<\/a>!<\/p><p><strong>Klub Aktywnego Seniora to miejsce, gdzie wiek nie jest przeszkod\u0105, a aktywno\u015b\u0107, zdrowie i dobre relacje s\u0105 na pierwszym miejscu. Ju\u017c teraz zapraszamy serdecznie!<\/strong><\/p><p><a href=\"https:\/\/www.funduszeeuropejskie.gov.pl\/\" target=\"_blank\" rel=\"noopener\">#FunduszeUE<\/a><\/p>\t\t\t\t\t\t\t\t<\/div>\n\t\t\t\t<\/div>\n\t\t\t\t\t<\/div>\n\t\t<\/div>\n\t\t\t\t\t<\/div>\n\t\t<\/section>\n\t\t\t\t<section class=\"elementor-section elementor-top-section elementor-element elementor-element-a0f3e47 elementor-section-boxed elementor-section-height-default elementor-section-height-default\" data-id=\"a0f3e47\" data-element_type=\"section\" data-e-type=\"section\">\n\t\t\t\t\t\t<div class=\"elementor-container elementor-column-gap-default\">\n\t\t\t\t\t<div class=\"elementor-column elementor-col-100 elementor-top-column elementor-element elementor-element-e63e91a\" data-id=\"e63e91a\" data-element_type=\"column\" data-e-type=\"column\">\n\t\t\t<div class=\"elementor-widget-wrap elementor-element-populated\">\n\t\t\t\t\t\t<div class=\"elementor-element elementor-element-9d62942 elementor-widget elementor-widget-spacer\" data-id=\"9d62942\" data-element_type=\"widget\" data-e-type=\"widget\" data-widget_type=\"spacer.default\">\n\t\t\t\t<div class=\"elementor-widget-container\">\n\t\t\t\t\t\t\t<div class=\"elementor-spacer\">\n\t\t\t<div class=\"elementor-spacer-inner\"><\/div>\n\t\t<\/div>\n\t\t\t\t\t\t<\/div>\n\t\t\t\t<\/div>\n\t\t\t\t\t<\/div>\n\t\t<\/div>\n\t\t\t\t\t<\/div>\n\t\t<\/section>\n\t\t\t\t<section class=\"elementor-section elementor-top-section elementor-element elementor-element-bed7f78 elementor-section-boxed elementor-section-height-default elementor-section-height-default\" data-id=\"bed7f78\" data-element_type=\"section\" data-e-type=\"section\">\n\t\t\t\t\t\t<div class=\"elementor-container elementor-column-gap-default\">\n\t\t\t\t\t<div class=\"elementor-column elementor-col-100 elementor-top-column elementor-element elementor-element-cd911c5\" data-id=\"cd911c5\" data-element_type=\"column\" data-e-type=\"column\">\n\t\t\t<div class=\"elementor-widget-wrap elementor-element-populated\">\n\t\t\t\t\t\t<div class=\"elementor-element elementor-element-ac9de02 elementor-widget elementor-widget-image\" data-id=\"ac9de02\" data-element_type=\"widget\" data-e-type=\"widget\" data-widget_type=\"image.default\">\n\t\t\t\t<div class=\"elementor-widget-container\">\n\t\t\t\t\t\t\t\t\t\t\t\t\t\t\t<img fetchpriority=\"high\" decoding=\"async\" width=\"750\" height=\"89\" src=\"https:\/\/darsa.pl\/www\/wp-content\/uploads\/2025\/09\/thumbnail_image-1-1024x122.png\" class=\"attachment-large size-large wp-image-7487\" alt=\"\" srcset=\"https:\/\/darsa.pl\/www\/wp-content\/uploads\/2025\/09\/thumbnail_image-1-1024x122.png 1024w, https:\/\/darsa.pl\/www\/wp-content\/uploads\/2025\/09\/thumbnail_image-1-300x36.png 300w, https:\/\/darsa.pl\/www\/wp-content\/uploads\/2025\/09\/thumbnail_image-1-768x92.png 768w, https:\/\/darsa.pl\/www\/wp-content\/uploads\/2025\/09\/thumbnail_image-1.png 1247w\" sizes=\"(max-width: 750px) 100vw, 750px\" \/>\t\t\t\t\t\t\t\t\t\t\t\t\t\t\t<\/div>\n\t\t\t\t<\/div>\n\t\t\t\t\t<\/div>\n\t\t<\/div>\n\t\t\t\t\t<\/div>\n\t\t<\/section>\n\t\t\t\t<section class=\"elementor-section elementor-top-section elementor-element elementor-element-20c4c9e elementor-section-boxed elementor-section-height-default elementor-section-height-default\" data-id=\"20c4c9e\" data-element_type=\"section\" data-e-type=\"section\">\n\t\t\t\t\t\t<div class=\"elementor-container elementor-column-gap-default\">\n\t\t\t\t\t<div class=\"elementor-column elementor-col-100 elementor-top-column elementor-element elementor-element-b712deb\" data-id=\"b712deb\" data-element_type=\"column\" data-e-type=\"column\">\n\t\t\t<div class=\"elementor-widget-wrap elementor-element-populated\">\n\t\t\t\t\t\t<div class=\"elementor-element elementor-element-2f839af elementor-widget elementor-widget-text-editor\" data-id=\"2f839af\" data-element_type=\"widget\" data-e-type=\"widget\" data-widget_type=\"text-editor.default\">\n\t\t\t\t<div class=\"elementor-widget-container\">\n\t\t\t\t\t\t\t\t\t<p>Dzia\u0142dowska Agencja Rozwoju S.A. uzyska\u0142a dofinansowanie z Unii Europejskiej na realizacj\u0119 projektu pn.:<\/p><p style=\"text-align: center;\"><strong>Przystosowanie i wyposa\u017cenie pomieszcze\u0144 budynku Edukacyjnego centrum rehabilitacyjno-medycznego w Gr\u00f3dkach pod potrzeby Klubu Aktywnego Seniora w powiecie dzia\u0142dowskim.<\/strong><\/p><p>W dniu 6 czerwca 2025 roku w siedzibie Urz\u0119du Marsza\u0142kowskiego w Olsztynie pomi\u0119dzy Wojew\u00f3dztwem Warmi\u0144sko \u2013 Mazurskim \u00a0a Dzia\u0142dowsk\u0105 Agencj\u0105 Rozwoju S.A. podpisana zosta\u0142a umowa o dofinansowanie projektu realizowanego w ramach <strong>Priorytetu 08 W\u0142\u0105czenie i Integracja EFRR Dzia\u0142anie 08.01 Infrastruktura spo\u0142eczna (Typ 2 Wsparcie infrastruktury na potrzeby realizacji us\u0142ug spo\u0142ecznych poprzez inwestycje, w tym miejsca \u015bwiadczenia us\u0142ug opieku\u0144czych i bytowych, zgodnie z zasadami deinstytucjonalizacji) programu regionalnego Fundusze Europejskie dla Warmii i Mazur 2021-2027 wsp\u00f3\u0142finansowanego ze \u015brodk\u00f3w Europejskiego Funduszu Rozwoju Regionalnego<\/strong>.<\/p><p>Nadrz\u0119dnym celem projektu jest zwi\u0119kszenie dost\u0119pno\u015bci infrastruktury spo\u0142ecznej pod k\u0105tem realizacji us\u0142ug spo\u0142ecznych, a tak\u017ce zwi\u0119kszanie jako\u015bci \u017cycia senior\u00f3w powiatu dzia\u0142dowskiego poprzez podejmowanie aktywno\u015bci ruchowej, dzi\u0119ki dzia\u0142aniom polegaj\u0105cym na przystosowaniu i wyposa\u017ceniu pomieszcze\u0144 budynku Edukacyjnego centrum rehabilitacyjno-medycznego w Gr\u00f3dkach pod potrzeby <strong>Klubu Aktywnego Seniora<\/strong>.<\/p><p>W ramach projektu zrealizowane zostan\u0105 nast\u0119puj\u0105ce zadania:<\/p><ul><li>zakup sprz\u0119tu sportowo-rehabilitacyjnego i systemu do treningu obwodowego,<\/li><li>wyposa\u017cenie pomieszcze\u0144 (meble, urz\u0105dzenia multimedialne),<\/li><li>roboty budowlane (adaptacja pomieszcze\u0144, instalacje sanitarne),<\/li><li>dzia\u0142ania zwi\u0119kszaj\u0105ce dost\u0119pno\u015b\u0107 dla os\u00f3b z niepe\u0142nosprawno\u015bci\u0105 i o szczeg\u00f3lnych potrzebach (tablice Braille\u2019a, p\u0119tle indukcyjne, plan tyflograficzny),<\/li><li>dzia\u0142ania promocyjne (tablica pami\u0105tkowa, promocja online).<\/li><\/ul><p>Inwestycja prowadzona jest w Edukacyjnym centrum rehabilitacyjno-medycznym w Gr\u00f3dkach \u2013 Gr\u00f3dki 30, 13 \u2013 206 P\u0142o\u015bnica.<\/p><p>Projekt skierowany jest do senior\u00f3w z powiatu dzia\u0142dowskiego, w szczeg\u00f3lno\u015bci\u00a0 wymagaj\u0105cych wsparcia w podejmowaniu aktywno\u015bci fizycznej, wp\u0142ywaj\u0105cej na popraw\u0119 jako\u015bci \u017cycia tej grupy poprzez stworzenie bezpiecznej, nowoczesnej i dost\u0119pnej przestrzeni<br \/>w formie Klubu Aktywnego Seniora.<\/p><p><strong>Warto\u015b\u0107 projektu: 1\u00a0921\u00a0793,86 z\u0142<\/strong><\/p><p><strong>Wysoko\u015b\u0107 wk\u0142adu z Funduszy Europejskich: 1\u00a0551\u00a0852,94 z\u0142<\/strong><\/p><p><a href=\"https:\/\/www.funduszeeuropejskie.gov.pl\/\" target=\"_blank\" rel=\"noopener\">#FunduszeUE<\/a><\/p>\t\t\t\t\t\t\t\t<\/div>\n\t\t\t\t<\/div>\n\t\t\t\t\t<\/div>\n\t\t<\/div>\n\t\t\t\t\t<\/div>\n\t\t<\/section>\n\t\t\t\t<\/div>\n\t\t","protected":false},"excerpt":{"rendered":"<p>Z pocz\u0105tkiem wrze\u015bnia 2025 roku Dzia\u0142dowska Agencja Rozwoju S.A. oficjalnie powo\u0142a\u0142a do \u017cycia Klub Aktywnego Seniora \u2013 wyj\u0105tkow\u0105 przestrze\u0144 dla os\u00f3b 60+, kt\u00f3re chc\u0105 zadba\u0107 o zdrowie, kondycj\u0119 i dobre samopoczucie. Klub powstaje w ramach Umowy o dofinansowanie projektu pn. \u201ePrzystosowanie i wyposa\u017cenie pomieszcze\u0144 budynku Edukacyjnego centrum rehabilitacyjno-medycznego w Gr\u00f3dkach [&hellip;]<\/p>\n","protected":false},"author":2,"featured_media":0,"parent":7514,"menu_order":0,"comment_status":"closed","ping_status":"closed","template":"","meta":{"footnotes":""},"class_list":["post-7560","page","type-page","status-publish","hentry"],"yoast_head":"<!-- This site is optimized with the Yoast SEO plugin v27.3 - https:\/\/yoast.com\/product\/yoast-seo-wordpress\/ -->\n<title>Dzia\u0142dowska Agencja Rozwoju S.A.<\/title>\n<meta name=\"description\" content=\"Wspieranie ma\u0142ych i \u015brednich przedsi\u0119biorstw, edukacja i szkolenia.\" \/>\n<meta name=\"robots\" content=\"index, follow, max-snippet:-1, max-image-preview:large, max-video-preview:-1\" \/>\n<link rel=\"canonical\" href=\"https:\/\/darsa.pl\/www\/projekty\/projekty-dofinansowane-z-ue\/klub-aktywnego-seniora\/\" \/>\n<meta property=\"og:locale\" content=\"pl_PL\" \/>\n<meta property=\"og:type\" content=\"article\" \/>\n<meta property=\"og:description\" content=\"Wspieranie ma\u0142ych i \u015brednich przedsi\u0119biorstw, edukacja i szkolenia.\" \/>\n<meta property=\"og:url\" content=\"https:\/\/darsa.pl\/www\/projekty\/projekty-dofinansowane-z-ue\/klub-aktywnego-seniora\/\" \/>\n<meta property=\"og:site_name\" content=\"Dzia\u0142dowska Agencja Rozwoju S.A.\" \/>\n<meta property=\"article:modified_time\" content=\"2025-10-06T12:56:18+00:00\" \/>\n<meta property=\"og:image\" content=\"https:\/\/darsa.pl\/www\/wp-content\/uploads\/2025\/09\/thumbnail_image-1.png\" \/>\n\t<meta property=\"og:image:width\" content=\"1247\" \/>\n\t<meta property=\"og:image:height\" content=\"149\" \/>\n\t<meta property=\"og:image:type\" content=\"image\/png\" \/>\n<meta name=\"twitter:card\" content=\"summary_large_image\" \/>\n<meta name=\"twitter:label1\" content=\"Szacowany czas czytania\" \/>\n\t<meta name=\"twitter:data1\" content=\"4 minuty\" \/>\n<script type=\"application\/ld+json\" class=\"yoast-schema-graph\">{\"@context\":\"https:\\\/\\\/schema.org\",\"@graph\":[{\"@type\":\"WebPage\",\"@id\":\"https:\\\/\\\/darsa.pl\\\/www\\\/projekty\\\/projekty-dofinansowane-z-ue\\\/klub-aktywnego-seniora\\\/\",\"url\":\"https:\\\/\\\/darsa.pl\\\/www\\\/projekty\\\/projekty-dofinansowane-z-ue\\\/klub-aktywnego-seniora\\\/\",\"name\":\"\",\"isPartOf\":{\"@id\":\"https:\\\/\\\/darsa.pl\\\/www\\\/#website\"},\"primaryImageOfPage\":{\"@id\":\"https:\\\/\\\/darsa.pl\\\/www\\\/projekty\\\/projekty-dofinansowane-z-ue\\\/klub-aktywnego-seniora\\\/#primaryimage\"},\"image\":{\"@id\":\"https:\\\/\\\/darsa.pl\\\/www\\\/projekty\\\/projekty-dofinansowane-z-ue\\\/klub-aktywnego-seniora\\\/#primaryimage\"},\"thumbnailUrl\":\"https:\\\/\\\/darsa.pl\\\/www\\\/wp-content\\\/uploads\\\/2025\\\/09\\\/thumbnail_image-1-1024x122.png\",\"datePublished\":\"2025-09-30T09:54:29+00:00\",\"dateModified\":\"2025-10-06T12:56:18+00:00\",\"description\":\"Wspieranie ma\u0142ych i \u015brednich przedsi\u0119biorstw, edukacja i szkolenia.\",\"breadcrumb\":{\"@id\":\"https:\\\/\\\/darsa.pl\\\/www\\\/projekty\\\/projekty-dofinansowane-z-ue\\\/klub-aktywnego-seniora\\\/#breadcrumb\"},\"inLanguage\":\"pl-PL\",\"potentialAction\":[{\"@type\":\"ReadAction\",\"target\":[\"https:\\\/\\\/darsa.pl\\\/www\\\/projekty\\\/projekty-dofinansowane-z-ue\\\/klub-aktywnego-seniora\\\/\"]}]},{\"@type\":\"ImageObject\",\"inLanguage\":\"pl-PL\",\"@id\":\"https:\\\/\\\/darsa.pl\\\/www\\\/projekty\\\/projekty-dofinansowane-z-ue\\\/klub-aktywnego-seniora\\\/#primaryimage\",\"url\":\"https:\\\/\\\/darsa.pl\\\/www\\\/wp-content\\\/uploads\\\/2025\\\/09\\\/thumbnail_image-1.png\",\"contentUrl\":\"https:\\\/\\\/darsa.pl\\\/www\\\/wp-content\\\/uploads\\\/2025\\\/09\\\/thumbnail_image-1.png\",\"width\":1247,\"height\":149},{\"@type\":\"BreadcrumbList\",\"@id\":\"https:\\\/\\\/darsa.pl\\\/www\\\/projekty\\\/projekty-dofinansowane-z-ue\\\/klub-aktywnego-seniora\\\/#breadcrumb\",\"itemListElement\":[{\"@type\":\"ListItem\",\"position\":1,\"name\":\"Strona g\u0142\u00f3wna\",\"item\":\"https:\\\/\\\/darsa.pl\\\/www\\\/\"},{\"@type\":\"ListItem\",\"position\":2,\"name\":\"PROJEKTY\",\"item\":\"https:\\\/\\\/darsa.pl\\\/www\\\/projekty\\\/\"},{\"@type\":\"ListItem\",\"position\":3,\"name\":\"PROJEKTY DOFINANSOWANE Z UE\",\"item\":\"https:\\\/\\\/darsa.pl\\\/www\\\/projekty\\\/projekty-dofinansowane-z-ue\\\/\"},{\"@type\":\"ListItem\",\"position\":4,\"name\":\"Przystosowanie i wyposa\u017cenie pomieszcze\u0144 budynku Edukacyjnego centrum rehabilitacyjno-medycznego w Gr\u00f3dkach pod potrzeby Klubu Aktywnego Seniora w powiecie dzia\u0142dowskim\"}]},{\"@type\":\"WebSite\",\"@id\":\"https:\\\/\\\/darsa.pl\\\/www\\\/#website\",\"url\":\"https:\\\/\\\/darsa.pl\\\/www\\\/\",\"name\":\"Dzia\u0142dowska Agencja Rozwoju S.A.\",\"description\":\"Wspieranie ma\u0142ych i \u015brednich przedsi\u0119biorstw, edukacja i szkolenia.\",\"publisher\":{\"@id\":\"https:\\\/\\\/darsa.pl\\\/www\\\/#organization\"},\"potentialAction\":[{\"@type\":\"SearchAction\",\"target\":{\"@type\":\"EntryPoint\",\"urlTemplate\":\"https:\\\/\\\/darsa.pl\\\/www\\\/?s={search_term_string}\"},\"query-input\":{\"@type\":\"PropertyValueSpecification\",\"valueRequired\":true,\"valueName\":\"search_term_string\"}}],\"inLanguage\":\"pl-PL\"},{\"@type\":\"Organization\",\"@id\":\"https:\\\/\\\/darsa.pl\\\/www\\\/#organization\",\"name\":\"Dzia\u0142dowska Agencja Rozwoju S.A.\",\"url\":\"https:\\\/\\\/darsa.pl\\\/www\\\/\",\"logo\":{\"@type\":\"ImageObject\",\"inLanguage\":\"pl-PL\",\"@id\":\"https:\\\/\\\/darsa.pl\\\/www\\\/#\\\/schema\\\/logo\\\/image\\\/\",\"url\":\"https:\\\/\\\/darsa.pl\\\/www\\\/wp-content\\\/uploads\\\/2020\\\/06\\\/logo_h200px.png\",\"contentUrl\":\"https:\\\/\\\/darsa.pl\\\/www\\\/wp-content\\\/uploads\\\/2020\\\/06\\\/logo_h200px.png\",\"width\":856,\"height\":200,\"caption\":\"Dzia\u0142dowska Agencja Rozwoju S.A.\"},\"image\":{\"@id\":\"https:\\\/\\\/darsa.pl\\\/www\\\/#\\\/schema\\\/logo\\\/image\\\/\"}}]}<\/script>\n<!-- \/ Yoast SEO plugin. -->","yoast_head_json":{"title":"Dzia\u0142dowska Agencja Rozwoju S.A.","description":"Wspieranie ma\u0142ych i \u015brednich przedsi\u0119biorstw, edukacja i szkolenia.","robots":{"index":"index","follow":"follow","max-snippet":"max-snippet:-1","max-image-preview":"max-image-preview:large","max-video-preview":"max-video-preview:-1"},"canonical":"https:\/\/darsa.pl\/www\/projekty\/projekty-dofinansowane-z-ue\/klub-aktywnego-seniora\/","og_locale":"pl_PL","og_type":"article","og_description":"Wspieranie ma\u0142ych i \u015brednich przedsi\u0119biorstw, edukacja i szkolenia.","og_url":"https:\/\/darsa.pl\/www\/projekty\/projekty-dofinansowane-z-ue\/klub-aktywnego-seniora\/","og_site_name":"Dzia\u0142dowska Agencja Rozwoju S.A.","article_modified_time":"2025-10-06T12:56:18+00:00","og_image":[{"width":1247,"height":149,"url":"https:\/\/darsa.pl\/www\/wp-content\/uploads\/2025\/09\/thumbnail_image-1.png","type":"image\/png"}],"twitter_card":"summary_large_image","twitter_misc":{"Szacowany czas czytania":"4 minuty"},"schema":{"@context":"https:\/\/schema.org","@graph":[{"@type":"WebPage","@id":"https:\/\/darsa.pl\/www\/projekty\/projekty-dofinansowane-z-ue\/klub-aktywnego-seniora\/","url":"https:\/\/darsa.pl\/www\/projekty\/projekty-dofinansowane-z-ue\/klub-aktywnego-seniora\/","name":"","isPartOf":{"@id":"https:\/\/darsa.pl\/www\/#website"},"primaryImageOfPage":{"@id":"https:\/\/darsa.pl\/www\/projekty\/projekty-dofinansowane-z-ue\/klub-aktywnego-seniora\/#primaryimage"},"image":{"@id":"https:\/\/darsa.pl\/www\/projekty\/projekty-dofinansowane-z-ue\/klub-aktywnego-seniora\/#primaryimage"},"thumbnailUrl":"https:\/\/darsa.pl\/www\/wp-content\/uploads\/2025\/09\/thumbnail_image-1-1024x122.png","datePublished":"2025-09-30T09:54:29+00:00","dateModified":"2025-10-06T12:56:18+00:00","description":"Wspieranie ma\u0142ych i \u015brednich przedsi\u0119biorstw, edukacja i szkolenia.","breadcrumb":{"@id":"https:\/\/darsa.pl\/www\/projekty\/projekty-dofinansowane-z-ue\/klub-aktywnego-seniora\/#breadcrumb"},"inLanguage":"pl-PL","potentialAction":[{"@type":"ReadAction","target":["https:\/\/darsa.pl\/www\/projekty\/projekty-dofinansowane-z-ue\/klub-aktywnego-seniora\/"]}]},{"@type":"ImageObject","inLanguage":"pl-PL","@id":"https:\/\/darsa.pl\/www\/projekty\/projekty-dofinansowane-z-ue\/klub-aktywnego-seniora\/#primaryimage","url":"https:\/\/darsa.pl\/www\/wp-content\/uploads\/2025\/09\/thumbnail_image-1.png","contentUrl":"https:\/\/darsa.pl\/www\/wp-content\/uploads\/2025\/09\/thumbnail_image-1.png","width":1247,"height":149},{"@type":"BreadcrumbList","@id":"https:\/\/darsa.pl\/www\/projekty\/projekty-dofinansowane-z-ue\/klub-aktywnego-seniora\/#breadcrumb","itemListElement":[{"@type":"ListItem","position":1,"name":"Strona g\u0142\u00f3wna","item":"https:\/\/darsa.pl\/www\/"},{"@type":"ListItem","position":2,"name":"PROJEKTY","item":"https:\/\/darsa.pl\/www\/projekty\/"},{"@type":"ListItem","position":3,"name":"PROJEKTY DOFINANSOWANE Z UE","item":"https:\/\/darsa.pl\/www\/projekty\/projekty-dofinansowane-z-ue\/"},{"@type":"ListItem","position":4,"name":"Przystosowanie i wyposa\u017cenie pomieszcze\u0144 budynku Edukacyjnego centrum rehabilitacyjno-medycznego w Gr\u00f3dkach pod potrzeby Klubu Aktywnego Seniora w powiecie dzia\u0142dowskim"}]},{"@type":"WebSite","@id":"https:\/\/darsa.pl\/www\/#website","url":"https:\/\/darsa.pl\/www\/","name":"Dzia\u0142dowska Agencja Rozwoju S.A.","description":"Wspieranie ma\u0142ych i \u015brednich przedsi\u0119biorstw, edukacja i szkolenia.","publisher":{"@id":"https:\/\/darsa.pl\/www\/#organization"},"potentialAction":[{"@type":"SearchAction","target":{"@type":"EntryPoint","urlTemplate":"https:\/\/darsa.pl\/www\/?s={search_term_string}"},"query-input":{"@type":"PropertyValueSpecification","valueRequired":true,"valueName":"search_term_string"}}],"inLanguage":"pl-PL"},{"@type":"Organization","@id":"https:\/\/darsa.pl\/www\/#organization","name":"Dzia\u0142dowska Agencja Rozwoju S.A.","url":"https:\/\/darsa.pl\/www\/","logo":{"@type":"ImageObject","inLanguage":"pl-PL","@id":"https:\/\/darsa.pl\/www\/#\/schema\/logo\/image\/","url":"https:\/\/darsa.pl\/www\/wp-content\/uploads\/2020\/06\/logo_h200px.png","contentUrl":"https:\/\/darsa.pl\/www\/wp-content\/uploads\/2020\/06\/logo_h200px.png","width":856,"height":200,"caption":"Dzia\u0142dowska Agencja Rozwoju S.A."},"image":{"@id":"https:\/\/darsa.pl\/www\/#\/schema\/logo\/image\/"}}]}},"_links":{"self":[{"href":"https:\/\/darsa.pl\/www\/wp-json\/wp\/v2\/pages\/7560","targetHints":{"allow":["GET"]}}],"collection":[{"href":"https:\/\/darsa.pl\/www\/wp-json\/wp\/v2\/pages"}],"about":[{"href":"https:\/\/darsa.pl\/www\/wp-json\/wp\/v2\/types\/page"}],"author":[{"embeddable":true,"href":"https:\/\/darsa.pl\/www\/wp-json\/wp\/v2\/users\/2"}],"replies":[{"embeddable":true,"href":"https:\/\/darsa.pl\/www\/wp-json\/wp\/v2\/comments?post=7560"}],"version-history":[{"count":29,"href":"https:\/\/darsa.pl\/www\/wp-json\/wp\/v2\/pages\/7560\/revisions"}],"predecessor-version":[{"id":7624,"href":"https:\/\/darsa.pl\/www\/wp-json\/wp\/v2\/pages\/7560\/revisions\/7624"}],"up":[{"embeddable":true,"href":"https:\/\/darsa.pl\/www\/wp-json\/wp\/v2\/pages\/7514"}],"wp:attachment":[{"href":"https:\/\/darsa.pl\/www\/wp-json\/wp\/v2\/media?parent=7560"}],"curies":[{"name":"wp","href":"https:\/\/api.w.org\/{rel}","templated":true}]}}