{"id":7547,"date":"2025-09-30T11:43:02","date_gmt":"2025-09-30T09:43:02","guid":{"rendered":"https:\/\/darsa.pl\/www\/?page_id=7547"},"modified":"2025-12-11T19:22:28","modified_gmt":"2025-12-11T18:22:28","slug":"nowoczesne-ksztalcenie-kadr-medycznych","status":"publish","type":"page","link":"https:\/\/darsa.pl\/www\/projekty\/projekty-dofinansowane-z-ue\/nowoczesne-ksztalcenie-kadr-medycznych\/","title":{"rendered":"Nowoczesne kszta\u0142cenie kadr medycznych &#8211; fundamentem zdrowego \u017cycia"},"content":{"rendered":"\t\t<div data-elementor-type=\"wp-page\" data-elementor-id=\"7547\" class=\"elementor elementor-7547\">\n\t\t\t\t\t\t<section class=\"elementor-section elementor-top-section elementor-element elementor-element-3566e20 elementor-section-boxed elementor-section-height-default elementor-section-height-default\" data-id=\"3566e20\" data-element_type=\"section\" data-e-type=\"section\">\n\t\t\t\t\t\t<div class=\"elementor-container elementor-column-gap-default\">\n\t\t\t\t\t<div class=\"elementor-column elementor-col-100 elementor-top-column elementor-element elementor-element-ad96462\" data-id=\"ad96462\" data-element_type=\"column\" data-e-type=\"column\">\n\t\t\t<div class=\"elementor-widget-wrap elementor-element-populated\">\n\t\t\t\t\t\t<div class=\"elementor-element elementor-element-3f48e69 elementor-widget elementor-widget-image\" data-id=\"3f48e69\" data-element_type=\"widget\" data-e-type=\"widget\" data-widget_type=\"image.default\">\n\t\t\t\t<div class=\"elementor-widget-container\">\n\t\t\t\t\t\t\t\t\t\t\t\t\t\t\t<img fetchpriority=\"high\" decoding=\"async\" width=\"750\" height=\"89\" src=\"https:\/\/darsa.pl\/www\/wp-content\/uploads\/2025\/09\/thumbnail_image-1-1024x122.png\" class=\"attachment-large size-large wp-image-7487\" alt=\"\" srcset=\"https:\/\/darsa.pl\/www\/wp-content\/uploads\/2025\/09\/thumbnail_image-1-1024x122.png 1024w, https:\/\/darsa.pl\/www\/wp-content\/uploads\/2025\/09\/thumbnail_image-1-300x36.png 300w, https:\/\/darsa.pl\/www\/wp-content\/uploads\/2025\/09\/thumbnail_image-1-768x92.png 768w, https:\/\/darsa.pl\/www\/wp-content\/uploads\/2025\/09\/thumbnail_image-1.png 1247w\" sizes=\"(max-width: 750px) 100vw, 750px\" \/>\t\t\t\t\t\t\t\t\t\t\t\t\t\t\t<\/div>\n\t\t\t\t<\/div>\n\t\t\t\t<div class=\"elementor-element elementor-element-141c9df elementor-widget elementor-widget-text-editor\" data-id=\"141c9df\" data-element_type=\"widget\" data-e-type=\"widget\" data-widget_type=\"text-editor.default\">\n\t\t\t\t<div class=\"elementor-widget-container\">\n\t\t\t\t\t\t\t\t\t<p>Realizacja projektu <strong><em>Nowoczesne kszta\u0142cenie kadr medycznych \u2013 fundamentem zdrowego \u017cycia <\/em><\/strong>wchodzi w kolejny etap. Nast\u0119pni wykonawcy dostarczaj\u0105 zam\u00f3wiony sprz\u0119t, a my zaczynamy przygotowywa\u0107 pracownik\u00f3w Publicznego Dzia\u0142dowskiego Centrum Kszta\u0142cenia Ustawicznego DAR oraz kadr\u0119 dydaktyczn\u0105 realizuj\u0105c\u0105 zaj\u0119cia w Szkole Policealnej do prowadzenia zaj\u0119\u0107 w nowych warunkach.<\/p><p>9 grudnia odby\u0142o si\u0119 szkolenie zaznajamiaj\u0105ce z nowym wyposa\u017ceniem, przede wszystkim przygotowuj\u0105ce do poprawnego wykorzystania i obs\u0142ugi fantom\u00f3w, trena\u017cer\u00f3w, symulator\u00f3w oraz pozosta\u0142ego sprz\u0119tu medycznego. Szkolenie przeprowadzili przedstawiciele firm, kt\u00f3re dostarczy\u0142y wyposa\u017cenie, w wyniku wygranych post\u0119powa\u0144 i podpisanych um\u00f3w.<\/p><p>To pierwsze z tego typu spotka\u0144, ale ju\u017c planujemy kolejne, uzupe\u0142niaj\u0105ce wiedz\u0119 oraz wchodz\u0105ce w nowe obszary zwi\u0105zane m.in. prebriefingiem i debriefingiem.<\/p><p>Pierwsze spotkanie szkoleniowe obrazuj\u0105 <a href=\"https:\/\/www.facebook.com\/dardzialdowo\/posts\/pfbid02DX44EtqiHfuq8chzvzmsDcLmR6J4vaBuLcmPF6NDWQFNdAWEywdMMrpM1AJ7QYs8l\" target=\"_blank\" rel=\"noopener\">fotografie<\/a>.<\/p><p><a href=\"https:\/\/www.funduszeeuropejskie.gov.pl\/\" target=\"_blank\" rel=\"noopener\">#FunduszeUE<\/a><\/p>\t\t\t\t\t\t\t\t<\/div>\n\t\t\t\t<\/div>\n\t\t\t\t<div class=\"elementor-element elementor-element-b5eeebd elementor-widget elementor-widget-spacer\" data-id=\"b5eeebd\" data-element_type=\"widget\" data-e-type=\"widget\" data-widget_type=\"spacer.default\">\n\t\t\t\t<div class=\"elementor-widget-container\">\n\t\t\t\t\t\t\t<div class=\"elementor-spacer\">\n\t\t\t<div class=\"elementor-spacer-inner\"><\/div>\n\t\t<\/div>\n\t\t\t\t\t\t<\/div>\n\t\t\t\t<\/div>\n\t\t\t\t\t<\/div>\n\t\t<\/div>\n\t\t\t\t\t<\/div>\n\t\t<\/section>\n\t\t\t\t<section class=\"elementor-section elementor-top-section elementor-element elementor-element-e033647 elementor-section-boxed elementor-section-height-default elementor-section-height-default\" data-id=\"e033647\" data-element_type=\"section\" data-e-type=\"section\">\n\t\t\t\t\t\t<div class=\"elementor-container elementor-column-gap-default\">\n\t\t\t\t\t<div class=\"elementor-column elementor-col-100 elementor-top-column elementor-element elementor-element-e460312\" data-id=\"e460312\" data-element_type=\"column\" data-e-type=\"column\">\n\t\t\t<div class=\"elementor-widget-wrap elementor-element-populated\">\n\t\t\t\t\t\t<div class=\"elementor-element elementor-element-01cc6cb elementor-widget elementor-widget-image\" data-id=\"01cc6cb\" data-element_type=\"widget\" data-e-type=\"widget\" data-widget_type=\"image.default\">\n\t\t\t\t<div class=\"elementor-widget-container\">\n\t\t\t\t\t\t\t\t\t\t\t\t\t\t\t<img fetchpriority=\"high\" decoding=\"async\" width=\"750\" height=\"89\" src=\"https:\/\/darsa.pl\/www\/wp-content\/uploads\/2025\/09\/thumbnail_image-1-1024x122.png\" class=\"attachment-large size-large wp-image-7487\" alt=\"\" srcset=\"https:\/\/darsa.pl\/www\/wp-content\/uploads\/2025\/09\/thumbnail_image-1-1024x122.png 1024w, https:\/\/darsa.pl\/www\/wp-content\/uploads\/2025\/09\/thumbnail_image-1-300x36.png 300w, https:\/\/darsa.pl\/www\/wp-content\/uploads\/2025\/09\/thumbnail_image-1-768x92.png 768w, https:\/\/darsa.pl\/www\/wp-content\/uploads\/2025\/09\/thumbnail_image-1.png 1247w\" sizes=\"(max-width: 750px) 100vw, 750px\" \/>\t\t\t\t\t\t\t\t\t\t\t\t\t\t\t<\/div>\n\t\t\t\t<\/div>\n\t\t\t\t\t<\/div>\n\t\t<\/div>\n\t\t\t\t\t<\/div>\n\t\t<\/section>\n\t\t\t\t<section class=\"elementor-section elementor-top-section elementor-element elementor-element-82480cb elementor-section-boxed elementor-section-height-default elementor-section-height-default\" data-id=\"82480cb\" data-element_type=\"section\" data-e-type=\"section\">\n\t\t\t\t\t\t<div class=\"elementor-container elementor-column-gap-default\">\n\t\t\t\t\t<div class=\"elementor-column elementor-col-100 elementor-top-column elementor-element elementor-element-3d08f26\" data-id=\"3d08f26\" data-element_type=\"column\" data-e-type=\"column\">\n\t\t\t<div class=\"elementor-widget-wrap elementor-element-populated\">\n\t\t\t\t\t\t<div class=\"elementor-element elementor-element-f56a993 elementor-widget elementor-widget-text-editor\" data-id=\"f56a993\" data-element_type=\"widget\" data-e-type=\"widget\" data-widget_type=\"text-editor.default\">\n\t\t\t\t<div class=\"elementor-widget-container\">\n\t\t\t\t\t\t\t\t\t<p>Zako\u0144czyli\u015bmy etap wy\u0142aniania Wykonawc\u00f3w zgodnie z PZP dla realizacji zada\u0144 zaplanowanych w projekcie <strong><em>Nowoczesne kszta\u0142cenie kadr medycznych \u2013 fundamentem zdrowego \u017cycia.<\/em><\/strong><\/p><p>W wyniku prowadzonych post\u0119powa\u0144, uzyskano oszcz\u0119dno\u015bci, kt\u00f3re wp\u0142yn\u0119\u0142y na ostateczn\u0105 warto\u015b\u0107 projektu i tym samym kwot\u0119 jego dofinansowania ze \u015brodk\u00f3w Unii Europejskiej;<\/p><p>Skutkiem tego jest podpisanie aneksu do umowy o dofinansowanie projektu (Nr FEWM.05.01-IZ.00-0002\/24-00) na kwoty:<\/p><p>&#8211; ca\u0142kowita warto\u015b\u0107 projektu: 1\u00a0870\u00a0743,08 z\u0142<\/p><p>&#8211; wydatki kwalifikowalne: 1\u00a0862\u00a0740,09 z\u0142<\/p><p>&#8211; warto\u015b\u0107 wk\u0142adu z Funduszy Europejskich: 1\u00a0508\u00a0633,20 z\u0142<\/p><p>Aktualnie rozpoczyna si\u0119 etap doposa\u017cania obiekt\u00f3w, w kt\u00f3rych realizowane b\u0119dzie kszta\u0142cenie i przygotowywanie kadr dla inteligentnej specjalizacji \u201eZdrowe \u017cycie\u201d, zar\u00f3wno sal dydaktycznych rozmieszczonych w Publicznym Dzia\u0142dowskim Centrum Kszta\u0142cenia Ustawicznego DAR przy ul. Polnej 11a w Dzia\u0142dowie, jak i w Edukacyjnym Centrum Rehabilitacyjno \u2013 Medycznym w Gr\u00f3dkach \u2013 Gr\u00f3dki 30.<\/p><p>Obie lokalizacje zaczynaj\u0105 nabiera\u0107 kszta\u0142tu, g\u0142\u00f3wnie za spraw\u0105 wyposa\u017cenia w meble medyczne i sprz\u0119t odpowiadaj\u0105cy potrzebom i standardom nowoczesnego kszta\u0142cenia.<\/p><p>Post\u0119p prac obrazuj\u0105 poni\u017csze <a href=\"https:\/\/www.facebook.com\/dardzialdowo\/posts\/pfbid02ubgAFiJnYgpzrTf8Q1Cr8TuosxSViM68C7f5fX8sZvR2T6aPaMUZLexznBfoLgZAl\" target=\"_blank\" rel=\"noopener\">fotografie<\/a>.<\/p><p><a href=\"https:\/\/www.funduszeeuropejskie.gov.pl\/\" target=\"_blank\" rel=\"noopener\">#FunduszeUE<\/a><\/p>\t\t\t\t\t\t\t\t<\/div>\n\t\t\t\t<\/div>\n\t\t\t\t<div class=\"elementor-element elementor-element-9f79ea3 elementor-widget elementor-widget-spacer\" data-id=\"9f79ea3\" data-element_type=\"widget\" data-e-type=\"widget\" data-widget_type=\"spacer.default\">\n\t\t\t\t<div class=\"elementor-widget-container\">\n\t\t\t\t\t\t\t<div class=\"elementor-spacer\">\n\t\t\t<div class=\"elementor-spacer-inner\"><\/div>\n\t\t<\/div>\n\t\t\t\t\t\t<\/div>\n\t\t\t\t<\/div>\n\t\t\t\t\t<\/div>\n\t\t<\/div>\n\t\t\t\t\t<\/div>\n\t\t<\/section>\n\t\t\t\t<section class=\"elementor-section elementor-top-section elementor-element elementor-element-f569c90 elementor-section-boxed elementor-section-height-default elementor-section-height-default\" data-id=\"f569c90\" data-element_type=\"section\" data-e-type=\"section\">\n\t\t\t\t\t\t<div class=\"elementor-container elementor-column-gap-default\">\n\t\t\t\t\t<div class=\"elementor-column elementor-col-100 elementor-top-column elementor-element elementor-element-4fa2a11\" data-id=\"4fa2a11\" data-element_type=\"column\" data-e-type=\"column\">\n\t\t\t<div class=\"elementor-widget-wrap elementor-element-populated\">\n\t\t\t\t\t\t<div class=\"elementor-element elementor-element-08f6c62 elementor-widget elementor-widget-image\" data-id=\"08f6c62\" data-element_type=\"widget\" data-e-type=\"widget\" data-widget_type=\"image.default\">\n\t\t\t\t<div class=\"elementor-widget-container\">\n\t\t\t\t\t\t\t\t\t\t\t\t\t\t\t<img fetchpriority=\"high\" decoding=\"async\" width=\"750\" height=\"89\" src=\"https:\/\/darsa.pl\/www\/wp-content\/uploads\/2025\/09\/thumbnail_image-1-1024x122.png\" class=\"attachment-large size-large wp-image-7487\" alt=\"\" srcset=\"https:\/\/darsa.pl\/www\/wp-content\/uploads\/2025\/09\/thumbnail_image-1-1024x122.png 1024w, https:\/\/darsa.pl\/www\/wp-content\/uploads\/2025\/09\/thumbnail_image-1-300x36.png 300w, https:\/\/darsa.pl\/www\/wp-content\/uploads\/2025\/09\/thumbnail_image-1-768x92.png 768w, https:\/\/darsa.pl\/www\/wp-content\/uploads\/2025\/09\/thumbnail_image-1.png 1247w\" sizes=\"(max-width: 750px) 100vw, 750px\" \/>\t\t\t\t\t\t\t\t\t\t\t\t\t\t\t<\/div>\n\t\t\t\t<\/div>\n\t\t\t\t\t<\/div>\n\t\t<\/div>\n\t\t\t\t\t<\/div>\n\t\t<\/section>\n\t\t\t\t<section class=\"elementor-section elementor-top-section elementor-element elementor-element-c845e5d elementor-section-boxed elementor-section-height-default elementor-section-height-default\" data-id=\"c845e5d\" data-element_type=\"section\" data-e-type=\"section\">\n\t\t\t\t\t\t<div class=\"elementor-container elementor-column-gap-default\">\n\t\t\t\t\t<div class=\"elementor-column elementor-col-100 elementor-top-column elementor-element elementor-element-670b779\" data-id=\"670b779\" data-element_type=\"column\" data-e-type=\"column\">\n\t\t\t<div class=\"elementor-widget-wrap elementor-element-populated\">\n\t\t\t\t\t\t<div class=\"elementor-element elementor-element-44d7c3f elementor-widget elementor-widget-text-editor\" data-id=\"44d7c3f\" data-element_type=\"widget\" data-e-type=\"widget\" data-widget_type=\"text-editor.default\">\n\t\t\t\t<div class=\"elementor-widget-container\">\n\t\t\t\t\t\t\t\t\t<p style=\"text-align: left;\">Dzia\u0142dowska Agencja Rozwoju S.A. uzyska\u0142a dofinansowanie z Unii Europejskiej na realizacj\u0119 projektu pn.:<\/p><p style=\"text-align: center;\"><strong><em>Nowoczesne kszta\u0142cenie kadr medycznych \u2013 fundamentem zdrowego \u017cycia.<\/em><\/strong><\/p><p>W dniu 21 marca 2025 roku w siedzibie Urz\u0119du Marsza\u0142kowskiego w Olsztynie pomi\u0119dzy Wojew\u00f3dztwem Warmi\u0144sko \u2013 Mazurskim \u00a0a Dzia\u0142dowsk\u0105 Agencj\u0105 Rozwoju S.A. \u00a0podpisana zosta\u0142a umowa na dofinansowanie projektu realizowanego w ramach <strong><em>Priorytetu 05 Edukacja i kompetencje EFRR Dzia\u0142anie 05.01 Infrastruktura edukacyjna (Typ 2 Infrastruktura kszta\u0142cenia zawodowego) programu regionalnego Fundusze Europejskie dla Warmii i Mazur 2021-2027 wsp\u00f3\u0142finansowanego ze \u015brodk\u00f3w Europejskiego Funduszu Rozwoju Regionalnego.<\/em><\/strong><\/p><p>Nadrz\u0119dnym celem projektu jest inwestycja w infrastruktur\u0119 szk\u00f3\u0142 i plac\u00f3wek kszta\u0142cenia zawodowego i ustawicznego pod k\u0105tem przygotowania kadr dla inteligentnej specjalizacji \u201eZdrowe \u017cycie\u201d, a co za tym idzie przygotowanie nowoczesnej bazy dydaktycznej, odpowiadaj\u0105cej aktualnym standardom w kszta\u0142ceniu kadr medycznych. Dobrze doposa\u017cona plac\u00f3wka edukacyjna ma wzbogaci\u0107 ofert\u0119 dydaktyczn\u0105 w regionie, tworz\u0105c miejsce przyczyniaj\u0105ce si\u0119 do rozwoju edukacji zwi\u0105zanej z kszta\u0142ceniem specjalist\u00f3w z zakresu ochrony zdrowia przy wykorzystaniu nowych technologii i pomocy edukacyjnych na miar\u0119 XXI wieku.<\/p><p>W ramach projektu zrealizowane zostan\u0105 nast\u0119puj\u0105ce zadania:<\/p><ul><li>wyposa\u017cenie sal szkoleniowych,<\/li><li>zakup sprz\u0119tu medycznego i rehabilitacyjnego dla cel\u00f3w edukacyjnych,<\/li><li>zakup i instalacja sprz\u0119tu IT dla prowadzenia nowoczesnego kszta\u0142cenia i uzyskiwania feedbacku po przeszkoleniu,<\/li><li>przygotowanie obiektu pod k\u0105tem dost\u0119pno\u015bci dla os\u00f3b z niepe\u0142nosprawno\u015bciami (przede wszystkim dla os\u00f3b z dysfunkcj\u0105 wzroku i s\u0142uchu).<\/li><\/ul><p>Inwestycja prowadzona b\u0119dzie r\u00f3wnolegle w dw\u00f3ch lokalizacjach \u2013 w Publicznym Dzia\u0142dowskim Centrum Kszta\u0142cenia Ustawicznego DAR przy ul. Polnej 11a w Dzia\u0142dowie oraz w Edukacyjnym Centrum Rehabilitacyjno \u2013 Medycznym w Gr\u00f3dkach \u2013 Gr\u00f3dki 30.<\/p><p>Z projektu skorzystaj\u0105 przede wszystkim aktualni i przyszli s\u0142uchacze szko\u0142y policealnej kszta\u0142c\u0105cy si\u0119 w zawodach medycznych \u2013 mieszka\u0144cy Dzia\u0142dowa, okolicznych gmin, ale te\u017c osoby spoza najbli\u017cszej lokalizacji, zainteresowane nabywaniem kwalifikacji w prowadzonej przez DAR S.A. \u00a0plac\u00f3wce.<\/p><p>W rezultacie stworzenie nowoczesnej infrastruktury przygotowuj\u0105cej do nauki zawodu poprawi jako\u015b\u0107 prowadzonego nauczania, a w konsekwencji\u00a0 podniesie poziom kompetencji kluczowych s\u0142uchaczy.<\/p><p><strong>Warto\u015b\u0107 projektu: 2\u00a0095\u00a0968,94 z\u0142<\/strong><\/p><p><strong>Wysoko\u015b\u0107 wk\u0142adu z Funduszy Europejskich: 1\u00a0693\u00a0475,74 z\u0142<\/strong><\/p><p><a href=\"https:\/\/www.funduszeeuropejskie.gov.pl\/\" target=\"_blank\" rel=\"noopener\">#FunduszeUE<\/a><\/p>\t\t\t\t\t\t\t\t<\/div>\n\t\t\t\t<\/div>\n\t\t\t\t\t<\/div>\n\t\t<\/div>\n\t\t\t\t\t<\/div>\n\t\t<\/section>\n\t\t\t\t<\/div>\n\t\t","protected":false},"excerpt":{"rendered":"<p>Realizacja projektu Nowoczesne kszta\u0142cenie kadr medycznych \u2013 fundamentem zdrowego \u017cycia wchodzi w kolejny etap. Nast\u0119pni wykonawcy dostarczaj\u0105 zam\u00f3wiony sprz\u0119t, a my zaczynamy przygotowywa\u0107 pracownik\u00f3w Publicznego Dzia\u0142dowskiego Centrum Kszta\u0142cenia Ustawicznego DAR oraz kadr\u0119 dydaktyczn\u0105 realizuj\u0105c\u0105 zaj\u0119cia w Szkole Policealnej do prowadzenia zaj\u0119\u0107 w nowych warunkach. 9 grudnia odby\u0142o si\u0119 szkolenie zaznajamiaj\u0105ce [&hellip;]<\/p>\n","protected":false},"author":2,"featured_media":0,"parent":7514,"menu_order":0,"comment_status":"closed","ping_status":"closed","template":"","meta":{"footnotes":""},"class_list":["post-7547","page","type-page","status-publish","hentry"],"yoast_head":"<!-- This site is optimized with the Yoast SEO plugin v27.3 - https:\/\/yoast.com\/product\/yoast-seo-wordpress\/ -->\n<title>Dzia\u0142dowska Agencja Rozwoju S.A.<\/title>\n<meta name=\"description\" content=\"Wspieranie ma\u0142ych i \u015brednich przedsi\u0119biorstw, edukacja i szkolenia.\" \/>\n<meta name=\"robots\" content=\"index, follow, max-snippet:-1, max-image-preview:large, max-video-preview:-1\" \/>\n<link rel=\"canonical\" href=\"https:\/\/darsa.pl\/www\/projekty\/projekty-dofinansowane-z-ue\/nowoczesne-ksztalcenie-kadr-medycznych\/\" \/>\n<meta property=\"og:locale\" content=\"pl_PL\" \/>\n<meta property=\"og:type\" content=\"article\" \/>\n<meta property=\"og:description\" content=\"Wspieranie ma\u0142ych i \u015brednich przedsi\u0119biorstw, edukacja i szkolenia.\" \/>\n<meta property=\"og:url\" content=\"https:\/\/darsa.pl\/www\/projekty\/projekty-dofinansowane-z-ue\/nowoczesne-ksztalcenie-kadr-medycznych\/\" \/>\n<meta property=\"og:site_name\" content=\"Dzia\u0142dowska Agencja Rozwoju S.A.\" \/>\n<meta property=\"article:modified_time\" content=\"2025-12-11T18:22:28+00:00\" \/>\n<meta property=\"og:image\" content=\"https:\/\/darsa.pl\/www\/wp-content\/uploads\/2025\/09\/thumbnail_image-1.png\" \/>\n\t<meta property=\"og:image:width\" content=\"1247\" \/>\n\t<meta property=\"og:image:height\" content=\"149\" \/>\n\t<meta property=\"og:image:type\" content=\"image\/png\" \/>\n<meta name=\"twitter:card\" content=\"summary_large_image\" \/>\n<meta name=\"twitter:label1\" content=\"Szacowany czas czytania\" \/>\n\t<meta name=\"twitter:data1\" content=\"5 minut\" \/>\n<script type=\"application\/ld+json\" class=\"yoast-schema-graph\">{\"@context\":\"https:\\\/\\\/schema.org\",\"@graph\":[{\"@type\":\"WebPage\",\"@id\":\"https:\\\/\\\/darsa.pl\\\/www\\\/projekty\\\/projekty-dofinansowane-z-ue\\\/nowoczesne-ksztalcenie-kadr-medycznych\\\/\",\"url\":\"https:\\\/\\\/darsa.pl\\\/www\\\/projekty\\\/projekty-dofinansowane-z-ue\\\/nowoczesne-ksztalcenie-kadr-medycznych\\\/\",\"name\":\"\",\"isPartOf\":{\"@id\":\"https:\\\/\\\/darsa.pl\\\/www\\\/#website\"},\"primaryImageOfPage\":{\"@id\":\"https:\\\/\\\/darsa.pl\\\/www\\\/projekty\\\/projekty-dofinansowane-z-ue\\\/nowoczesne-ksztalcenie-kadr-medycznych\\\/#primaryimage\"},\"image\":{\"@id\":\"https:\\\/\\\/darsa.pl\\\/www\\\/projekty\\\/projekty-dofinansowane-z-ue\\\/nowoczesne-ksztalcenie-kadr-medycznych\\\/#primaryimage\"},\"thumbnailUrl\":\"https:\\\/\\\/darsa.pl\\\/www\\\/wp-content\\\/uploads\\\/2025\\\/09\\\/thumbnail_image-1-1024x122.png\",\"datePublished\":\"2025-09-30T09:43:02+00:00\",\"dateModified\":\"2025-12-11T18:22:28+00:00\",\"description\":\"Wspieranie ma\u0142ych i \u015brednich przedsi\u0119biorstw, edukacja i szkolenia.\",\"breadcrumb\":{\"@id\":\"https:\\\/\\\/darsa.pl\\\/www\\\/projekty\\\/projekty-dofinansowane-z-ue\\\/nowoczesne-ksztalcenie-kadr-medycznych\\\/#breadcrumb\"},\"inLanguage\":\"pl-PL\",\"potentialAction\":[{\"@type\":\"ReadAction\",\"target\":[\"https:\\\/\\\/darsa.pl\\\/www\\\/projekty\\\/projekty-dofinansowane-z-ue\\\/nowoczesne-ksztalcenie-kadr-medycznych\\\/\"]}]},{\"@type\":\"ImageObject\",\"inLanguage\":\"pl-PL\",\"@id\":\"https:\\\/\\\/darsa.pl\\\/www\\\/projekty\\\/projekty-dofinansowane-z-ue\\\/nowoczesne-ksztalcenie-kadr-medycznych\\\/#primaryimage\",\"url\":\"https:\\\/\\\/darsa.pl\\\/www\\\/wp-content\\\/uploads\\\/2025\\\/09\\\/thumbnail_image-1.png\",\"contentUrl\":\"https:\\\/\\\/darsa.pl\\\/www\\\/wp-content\\\/uploads\\\/2025\\\/09\\\/thumbnail_image-1.png\",\"width\":1247,\"height\":149},{\"@type\":\"BreadcrumbList\",\"@id\":\"https:\\\/\\\/darsa.pl\\\/www\\\/projekty\\\/projekty-dofinansowane-z-ue\\\/nowoczesne-ksztalcenie-kadr-medycznych\\\/#breadcrumb\",\"itemListElement\":[{\"@type\":\"ListItem\",\"position\":1,\"name\":\"Strona g\u0142\u00f3wna\",\"item\":\"https:\\\/\\\/darsa.pl\\\/www\\\/\"},{\"@type\":\"ListItem\",\"position\":2,\"name\":\"PROJEKTY\",\"item\":\"https:\\\/\\\/darsa.pl\\\/www\\\/projekty\\\/\"},{\"@type\":\"ListItem\",\"position\":3,\"name\":\"PROJEKTY DOFINANSOWANE Z UE\",\"item\":\"https:\\\/\\\/darsa.pl\\\/www\\\/projekty\\\/projekty-dofinansowane-z-ue\\\/\"},{\"@type\":\"ListItem\",\"position\":4,\"name\":\"Nowoczesne kszta\u0142cenie kadr medycznych &#8211; fundamentem zdrowego \u017cycia\"}]},{\"@type\":\"WebSite\",\"@id\":\"https:\\\/\\\/darsa.pl\\\/www\\\/#website\",\"url\":\"https:\\\/\\\/darsa.pl\\\/www\\\/\",\"name\":\"Dzia\u0142dowska Agencja Rozwoju S.A.\",\"description\":\"Wspieranie ma\u0142ych i \u015brednich przedsi\u0119biorstw, edukacja i szkolenia.\",\"publisher\":{\"@id\":\"https:\\\/\\\/darsa.pl\\\/www\\\/#organization\"},\"potentialAction\":[{\"@type\":\"SearchAction\",\"target\":{\"@type\":\"EntryPoint\",\"urlTemplate\":\"https:\\\/\\\/darsa.pl\\\/www\\\/?s={search_term_string}\"},\"query-input\":{\"@type\":\"PropertyValueSpecification\",\"valueRequired\":true,\"valueName\":\"search_term_string\"}}],\"inLanguage\":\"pl-PL\"},{\"@type\":\"Organization\",\"@id\":\"https:\\\/\\\/darsa.pl\\\/www\\\/#organization\",\"name\":\"Dzia\u0142dowska Agencja Rozwoju S.A.\",\"url\":\"https:\\\/\\\/darsa.pl\\\/www\\\/\",\"logo\":{\"@type\":\"ImageObject\",\"inLanguage\":\"pl-PL\",\"@id\":\"https:\\\/\\\/darsa.pl\\\/www\\\/#\\\/schema\\\/logo\\\/image\\\/\",\"url\":\"https:\\\/\\\/darsa.pl\\\/www\\\/wp-content\\\/uploads\\\/2020\\\/06\\\/logo_h200px.png\",\"contentUrl\":\"https:\\\/\\\/darsa.pl\\\/www\\\/wp-content\\\/uploads\\\/2020\\\/06\\\/logo_h200px.png\",\"width\":856,\"height\":200,\"caption\":\"Dzia\u0142dowska Agencja Rozwoju S.A.\"},\"image\":{\"@id\":\"https:\\\/\\\/darsa.pl\\\/www\\\/#\\\/schema\\\/logo\\\/image\\\/\"}}]}<\/script>\n<!-- \/ Yoast SEO plugin. -->","yoast_head_json":{"title":"Dzia\u0142dowska Agencja Rozwoju S.A.","description":"Wspieranie ma\u0142ych i \u015brednich przedsi\u0119biorstw, edukacja i szkolenia.","robots":{"index":"index","follow":"follow","max-snippet":"max-snippet:-1","max-image-preview":"max-image-preview:large","max-video-preview":"max-video-preview:-1"},"canonical":"https:\/\/darsa.pl\/www\/projekty\/projekty-dofinansowane-z-ue\/nowoczesne-ksztalcenie-kadr-medycznych\/","og_locale":"pl_PL","og_type":"article","og_description":"Wspieranie ma\u0142ych i \u015brednich przedsi\u0119biorstw, edukacja i szkolenia.","og_url":"https:\/\/darsa.pl\/www\/projekty\/projekty-dofinansowane-z-ue\/nowoczesne-ksztalcenie-kadr-medycznych\/","og_site_name":"Dzia\u0142dowska Agencja Rozwoju S.A.","article_modified_time":"2025-12-11T18:22:28+00:00","og_image":[{"width":1247,"height":149,"url":"https:\/\/darsa.pl\/www\/wp-content\/uploads\/2025\/09\/thumbnail_image-1.png","type":"image\/png"}],"twitter_card":"summary_large_image","twitter_misc":{"Szacowany czas czytania":"5 minut"},"schema":{"@context":"https:\/\/schema.org","@graph":[{"@type":"WebPage","@id":"https:\/\/darsa.pl\/www\/projekty\/projekty-dofinansowane-z-ue\/nowoczesne-ksztalcenie-kadr-medycznych\/","url":"https:\/\/darsa.pl\/www\/projekty\/projekty-dofinansowane-z-ue\/nowoczesne-ksztalcenie-kadr-medycznych\/","name":"","isPartOf":{"@id":"https:\/\/darsa.pl\/www\/#website"},"primaryImageOfPage":{"@id":"https:\/\/darsa.pl\/www\/projekty\/projekty-dofinansowane-z-ue\/nowoczesne-ksztalcenie-kadr-medycznych\/#primaryimage"},"image":{"@id":"https:\/\/darsa.pl\/www\/projekty\/projekty-dofinansowane-z-ue\/nowoczesne-ksztalcenie-kadr-medycznych\/#primaryimage"},"thumbnailUrl":"https:\/\/darsa.pl\/www\/wp-content\/uploads\/2025\/09\/thumbnail_image-1-1024x122.png","datePublished":"2025-09-30T09:43:02+00:00","dateModified":"2025-12-11T18:22:28+00:00","description":"Wspieranie ma\u0142ych i \u015brednich przedsi\u0119biorstw, edukacja i szkolenia.","breadcrumb":{"@id":"https:\/\/darsa.pl\/www\/projekty\/projekty-dofinansowane-z-ue\/nowoczesne-ksztalcenie-kadr-medycznych\/#breadcrumb"},"inLanguage":"pl-PL","potentialAction":[{"@type":"ReadAction","target":["https:\/\/darsa.pl\/www\/projekty\/projekty-dofinansowane-z-ue\/nowoczesne-ksztalcenie-kadr-medycznych\/"]}]},{"@type":"ImageObject","inLanguage":"pl-PL","@id":"https:\/\/darsa.pl\/www\/projekty\/projekty-dofinansowane-z-ue\/nowoczesne-ksztalcenie-kadr-medycznych\/#primaryimage","url":"https:\/\/darsa.pl\/www\/wp-content\/uploads\/2025\/09\/thumbnail_image-1.png","contentUrl":"https:\/\/darsa.pl\/www\/wp-content\/uploads\/2025\/09\/thumbnail_image-1.png","width":1247,"height":149},{"@type":"BreadcrumbList","@id":"https:\/\/darsa.pl\/www\/projekty\/projekty-dofinansowane-z-ue\/nowoczesne-ksztalcenie-kadr-medycznych\/#breadcrumb","itemListElement":[{"@type":"ListItem","position":1,"name":"Strona g\u0142\u00f3wna","item":"https:\/\/darsa.pl\/www\/"},{"@type":"ListItem","position":2,"name":"PROJEKTY","item":"https:\/\/darsa.pl\/www\/projekty\/"},{"@type":"ListItem","position":3,"name":"PROJEKTY DOFINANSOWANE Z UE","item":"https:\/\/darsa.pl\/www\/projekty\/projekty-dofinansowane-z-ue\/"},{"@type":"ListItem","position":4,"name":"Nowoczesne kszta\u0142cenie kadr medycznych &#8211; fundamentem zdrowego \u017cycia"}]},{"@type":"WebSite","@id":"https:\/\/darsa.pl\/www\/#website","url":"https:\/\/darsa.pl\/www\/","name":"Dzia\u0142dowska Agencja Rozwoju S.A.","description":"Wspieranie ma\u0142ych i \u015brednich przedsi\u0119biorstw, edukacja i szkolenia.","publisher":{"@id":"https:\/\/darsa.pl\/www\/#organization"},"potentialAction":[{"@type":"SearchAction","target":{"@type":"EntryPoint","urlTemplate":"https:\/\/darsa.pl\/www\/?s={search_term_string}"},"query-input":{"@type":"PropertyValueSpecification","valueRequired":true,"valueName":"search_term_string"}}],"inLanguage":"pl-PL"},{"@type":"Organization","@id":"https:\/\/darsa.pl\/www\/#organization","name":"Dzia\u0142dowska Agencja Rozwoju S.A.","url":"https:\/\/darsa.pl\/www\/","logo":{"@type":"ImageObject","inLanguage":"pl-PL","@id":"https:\/\/darsa.pl\/www\/#\/schema\/logo\/image\/","url":"https:\/\/darsa.pl\/www\/wp-content\/uploads\/2020\/06\/logo_h200px.png","contentUrl":"https:\/\/darsa.pl\/www\/wp-content\/uploads\/2020\/06\/logo_h200px.png","width":856,"height":200,"caption":"Dzia\u0142dowska Agencja Rozwoju S.A."},"image":{"@id":"https:\/\/darsa.pl\/www\/#\/schema\/logo\/image\/"}}]}},"_links":{"self":[{"href":"https:\/\/darsa.pl\/www\/wp-json\/wp\/v2\/pages\/7547","targetHints":{"allow":["GET"]}}],"collection":[{"href":"https:\/\/darsa.pl\/www\/wp-json\/wp\/v2\/pages"}],"about":[{"href":"https:\/\/darsa.pl\/www\/wp-json\/wp\/v2\/types\/page"}],"author":[{"embeddable":true,"href":"https:\/\/darsa.pl\/www\/wp-json\/wp\/v2\/users\/2"}],"replies":[{"embeddable":true,"href":"https:\/\/darsa.pl\/www\/wp-json\/wp\/v2\/comments?post=7547"}],"version-history":[{"count":41,"href":"https:\/\/darsa.pl\/www\/wp-json\/wp\/v2\/pages\/7547\/revisions"}],"predecessor-version":[{"id":7714,"href":"https:\/\/darsa.pl\/www\/wp-json\/wp\/v2\/pages\/7547\/revisions\/7714"}],"up":[{"embeddable":true,"href":"https:\/\/darsa.pl\/www\/wp-json\/wp\/v2\/pages\/7514"}],"wp:attachment":[{"href":"https:\/\/darsa.pl\/www\/wp-json\/wp\/v2\/media?parent=7547"}],"curies":[{"name":"wp","href":"https:\/\/api.w.org\/{rel}","templated":true}]}}