{"id":65,"date":"2020-06-28T22:30:40","date_gmt":"2020-06-28T20:30:40","guid":{"rendered":"https:\/\/darsa.pl\/www\/?page_id=65"},"modified":"2022-02-15T08:47:45","modified_gmt":"2022-02-15T07:47:45","slug":"gwarancje","status":"publish","type":"page","link":"https:\/\/darsa.pl\/www\/gwarancje\/","title":{"rendered":"GWARANCJE"},"content":{"rendered":"\t\t<div data-elementor-type=\"wp-page\" data-elementor-id=\"65\" class=\"elementor elementor-65\">\n\t\t\t\t\t\t<section class=\"elementor-section elementor-top-section elementor-element elementor-element-6518a6f0 elementor-hidden-phone elementor-section-boxed elementor-section-height-default elementor-section-height-default\" data-id=\"6518a6f0\" data-element_type=\"section\" data-e-type=\"section\" data-settings=\"{&quot;background_background&quot;:&quot;gradient&quot;}\">\n\t\t\t\t\t\t<div class=\"elementor-container elementor-column-gap-default\">\n\t\t\t\t\t<div class=\"elementor-column elementor-col-100 elementor-top-column elementor-element elementor-element-e090209\" data-id=\"e090209\" data-element_type=\"column\" data-e-type=\"column\">\n\t\t\t<div class=\"elementor-widget-wrap elementor-element-populated\">\n\t\t\t\t\t\t<div class=\"elementor-element elementor-element-74ee954e elementor-widget elementor-widget-eael-image-accordion\" data-id=\"74ee954e\" data-element_type=\"widget\" data-e-type=\"widget\" data-widget_type=\"eael-image-accordion.default\">\n\t\t\t\t<div class=\"elementor-widget-container\">\n\t\t\t\t\t    <div class=\"eael-img-accordion accordion-direction-horizontal eael-img-accordion-horizontal-align-center eael-img-accordion-vertical-align-center\" id=\"eael-img-accordion-74ee954e\" data-img-accordion-id=\"74ee954e\" data-img-accordion-type=\"on-hover\">\n                    \n            <div class=\"eael-image-accordion-hover eael-image-accordion-item\" style=\"background-image: url(https:\/\/darsa.pl\/www\/wp-content\/uploads\/2020\/10\/lg_poreczenia_wadium.png);\"  tabindex=\"0\">\n                <div class=\"overlay\">\n                                        <div class=\"overlay-inner \">\n                        <a href=\"https:\/\/darsa.pl\/www\/gwarancje\/poreczenia-wadium\/\"><h2 class=\"img-accordion-title\">Por\u0119czenia wadium<\/h2><\/a>                            <p><p style=\"text-align: center\"><strong>kliknij, aby pozna\u0107 szczeg\u00f3\u0142y<\/strong><\/p><\/p>\n                                            <\/div>\n                <\/div>\n            <\/div>\n                    \n            <div class=\"eael-image-accordion-hover eael-image-accordion-item\" style=\"background-image: url(https:\/\/darsa.pl\/www\/wp-content\/uploads\/2020\/10\/lg_poreczenia_nwu_rzw.png);\"  tabindex=\"0\">\n                <div class=\"overlay\">\n                                        <div class=\"overlay-inner \">\n                        <a href=\"https:\/\/darsa.pl\/www\/gwarancje\/poreczenia-nwu-i-rzw\/\"><h2 class=\"img-accordion-title\">Por\u0119czenia Nale\u017cytego Wykonania Umowy i R\u0119kojmi za Wady<\/h2><\/a>                            <p><p style=\"text-align: center\"><strong>kliknij, aby pozna\u0107 szczeg\u00f3\u0142y<\/strong><\/p><\/p>\n                                            <\/div>\n                <\/div>\n            <\/div>\n                    \n            <div class=\"eael-image-accordion-hover eael-image-accordion-item\" style=\"background-image: url(https:\/\/darsa.pl\/www\/wp-content\/uploads\/2020\/10\/lg_poreczenia_spoldzielnie.png);\"  tabindex=\"0\">\n                <div class=\"overlay\">\n                                        <div class=\"overlay-inner \">\n                        <a href=\"https:\/\/darsa.pl\/www\/gwarancje\/poreczenia-spoldzielnie-socjalne\/\"><h2 class=\"img-accordion-title\">Por\u0119czenia Sp\u00f3\u0142dzielnie Socjalne<\/h2><\/a>                            <p><p style=\"text-align: center\"><strong>kliknij, aby pozna\u0107 szczeg\u00f3\u0142y<\/strong><\/p><\/p>\n                                            <\/div>\n                <\/div>\n            <\/div>\n                <\/div>\n        <style typr=\"text\/css\">\n                    #eael-img-accordion-74ee954e .eael-image-accordion-hover:hover {\n                        flex: 3 1 0% !important;\n                    }\n                    #eael-img-accordion-74ee954e .eael-image-accordion-hover:hover:hover .overlay-inner * {\n                        opacity: 1;\n                        visibility: visible;\n                        transform: none;\n                        transition: all .3s .3s;\n                    }\n                <\/style>\t\t\t\t<\/div>\n\t\t\t\t<\/div>\n\t\t\t\t\t<\/div>\n\t\t<\/div>\n\t\t\t\t\t<\/div>\n\t\t<\/section>\n\t\t\t\t<section class=\"elementor-section elementor-top-section elementor-element elementor-element-4bb8dd8 elementor-hidden-desktop elementor-hidden-tablet elementor-section-boxed elementor-section-height-default elementor-section-height-default\" data-id=\"4bb8dd8\" data-element_type=\"section\" data-e-type=\"section\" data-settings=\"{&quot;background_background&quot;:&quot;gradient&quot;}\">\n\t\t\t\t\t\t<div class=\"elementor-container elementor-column-gap-default\">\n\t\t\t\t\t<div class=\"elementor-column elementor-col-100 elementor-top-column elementor-element elementor-element-66f72a3\" data-id=\"66f72a3\" data-element_type=\"column\" data-e-type=\"column\">\n\t\t\t<div class=\"elementor-widget-wrap elementor-element-populated\">\n\t\t\t\t\t\t<div class=\"elementor-element elementor-element-8511995 elementor-widget elementor-widget-eael-image-accordion\" data-id=\"8511995\" data-element_type=\"widget\" data-e-type=\"widget\" data-widget_type=\"eael-image-accordion.default\">\n\t\t\t\t<div class=\"elementor-widget-container\">\n\t\t\t\t\t    <div class=\"eael-img-accordion accordion-direction-horizontal eael-img-accordion-horizontal-align-center eael-img-accordion-vertical-align-center\" id=\"eael-img-accordion-8511995\" data-img-accordion-id=\"8511995\" data-img-accordion-type=\"on-hover\">\n                    \n            <div class=\"eael-image-accordion-hover eael-image-accordion-item\" style=\"background-image: url(https:\/\/darsa.pl\/www\/wp-content\/uploads\/2020\/10\/lg_poreczenia_wadium.png);\"  tabindex=\"0\">\n                <div class=\"overlay\">\n                                        <div class=\"overlay-inner \">\n                        <a href=\"https:\/\/darsa.pl\/www\/gwarancje\/poreczenia-wadium\/\"><h2 class=\"img-accordion-title\">Por\u0119czenia wadium<\/h2><\/a>                            <p><p style=\"text-align: center\"><strong>kliknij, aby pozna\u0107 szczeg\u00f3\u0142y<\/strong><\/p><\/p>\n                                            <\/div>\n                <\/div>\n            <\/div>\n                    \n            <div class=\"eael-image-accordion-hover eael-image-accordion-item\" style=\"background-image: url(https:\/\/darsa.pl\/www\/wp-content\/uploads\/2020\/10\/lg_poreczenia_nwu_rzw.png);\"  tabindex=\"0\">\n                <div class=\"overlay\">\n                                        <div class=\"overlay-inner \">\n                        <a href=\"https:\/\/darsa.pl\/www\/gwarancje\/poreczenia-nwu-i-rzw\/\"><h2 class=\"img-accordion-title\">Por\u0119czenia Nale\u017cytego Wykonania Umowy i R\u0119kojmi za Wady<\/h2><\/a>                            <p><p style=\"text-align: center\"><strong>kliknij, aby pozna\u0107 szczeg\u00f3\u0142y<\/strong><\/p><\/p>\n                                            <\/div>\n                <\/div>\n            <\/div>\n                    \n            <div class=\"eael-image-accordion-hover eael-image-accordion-item\" style=\"background-image: url(https:\/\/darsa.pl\/www\/wp-content\/uploads\/2020\/10\/lg_poreczenia_spoldzielnie.png);\"  tabindex=\"0\">\n                <div class=\"overlay\">\n                                        <div class=\"overlay-inner \">\n                        <a href=\"https:\/\/darsa.pl\/www\/gwarancje\/poreczenia-spoldzielnie-socjalne\/\"><h2 class=\"img-accordion-title\">Por\u0119czenia Sp\u00f3\u0142dzielnie Socjalne<\/h2><\/a>                            <p><p style=\"text-align: center\"><strong>kliknij, aby pozna\u0107 szczeg\u00f3\u0142y<\/strong><\/p><\/p>\n                                            <\/div>\n                <\/div>\n            <\/div>\n                <\/div>\n        <style typr=\"text\/css\">\n                    #eael-img-accordion-8511995 .eael-image-accordion-hover:hover {\n                        flex: 3 1 0% !important;\n                    }\n                    #eael-img-accordion-8511995 .eael-image-accordion-hover:hover:hover .overlay-inner * {\n                        opacity: 1;\n                        visibility: visible;\n                        transform: none;\n                        transition: all .3s .3s;\n                    }\n                <\/style>\t\t\t\t<\/div>\n\t\t\t\t<\/div>\n\t\t\t\t\t<\/div>\n\t\t<\/div>\n\t\t\t\t\t<\/div>\n\t\t<\/section>\n\t\t\t\t<section class=\"elementor-section elementor-top-section elementor-element elementor-element-3e707aa7 elementor-section-boxed elementor-section-height-default elementor-section-height-default\" data-id=\"3e707aa7\" data-element_type=\"section\" data-e-type=\"section\">\n\t\t\t\t\t\t<div class=\"elementor-container elementor-column-gap-default\">\n\t\t\t\t\t<div class=\"elementor-column elementor-col-100 elementor-top-column elementor-element elementor-element-7abbd085\" data-id=\"7abbd085\" data-element_type=\"column\" data-e-type=\"column\">\n\t\t\t<div class=\"elementor-widget-wrap elementor-element-populated\">\n\t\t\t\t\t\t<div class=\"elementor-element elementor-element-55bde658 elementor-widget elementor-widget-text-editor\" data-id=\"55bde658\" data-element_type=\"widget\" data-e-type=\"widget\" data-widget_type=\"text-editor.default\">\n\t\t\t\t<div class=\"elementor-widget-container\">\n\t\t\t\t\t\t\t\t\t<p><span>Dzia\u0142dowska Agencja Rozwoju S.A. jest jednym z podmiot\u00f3w uprawnionych do udzielania por\u0119cze\u0144 zap\u0142aty wadium lub nale\u017cytego wykonania umowy, zgodnie z art. 6b ust. 5 pkt 2 Ustawy z dnia 9 listopada 2000 r. o utworzeniu Polskiej Agencji Rozwoju Przedsi\u0119biorczo\u015bci (DZ. U. z 2007 r. Nr 42, poz. 275, z p\u00f3\u017an. zm.). Zabezpieczenie to udzielane jest na podstawie art. 45 ust. 6 pkt 5 i art. 148 ust. 1 pkt 5 Ustawy z dnia 29 stycznia 2004 roku (z p\u00f3\u017an. zm.) Prawo zam\u00f3wie\u0144 publicznych.<\/span><\/p><p><span>Fundusz Gwarancyjny dzia\u0142aj\u0105cy w ramach Funduszu Przedsi\u0119biorczo\u015bci Dzia\u0142dowskiej Agencji Rozwoju S.A. funkcjonuje od 2006 roku.<\/span><\/p><p><span>Por\u0119czenia wadium oraz por\u0119czenia nale\u017cytego wykonania umowy nale\u017c\u0105 do grupy por\u0119cze\u0144 ciesz\u0105cych si\u0119 coraz wi\u0119ksz\u0105 popularno\u015bci\u0105. Jest doskona\u0142\u0105 alternatyw\u0105 dla zabezpiecze\u0144 w formie got\u00f3wkowej oraz gwarancji bankowych czy ubezpieczeniowych.<\/span><\/p><p><span>Oferta Funduszu skierowana jest do mikro, ma\u0142ych i \u015brednich przedsi\u0119biorstw, b\u0105d\u017a os\u00f3b podejmuj\u0105cych dzia\u0142alno\u015b\u0107 gospodarcz\u0105 maj\u0105cych siedzib\u0119 lub inwestuj\u0105cych na terenie wojew\u00f3dztwa warmi\u0144sko \u2013 mazurskiego lub powiat\u00f3w: m\u0142awskiego, \u017curomi\u0144skiego i brodnickiego, b\u0119d\u0105cych wykonawcami lub podwykonawcami, bior\u0105cymi udzia\u0142 w zam\u00f3wieniach, w szczeg\u00f3lno\u015bci w przetargach na podstawie ustawy Prawo Zam\u00f3wie\u0144 Publicznych.<\/span><\/p><p><span>Przedsi\u0119biorca ma mo\u017cliwo\u015b\u0107 uzyskania por\u0119czenia jednorazowo lub w formie limitu udzielonego na okres 6 miesi\u0119cy, kt\u00f3ry pozwala mu uczestniczy\u0107 w kilku przetargach jednocze\u015bnie a tak\u017ce na spe\u0142nienie wymaga\u0144 kontrahent\u00f3w \u017c\u0105daj\u0105cych przedstawienia zabezpieczenia realizacji kontraktu lub usuni\u0119cia wad i usterek w okresie r\u0119kojmi.<\/span><\/p><p><span>Bior\u0105c pod uwag\u0119 potrzeby przedsi\u0119biorc\u00f3w wprowadzili\u015bmy mo\u017cliwo\u015b\u0107 zawarcia d\u0142ugoterminowej Umowy o wsp\u00f3\u0142pracy na udzielanie gwarancji wadium, w\u0142a\u015bciwego wykonania umowy i r\u0119kojmi za wady lub gwarancji jako\u015bci. Zabezpiecza ona kilka wierzytelno\u015bci, a ponadto znacznie wp\u0142ywa na czas uzyskania por\u0119cze\u0144, w szczeg\u00f3lno\u015bci przedsi\u0119biorcom zlokalizowanym w znacznej odleg\u0142o\u015bci od siedziby DAR S.A.<\/span><\/p><p><span>Proces udzielania por\u0119cze\u0144 jest prosty i przejrzysty dla przedsi\u0119biorcy. Ka\u017cdy wniosek rozpatrujemy indywidualnie, a czynnikiem nas wyr\u00f3\u017cniaj\u0105cym jest czas, w jakim podejmujemy decyzj\u0119.<\/span><\/p>\t\t\t\t\t\t\t\t<\/div>\n\t\t\t\t<\/div>\n\t\t\t\t\t<\/div>\n\t\t<\/div>\n\t\t\t\t\t<\/div>\n\t\t<\/section>\n\t\t\t\t<section class=\"elementor-section elementor-top-section elementor-element elementor-element-405ed434 elementor-section-boxed elementor-section-height-default elementor-section-height-default\" data-id=\"405ed434\" data-element_type=\"section\" data-e-type=\"section\">\n\t\t\t\t\t\t<div class=\"elementor-container elementor-column-gap-default\">\n\t\t\t\t\t<div class=\"elementor-column elementor-col-50 elementor-top-column elementor-element elementor-element-1ea25eeb\" data-id=\"1ea25eeb\" data-element_type=\"column\" data-e-type=\"column\">\n\t\t\t<div class=\"elementor-widget-wrap elementor-element-populated\">\n\t\t\t\t\t\t<div class=\"elementor-element elementor-element-25c6f3ee elementor-widget elementor-widget-counter\" data-id=\"25c6f3ee\" data-element_type=\"widget\" data-e-type=\"widget\" data-widget_type=\"counter.default\">\n\t\t\t\t<div class=\"elementor-widget-container\">\n\t\t\t\t\t\t\t<div class=\"elementor-counter\">\n\t\t\t<div class=\"elementor-counter-title\">Kwota udzielonych por\u0119cze\u0144 (w PLN)<\/div>\t\t\t<div class=\"elementor-counter-number-wrapper\">\n\t\t\t\t<span class=\"elementor-counter-number-prefix\"><\/span>\n\t\t\t\t<span class=\"elementor-counter-number\" data-duration=\"5000\" data-to-value=\"146393721\" data-from-value=\"0\" data-delimiter=\" \">0<\/span>\n\t\t\t\t<span class=\"elementor-counter-number-suffix\"><\/span>\n\t\t\t<\/div>\n\t\t<\/div>\n\t\t\t\t\t\t<\/div>\n\t\t\t\t<\/div>\n\t\t\t\t\t<\/div>\n\t\t<\/div>\n\t\t\t\t<div class=\"elementor-column elementor-col-50 elementor-top-column elementor-element elementor-element-69c7e906\" data-id=\"69c7e906\" data-element_type=\"column\" data-e-type=\"column\">\n\t\t\t<div class=\"elementor-widget-wrap elementor-element-populated\">\n\t\t\t\t\t\t<div class=\"elementor-element elementor-element-6781ddc4 elementor-widget elementor-widget-counter\" data-id=\"6781ddc4\" data-element_type=\"widget\" data-e-type=\"widget\" data-widget_type=\"counter.default\">\n\t\t\t\t<div class=\"elementor-widget-container\">\n\t\t\t\t\t\t\t<div class=\"elementor-counter\">\n\t\t\t<div class=\"elementor-counter-title\">Liczba udzielonych por\u0119cze\u0144<\/div>\t\t\t<div class=\"elementor-counter-number-wrapper\">\n\t\t\t\t<span class=\"elementor-counter-number-prefix\"><\/span>\n\t\t\t\t<span class=\"elementor-counter-number\" data-duration=\"3000\" data-to-value=\"3101\" data-from-value=\"0\" data-delimiter=\" \">0<\/span>\n\t\t\t\t<span class=\"elementor-counter-number-suffix\"><\/span>\n\t\t\t<\/div>\n\t\t<\/div>\n\t\t\t\t\t\t<\/div>\n\t\t\t\t<\/div>\n\t\t\t\t\t<\/div>\n\t\t<\/div>\n\t\t\t\t\t<\/div>\n\t\t<\/section>\n\t\t\t\t<\/div>\n\t\t","protected":false},"excerpt":{"rendered":"<p>Por\u0119czenia wadium kliknij, aby pozna\u0107 szczeg\u00f3\u0142y Por\u0119czenia Nale\u017cytego Wykonania Umowy i R\u0119kojmi za Wady kliknij, aby pozna\u0107 szczeg\u00f3\u0142y Por\u0119czenia Sp\u00f3\u0142dzielnie Socjalne kliknij, aby pozna\u0107 szczeg\u00f3\u0142y Por\u0119czenia wadium kliknij, aby pozna\u0107 szczeg\u00f3\u0142y Por\u0119czenia Nale\u017cytego Wykonania Umowy i R\u0119kojmi za Wady kliknij, aby pozna\u0107 szczeg\u00f3\u0142y Por\u0119czenia Sp\u00f3\u0142dzielnie Socjalne kliknij, aby pozna\u0107 szczeg\u00f3\u0142y [&hellip;]<\/p>\n","protected":false},"author":1,"featured_media":0,"parent":0,"menu_order":0,"comment_status":"closed","ping_status":"closed","template":"elementor_header_footer","meta":{"footnotes":""},"class_list":["post-65","page","type-page","status-publish","hentry"],"yoast_head":"<!-- This site is optimized with the Yoast SEO plugin v27.3 - https:\/\/yoast.com\/product\/yoast-seo-wordpress\/ -->\n<title>Dzia\u0142dowska Agencja Rozwoju S.A.<\/title>\n<meta name=\"description\" content=\"Wspieranie ma\u0142ych i \u015brednich przedsi\u0119biorstw, edukacja i szkolenia.\" \/>\n<meta name=\"robots\" content=\"index, follow, max-snippet:-1, max-image-preview:large, max-video-preview:-1\" \/>\n<link rel=\"canonical\" href=\"https:\/\/darsa.pl\/www\/gwarancje\/\" \/>\n<meta property=\"og:locale\" content=\"pl_PL\" \/>\n<meta property=\"og:type\" content=\"article\" \/>\n<meta property=\"og:description\" content=\"Wspieranie ma\u0142ych i \u015brednich przedsi\u0119biorstw, edukacja i szkolenia.\" \/>\n<meta property=\"og:url\" content=\"https:\/\/darsa.pl\/www\/gwarancje\/\" \/>\n<meta property=\"og:site_name\" content=\"Dzia\u0142dowska Agencja Rozwoju S.A.\" \/>\n<meta property=\"article:modified_time\" content=\"2022-02-15T07:47:45+00:00\" \/>\n<meta property=\"og:image\" content=\"https:\/\/darsa.pl\/www\/wp-content\/uploads\/2020\/07\/og_img3.png\" \/>\n\t<meta property=\"og:image:width\" content=\"1200\" \/>\n\t<meta property=\"og:image:height\" content=\"630\" \/>\n\t<meta property=\"og:image:type\" content=\"image\/png\" \/>\n<meta name=\"twitter:card\" content=\"summary_large_image\" \/>\n<meta name=\"twitter:label1\" content=\"Szacowany czas czytania\" \/>\n\t<meta name=\"twitter:data1\" content=\"3 minuty\" \/>\n<script type=\"application\/ld+json\" class=\"yoast-schema-graph\">{\"@context\":\"https:\\\/\\\/schema.org\",\"@graph\":[{\"@type\":\"WebPage\",\"@id\":\"https:\\\/\\\/darsa.pl\\\/www\\\/gwarancje\\\/\",\"url\":\"https:\\\/\\\/darsa.pl\\\/www\\\/gwarancje\\\/\",\"name\":\"\",\"isPartOf\":{\"@id\":\"https:\\\/\\\/darsa.pl\\\/www\\\/#website\"},\"datePublished\":\"2020-06-28T20:30:40+00:00\",\"dateModified\":\"2022-02-15T07:47:45+00:00\",\"description\":\"Wspieranie ma\u0142ych i \u015brednich przedsi\u0119biorstw, edukacja i szkolenia.\",\"breadcrumb\":{\"@id\":\"https:\\\/\\\/darsa.pl\\\/www\\\/gwarancje\\\/#breadcrumb\"},\"inLanguage\":\"pl-PL\",\"potentialAction\":[{\"@type\":\"ReadAction\",\"target\":[\"https:\\\/\\\/darsa.pl\\\/www\\\/gwarancje\\\/\"]}]},{\"@type\":\"BreadcrumbList\",\"@id\":\"https:\\\/\\\/darsa.pl\\\/www\\\/gwarancje\\\/#breadcrumb\",\"itemListElement\":[{\"@type\":\"ListItem\",\"position\":1,\"name\":\"Strona g\u0142\u00f3wna\",\"item\":\"https:\\\/\\\/darsa.pl\\\/www\\\/\"},{\"@type\":\"ListItem\",\"position\":2,\"name\":\"GWARANCJE\"}]},{\"@type\":\"WebSite\",\"@id\":\"https:\\\/\\\/darsa.pl\\\/www\\\/#website\",\"url\":\"https:\\\/\\\/darsa.pl\\\/www\\\/\",\"name\":\"Dzia\u0142dowska Agencja Rozwoju S.A.\",\"description\":\"Wspieranie ma\u0142ych i \u015brednich przedsi\u0119biorstw, edukacja i szkolenia.\",\"publisher\":{\"@id\":\"https:\\\/\\\/darsa.pl\\\/www\\\/#organization\"},\"potentialAction\":[{\"@type\":\"SearchAction\",\"target\":{\"@type\":\"EntryPoint\",\"urlTemplate\":\"https:\\\/\\\/darsa.pl\\\/www\\\/?s={search_term_string}\"},\"query-input\":{\"@type\":\"PropertyValueSpecification\",\"valueRequired\":true,\"valueName\":\"search_term_string\"}}],\"inLanguage\":\"pl-PL\"},{\"@type\":\"Organization\",\"@id\":\"https:\\\/\\\/darsa.pl\\\/www\\\/#organization\",\"name\":\"Dzia\u0142dowska Agencja Rozwoju S.A.\",\"url\":\"https:\\\/\\\/darsa.pl\\\/www\\\/\",\"logo\":{\"@type\":\"ImageObject\",\"inLanguage\":\"pl-PL\",\"@id\":\"https:\\\/\\\/darsa.pl\\\/www\\\/#\\\/schema\\\/logo\\\/image\\\/\",\"url\":\"https:\\\/\\\/darsa.pl\\\/www\\\/wp-content\\\/uploads\\\/2020\\\/06\\\/logo_h200px.png\",\"contentUrl\":\"https:\\\/\\\/darsa.pl\\\/www\\\/wp-content\\\/uploads\\\/2020\\\/06\\\/logo_h200px.png\",\"width\":856,\"height\":200,\"caption\":\"Dzia\u0142dowska Agencja Rozwoju S.A.\"},\"image\":{\"@id\":\"https:\\\/\\\/darsa.pl\\\/www\\\/#\\\/schema\\\/logo\\\/image\\\/\"}}]}<\/script>\n<!-- \/ Yoast SEO plugin. -->","yoast_head_json":{"title":"Dzia\u0142dowska Agencja Rozwoju S.A.","description":"Wspieranie ma\u0142ych i \u015brednich przedsi\u0119biorstw, edukacja i szkolenia.","robots":{"index":"index","follow":"follow","max-snippet":"max-snippet:-1","max-image-preview":"max-image-preview:large","max-video-preview":"max-video-preview:-1"},"canonical":"https:\/\/darsa.pl\/www\/gwarancje\/","og_locale":"pl_PL","og_type":"article","og_description":"Wspieranie ma\u0142ych i \u015brednich przedsi\u0119biorstw, edukacja i szkolenia.","og_url":"https:\/\/darsa.pl\/www\/gwarancje\/","og_site_name":"Dzia\u0142dowska Agencja Rozwoju S.A.","article_modified_time":"2022-02-15T07:47:45+00:00","og_image":[{"width":1200,"height":630,"url":"https:\/\/darsa.pl\/www\/wp-content\/uploads\/2020\/07\/og_img3.png","type":"image\/png"}],"twitter_card":"summary_large_image","twitter_misc":{"Szacowany czas czytania":"3 minuty"},"schema":{"@context":"https:\/\/schema.org","@graph":[{"@type":"WebPage","@id":"https:\/\/darsa.pl\/www\/gwarancje\/","url":"https:\/\/darsa.pl\/www\/gwarancje\/","name":"","isPartOf":{"@id":"https:\/\/darsa.pl\/www\/#website"},"datePublished":"2020-06-28T20:30:40+00:00","dateModified":"2022-02-15T07:47:45+00:00","description":"Wspieranie ma\u0142ych i \u015brednich przedsi\u0119biorstw, edukacja i szkolenia.","breadcrumb":{"@id":"https:\/\/darsa.pl\/www\/gwarancje\/#breadcrumb"},"inLanguage":"pl-PL","potentialAction":[{"@type":"ReadAction","target":["https:\/\/darsa.pl\/www\/gwarancje\/"]}]},{"@type":"BreadcrumbList","@id":"https:\/\/darsa.pl\/www\/gwarancje\/#breadcrumb","itemListElement":[{"@type":"ListItem","position":1,"name":"Strona g\u0142\u00f3wna","item":"https:\/\/darsa.pl\/www\/"},{"@type":"ListItem","position":2,"name":"GWARANCJE"}]},{"@type":"WebSite","@id":"https:\/\/darsa.pl\/www\/#website","url":"https:\/\/darsa.pl\/www\/","name":"Dzia\u0142dowska Agencja Rozwoju S.A.","description":"Wspieranie ma\u0142ych i \u015brednich przedsi\u0119biorstw, edukacja i szkolenia.","publisher":{"@id":"https:\/\/darsa.pl\/www\/#organization"},"potentialAction":[{"@type":"SearchAction","target":{"@type":"EntryPoint","urlTemplate":"https:\/\/darsa.pl\/www\/?s={search_term_string}"},"query-input":{"@type":"PropertyValueSpecification","valueRequired":true,"valueName":"search_term_string"}}],"inLanguage":"pl-PL"},{"@type":"Organization","@id":"https:\/\/darsa.pl\/www\/#organization","name":"Dzia\u0142dowska Agencja Rozwoju S.A.","url":"https:\/\/darsa.pl\/www\/","logo":{"@type":"ImageObject","inLanguage":"pl-PL","@id":"https:\/\/darsa.pl\/www\/#\/schema\/logo\/image\/","url":"https:\/\/darsa.pl\/www\/wp-content\/uploads\/2020\/06\/logo_h200px.png","contentUrl":"https:\/\/darsa.pl\/www\/wp-content\/uploads\/2020\/06\/logo_h200px.png","width":856,"height":200,"caption":"Dzia\u0142dowska Agencja Rozwoju S.A."},"image":{"@id":"https:\/\/darsa.pl\/www\/#\/schema\/logo\/image\/"}}]}},"_links":{"self":[{"href":"https:\/\/darsa.pl\/www\/wp-json\/wp\/v2\/pages\/65","targetHints":{"allow":["GET"]}}],"collection":[{"href":"https:\/\/darsa.pl\/www\/wp-json\/wp\/v2\/pages"}],"about":[{"href":"https:\/\/darsa.pl\/www\/wp-json\/wp\/v2\/types\/page"}],"author":[{"embeddable":true,"href":"https:\/\/darsa.pl\/www\/wp-json\/wp\/v2\/users\/1"}],"replies":[{"embeddable":true,"href":"https:\/\/darsa.pl\/www\/wp-json\/wp\/v2\/comments?post=65"}],"version-history":[{"count":21,"href":"https:\/\/darsa.pl\/www\/wp-json\/wp\/v2\/pages\/65\/revisions"}],"predecessor-version":[{"id":4100,"href":"https:\/\/darsa.pl\/www\/wp-json\/wp\/v2\/pages\/65\/revisions\/4100"}],"wp:attachment":[{"href":"https:\/\/darsa.pl\/www\/wp-json\/wp\/v2\/media?parent=65"}],"curies":[{"name":"wp","href":"https:\/\/api.w.org\/{rel}","templated":true}]}}