{"id":59,"date":"2020-06-28T22:29:39","date_gmt":"2020-06-28T20:29:39","guid":{"rendered":"https:\/\/darsa.pl\/www\/?page_id=59"},"modified":"2025-05-07T20:09:55","modified_gmt":"2025-05-07T18:09:55","slug":"poreczenia","status":"publish","type":"page","link":"https:\/\/darsa.pl\/www\/poreczenia\/","title":{"rendered":"POR\u0118CZENIA"},"content":{"rendered":"\t\t<div data-elementor-type=\"wp-page\" data-elementor-id=\"59\" class=\"elementor elementor-59\">\n\t\t\t\t\t\t<section class=\"elementor-section elementor-top-section elementor-element elementor-element-7be1f6cb elementor-hidden-phone elementor-section-boxed elementor-section-height-default elementor-section-height-default\" data-id=\"7be1f6cb\" data-element_type=\"section\" data-e-type=\"section\" data-settings=\"{&quot;background_background&quot;:&quot;gradient&quot;}\">\n\t\t\t\t\t\t<div class=\"elementor-container elementor-column-gap-default\">\n\t\t\t\t\t<div class=\"elementor-column elementor-col-100 elementor-top-column elementor-element elementor-element-28deef00\" data-id=\"28deef00\" data-element_type=\"column\" data-e-type=\"column\">\n\t\t\t<div class=\"elementor-widget-wrap elementor-element-populated\">\n\t\t\t\t\t\t<div class=\"elementor-element elementor-element-4819e66c elementor-widget elementor-widget-eael-image-accordion\" data-id=\"4819e66c\" data-element_type=\"widget\" data-e-type=\"widget\" data-widget_type=\"eael-image-accordion.default\">\n\t\t\t\t<div class=\"elementor-widget-container\">\n\t\t\t\t\t    <div class=\"eael-img-accordion accordion-direction-horizontal eael-img-accordion-horizontal-align-center eael-img-accordion-vertical-align-center\" id=\"eael-img-accordion-4819e66c\" data-img-accordion-id=\"4819e66c\" data-img-accordion-type=\"on-hover\">\n                    \n            <div class=\"eael-image-accordion-hover eael-image-accordion-item\" style=\"background-image: url(https:\/\/darsa.pl\/www\/wp-content\/uploads\/2020\/10\/lg_poreczenia_spo_wkp.png);\"  tabindex=\"0\">\n                <div class=\"overlay\">\n                                        <div class=\"overlay-inner \">\n                        <a href=\"https:\/\/darsa.pl\/www\/poreczenia\/poreczenia-spo-wkp\/\"><h2 class=\"img-accordion-title\">Por\u0119czenia w ramach Sektorowego Programu Operacyjnego Wzrost Konkurencyjno\u015bci Przedsi\u0119biorstw<\/h2><\/a>                            <p><p style=\"text-align: center\"><strong>kliknij, aby pozna\u0107 szczeg\u00f3\u0142y<\/strong><\/p><\/p>\n                                            <\/div>\n                <\/div>\n            <\/div>\n                    \n            <div class=\"eael-image-accordion-hover eael-image-accordion-item\" style=\"background-image: url(https:\/\/darsa.pl\/www\/wp-content\/uploads\/2020\/10\/lg_poreczenia_rpo_wim.png);\"  tabindex=\"0\">\n                <div class=\"overlay\">\n                                        <div class=\"overlay-inner \">\n                        <a href=\"https:\/\/darsa.pl\/www\/poreczenia\/poreczenia-rpo-wim\/\"><h2 class=\"img-accordion-title\">Por\u0119czenia w ramach Regionalnego Programu Operacyjnego Warmia i Mazury<\/h2><\/a>                            <p><p style=\"text-align: center\"><strong>kliknij, aby pozna\u0107 szczeg\u00f3\u0142y<\/strong><\/p><\/p>\n                                            <\/div>\n                <\/div>\n            <\/div>\n                <\/div>\n        <style typr=\"text\/css\">\n                    #eael-img-accordion-4819e66c .eael-image-accordion-hover:hover {\n                        flex: 3 1 0% !important;\n                    }\n                    #eael-img-accordion-4819e66c .eael-image-accordion-hover:hover:hover .overlay-inner * {\n                        opacity: 1;\n                        visibility: visible;\n                        transform: none;\n                        transition: all .3s .3s;\n                    }\n                <\/style>\t\t\t\t<\/div>\n\t\t\t\t<\/div>\n\t\t\t\t\t<\/div>\n\t\t<\/div>\n\t\t\t\t\t<\/div>\n\t\t<\/section>\n\t\t\t\t<section class=\"elementor-section elementor-top-section elementor-element elementor-element-01fc555 elementor-hidden-desktop elementor-hidden-tablet elementor-section-boxed elementor-section-height-default elementor-section-height-default\" data-id=\"01fc555\" data-element_type=\"section\" data-e-type=\"section\" data-settings=\"{&quot;background_background&quot;:&quot;gradient&quot;}\">\n\t\t\t\t\t\t<div class=\"elementor-container elementor-column-gap-default\">\n\t\t\t\t\t<div class=\"elementor-column elementor-col-100 elementor-top-column elementor-element elementor-element-42788b3\" data-id=\"42788b3\" data-element_type=\"column\" data-e-type=\"column\">\n\t\t\t<div class=\"elementor-widget-wrap elementor-element-populated\">\n\t\t\t\t\t\t<div class=\"elementor-element elementor-element-868bcb8 elementor-widget elementor-widget-eael-image-accordion\" data-id=\"868bcb8\" data-element_type=\"widget\" data-e-type=\"widget\" data-widget_type=\"eael-image-accordion.default\">\n\t\t\t\t<div class=\"elementor-widget-container\">\n\t\t\t\t\t    <div class=\"eael-img-accordion accordion-direction-horizontal eael-img-accordion-horizontal-align-center eael-img-accordion-vertical-align-center\" id=\"eael-img-accordion-868bcb8\" data-img-accordion-id=\"868bcb8\" data-img-accordion-type=\"on-hover\">\n                    \n            <div class=\"eael-image-accordion-hover eael-image-accordion-item\" style=\"background-image: url(https:\/\/darsa.pl\/www\/wp-content\/uploads\/2020\/10\/lg_poreczenia_spo_wkp.png);\"  tabindex=\"0\">\n                <div class=\"overlay\">\n                                        <div class=\"overlay-inner \">\n                        <a href=\"https:\/\/darsa.pl\/www\/poreczenia\/poreczenia-spo-wkp\/\"><h2 class=\"img-accordion-title\">Por\u0119czenia w ramach Sektorowego Programu Operacyjnego Wzrost Konkurencyjno\u015bci Przedsi\u0119biorstw<\/h2><\/a>                            <p><p style=\"text-align: center\"><strong>kliknij, aby pozna\u0107 szczeg\u00f3\u0142y<\/strong><\/p><\/p>\n                                            <\/div>\n                <\/div>\n            <\/div>\n                    \n            <div class=\"eael-image-accordion-hover eael-image-accordion-item\" style=\"background-image: url(https:\/\/darsa.pl\/www\/wp-content\/uploads\/2020\/10\/lg_poreczenia_rpo_wim.png);\"  tabindex=\"0\">\n                <div class=\"overlay\">\n                                        <div class=\"overlay-inner \">\n                        <a href=\"https:\/\/darsa.pl\/www\/poreczenia\/poreczenia-rpo-wim\/\"><h2 class=\"img-accordion-title\">Por\u0119czenia w ramach Regionalnego Programu Operacyjnego Warmia i Mazury<\/h2><\/a>                            <p><p style=\"text-align: center\"><strong>kliknij, aby pozna\u0107 szczeg\u00f3\u0142y<\/strong><\/p><\/p>\n                                            <\/div>\n                <\/div>\n            <\/div>\n                <\/div>\n        <style typr=\"text\/css\">\n                    #eael-img-accordion-868bcb8 .eael-image-accordion-hover:hover {\n                        flex: 3 1 0% !important;\n                    }\n                    #eael-img-accordion-868bcb8 .eael-image-accordion-hover:hover:hover .overlay-inner * {\n                        opacity: 1;\n                        visibility: visible;\n                        transform: none;\n                        transition: all .3s .3s;\n                    }\n                <\/style>\t\t\t\t<\/div>\n\t\t\t\t<\/div>\n\t\t\t\t\t<\/div>\n\t\t<\/div>\n\t\t\t\t\t<\/div>\n\t\t<\/section>\n\t\t\t\t<section class=\"elementor-section elementor-top-section elementor-element elementor-element-8b53444 elementor-section-boxed elementor-section-height-default elementor-section-height-default\" data-id=\"8b53444\" data-element_type=\"section\" data-e-type=\"section\">\n\t\t\t\t\t\t<div class=\"elementor-container elementor-column-gap-default\">\n\t\t\t\t\t<div class=\"elementor-column elementor-col-100 elementor-top-column elementor-element elementor-element-e33cbfd\" data-id=\"e33cbfd\" data-element_type=\"column\" data-e-type=\"column\">\n\t\t\t<div class=\"elementor-widget-wrap elementor-element-populated\">\n\t\t\t\t\t\t<div class=\"elementor-element elementor-element-44a6076 elementor-widget elementor-widget-text-editor\" data-id=\"44a6076\" data-element_type=\"widget\" data-e-type=\"widget\" data-widget_type=\"text-editor.default\">\n\t\t\t\t<div class=\"elementor-widget-container\">\n\t\t\t\t\t\t\t\t\t<p style=\"text-align: center;\"><strong>LOKALNY FUNDUSZ POR\u0118CZE\u0143 KREDYTOWYCH<br \/><\/strong><\/p><p style=\"text-align: center;\">czynny od poniedzia\u0142ku do pi\u0105tku w godzinach 7.30-15.30<br \/>ul. Jagie\u0142\u0142y 15, 13-200 Dzia\u0142dowo, pok\u00f3j nr 18<\/p><p style=\"text-align: center;\"><strong>tel. 23\/697-06-75<br \/>fax. 23\/697-06-67<\/strong><\/p><p>Od pocz\u0105tku dzia\u0142ania funduszu por\u0119czenia udzielane jako zabezpieczenie do kredyt\u00f3w i po\u017cyczek, finansowane s\u0105 zar\u00f3wno ze \u015brodk\u00f3w w\u0142asnych Agencji jak i ze \u015brodk\u00f3w uzyskanych w ramach funduszy unijnych. Por\u0119czenia udzielane s\u0105 do bank\u00f3w i Funduszy Po\u017cyczkowych, kt\u00f3re podpisa\u0142y z DAR S.A. umowy o wsp\u00f3\u0142pracy dotycz\u0105ce udzielania por\u0119cze\u0144 do zobowi\u0105za\u0144 zaci\u0105ganych w ni\u017cej wyminenionych Instytucjach Finansuj\u0105cych.<\/p><p><strong><em>Instytucje wsp\u00f3\u0142pracuj\u0105ce:<\/em><\/strong><\/p><ul><li>PKO BP S.A.<\/li><li>Bank Sp\u00f3\u0142dzielczy w Brodnicy<\/li><li>Warmi\u0144sko &#8211; Mazurska Agencja Rozwoju Regionalnego S.A. Olsztyn<\/li><li>Stowarzyszenie Centrum Rozwoju Ekonomicznego Pas\u0142\u0119ka w Pas\u0142\u0119ku<\/li><li>Mazowiecki Regionalny Fundusz Po\u017cyczkowy Sp. z o.o.<\/li><li>Bank Sp\u00f3\u0142dzielczy w Dzia\u0142dowie<\/li><li>Bank Pekao S.A. Dzia\u0142dowo<\/li><li>Bank Sp\u00f3\u0142dzielczy w Ciechanowie<\/li><li>Fundacja Rozwoju Regionu \u0141ukta z siedziba w \u0141ukcie<\/li><li>Bank Zachodni WBK S.A. oddzia\u0142y w Olsztynie<\/li><li>Nidzicka Fundacja Rozwoju &#8222;NIDA&#8221;<\/li><\/ul><p><\/p><p>Wszystkie udzielane przez DAR S.A. por\u0119czenia przeznaczone s\u0105 dla<span>\u00a0<\/span><strong>ma\u0142ych i \u015brednich przedsi\u0119biorstw<\/strong>, kt\u00f3re nie posiadaj\u0105 odpowiedniego zabezpieczenia do zaci\u0105ganych zobowi\u0105za\u0144 w formie kredytu lub po\u017cyczki w celu finansowania przedsi\u0119wzi\u0119\u0107 gospodarczych zwi\u0105zanych z bie\u017c\u0105c\u0105 i inwestycyjn\u0105 dzia\u0142alno\u015bci\u0105 gospodarcz\u0105.<\/p><p>Je\u015bli jeste\u015bcie Pa\u0144stwo zainteresowani uzyskaniem zabezpieczenia w postaci naszego por\u0119czenia, zapraszamy do skorzystania z informacji zamieszczonych w zak\u0142adkach poszczeg\u00f3lnych projekt\u00f3w realizowanych przez Lokalny Fundusz Por\u0119cze\u0144 Kredytowych.<\/p>\t\t\t\t\t\t\t\t<\/div>\n\t\t\t\t<\/div>\n\t\t\t\t\t<\/div>\n\t\t<\/div>\n\t\t\t\t\t<\/div>\n\t\t<\/section>\n\t\t\t\t<section class=\"elementor-section elementor-top-section elementor-element elementor-element-1d75a726 elementor-section-boxed elementor-section-height-default elementor-section-height-default\" data-id=\"1d75a726\" data-element_type=\"section\" data-e-type=\"section\">\n\t\t\t\t\t\t<div class=\"elementor-container elementor-column-gap-default\">\n\t\t\t\t\t<div class=\"elementor-column elementor-col-50 elementor-top-column elementor-element elementor-element-4cc2d3da\" data-id=\"4cc2d3da\" data-element_type=\"column\" data-e-type=\"column\">\n\t\t\t<div class=\"elementor-widget-wrap elementor-element-populated\">\n\t\t\t\t\t\t<div class=\"elementor-element elementor-element-2ad34d81 elementor-widget elementor-widget-counter\" data-id=\"2ad34d81\" data-element_type=\"widget\" data-e-type=\"widget\" data-widget_type=\"counter.default\">\n\t\t\t\t<div class=\"elementor-widget-container\">\n\t\t\t\t\t\t\t<div class=\"elementor-counter\">\n\t\t\t<div class=\"elementor-counter-title\">Kwota udzielonych por\u0119cze\u0144 (w PLN)<\/div>\t\t\t<div class=\"elementor-counter-number-wrapper\">\n\t\t\t\t<span class=\"elementor-counter-number-prefix\"><\/span>\n\t\t\t\t<span class=\"elementor-counter-number\" data-duration=\"5000\" data-to-value=\"153155344\" data-from-value=\"0\" data-delimiter=\" \">0<\/span>\n\t\t\t\t<span class=\"elementor-counter-number-suffix\"><\/span>\n\t\t\t<\/div>\n\t\t<\/div>\n\t\t\t\t\t\t<\/div>\n\t\t\t\t<\/div>\n\t\t\t\t\t<\/div>\n\t\t<\/div>\n\t\t\t\t<div class=\"elementor-column elementor-col-50 elementor-top-column elementor-element elementor-element-75b80d23\" data-id=\"75b80d23\" data-element_type=\"column\" data-e-type=\"column\">\n\t\t\t<div class=\"elementor-widget-wrap elementor-element-populated\">\n\t\t\t\t\t\t<div class=\"elementor-element elementor-element-4aa84983 elementor-widget elementor-widget-counter\" data-id=\"4aa84983\" data-element_type=\"widget\" data-e-type=\"widget\" data-widget_type=\"counter.default\">\n\t\t\t\t<div class=\"elementor-widget-container\">\n\t\t\t\t\t\t\t<div class=\"elementor-counter\">\n\t\t\t<div class=\"elementor-counter-title\">Liczba udzielonych por\u0119cze\u0144<\/div>\t\t\t<div class=\"elementor-counter-number-wrapper\">\n\t\t\t\t<span class=\"elementor-counter-number-prefix\"><\/span>\n\t\t\t\t<span class=\"elementor-counter-number\" data-duration=\"3000\" data-to-value=\"3121\" data-from-value=\"0\" data-delimiter=\" \">0<\/span>\n\t\t\t\t<span class=\"elementor-counter-number-suffix\"><\/span>\n\t\t\t<\/div>\n\t\t<\/div>\n\t\t\t\t\t\t<\/div>\n\t\t\t\t<\/div>\n\t\t\t\t\t<\/div>\n\t\t<\/div>\n\t\t\t\t\t<\/div>\n\t\t<\/section>\n\t\t\t\t<\/div>\n\t\t","protected":false},"excerpt":{"rendered":"<p>Por\u0119czenia w ramach Sektorowego Programu Operacyjnego Wzrost Konkurencyjno\u015bci Przedsi\u0119biorstw kliknij, aby pozna\u0107 szczeg\u00f3\u0142y Por\u0119czenia w ramach Regionalnego Programu Operacyjnego Warmia i Mazury kliknij, aby pozna\u0107 szczeg\u00f3\u0142y Por\u0119czenia w ramach Sektorowego Programu Operacyjnego Wzrost Konkurencyjno\u015bci Przedsi\u0119biorstw kliknij, aby pozna\u0107 szczeg\u00f3\u0142y Por\u0119czenia w ramach Regionalnego Programu Operacyjnego Warmia i Mazury kliknij, aby [&hellip;]<\/p>\n","protected":false},"author":1,"featured_media":0,"parent":0,"menu_order":0,"comment_status":"closed","ping_status":"closed","template":"elementor_header_footer","meta":{"footnotes":""},"class_list":["post-59","page","type-page","status-publish","hentry"],"yoast_head":"<!-- This site is optimized with the Yoast SEO plugin v27.3 - https:\/\/yoast.com\/product\/yoast-seo-wordpress\/ -->\n<title>Dzia\u0142dowska Agencja Rozwoju S.A.<\/title>\n<meta name=\"description\" content=\"Wspieranie ma\u0142ych i \u015brednich przedsi\u0119biorstw, edukacja i szkolenia.\" \/>\n<meta name=\"robots\" content=\"index, follow, max-snippet:-1, max-image-preview:large, max-video-preview:-1\" \/>\n<link rel=\"canonical\" href=\"https:\/\/darsa.pl\/www\/poreczenia\/\" \/>\n<meta property=\"og:locale\" content=\"pl_PL\" \/>\n<meta property=\"og:type\" content=\"article\" \/>\n<meta property=\"og:description\" content=\"Wspieranie ma\u0142ych i \u015brednich przedsi\u0119biorstw, edukacja i szkolenia.\" \/>\n<meta property=\"og:url\" content=\"https:\/\/darsa.pl\/www\/poreczenia\/\" \/>\n<meta property=\"og:site_name\" content=\"Dzia\u0142dowska Agencja Rozwoju S.A.\" \/>\n<meta property=\"article:modified_time\" content=\"2025-05-07T18:09:55+00:00\" \/>\n<meta property=\"og:image\" content=\"https:\/\/darsa.pl\/www\/wp-content\/uploads\/2020\/07\/og_img3.png\" \/>\n\t<meta property=\"og:image:width\" content=\"1200\" \/>\n\t<meta property=\"og:image:height\" content=\"630\" \/>\n\t<meta property=\"og:image:type\" content=\"image\/png\" \/>\n<meta name=\"twitter:card\" content=\"summary_large_image\" \/>\n<meta name=\"twitter:label1\" content=\"Szacowany czas czytania\" \/>\n\t<meta name=\"twitter:data1\" content=\"2 minuty\" \/>\n<script type=\"application\/ld+json\" class=\"yoast-schema-graph\">{\"@context\":\"https:\\\/\\\/schema.org\",\"@graph\":[{\"@type\":\"WebPage\",\"@id\":\"https:\\\/\\\/darsa.pl\\\/www\\\/poreczenia\\\/\",\"url\":\"https:\\\/\\\/darsa.pl\\\/www\\\/poreczenia\\\/\",\"name\":\"\",\"isPartOf\":{\"@id\":\"https:\\\/\\\/darsa.pl\\\/www\\\/#website\"},\"datePublished\":\"2020-06-28T20:29:39+00:00\",\"dateModified\":\"2025-05-07T18:09:55+00:00\",\"description\":\"Wspieranie ma\u0142ych i \u015brednich przedsi\u0119biorstw, edukacja i szkolenia.\",\"breadcrumb\":{\"@id\":\"https:\\\/\\\/darsa.pl\\\/www\\\/poreczenia\\\/#breadcrumb\"},\"inLanguage\":\"pl-PL\",\"potentialAction\":[{\"@type\":\"ReadAction\",\"target\":[\"https:\\\/\\\/darsa.pl\\\/www\\\/poreczenia\\\/\"]}]},{\"@type\":\"BreadcrumbList\",\"@id\":\"https:\\\/\\\/darsa.pl\\\/www\\\/poreczenia\\\/#breadcrumb\",\"itemListElement\":[{\"@type\":\"ListItem\",\"position\":1,\"name\":\"Strona g\u0142\u00f3wna\",\"item\":\"https:\\\/\\\/darsa.pl\\\/www\\\/\"},{\"@type\":\"ListItem\",\"position\":2,\"name\":\"POR\u0118CZENIA\"}]},{\"@type\":\"WebSite\",\"@id\":\"https:\\\/\\\/darsa.pl\\\/www\\\/#website\",\"url\":\"https:\\\/\\\/darsa.pl\\\/www\\\/\",\"name\":\"Dzia\u0142dowska Agencja Rozwoju S.A.\",\"description\":\"Wspieranie ma\u0142ych i \u015brednich przedsi\u0119biorstw, edukacja i szkolenia.\",\"publisher\":{\"@id\":\"https:\\\/\\\/darsa.pl\\\/www\\\/#organization\"},\"potentialAction\":[{\"@type\":\"SearchAction\",\"target\":{\"@type\":\"EntryPoint\",\"urlTemplate\":\"https:\\\/\\\/darsa.pl\\\/www\\\/?s={search_term_string}\"},\"query-input\":{\"@type\":\"PropertyValueSpecification\",\"valueRequired\":true,\"valueName\":\"search_term_string\"}}],\"inLanguage\":\"pl-PL\"},{\"@type\":\"Organization\",\"@id\":\"https:\\\/\\\/darsa.pl\\\/www\\\/#organization\",\"name\":\"Dzia\u0142dowska Agencja Rozwoju S.A.\",\"url\":\"https:\\\/\\\/darsa.pl\\\/www\\\/\",\"logo\":{\"@type\":\"ImageObject\",\"inLanguage\":\"pl-PL\",\"@id\":\"https:\\\/\\\/darsa.pl\\\/www\\\/#\\\/schema\\\/logo\\\/image\\\/\",\"url\":\"https:\\\/\\\/darsa.pl\\\/www\\\/wp-content\\\/uploads\\\/2020\\\/06\\\/logo_h200px.png\",\"contentUrl\":\"https:\\\/\\\/darsa.pl\\\/www\\\/wp-content\\\/uploads\\\/2020\\\/06\\\/logo_h200px.png\",\"width\":856,\"height\":200,\"caption\":\"Dzia\u0142dowska Agencja Rozwoju S.A.\"},\"image\":{\"@id\":\"https:\\\/\\\/darsa.pl\\\/www\\\/#\\\/schema\\\/logo\\\/image\\\/\"}}]}<\/script>\n<!-- \/ Yoast SEO plugin. -->","yoast_head_json":{"title":"Dzia\u0142dowska Agencja Rozwoju S.A.","description":"Wspieranie ma\u0142ych i \u015brednich przedsi\u0119biorstw, edukacja i szkolenia.","robots":{"index":"index","follow":"follow","max-snippet":"max-snippet:-1","max-image-preview":"max-image-preview:large","max-video-preview":"max-video-preview:-1"},"canonical":"https:\/\/darsa.pl\/www\/poreczenia\/","og_locale":"pl_PL","og_type":"article","og_description":"Wspieranie ma\u0142ych i \u015brednich przedsi\u0119biorstw, edukacja i szkolenia.","og_url":"https:\/\/darsa.pl\/www\/poreczenia\/","og_site_name":"Dzia\u0142dowska Agencja Rozwoju S.A.","article_modified_time":"2025-05-07T18:09:55+00:00","og_image":[{"width":1200,"height":630,"url":"https:\/\/darsa.pl\/www\/wp-content\/uploads\/2020\/07\/og_img3.png","type":"image\/png"}],"twitter_card":"summary_large_image","twitter_misc":{"Szacowany czas czytania":"2 minuty"},"schema":{"@context":"https:\/\/schema.org","@graph":[{"@type":"WebPage","@id":"https:\/\/darsa.pl\/www\/poreczenia\/","url":"https:\/\/darsa.pl\/www\/poreczenia\/","name":"","isPartOf":{"@id":"https:\/\/darsa.pl\/www\/#website"},"datePublished":"2020-06-28T20:29:39+00:00","dateModified":"2025-05-07T18:09:55+00:00","description":"Wspieranie ma\u0142ych i \u015brednich przedsi\u0119biorstw, edukacja i szkolenia.","breadcrumb":{"@id":"https:\/\/darsa.pl\/www\/poreczenia\/#breadcrumb"},"inLanguage":"pl-PL","potentialAction":[{"@type":"ReadAction","target":["https:\/\/darsa.pl\/www\/poreczenia\/"]}]},{"@type":"BreadcrumbList","@id":"https:\/\/darsa.pl\/www\/poreczenia\/#breadcrumb","itemListElement":[{"@type":"ListItem","position":1,"name":"Strona g\u0142\u00f3wna","item":"https:\/\/darsa.pl\/www\/"},{"@type":"ListItem","position":2,"name":"POR\u0118CZENIA"}]},{"@type":"WebSite","@id":"https:\/\/darsa.pl\/www\/#website","url":"https:\/\/darsa.pl\/www\/","name":"Dzia\u0142dowska Agencja Rozwoju S.A.","description":"Wspieranie ma\u0142ych i \u015brednich przedsi\u0119biorstw, edukacja i szkolenia.","publisher":{"@id":"https:\/\/darsa.pl\/www\/#organization"},"potentialAction":[{"@type":"SearchAction","target":{"@type":"EntryPoint","urlTemplate":"https:\/\/darsa.pl\/www\/?s={search_term_string}"},"query-input":{"@type":"PropertyValueSpecification","valueRequired":true,"valueName":"search_term_string"}}],"inLanguage":"pl-PL"},{"@type":"Organization","@id":"https:\/\/darsa.pl\/www\/#organization","name":"Dzia\u0142dowska Agencja Rozwoju S.A.","url":"https:\/\/darsa.pl\/www\/","logo":{"@type":"ImageObject","inLanguage":"pl-PL","@id":"https:\/\/darsa.pl\/www\/#\/schema\/logo\/image\/","url":"https:\/\/darsa.pl\/www\/wp-content\/uploads\/2020\/06\/logo_h200px.png","contentUrl":"https:\/\/darsa.pl\/www\/wp-content\/uploads\/2020\/06\/logo_h200px.png","width":856,"height":200,"caption":"Dzia\u0142dowska Agencja Rozwoju S.A."},"image":{"@id":"https:\/\/darsa.pl\/www\/#\/schema\/logo\/image\/"}}]}},"_links":{"self":[{"href":"https:\/\/darsa.pl\/www\/wp-json\/wp\/v2\/pages\/59","targetHints":{"allow":["GET"]}}],"collection":[{"href":"https:\/\/darsa.pl\/www\/wp-json\/wp\/v2\/pages"}],"about":[{"href":"https:\/\/darsa.pl\/www\/wp-json\/wp\/v2\/types\/page"}],"author":[{"embeddable":true,"href":"https:\/\/darsa.pl\/www\/wp-json\/wp\/v2\/users\/1"}],"replies":[{"embeddable":true,"href":"https:\/\/darsa.pl\/www\/wp-json\/wp\/v2\/comments?post=59"}],"version-history":[{"count":25,"href":"https:\/\/darsa.pl\/www\/wp-json\/wp\/v2\/pages\/59\/revisions"}],"predecessor-version":[{"id":7118,"href":"https:\/\/darsa.pl\/www\/wp-json\/wp\/v2\/pages\/59\/revisions\/7118"}],"wp:attachment":[{"href":"https:\/\/darsa.pl\/www\/wp-json\/wp\/v2\/media?parent=59"}],"curies":[{"name":"wp","href":"https:\/\/api.w.org\/{rel}","templated":true}]}}