{"id":4605,"date":"2022-07-04T20:10:50","date_gmt":"2022-07-04T18:10:50","guid":{"rendered":"https:\/\/darsa.pl\/www\/?page_id=4605"},"modified":"2022-07-09T07:21:36","modified_gmt":"2022-07-09T05:21:36","slug":"podpis-kwalifikowany","status":"publish","type":"page","link":"https:\/\/darsa.pl\/www\/podpis-kwalifikowany\/","title":{"rendered":"PODPIS KWALIFIKOWANY"},"content":{"rendered":"\t\t<div data-elementor-type=\"wp-page\" data-elementor-id=\"4605\" class=\"elementor elementor-4605\">\n\t\t\t\t\t\t<section class=\"elementor-section elementor-top-section elementor-element elementor-element-a6f2f21 elementor-section-boxed elementor-section-height-default elementor-section-height-default\" data-id=\"a6f2f21\" data-element_type=\"section\" data-e-type=\"section\">\n\t\t\t\t\t\t<div class=\"elementor-container elementor-column-gap-default\">\n\t\t\t\t\t<div class=\"elementor-column elementor-col-100 elementor-top-column elementor-element elementor-element-5db1566\" data-id=\"5db1566\" data-element_type=\"column\" data-e-type=\"column\">\n\t\t\t<div class=\"elementor-widget-wrap elementor-element-populated\">\n\t\t\t\t\t\t<div class=\"elementor-element elementor-element-a8f84bb elementor-widget elementor-widget-text-editor\" data-id=\"a8f84bb\" data-element_type=\"widget\" data-e-type=\"widget\" data-widget_type=\"text-editor.default\">\n\t\t\t\t<div class=\"elementor-widget-container\">\n\t\t\t\t\t\t\t\t\t<p>Potrzebujesz podpisu kwalifikowanego?<\/p><p>Mamy dobr\u0105 wiadomo\u015b\u0107! Zakupisz go ju\u017c w Dzia\u0142dowie.<\/p><p>Dzia\u0142dowska Agencja Rozwoju S.A. sta\u0142a si\u0119 <strong>Autoryzowanym Partnerem CenCert<\/strong> zorganizowanym przez firm\u0119 Enigma Systemy Ochrony Informacji Sp. z o.o., kt\u00f3ra od 25 laty \u015bwiadczy us\u0142ugi w obszarze ochrony informacji oraz jest liderem na polskim rynku w zakresie sprzeda\u017cy us\u0142ug i produkt\u00f3w \u00a0zaufania.<\/p><p>Zastosowanie podpisu kwalifikowanego wsz\u0119dzie tam, gdzie istotna jest wiarygodno\u015b\u0107 i autentyczno\u015b\u0107 informacji m. in.:<\/p><ul><li>zawieranie um\u00f3w na odleg\u0142o\u015b\u0107<\/li><li>w przetargach<\/li><li>sk\u0142adanie sprawozda\u0144 do KRS<\/li><li>aukcje elektroniczne<\/li><li>przekazywanie on-line JPK do urz\u0119du skarbowego<\/li><li>przesy\u0142anie deklaracji podatkowych<\/li><li>kontakty z ZUS<\/li><li>w us\u0142ugach medycznych<\/li><li>w budownictwie<\/li><li>w dzia\u0142alno\u015bci aptek<\/li><\/ul>\t\t\t\t\t\t\t\t<\/div>\n\t\t\t\t<\/div>\n\t\t\t\t\t<\/div>\n\t\t<\/div>\n\t\t\t\t\t<\/div>\n\t\t<\/section>\n\t\t\t\t<section class=\"elementor-section elementor-top-section elementor-element elementor-element-bbb23d0 elementor-section-boxed elementor-section-height-default elementor-section-height-default\" data-id=\"bbb23d0\" data-element_type=\"section\" data-e-type=\"section\">\n\t\t\t\t\t\t<div class=\"elementor-container elementor-column-gap-default\">\n\t\t\t\t\t<div class=\"elementor-column elementor-col-100 elementor-top-column elementor-element elementor-element-01bdda4\" data-id=\"01bdda4\" data-element_type=\"column\" data-e-type=\"column\">\n\t\t\t<div class=\"elementor-widget-wrap elementor-element-populated\">\n\t\t\t\t\t\t<div class=\"elementor-element elementor-element-1467001 elementor-widget elementor-widget-heading\" data-id=\"1467001\" data-element_type=\"widget\" data-e-type=\"widget\" data-widget_type=\"heading.default\">\n\t\t\t\t<div class=\"elementor-widget-container\">\n\t\t\t\t\t<h2 class=\"elementor-heading-title elementor-size-default\">Produkty<\/h2>\t\t\t\t<\/div>\n\t\t\t\t<\/div>\n\t\t\t\t\t<\/div>\n\t\t<\/div>\n\t\t\t\t\t<\/div>\n\t\t<\/section>\n\t\t\t\t<section class=\"elementor-section elementor-top-section elementor-element elementor-element-ad39a51 elementor-section-boxed elementor-section-height-default elementor-section-height-default\" data-id=\"ad39a51\" data-element_type=\"section\" data-e-type=\"section\">\n\t\t\t\t\t\t<div class=\"elementor-container elementor-column-gap-default\">\n\t\t\t\t\t<div class=\"elementor-column elementor-col-50 elementor-top-column elementor-element elementor-element-618d2fb\" data-id=\"618d2fb\" data-element_type=\"column\" data-e-type=\"column\">\n\t\t\t<div class=\"elementor-widget-wrap elementor-element-populated\">\n\t\t\t\t\t\t<div class=\"elementor-element elementor-element-781224c elementor-widget elementor-widget-text-editor\" data-id=\"781224c\" data-element_type=\"widget\" data-e-type=\"widget\" data-widget_type=\"text-editor.default\">\n\t\t\t\t<div class=\"elementor-widget-container\">\n\t\t\t\t\t\t\t\t\t<ul><li><a href=\"https:\/\/www.cencert.pl\/product-category\/podpis-kwalifikowany\/\" target=\"_blank\" rel=\"noopener\">PODPIS KWALIFIKOWANY E-PODPIS<\/a><\/li><li><a href=\"https:\/\/www.cencert.pl\/product-category\/odnowienie-podpisu\/\" target=\"_blank\" rel=\"noopener\">ODNOWIENIE PODPISU<\/a><\/li><li><a href=\"https:\/\/www.cencert.pl\/product-category\/podpis-kwalifikowany-rsign\/\" target=\"_blank\" rel=\"noopener\">PODPIS KWALIFIKOWANY W TRYBIE ZDALNYM rSign \u201ew chmurze\u201d<\/a><\/li><li><a href=\"https:\/\/www.cencert.pl\/product-category\/pieczec-elektroniczna\/\" target=\"_blank\" rel=\"noopener\">PIECZE\u0106 KWALIFIKOWANA E \u2013 PIECZ\u0118\u0106<\/a><\/li><\/ul>\t\t\t\t\t\t\t\t<\/div>\n\t\t\t\t<\/div>\n\t\t\t\t\t<\/div>\n\t\t<\/div>\n\t\t\t\t<div class=\"elementor-column elementor-col-50 elementor-top-column elementor-element elementor-element-9288e1c\" data-id=\"9288e1c\" data-element_type=\"column\" data-e-type=\"column\">\n\t\t\t<div class=\"elementor-widget-wrap elementor-element-populated\">\n\t\t\t\t\t\t<div class=\"elementor-element elementor-element-8d0f225 elementor-widget elementor-widget-image\" data-id=\"8d0f225\" data-element_type=\"widget\" data-e-type=\"widget\" data-widget_type=\"image.default\">\n\t\t\t\t<div class=\"elementor-widget-container\">\n\t\t\t\t\t\t\t\t\t\t\t\t\t\t\t<img fetchpriority=\"high\" decoding=\"async\" width=\"750\" height=\"531\" src=\"https:\/\/darsa.pl\/www\/wp-content\/uploads\/2022\/07\/CC_Autoryzowany-Partner-1024x725.png\" class=\"attachment-large size-large wp-image-4650\" alt=\"\" srcset=\"https:\/\/darsa.pl\/www\/wp-content\/uploads\/2022\/07\/CC_Autoryzowany-Partner-1024x725.png 1024w, https:\/\/darsa.pl\/www\/wp-content\/uploads\/2022\/07\/CC_Autoryzowany-Partner-300x212.png 300w, https:\/\/darsa.pl\/www\/wp-content\/uploads\/2022\/07\/CC_Autoryzowany-Partner-768x543.png 768w, https:\/\/darsa.pl\/www\/wp-content\/uploads\/2022\/07\/CC_Autoryzowany-Partner-1536x1087.png 1536w, https:\/\/darsa.pl\/www\/wp-content\/uploads\/2022\/07\/CC_Autoryzowany-Partner.png 1754w\" sizes=\"(max-width: 750px) 100vw, 750px\" \/>\t\t\t\t\t\t\t\t\t\t\t\t\t\t\t<\/div>\n\t\t\t\t<\/div>\n\t\t\t\t\t<\/div>\n\t\t<\/div>\n\t\t\t\t\t<\/div>\n\t\t<\/section>\n\t\t\t\t<section class=\"elementor-section elementor-top-section elementor-element elementor-element-c62d947 elementor-section-boxed elementor-section-height-default elementor-section-height-default\" data-id=\"c62d947\" data-element_type=\"section\" data-e-type=\"section\">\n\t\t\t\t\t\t<div class=\"elementor-container elementor-column-gap-default\">\n\t\t\t\t\t<div class=\"elementor-column elementor-col-100 elementor-top-column elementor-element elementor-element-1303b7d\" data-id=\"1303b7d\" data-element_type=\"column\" data-e-type=\"column\">\n\t\t\t<div class=\"elementor-widget-wrap elementor-element-populated\">\n\t\t\t\t\t\t<div class=\"elementor-element elementor-element-407bc47 elementor-widget elementor-widget-heading\" data-id=\"407bc47\" data-element_type=\"widget\" data-e-type=\"widget\" data-widget_type=\"heading.default\">\n\t\t\t\t<div class=\"elementor-widget-container\">\n\t\t\t\t\t<h2 class=\"elementor-heading-title elementor-size-default\">Cennik<\/h2>\t\t\t\t<\/div>\n\t\t\t\t<\/div>\n\t\t\t\t\t<\/div>\n\t\t<\/div>\n\t\t\t\t\t<\/div>\n\t\t<\/section>\n\t\t\t\t<section class=\"elementor-section elementor-top-section elementor-element elementor-element-cbb16eb elementor-section-boxed elementor-section-height-default elementor-section-height-default\" data-id=\"cbb16eb\" data-element_type=\"section\" data-e-type=\"section\">\n\t\t\t\t\t\t<div class=\"elementor-container elementor-column-gap-default\">\n\t\t\t\t\t<div class=\"elementor-column elementor-col-100 elementor-top-column elementor-element elementor-element-a72efa9\" data-id=\"a72efa9\" data-element_type=\"column\" data-e-type=\"column\">\n\t\t\t<div class=\"elementor-widget-wrap elementor-element-populated\">\n\t\t\t\t\t\t<div class=\"elementor-element elementor-element-a34bb49 elementor-widget elementor-widget-text-editor\" data-id=\"a34bb49\" data-element_type=\"widget\" data-e-type=\"widget\" data-widget_type=\"text-editor.default\">\n\t\t\t\t<div class=\"elementor-widget-container\">\n\t\t\t\t\t\t\t\t\t<p style=\"text-align: center;\">Produkty i us\u0142ugi zaufania zakupi\u0107 mo\u017cesz bezpo\u015brednio u Autoryzowanego Partnera CenCert, tj. w Dzia\u0142dowskiej Agencji Rozwoju S.A., 13 \u2013 200 Dzia\u0142dowo, ul. W\u0142. Jagie\u0142\u0142y 15 lub za po\u015brednictwem sklepu internetowego <a href=\"https:\/\/www.cencert.pl\/certyfikat-kwalifikowany\/\" target=\"_blank\" rel=\"noopener\">na stronie CenCert<\/a>. Weryfikacja to\u017csamo\u015bci kupuj\u0105cego zawsze odbywa si\u0119 u Partnera CenCert.<\/p>\t\t\t\t\t\t\t\t<\/div>\n\t\t\t\t<\/div>\n\t\t\t\t\t<\/div>\n\t\t<\/div>\n\t\t\t\t\t<\/div>\n\t\t<\/section>\n\t\t\t\t<section class=\"elementor-section elementor-top-section elementor-element elementor-element-d893934 elementor-section-boxed elementor-section-height-default elementor-section-height-default\" data-id=\"d893934\" data-element_type=\"section\" data-e-type=\"section\">\n\t\t\t\t\t\t<div class=\"elementor-container elementor-column-gap-default\">\n\t\t\t\t\t<div class=\"elementor-column elementor-col-100 elementor-top-column elementor-element elementor-element-c12d489\" data-id=\"c12d489\" data-element_type=\"column\" data-e-type=\"column\">\n\t\t\t<div class=\"elementor-widget-wrap elementor-element-populated\">\n\t\t\t\t\t\t<div class=\"elementor-element elementor-element-fc1470e elementor-widget elementor-widget-heading\" data-id=\"fc1470e\" data-element_type=\"widget\" data-e-type=\"widget\" data-widget_type=\"heading.default\">\n\t\t\t\t<div class=\"elementor-widget-container\">\n\t\t\t\t\t<h2 class=\"elementor-heading-title elementor-size-default\">Zapraszamy do kontaktu<\/h2>\t\t\t\t<\/div>\n\t\t\t\t<\/div>\n\t\t\t\t\t<\/div>\n\t\t<\/div>\n\t\t\t\t\t<\/div>\n\t\t<\/section>\n\t\t\t\t<section class=\"elementor-section elementor-top-section elementor-element elementor-element-e4030ae elementor-section-boxed elementor-section-height-default elementor-section-height-default\" data-id=\"e4030ae\" data-element_type=\"section\" data-e-type=\"section\">\n\t\t\t\t\t\t<div class=\"elementor-container elementor-column-gap-default\">\n\t\t\t\t\t<div class=\"elementor-column elementor-col-100 elementor-top-column elementor-element elementor-element-b93780f\" data-id=\"b93780f\" data-element_type=\"column\" data-e-type=\"column\">\n\t\t\t<div class=\"elementor-widget-wrap elementor-element-populated\">\n\t\t\t\t\t\t\t<\/div>\n\t\t<\/div>\n\t\t\t\t\t<\/div>\n\t\t<\/section>\n\t\t\t\t<section class=\"elementor-section elementor-top-section elementor-element elementor-element-52ea59f elementor-section-boxed elementor-section-height-default elementor-section-height-default\" data-id=\"52ea59f\" data-element_type=\"section\" data-e-type=\"section\">\n\t\t\t\t\t\t<div class=\"elementor-container elementor-column-gap-default\">\n\t\t\t\t\t<div class=\"elementor-column elementor-col-50 elementor-top-column elementor-element elementor-element-16ebe99\" data-id=\"16ebe99\" data-element_type=\"column\" data-e-type=\"column\">\n\t\t\t<div class=\"elementor-widget-wrap elementor-element-populated\">\n\t\t\t\t\t\t<div class=\"elementor-element elementor-element-78c37e2 elementor-widget elementor-widget-text-editor\" data-id=\"78c37e2\" data-element_type=\"widget\" data-e-type=\"widget\" data-widget_type=\"text-editor.default\">\n\t\t\t\t<div class=\"elementor-widget-container\">\n\t\t\t\t\t\t\t\t\t<ul><li>23 697 06 66<\/li><li>23 697 06 78<\/li><\/ul>\t\t\t\t\t\t\t\t<\/div>\n\t\t\t\t<\/div>\n\t\t\t\t\t<\/div>\n\t\t<\/div>\n\t\t\t\t<div class=\"elementor-column elementor-col-50 elementor-top-column elementor-element elementor-element-c1ba89c\" data-id=\"c1ba89c\" data-element_type=\"column\" data-e-type=\"column\">\n\t\t\t<div class=\"elementor-widget-wrap elementor-element-populated\">\n\t\t\t\t\t\t<div class=\"elementor-element elementor-element-20058c6 elementor-widget elementor-widget-image\" data-id=\"20058c6\" data-element_type=\"widget\" data-e-type=\"widget\" data-widget_type=\"image.default\">\n\t\t\t\t<div class=\"elementor-widget-container\">\n\t\t\t\t\t\t\t\t\t\t\t\t\t\t\t<img decoding=\"async\" width=\"750\" height=\"376\" src=\"https:\/\/darsa.pl\/www\/wp-content\/uploads\/2022\/07\/CenCert_logo_cmyk-1024x514.png\" class=\"attachment-large size-large wp-image-4643\" alt=\"\" srcset=\"https:\/\/darsa.pl\/www\/wp-content\/uploads\/2022\/07\/CenCert_logo_cmyk-1024x514.png 1024w, https:\/\/darsa.pl\/www\/wp-content\/uploads\/2022\/07\/CenCert_logo_cmyk-300x151.png 300w, https:\/\/darsa.pl\/www\/wp-content\/uploads\/2022\/07\/CenCert_logo_cmyk-768x385.png 768w, https:\/\/darsa.pl\/www\/wp-content\/uploads\/2022\/07\/CenCert_logo_cmyk.png 1178w\" sizes=\"(max-width: 750px) 100vw, 750px\" \/>\t\t\t\t\t\t\t\t\t\t\t\t\t\t\t<\/div>\n\t\t\t\t<\/div>\n\t\t\t\t\t<\/div>\n\t\t<\/div>\n\t\t\t\t\t<\/div>\n\t\t<\/section>\n\t\t\t\t<\/div>\n\t\t","protected":false},"excerpt":{"rendered":"<p>Potrzebujesz podpisu kwalifikowanego? Mamy dobr\u0105 wiadomo\u015b\u0107! Zakupisz go ju\u017c w Dzia\u0142dowie. Dzia\u0142dowska Agencja Rozwoju S.A. sta\u0142a si\u0119 Autoryzowanym Partnerem CenCert zorganizowanym przez firm\u0119 Enigma Systemy Ochrony Informacji Sp. z o.o., kt\u00f3ra od 25 laty \u015bwiadczy us\u0142ugi w obszarze ochrony informacji oraz jest liderem na polskim rynku w zakresie sprzeda\u017cy us\u0142ug [&hellip;]<\/p>\n","protected":false},"author":2,"featured_media":0,"parent":0,"menu_order":0,"comment_status":"closed","ping_status":"closed","template":"elementor_theme","meta":{"footnotes":""},"class_list":["post-4605","page","type-page","status-publish","hentry"],"yoast_head":"<!-- This site is optimized with the Yoast SEO plugin v27.3 - https:\/\/yoast.com\/product\/yoast-seo-wordpress\/ -->\n<title>Dzia\u0142dowska Agencja Rozwoju S.A.<\/title>\n<meta name=\"description\" content=\"Wspieranie ma\u0142ych i \u015brednich przedsi\u0119biorstw, edukacja i szkolenia.\" \/>\n<meta name=\"robots\" content=\"index, follow, max-snippet:-1, max-image-preview:large, max-video-preview:-1\" \/>\n<link rel=\"canonical\" href=\"https:\/\/darsa.pl\/www\/podpis-kwalifikowany\/\" \/>\n<meta property=\"og:locale\" content=\"pl_PL\" \/>\n<meta property=\"og:type\" content=\"article\" \/>\n<meta property=\"og:description\" content=\"Wspieranie ma\u0142ych i \u015brednich przedsi\u0119biorstw, edukacja i szkolenia.\" \/>\n<meta property=\"og:url\" content=\"https:\/\/darsa.pl\/www\/podpis-kwalifikowany\/\" \/>\n<meta property=\"og:site_name\" content=\"Dzia\u0142dowska Agencja Rozwoju S.A.\" \/>\n<meta property=\"article:modified_time\" content=\"2022-07-09T05:21:36+00:00\" \/>\n<meta property=\"og:image\" content=\"https:\/\/darsa.pl\/www\/wp-content\/uploads\/2022\/07\/CC_Autoryzowany-Partner-1024x725.png\" \/>\n<meta name=\"twitter:card\" content=\"summary_large_image\" \/>\n<meta name=\"twitter:label1\" content=\"Szacowany czas czytania\" \/>\n\t<meta name=\"twitter:data1\" content=\"2 minuty\" \/>\n<script type=\"application\/ld+json\" class=\"yoast-schema-graph\">{\"@context\":\"https:\\\/\\\/schema.org\",\"@graph\":[{\"@type\":\"WebPage\",\"@id\":\"https:\\\/\\\/darsa.pl\\\/www\\\/podpis-kwalifikowany\\\/\",\"url\":\"https:\\\/\\\/darsa.pl\\\/www\\\/podpis-kwalifikowany\\\/\",\"name\":\"\",\"isPartOf\":{\"@id\":\"https:\\\/\\\/darsa.pl\\\/www\\\/#website\"},\"primaryImageOfPage\":{\"@id\":\"https:\\\/\\\/darsa.pl\\\/www\\\/podpis-kwalifikowany\\\/#primaryimage\"},\"image\":{\"@id\":\"https:\\\/\\\/darsa.pl\\\/www\\\/podpis-kwalifikowany\\\/#primaryimage\"},\"thumbnailUrl\":\"https:\\\/\\\/darsa.pl\\\/www\\\/wp-content\\\/uploads\\\/2022\\\/07\\\/CC_Autoryzowany-Partner-1024x725.png\",\"datePublished\":\"2022-07-04T18:10:50+00:00\",\"dateModified\":\"2022-07-09T05:21:36+00:00\",\"description\":\"Wspieranie ma\u0142ych i \u015brednich przedsi\u0119biorstw, edukacja i szkolenia.\",\"breadcrumb\":{\"@id\":\"https:\\\/\\\/darsa.pl\\\/www\\\/podpis-kwalifikowany\\\/#breadcrumb\"},\"inLanguage\":\"pl-PL\",\"potentialAction\":[{\"@type\":\"ReadAction\",\"target\":[\"https:\\\/\\\/darsa.pl\\\/www\\\/podpis-kwalifikowany\\\/\"]}]},{\"@type\":\"ImageObject\",\"inLanguage\":\"pl-PL\",\"@id\":\"https:\\\/\\\/darsa.pl\\\/www\\\/podpis-kwalifikowany\\\/#primaryimage\",\"url\":\"https:\\\/\\\/darsa.pl\\\/www\\\/wp-content\\\/uploads\\\/2022\\\/07\\\/CC_Autoryzowany-Partner.png\",\"contentUrl\":\"https:\\\/\\\/darsa.pl\\\/www\\\/wp-content\\\/uploads\\\/2022\\\/07\\\/CC_Autoryzowany-Partner.png\",\"width\":1754,\"height\":1241},{\"@type\":\"BreadcrumbList\",\"@id\":\"https:\\\/\\\/darsa.pl\\\/www\\\/podpis-kwalifikowany\\\/#breadcrumb\",\"itemListElement\":[{\"@type\":\"ListItem\",\"position\":1,\"name\":\"Strona g\u0142\u00f3wna\",\"item\":\"https:\\\/\\\/darsa.pl\\\/www\\\/\"},{\"@type\":\"ListItem\",\"position\":2,\"name\":\"PODPIS KWALIFIKOWANY\"}]},{\"@type\":\"WebSite\",\"@id\":\"https:\\\/\\\/darsa.pl\\\/www\\\/#website\",\"url\":\"https:\\\/\\\/darsa.pl\\\/www\\\/\",\"name\":\"Dzia\u0142dowska Agencja Rozwoju S.A.\",\"description\":\"Wspieranie ma\u0142ych i \u015brednich przedsi\u0119biorstw, edukacja i szkolenia.\",\"publisher\":{\"@id\":\"https:\\\/\\\/darsa.pl\\\/www\\\/#organization\"},\"potentialAction\":[{\"@type\":\"SearchAction\",\"target\":{\"@type\":\"EntryPoint\",\"urlTemplate\":\"https:\\\/\\\/darsa.pl\\\/www\\\/?s={search_term_string}\"},\"query-input\":{\"@type\":\"PropertyValueSpecification\",\"valueRequired\":true,\"valueName\":\"search_term_string\"}}],\"inLanguage\":\"pl-PL\"},{\"@type\":\"Organization\",\"@id\":\"https:\\\/\\\/darsa.pl\\\/www\\\/#organization\",\"name\":\"Dzia\u0142dowska Agencja Rozwoju S.A.\",\"url\":\"https:\\\/\\\/darsa.pl\\\/www\\\/\",\"logo\":{\"@type\":\"ImageObject\",\"inLanguage\":\"pl-PL\",\"@id\":\"https:\\\/\\\/darsa.pl\\\/www\\\/#\\\/schema\\\/logo\\\/image\\\/\",\"url\":\"https:\\\/\\\/darsa.pl\\\/www\\\/wp-content\\\/uploads\\\/2020\\\/06\\\/logo_h200px.png\",\"contentUrl\":\"https:\\\/\\\/darsa.pl\\\/www\\\/wp-content\\\/uploads\\\/2020\\\/06\\\/logo_h200px.png\",\"width\":856,\"height\":200,\"caption\":\"Dzia\u0142dowska Agencja Rozwoju S.A.\"},\"image\":{\"@id\":\"https:\\\/\\\/darsa.pl\\\/www\\\/#\\\/schema\\\/logo\\\/image\\\/\"}}]}<\/script>\n<!-- \/ Yoast SEO plugin. -->","yoast_head_json":{"title":"Dzia\u0142dowska Agencja Rozwoju S.A.","description":"Wspieranie ma\u0142ych i \u015brednich przedsi\u0119biorstw, edukacja i szkolenia.","robots":{"index":"index","follow":"follow","max-snippet":"max-snippet:-1","max-image-preview":"max-image-preview:large","max-video-preview":"max-video-preview:-1"},"canonical":"https:\/\/darsa.pl\/www\/podpis-kwalifikowany\/","og_locale":"pl_PL","og_type":"article","og_description":"Wspieranie ma\u0142ych i \u015brednich przedsi\u0119biorstw, edukacja i szkolenia.","og_url":"https:\/\/darsa.pl\/www\/podpis-kwalifikowany\/","og_site_name":"Dzia\u0142dowska Agencja Rozwoju S.A.","article_modified_time":"2022-07-09T05:21:36+00:00","og_image":[{"url":"https:\/\/darsa.pl\/www\/wp-content\/uploads\/2022\/07\/CC_Autoryzowany-Partner-1024x725.png","type":"","width":"","height":""}],"twitter_card":"summary_large_image","twitter_misc":{"Szacowany czas czytania":"2 minuty"},"schema":{"@context":"https:\/\/schema.org","@graph":[{"@type":"WebPage","@id":"https:\/\/darsa.pl\/www\/podpis-kwalifikowany\/","url":"https:\/\/darsa.pl\/www\/podpis-kwalifikowany\/","name":"","isPartOf":{"@id":"https:\/\/darsa.pl\/www\/#website"},"primaryImageOfPage":{"@id":"https:\/\/darsa.pl\/www\/podpis-kwalifikowany\/#primaryimage"},"image":{"@id":"https:\/\/darsa.pl\/www\/podpis-kwalifikowany\/#primaryimage"},"thumbnailUrl":"https:\/\/darsa.pl\/www\/wp-content\/uploads\/2022\/07\/CC_Autoryzowany-Partner-1024x725.png","datePublished":"2022-07-04T18:10:50+00:00","dateModified":"2022-07-09T05:21:36+00:00","description":"Wspieranie ma\u0142ych i \u015brednich przedsi\u0119biorstw, edukacja i szkolenia.","breadcrumb":{"@id":"https:\/\/darsa.pl\/www\/podpis-kwalifikowany\/#breadcrumb"},"inLanguage":"pl-PL","potentialAction":[{"@type":"ReadAction","target":["https:\/\/darsa.pl\/www\/podpis-kwalifikowany\/"]}]},{"@type":"ImageObject","inLanguage":"pl-PL","@id":"https:\/\/darsa.pl\/www\/podpis-kwalifikowany\/#primaryimage","url":"https:\/\/darsa.pl\/www\/wp-content\/uploads\/2022\/07\/CC_Autoryzowany-Partner.png","contentUrl":"https:\/\/darsa.pl\/www\/wp-content\/uploads\/2022\/07\/CC_Autoryzowany-Partner.png","width":1754,"height":1241},{"@type":"BreadcrumbList","@id":"https:\/\/darsa.pl\/www\/podpis-kwalifikowany\/#breadcrumb","itemListElement":[{"@type":"ListItem","position":1,"name":"Strona g\u0142\u00f3wna","item":"https:\/\/darsa.pl\/www\/"},{"@type":"ListItem","position":2,"name":"PODPIS KWALIFIKOWANY"}]},{"@type":"WebSite","@id":"https:\/\/darsa.pl\/www\/#website","url":"https:\/\/darsa.pl\/www\/","name":"Dzia\u0142dowska Agencja Rozwoju S.A.","description":"Wspieranie ma\u0142ych i \u015brednich przedsi\u0119biorstw, edukacja i szkolenia.","publisher":{"@id":"https:\/\/darsa.pl\/www\/#organization"},"potentialAction":[{"@type":"SearchAction","target":{"@type":"EntryPoint","urlTemplate":"https:\/\/darsa.pl\/www\/?s={search_term_string}"},"query-input":{"@type":"PropertyValueSpecification","valueRequired":true,"valueName":"search_term_string"}}],"inLanguage":"pl-PL"},{"@type":"Organization","@id":"https:\/\/darsa.pl\/www\/#organization","name":"Dzia\u0142dowska Agencja Rozwoju S.A.","url":"https:\/\/darsa.pl\/www\/","logo":{"@type":"ImageObject","inLanguage":"pl-PL","@id":"https:\/\/darsa.pl\/www\/#\/schema\/logo\/image\/","url":"https:\/\/darsa.pl\/www\/wp-content\/uploads\/2020\/06\/logo_h200px.png","contentUrl":"https:\/\/darsa.pl\/www\/wp-content\/uploads\/2020\/06\/logo_h200px.png","width":856,"height":200,"caption":"Dzia\u0142dowska Agencja Rozwoju S.A."},"image":{"@id":"https:\/\/darsa.pl\/www\/#\/schema\/logo\/image\/"}}]}},"_links":{"self":[{"href":"https:\/\/darsa.pl\/www\/wp-json\/wp\/v2\/pages\/4605","targetHints":{"allow":["GET"]}}],"collection":[{"href":"https:\/\/darsa.pl\/www\/wp-json\/wp\/v2\/pages"}],"about":[{"href":"https:\/\/darsa.pl\/www\/wp-json\/wp\/v2\/types\/page"}],"author":[{"embeddable":true,"href":"https:\/\/darsa.pl\/www\/wp-json\/wp\/v2\/users\/2"}],"replies":[{"embeddable":true,"href":"https:\/\/darsa.pl\/www\/wp-json\/wp\/v2\/comments?post=4605"}],"version-history":[{"count":48,"href":"https:\/\/darsa.pl\/www\/wp-json\/wp\/v2\/pages\/4605\/revisions"}],"predecessor-version":[{"id":4660,"href":"https:\/\/darsa.pl\/www\/wp-json\/wp\/v2\/pages\/4605\/revisions\/4660"}],"wp:attachment":[{"href":"https:\/\/darsa.pl\/www\/wp-json\/wp\/v2\/media?parent=4605"}],"curies":[{"name":"wp","href":"https:\/\/api.w.org\/{rel}","templated":true}]}}