{"id":2525,"date":"2020-11-18T11:27:39","date_gmt":"2020-11-18T10:27:39","guid":{"rendered":"https:\/\/darsa.pl\/www\/?page_id=2525"},"modified":"2022-03-03T16:59:37","modified_gmt":"2022-03-03T15:59:37","slug":"pozyczka-inwestycyjna-z-premia","status":"publish","type":"page","link":"https:\/\/darsa.pl\/www\/pozyczki\/pozyczka-inwestycyjna-z-premia\/","title":{"rendered":"PO\u017bYCZKI INWESTYCYJNE Z PREMI\u0104"},"content":{"rendered":"\t\t<div data-elementor-type=\"wp-page\" data-elementor-id=\"2525\" class=\"elementor elementor-2525\">\n\t\t\t\t\t\t<section class=\"elementor-section elementor-top-section elementor-element elementor-element-12432dc4 elementor-section-boxed elementor-section-height-default elementor-section-height-default\" data-id=\"12432dc4\" data-element_type=\"section\" data-e-type=\"section\">\n\t\t\t\t\t\t<div class=\"elementor-container elementor-column-gap-default\">\n\t\t\t\t\t<div class=\"elementor-column elementor-col-25 elementor-top-column elementor-element elementor-element-6f6fc257\" data-id=\"6f6fc257\" data-element_type=\"column\" data-e-type=\"column\">\n\t\t\t<div class=\"elementor-widget-wrap elementor-element-populated\">\n\t\t\t\t\t\t<div class=\"elementor-element elementor-element-4a45f969 elementor-widget elementor-widget-image\" data-id=\"4a45f969\" data-element_type=\"widget\" data-e-type=\"widget\" data-widget_type=\"image.default\">\n\t\t\t\t<div class=\"elementor-widget-container\">\n\t\t\t\t\t\t\t\t\t\t\t\t\t\t\t<img fetchpriority=\"high\" decoding=\"async\" width=\"750\" height=\"394\" src=\"https:\/\/darsa.pl\/www\/wp-content\/uploads\/2020\/11\/logo_FE_Program_Regionalny_rgb-1-1024x538.jpg\" class=\"attachment-large size-large wp-image-2399\" alt=\"\" srcset=\"https:\/\/darsa.pl\/www\/wp-content\/uploads\/2020\/11\/logo_FE_Program_Regionalny_rgb-1-1024x538.jpg 1024w, https:\/\/darsa.pl\/www\/wp-content\/uploads\/2020\/11\/logo_FE_Program_Regionalny_rgb-1-300x158.jpg 300w, https:\/\/darsa.pl\/www\/wp-content\/uploads\/2020\/11\/logo_FE_Program_Regionalny_rgb-1-768x403.jpg 768w, https:\/\/darsa.pl\/www\/wp-content\/uploads\/2020\/11\/logo_FE_Program_Regionalny_rgb-1.jpg 1080w\" sizes=\"(max-width: 750px) 100vw, 750px\" \/>\t\t\t\t\t\t\t\t\t\t\t\t\t\t\t<\/div>\n\t\t\t\t<\/div>\n\t\t\t\t\t<\/div>\n\t\t<\/div>\n\t\t\t\t<div class=\"elementor-column elementor-col-25 elementor-top-column elementor-element elementor-element-b122756\" data-id=\"b122756\" data-element_type=\"column\" data-e-type=\"column\">\n\t\t\t<div class=\"elementor-widget-wrap elementor-element-populated\">\n\t\t\t\t\t\t<div class=\"elementor-element elementor-element-7928912d elementor-widget elementor-widget-image\" data-id=\"7928912d\" data-element_type=\"widget\" data-e-type=\"widget\" data-widget_type=\"image.default\">\n\t\t\t\t<div class=\"elementor-widget-container\">\n\t\t\t\t\t\t\t\t\t\t\t\t\t\t\t<img decoding=\"async\" width=\"750\" height=\"250\" src=\"https:\/\/darsa.pl\/www\/wp-content\/uploads\/2020\/11\/RPbig-1024x341.png\" class=\"attachment-large size-large wp-image-2401\" alt=\"\" srcset=\"https:\/\/darsa.pl\/www\/wp-content\/uploads\/2020\/11\/RPbig-1024x341.png 1024w, https:\/\/darsa.pl\/www\/wp-content\/uploads\/2020\/11\/RPbig-300x100.png 300w, https:\/\/darsa.pl\/www\/wp-content\/uploads\/2020\/11\/RPbig-768x256.png 768w, https:\/\/darsa.pl\/www\/wp-content\/uploads\/2020\/11\/RPbig-1536x512.png 1536w, https:\/\/darsa.pl\/www\/wp-content\/uploads\/2020\/11\/RPbig-2048x683.png 2048w\" sizes=\"(max-width: 750px) 100vw, 750px\" \/>\t\t\t\t\t\t\t\t\t\t\t\t\t\t\t<\/div>\n\t\t\t\t<\/div>\n\t\t\t\t\t<\/div>\n\t\t<\/div>\n\t\t\t\t<div class=\"elementor-column elementor-col-25 elementor-top-column elementor-element elementor-element-7402107d\" data-id=\"7402107d\" data-element_type=\"column\" data-e-type=\"column\">\n\t\t\t<div class=\"elementor-widget-wrap elementor-element-populated\">\n\t\t\t\t\t\t<div class=\"elementor-element elementor-element-39a423cf elementor-widget elementor-widget-image\" data-id=\"39a423cf\" data-element_type=\"widget\" data-e-type=\"widget\" data-widget_type=\"image.default\">\n\t\t\t\t<div class=\"elementor-widget-container\">\n\t\t\t\t\t\t\t\t\t\t\t\t\t\t\t<img decoding=\"async\" width=\"750\" height=\"163\" src=\"https:\/\/darsa.pl\/www\/wp-content\/uploads\/2020\/11\/logo_wojewodztwo-1024x222.jpg\" class=\"attachment-large size-large wp-image-2402\" alt=\"\" srcset=\"https:\/\/darsa.pl\/www\/wp-content\/uploads\/2020\/11\/logo_wojewodztwo-1024x222.jpg 1024w, https:\/\/darsa.pl\/www\/wp-content\/uploads\/2020\/11\/logo_wojewodztwo-300x65.jpg 300w, https:\/\/darsa.pl\/www\/wp-content\/uploads\/2020\/11\/logo_wojewodztwo-768x167.jpg 768w, https:\/\/darsa.pl\/www\/wp-content\/uploads\/2020\/11\/logo_wojewodztwo-1536x334.jpg 1536w, https:\/\/darsa.pl\/www\/wp-content\/uploads\/2020\/11\/logo_wojewodztwo.jpg 1759w\" sizes=\"(max-width: 750px) 100vw, 750px\" \/>\t\t\t\t\t\t\t\t\t\t\t\t\t\t\t<\/div>\n\t\t\t\t<\/div>\n\t\t\t\t\t<\/div>\n\t\t<\/div>\n\t\t\t\t<div class=\"elementor-column elementor-col-25 elementor-top-column elementor-element elementor-element-14b82fc6\" data-id=\"14b82fc6\" data-element_type=\"column\" data-e-type=\"column\">\n\t\t\t<div class=\"elementor-widget-wrap elementor-element-populated\">\n\t\t\t\t\t\t<div class=\"elementor-element elementor-element-32c0a6b7 elementor-widget elementor-widget-image\" data-id=\"32c0a6b7\" data-element_type=\"widget\" data-e-type=\"widget\" data-widget_type=\"image.default\">\n\t\t\t\t<div class=\"elementor-widget-container\">\n\t\t\t\t\t\t\t\t\t\t\t\t\t\t\t<img loading=\"lazy\" decoding=\"async\" width=\"750\" height=\"245\" src=\"https:\/\/darsa.pl\/www\/wp-content\/uploads\/2020\/11\/UE_EFRR_rgb-1-1024x334.jpg\" class=\"attachment-large size-large wp-image-2403\" alt=\"\" srcset=\"https:\/\/darsa.pl\/www\/wp-content\/uploads\/2020\/11\/UE_EFRR_rgb-1-1024x334.jpg 1024w, https:\/\/darsa.pl\/www\/wp-content\/uploads\/2020\/11\/UE_EFRR_rgb-1-300x98.jpg 300w, https:\/\/darsa.pl\/www\/wp-content\/uploads\/2020\/11\/UE_EFRR_rgb-1-768x251.jpg 768w, https:\/\/darsa.pl\/www\/wp-content\/uploads\/2020\/11\/UE_EFRR_rgb-1.jpg 1447w\" sizes=\"(max-width: 750px) 100vw, 750px\" \/>\t\t\t\t\t\t\t\t\t\t\t\t\t\t\t<\/div>\n\t\t\t\t<\/div>\n\t\t\t\t\t<\/div>\n\t\t<\/div>\n\t\t\t\t\t<\/div>\n\t\t<\/section>\n\t\t\t\t<section class=\"elementor-section elementor-top-section elementor-element elementor-element-3fa1ab2f elementor-hidden-phone elementor-section-boxed elementor-section-height-default elementor-section-height-default\" data-id=\"3fa1ab2f\" data-element_type=\"section\" data-e-type=\"section\" data-settings=\"{&quot;background_background&quot;:&quot;gradient&quot;}\">\n\t\t\t\t\t\t<div class=\"elementor-container elementor-column-gap-default\">\n\t\t\t\t\t<div class=\"elementor-column elementor-col-100 elementor-top-column elementor-element elementor-element-2135c9ce\" data-id=\"2135c9ce\" data-element_type=\"column\" data-e-type=\"column\">\n\t\t\t<div class=\"elementor-widget-wrap elementor-element-populated\">\n\t\t\t\t\t\t<div class=\"elementor-element elementor-element-18c42b9e elementor-widget elementor-widget-eael-image-accordion\" data-id=\"18c42b9e\" data-element_type=\"widget\" data-e-type=\"widget\" data-widget_type=\"eael-image-accordion.default\">\n\t\t\t\t<div class=\"elementor-widget-container\">\n\t\t\t\t\t    <div class=\"eael-img-accordion accordion-direction-horizontal eael-img-accordion-horizontal-align-center eael-img-accordion-vertical-align-center\" id=\"eael-img-accordion-18c42b9e\" data-img-accordion-id=\"18c42b9e\" data-img-accordion-type=\"on-hover\">\n                    \n            <div class=\"eael-image-accordion-hover eael-image-accordion-item\" style=\"background-image: url(https:\/\/darsa.pl\/www\/wp-content\/uploads\/2020\/11\/pozyczka_inwestycyjna_z_premia_I.png);\"  tabindex=\"0\">\n                <div class=\"overlay\">\n                                        <div class=\"overlay-inner \">\n                        <a href=\"https:\/\/darsa.pl\/www\/pozyczki\/pozyczka-inwestycyjna-z-premia-i\/\"><h2 class=\"img-accordion-title\">Po\u017cyczka inwestycyjna z premi\u0105 I<\/h2><\/a>                            <p><p style=\"text-align: left\">kwota: <strong>od 5 000 z\u0142 do 1 000 000 z\u0142<\/strong><br \/>okres: <strong>do 96 miesi\u0119cy (8 lat)<\/strong><br \/>oprocentowanie: <strong>0,15% <\/strong>lub <strong>0,22%<\/strong> w ramach pomocy de minimis<\/p><p style=\"text-align: left\">lub od <strong>1,1%<\/strong> do <strong>4,3%<\/strong> na warunkach rynkowych<\/p><\/p>\n                                            <\/div>\n                <\/div>\n            <\/div>\n                    \n            <div class=\"eael-image-accordion-hover eael-image-accordion-item\" style=\"background-image: url(https:\/\/darsa.pl\/www\/wp-content\/uploads\/2020\/11\/pozyczka_inwestycyjna_z_premia_II.png);\"  tabindex=\"0\">\n                <div class=\"overlay\">\n                                        <div class=\"overlay-inner \">\n                        <a href=\"https:\/\/darsa.pl\/www\/pozyczki\/pozyczka-inwestycyjna-z-premia-ii\/\"><h2 class=\"img-accordion-title\">Po\u017cyczka inwestycyjna z premi\u0105 II<\/h2><\/a>                            <p><p style=\"text-align: left\">kwota: <strong>od 5 000 z\u0142 do 1 000 000 z\u0142<\/strong><br \/>okres: <strong>do 96 miesi\u0119cy (8 lat)<\/strong><br \/>oprocentowanie: <strong>0,15% <\/strong>lub <strong>0,22%<\/strong> w ramach pomocy de minimis<\/p><p style=\"text-align: left\">lub od <strong>1,1%<\/strong> do <strong>4,3%<\/strong> na warunkach rynkowych<\/p><\/p>\n                                            <\/div>\n                <\/div>\n            <\/div>\n                <\/div>\n        <style typr=\"text\/css\">\n                    #eael-img-accordion-18c42b9e .eael-image-accordion-hover:hover {\n                        flex: 3 1 0% !important;\n                    }\n                    #eael-img-accordion-18c42b9e .eael-image-accordion-hover:hover:hover .overlay-inner * {\n                        opacity: 1;\n                        visibility: visible;\n                        transform: none;\n                        transition: all .3s .3s;\n                    }\n                <\/style>\t\t\t\t<\/div>\n\t\t\t\t<\/div>\n\t\t\t\t\t<\/div>\n\t\t<\/div>\n\t\t\t\t\t<\/div>\n\t\t<\/section>\n\t\t\t\t<section class=\"elementor-section elementor-top-section elementor-element elementor-element-af51637 elementor-hidden-desktop elementor-hidden-tablet elementor-section-boxed elementor-section-height-default elementor-section-height-default\" data-id=\"af51637\" data-element_type=\"section\" data-e-type=\"section\" data-settings=\"{&quot;background_background&quot;:&quot;gradient&quot;}\">\n\t\t\t\t\t\t<div class=\"elementor-container elementor-column-gap-default\">\n\t\t\t\t\t<div class=\"elementor-column elementor-col-100 elementor-top-column elementor-element elementor-element-584e710\" data-id=\"584e710\" data-element_type=\"column\" data-e-type=\"column\">\n\t\t\t<div class=\"elementor-widget-wrap elementor-element-populated\">\n\t\t\t\t\t\t<div class=\"elementor-element elementor-element-3d8b8d9 elementor-widget elementor-widget-eael-image-accordion\" data-id=\"3d8b8d9\" data-element_type=\"widget\" data-e-type=\"widget\" data-widget_type=\"eael-image-accordion.default\">\n\t\t\t\t<div class=\"elementor-widget-container\">\n\t\t\t\t\t    <div class=\"eael-img-accordion accordion-direction-horizontal eael-img-accordion-horizontal-align-center eael-img-accordion-vertical-align-center\" id=\"eael-img-accordion-3d8b8d9\" data-img-accordion-id=\"3d8b8d9\" data-img-accordion-type=\"on-hover\">\n                    \n            <div class=\"eael-image-accordion-hover eael-image-accordion-item\" style=\"background-image: url(https:\/\/darsa.pl\/www\/wp-content\/uploads\/2020\/11\/pozyczka_inwestycyjna_z_premia_I.png);\"  tabindex=\"0\">\n                <div class=\"overlay\">\n                                        <div class=\"overlay-inner \">\n                        <a href=\"https:\/\/darsa.pl\/www\/pozyczki\/pozyczka-inwestycyjna-z-premia-i\/\"><h2 class=\"img-accordion-title\">Po\u017cyczka inwestycyjna z premi\u0105 I<\/h2><\/a>                            <p><p style=\"text-align: left\">kwota: <strong>od 5 000 z\u0142 do 1 000 000 z\u0142<\/strong><br \/>okres: <strong>do 96 miesi\u0119cy (8 lat)<\/strong><br \/>oprocentowanie: <strong>0,15% <\/strong>lub <strong>0,22%<\/strong> w ramach pomocy de minimis<\/p><p style=\"text-align: left\">lub od <strong>1,1%<\/strong> do <strong>4,3%<\/strong> na warunkach rynkowych<\/p><\/p>\n                                            <\/div>\n                <\/div>\n            <\/div>\n                    \n            <div class=\"eael-image-accordion-hover eael-image-accordion-item\" style=\"background-image: url(https:\/\/darsa.pl\/www\/wp-content\/uploads\/2020\/11\/pozyczka_inwestycyjna_z_premia_II.png);\"  tabindex=\"0\">\n                <div class=\"overlay\">\n                                        <div class=\"overlay-inner \">\n                        <a href=\"https:\/\/darsa.pl\/www\/pozyczki\/pozyczka-inwestycyjna-z-premia-ii\/\"><h2 class=\"img-accordion-title\">Po\u017cyczka inwestycyjna z premi\u0105 II<\/h2><\/a>                            <p><p style=\"text-align: left\">kwota: <strong>od 5 000 z\u0142 do 1 000 000 z\u0142<\/strong><br \/>okres: <strong>do 96 miesi\u0119cy (8 lat)<\/strong><br \/>oprocentowanie: <strong>0,15% <\/strong>lub <strong>0,22%<\/strong> w ramach pomocy de minimis<\/p><p style=\"text-align: left\">lub od <strong>1,1%<\/strong> do <strong>4,3%<\/strong> na warunkach rynkowych<\/p><\/p>\n                                            <\/div>\n                <\/div>\n            <\/div>\n                <\/div>\n        <style typr=\"text\/css\">\n                    #eael-img-accordion-3d8b8d9 .eael-image-accordion-hover:hover {\n                        flex: 3 1 0% !important;\n                    }\n                    #eael-img-accordion-3d8b8d9 .eael-image-accordion-hover:hover:hover .overlay-inner * {\n                        opacity: 1;\n                        visibility: visible;\n                        transform: none;\n                        transition: all .3s .3s;\n                    }\n                <\/style>\t\t\t\t<\/div>\n\t\t\t\t<\/div>\n\t\t\t\t\t<\/div>\n\t\t<\/div>\n\t\t\t\t\t<\/div>\n\t\t<\/section>\n\t\t\t\t<section class=\"elementor-section elementor-top-section elementor-element elementor-element-b0c1ffb elementor-section-boxed elementor-section-height-default elementor-section-height-default\" data-id=\"b0c1ffb\" data-element_type=\"section\" data-e-type=\"section\">\n\t\t\t\t\t\t<div class=\"elementor-container elementor-column-gap-default\">\n\t\t\t\t\t<div class=\"elementor-column elementor-col-50 elementor-top-column elementor-element elementor-element-65b32e27\" data-id=\"65b32e27\" data-element_type=\"column\" data-e-type=\"column\">\n\t\t\t<div class=\"elementor-widget-wrap elementor-element-populated\">\n\t\t\t\t\t\t<div class=\"elementor-element elementor-element-7c606ea6 elementor-widget elementor-widget-counter\" data-id=\"7c606ea6\" data-element_type=\"widget\" data-e-type=\"widget\" data-widget_type=\"counter.default\">\n\t\t\t\t<div class=\"elementor-widget-container\">\n\t\t\t\t\t\t\t<div class=\"elementor-counter\">\n\t\t\t<div class=\"elementor-counter-title\">Kwota udzielonych po\u017cyczek (w PLN)<\/div>\t\t\t<div class=\"elementor-counter-number-wrapper\">\n\t\t\t\t<span class=\"elementor-counter-number-prefix\"><\/span>\n\t\t\t\t<span class=\"elementor-counter-number\" data-duration=\"5000\" data-to-value=\"210689890\" data-from-value=\"0\" data-delimiter=\" \">0<\/span>\n\t\t\t\t<span class=\"elementor-counter-number-suffix\"><\/span>\n\t\t\t<\/div>\n\t\t<\/div>\n\t\t\t\t\t\t<\/div>\n\t\t\t\t<\/div>\n\t\t\t\t\t<\/div>\n\t\t<\/div>\n\t\t\t\t<div class=\"elementor-column elementor-col-50 elementor-top-column elementor-element elementor-element-42a75093\" data-id=\"42a75093\" data-element_type=\"column\" data-e-type=\"column\">\n\t\t\t<div class=\"elementor-widget-wrap elementor-element-populated\">\n\t\t\t\t\t\t<div class=\"elementor-element elementor-element-73b59e6a elementor-widget elementor-widget-counter\" data-id=\"73b59e6a\" data-element_type=\"widget\" data-e-type=\"widget\" data-widget_type=\"counter.default\">\n\t\t\t\t<div class=\"elementor-widget-container\">\n\t\t\t\t\t\t\t<div class=\"elementor-counter\">\n\t\t\t<div class=\"elementor-counter-title\">Liczba udzielonych po\u017cyczek<\/div>\t\t\t<div class=\"elementor-counter-number-wrapper\">\n\t\t\t\t<span class=\"elementor-counter-number-prefix\"><\/span>\n\t\t\t\t<span class=\"elementor-counter-number\" data-duration=\"3000\" data-to-value=\"1793\" data-from-value=\"0\" data-delimiter=\" \">0<\/span>\n\t\t\t\t<span class=\"elementor-counter-number-suffix\"><\/span>\n\t\t\t<\/div>\n\t\t<\/div>\n\t\t\t\t\t\t<\/div>\n\t\t\t\t<\/div>\n\t\t\t\t\t<\/div>\n\t\t<\/div>\n\t\t\t\t\t<\/div>\n\t\t<\/section>\n\t\t\t\t<\/div>\n\t\t","protected":false},"excerpt":{"rendered":"<p>Po\u017cyczka inwestycyjna z premi\u0105 I kwota: od 5 000 z\u0142 do 1 000 000 z\u0142okres: do 96 miesi\u0119cy (8 lat)oprocentowanie: 0,15% lub 0,22% w ramach pomocy de minimis lub od 1,1% do 4,3% na warunkach rynkowych Po\u017cyczka inwestycyjna z premi\u0105 II kwota: od 5 000 z\u0142 do 1 000 000 [&hellip;]<\/p>\n","protected":false},"author":1,"featured_media":0,"parent":38,"menu_order":3,"comment_status":"closed","ping_status":"closed","template":"elementor_header_footer","meta":{"footnotes":""},"class_list":["post-2525","page","type-page","status-publish","hentry"],"yoast_head":"<!-- This site is optimized with the Yoast SEO plugin v27.3 - https:\/\/yoast.com\/product\/yoast-seo-wordpress\/ -->\n<title>Dzia\u0142dowska Agencja Rozwoju S.A.<\/title>\n<meta name=\"description\" content=\"Wspieranie ma\u0142ych i \u015brednich przedsi\u0119biorstw, edukacja i szkolenia.\" \/>\n<meta name=\"robots\" content=\"index, follow, max-snippet:-1, max-image-preview:large, max-video-preview:-1\" \/>\n<link rel=\"canonical\" href=\"https:\/\/darsa.pl\/www\/pozyczki\/pozyczka-inwestycyjna-z-premia\/\" \/>\n<meta property=\"og:locale\" content=\"pl_PL\" \/>\n<meta property=\"og:type\" content=\"article\" \/>\n<meta property=\"og:description\" content=\"Wspieranie ma\u0142ych i \u015brednich przedsi\u0119biorstw, edukacja i szkolenia.\" \/>\n<meta property=\"og:url\" content=\"https:\/\/darsa.pl\/www\/pozyczki\/pozyczka-inwestycyjna-z-premia\/\" \/>\n<meta property=\"og:site_name\" content=\"Dzia\u0142dowska Agencja Rozwoju S.A.\" \/>\n<meta property=\"article:modified_time\" content=\"2022-03-03T15:59:37+00:00\" \/>\n<meta property=\"og:image\" content=\"https:\/\/darsa.pl\/www\/wp-content\/uploads\/2020\/11\/logo_FE_Program_Regionalny_rgb-1-1024x538.jpg\" \/>\n<meta name=\"twitter:card\" content=\"summary_large_image\" \/>\n<meta name=\"twitter:label1\" content=\"Szacowany czas czytania\" \/>\n\t<meta name=\"twitter:data1\" content=\"3 minuty\" \/>\n<script type=\"application\/ld+json\" class=\"yoast-schema-graph\">{\"@context\":\"https:\\\/\\\/schema.org\",\"@graph\":[{\"@type\":\"WebPage\",\"@id\":\"https:\\\/\\\/darsa.pl\\\/www\\\/pozyczki\\\/pozyczka-inwestycyjna-z-premia\\\/\",\"url\":\"https:\\\/\\\/darsa.pl\\\/www\\\/pozyczki\\\/pozyczka-inwestycyjna-z-premia\\\/\",\"name\":\"\",\"isPartOf\":{\"@id\":\"https:\\\/\\\/darsa.pl\\\/www\\\/#website\"},\"primaryImageOfPage\":{\"@id\":\"https:\\\/\\\/darsa.pl\\\/www\\\/pozyczki\\\/pozyczka-inwestycyjna-z-premia\\\/#primaryimage\"},\"image\":{\"@id\":\"https:\\\/\\\/darsa.pl\\\/www\\\/pozyczki\\\/pozyczka-inwestycyjna-z-premia\\\/#primaryimage\"},\"thumbnailUrl\":\"https:\\\/\\\/darsa.pl\\\/www\\\/wp-content\\\/uploads\\\/2020\\\/11\\\/logo_FE_Program_Regionalny_rgb-1-1024x538.jpg\",\"datePublished\":\"2020-11-18T10:27:39+00:00\",\"dateModified\":\"2022-03-03T15:59:37+00:00\",\"description\":\"Wspieranie ma\u0142ych i \u015brednich przedsi\u0119biorstw, edukacja i szkolenia.\",\"breadcrumb\":{\"@id\":\"https:\\\/\\\/darsa.pl\\\/www\\\/pozyczki\\\/pozyczka-inwestycyjna-z-premia\\\/#breadcrumb\"},\"inLanguage\":\"pl-PL\",\"potentialAction\":[{\"@type\":\"ReadAction\",\"target\":[\"https:\\\/\\\/darsa.pl\\\/www\\\/pozyczki\\\/pozyczka-inwestycyjna-z-premia\\\/\"]}]},{\"@type\":\"ImageObject\",\"inLanguage\":\"pl-PL\",\"@id\":\"https:\\\/\\\/darsa.pl\\\/www\\\/pozyczki\\\/pozyczka-inwestycyjna-z-premia\\\/#primaryimage\",\"url\":\"https:\\\/\\\/darsa.pl\\\/www\\\/wp-content\\\/uploads\\\/2020\\\/11\\\/logo_FE_Program_Regionalny_rgb-1.jpg\",\"contentUrl\":\"https:\\\/\\\/darsa.pl\\\/www\\\/wp-content\\\/uploads\\\/2020\\\/11\\\/logo_FE_Program_Regionalny_rgb-1.jpg\",\"width\":1080,\"height\":567,\"caption\":\"www.dreamsart.pl\"},{\"@type\":\"BreadcrumbList\",\"@id\":\"https:\\\/\\\/darsa.pl\\\/www\\\/pozyczki\\\/pozyczka-inwestycyjna-z-premia\\\/#breadcrumb\",\"itemListElement\":[{\"@type\":\"ListItem\",\"position\":1,\"name\":\"Strona g\u0142\u00f3wna\",\"item\":\"https:\\\/\\\/darsa.pl\\\/www\\\/\"},{\"@type\":\"ListItem\",\"position\":2,\"name\":\"PO\u017bYCZKI\",\"item\":\"https:\\\/\\\/darsa.pl\\\/www\\\/pozyczki\\\/\"},{\"@type\":\"ListItem\",\"position\":3,\"name\":\"PO\u017bYCZKI INWESTYCYJNE Z PREMI\u0104\"}]},{\"@type\":\"WebSite\",\"@id\":\"https:\\\/\\\/darsa.pl\\\/www\\\/#website\",\"url\":\"https:\\\/\\\/darsa.pl\\\/www\\\/\",\"name\":\"Dzia\u0142dowska Agencja Rozwoju S.A.\",\"description\":\"Wspieranie ma\u0142ych i \u015brednich przedsi\u0119biorstw, edukacja i szkolenia.\",\"publisher\":{\"@id\":\"https:\\\/\\\/darsa.pl\\\/www\\\/#organization\"},\"potentialAction\":[{\"@type\":\"SearchAction\",\"target\":{\"@type\":\"EntryPoint\",\"urlTemplate\":\"https:\\\/\\\/darsa.pl\\\/www\\\/?s={search_term_string}\"},\"query-input\":{\"@type\":\"PropertyValueSpecification\",\"valueRequired\":true,\"valueName\":\"search_term_string\"}}],\"inLanguage\":\"pl-PL\"},{\"@type\":\"Organization\",\"@id\":\"https:\\\/\\\/darsa.pl\\\/www\\\/#organization\",\"name\":\"Dzia\u0142dowska Agencja Rozwoju S.A.\",\"url\":\"https:\\\/\\\/darsa.pl\\\/www\\\/\",\"logo\":{\"@type\":\"ImageObject\",\"inLanguage\":\"pl-PL\",\"@id\":\"https:\\\/\\\/darsa.pl\\\/www\\\/#\\\/schema\\\/logo\\\/image\\\/\",\"url\":\"https:\\\/\\\/darsa.pl\\\/www\\\/wp-content\\\/uploads\\\/2020\\\/06\\\/logo_h200px.png\",\"contentUrl\":\"https:\\\/\\\/darsa.pl\\\/www\\\/wp-content\\\/uploads\\\/2020\\\/06\\\/logo_h200px.png\",\"width\":856,\"height\":200,\"caption\":\"Dzia\u0142dowska Agencja Rozwoju S.A.\"},\"image\":{\"@id\":\"https:\\\/\\\/darsa.pl\\\/www\\\/#\\\/schema\\\/logo\\\/image\\\/\"}}]}<\/script>\n<!-- \/ Yoast SEO plugin. -->","yoast_head_json":{"title":"Dzia\u0142dowska Agencja Rozwoju S.A.","description":"Wspieranie ma\u0142ych i \u015brednich przedsi\u0119biorstw, edukacja i szkolenia.","robots":{"index":"index","follow":"follow","max-snippet":"max-snippet:-1","max-image-preview":"max-image-preview:large","max-video-preview":"max-video-preview:-1"},"canonical":"https:\/\/darsa.pl\/www\/pozyczki\/pozyczka-inwestycyjna-z-premia\/","og_locale":"pl_PL","og_type":"article","og_description":"Wspieranie ma\u0142ych i \u015brednich przedsi\u0119biorstw, edukacja i szkolenia.","og_url":"https:\/\/darsa.pl\/www\/pozyczki\/pozyczka-inwestycyjna-z-premia\/","og_site_name":"Dzia\u0142dowska Agencja Rozwoju S.A.","article_modified_time":"2022-03-03T15:59:37+00:00","og_image":[{"url":"https:\/\/darsa.pl\/www\/wp-content\/uploads\/2020\/11\/logo_FE_Program_Regionalny_rgb-1-1024x538.jpg","type":"","width":"","height":""}],"twitter_card":"summary_large_image","twitter_misc":{"Szacowany czas czytania":"3 minuty"},"schema":{"@context":"https:\/\/schema.org","@graph":[{"@type":"WebPage","@id":"https:\/\/darsa.pl\/www\/pozyczki\/pozyczka-inwestycyjna-z-premia\/","url":"https:\/\/darsa.pl\/www\/pozyczki\/pozyczka-inwestycyjna-z-premia\/","name":"","isPartOf":{"@id":"https:\/\/darsa.pl\/www\/#website"},"primaryImageOfPage":{"@id":"https:\/\/darsa.pl\/www\/pozyczki\/pozyczka-inwestycyjna-z-premia\/#primaryimage"},"image":{"@id":"https:\/\/darsa.pl\/www\/pozyczki\/pozyczka-inwestycyjna-z-premia\/#primaryimage"},"thumbnailUrl":"https:\/\/darsa.pl\/www\/wp-content\/uploads\/2020\/11\/logo_FE_Program_Regionalny_rgb-1-1024x538.jpg","datePublished":"2020-11-18T10:27:39+00:00","dateModified":"2022-03-03T15:59:37+00:00","description":"Wspieranie ma\u0142ych i \u015brednich przedsi\u0119biorstw, edukacja i szkolenia.","breadcrumb":{"@id":"https:\/\/darsa.pl\/www\/pozyczki\/pozyczka-inwestycyjna-z-premia\/#breadcrumb"},"inLanguage":"pl-PL","potentialAction":[{"@type":"ReadAction","target":["https:\/\/darsa.pl\/www\/pozyczki\/pozyczka-inwestycyjna-z-premia\/"]}]},{"@type":"ImageObject","inLanguage":"pl-PL","@id":"https:\/\/darsa.pl\/www\/pozyczki\/pozyczka-inwestycyjna-z-premia\/#primaryimage","url":"https:\/\/darsa.pl\/www\/wp-content\/uploads\/2020\/11\/logo_FE_Program_Regionalny_rgb-1.jpg","contentUrl":"https:\/\/darsa.pl\/www\/wp-content\/uploads\/2020\/11\/logo_FE_Program_Regionalny_rgb-1.jpg","width":1080,"height":567,"caption":"www.dreamsart.pl"},{"@type":"BreadcrumbList","@id":"https:\/\/darsa.pl\/www\/pozyczki\/pozyczka-inwestycyjna-z-premia\/#breadcrumb","itemListElement":[{"@type":"ListItem","position":1,"name":"Strona g\u0142\u00f3wna","item":"https:\/\/darsa.pl\/www\/"},{"@type":"ListItem","position":2,"name":"PO\u017bYCZKI","item":"https:\/\/darsa.pl\/www\/pozyczki\/"},{"@type":"ListItem","position":3,"name":"PO\u017bYCZKI INWESTYCYJNE Z PREMI\u0104"}]},{"@type":"WebSite","@id":"https:\/\/darsa.pl\/www\/#website","url":"https:\/\/darsa.pl\/www\/","name":"Dzia\u0142dowska Agencja Rozwoju S.A.","description":"Wspieranie ma\u0142ych i \u015brednich przedsi\u0119biorstw, edukacja i szkolenia.","publisher":{"@id":"https:\/\/darsa.pl\/www\/#organization"},"potentialAction":[{"@type":"SearchAction","target":{"@type":"EntryPoint","urlTemplate":"https:\/\/darsa.pl\/www\/?s={search_term_string}"},"query-input":{"@type":"PropertyValueSpecification","valueRequired":true,"valueName":"search_term_string"}}],"inLanguage":"pl-PL"},{"@type":"Organization","@id":"https:\/\/darsa.pl\/www\/#organization","name":"Dzia\u0142dowska Agencja Rozwoju S.A.","url":"https:\/\/darsa.pl\/www\/","logo":{"@type":"ImageObject","inLanguage":"pl-PL","@id":"https:\/\/darsa.pl\/www\/#\/schema\/logo\/image\/","url":"https:\/\/darsa.pl\/www\/wp-content\/uploads\/2020\/06\/logo_h200px.png","contentUrl":"https:\/\/darsa.pl\/www\/wp-content\/uploads\/2020\/06\/logo_h200px.png","width":856,"height":200,"caption":"Dzia\u0142dowska Agencja Rozwoju S.A."},"image":{"@id":"https:\/\/darsa.pl\/www\/#\/schema\/logo\/image\/"}}]}},"_links":{"self":[{"href":"https:\/\/darsa.pl\/www\/wp-json\/wp\/v2\/pages\/2525","targetHints":{"allow":["GET"]}}],"collection":[{"href":"https:\/\/darsa.pl\/www\/wp-json\/wp\/v2\/pages"}],"about":[{"href":"https:\/\/darsa.pl\/www\/wp-json\/wp\/v2\/types\/page"}],"author":[{"embeddable":true,"href":"https:\/\/darsa.pl\/www\/wp-json\/wp\/v2\/users\/1"}],"replies":[{"embeddable":true,"href":"https:\/\/darsa.pl\/www\/wp-json\/wp\/v2\/comments?post=2525"}],"version-history":[{"count":41,"href":"https:\/\/darsa.pl\/www\/wp-json\/wp\/v2\/pages\/2525\/revisions"}],"predecessor-version":[{"id":4136,"href":"https:\/\/darsa.pl\/www\/wp-json\/wp\/v2\/pages\/2525\/revisions\/4136"}],"up":[{"embeddable":true,"href":"https:\/\/darsa.pl\/www\/wp-json\/wp\/v2\/pages\/38"}],"wp:attachment":[{"href":"https:\/\/darsa.pl\/www\/wp-json\/wp\/v2\/media?parent=2525"}],"curies":[{"name":"wp","href":"https:\/\/api.w.org\/{rel}","templated":true}]}}