{"id":165,"date":"2020-06-28T23:28:56","date_gmt":"2020-06-28T21:28:56","guid":{"rendered":"https:\/\/darsa.pl\/www\/?page_id=165"},"modified":"2024-07-03T14:33:48","modified_gmt":"2024-07-03T12:33:48","slug":"o-nas","status":"publish","type":"page","link":"https:\/\/darsa.pl\/www\/o-nas\/","title":{"rendered":"O NAS"},"content":{"rendered":"\t\t<div data-elementor-type=\"wp-page\" data-elementor-id=\"165\" class=\"elementor elementor-165\">\n\t\t\t\t\t\t<section class=\"elementor-section elementor-top-section elementor-element elementor-element-16394d69 elementor-section-boxed elementor-section-height-default elementor-section-height-default\" data-id=\"16394d69\" data-element_type=\"section\" data-e-type=\"section\" data-settings=\"{&quot;background_background&quot;:&quot;gradient&quot;}\">\n\t\t\t\t\t\t<div class=\"elementor-container elementor-column-gap-default\">\n\t\t\t\t\t<div class=\"elementor-column elementor-col-100 elementor-top-column elementor-element elementor-element-5a3696f2\" data-id=\"5a3696f2\" data-element_type=\"column\" data-e-type=\"column\">\n\t\t\t<div class=\"elementor-widget-wrap elementor-element-populated\">\n\t\t\t\t\t\t<div class=\"elementor-element elementor-element-48939ee6 elementor-widget elementor-widget-eael-image-accordion\" data-id=\"48939ee6\" data-element_type=\"widget\" data-e-type=\"widget\" data-widget_type=\"eael-image-accordion.default\">\n\t\t\t\t<div class=\"elementor-widget-container\">\n\t\t\t\t\t    <div class=\"eael-img-accordion accordion-direction-horizontal eael-img-accordion-horizontal-align-center eael-img-accordion-vertical-align-center\" id=\"eael-img-accordion-48939ee6\" data-img-accordion-id=\"48939ee6\" data-img-accordion-type=\"on-hover\">\n                    \n            <div class=\"eael-image-accordion-hover eael-image-accordion-item\" style=\"background-image: url(https:\/\/darsa.pl\/www\/wp-content\/uploads\/2020\/10\/lg_wladze.png);\"  tabindex=\"0\">\n                <div class=\"overlay\">\n                                        <div class=\"overlay-inner \">\n                        <a href=\"https:\/\/darsa.pl\/www\/o-nas\/wladze-spolki\/\"><h2 class=\"img-accordion-title\">W\u0142adze sp\u00f3\u0142ki<\/h2><\/a>                            <p><p style=\"text-align: center\"><strong>kliknij, aby przej\u015b\u0107 do sekcji<\/strong><\/p><\/p>\n                                            <\/div>\n                <\/div>\n            <\/div>\n                    \n            <div class=\"eael-image-accordion-hover eael-image-accordion-item\" style=\"background-image: url(https:\/\/darsa.pl\/www\/wp-content\/uploads\/2020\/10\/lg_statut.png);\"  tabindex=\"0\">\n                <div class=\"overlay\">\n                                        <div class=\"overlay-inner \">\n                        <a href=\"https:\/\/darsa.pl\/www\/o-nas\/statut-2\/\"><h2 class=\"img-accordion-title\">Statut<\/h2><\/a>                            <p><p style=\"text-align: center\"><strong>kliknij, aby przej\u015b\u0107 do sekcji<\/strong><\/p><\/p>\n                                            <\/div>\n                <\/div>\n            <\/div>\n                    \n            <div class=\"eael-image-accordion-hover eael-image-accordion-item\" style=\"background-image: url(https:\/\/darsa.pl\/www\/wp-content\/uploads\/2020\/10\/lg_regulaminy.png);\"  tabindex=\"0\">\n                <div class=\"overlay\">\n                                        <div class=\"overlay-inner \">\n                        <a href=\"https:\/\/darsa.pl\/www\/o-nas\/regulaminy-2\/\"><h2 class=\"img-accordion-title\">Regulaminy<\/h2><\/a>                            <p><p style=\"text-align: center\"><strong>kliknij, aby przej\u015b\u0107 do sekcji<\/strong><\/p><\/p>\n                                            <\/div>\n                <\/div>\n            <\/div>\n                <\/div>\n        <style typr=\"text\/css\">\n                    #eael-img-accordion-48939ee6 .eael-image-accordion-hover:hover {\n                        flex: 3 1 0% !important;\n                    }\n                    #eael-img-accordion-48939ee6 .eael-image-accordion-hover:hover:hover .overlay-inner * {\n                        opacity: 1;\n                        visibility: visible;\n                        transform: none;\n                        transition: all .3s .3s;\n                    }\n                <\/style>\t\t\t\t<\/div>\n\t\t\t\t<\/div>\n\t\t\t\t\t<\/div>\n\t\t<\/div>\n\t\t\t\t\t<\/div>\n\t\t<\/section>\n\t\t\t\t<section class=\"elementor-section elementor-top-section elementor-element elementor-element-623d282 elementor-section-boxed elementor-section-height-default elementor-section-height-default\" data-id=\"623d282\" data-element_type=\"section\" data-e-type=\"section\" data-settings=\"{&quot;background_background&quot;:&quot;gradient&quot;}\">\n\t\t\t\t\t\t<div class=\"elementor-container elementor-column-gap-default\">\n\t\t\t\t\t<div class=\"elementor-column elementor-col-100 elementor-top-column elementor-element elementor-element-7f67864\" data-id=\"7f67864\" data-element_type=\"column\" data-e-type=\"column\">\n\t\t\t<div class=\"elementor-widget-wrap elementor-element-populated\">\n\t\t\t\t\t\t<div class=\"elementor-element elementor-element-3507d65 elementor-widget elementor-widget-eael-image-accordion\" data-id=\"3507d65\" data-element_type=\"widget\" data-e-type=\"widget\" data-widget_type=\"eael-image-accordion.default\">\n\t\t\t\t<div class=\"elementor-widget-container\">\n\t\t\t\t\t    <div class=\"eael-img-accordion accordion-direction-horizontal eael-img-accordion-horizontal-align-center eael-img-accordion-vertical-align-center\" id=\"eael-img-accordion-3507d65\" data-img-accordion-id=\"3507d65\" data-img-accordion-type=\"on-hover\">\n                    \n            <div class=\"eael-image-accordion-hover eael-image-accordion-item\" style=\"background-image: url(https:\/\/darsa.pl\/www\/wp-content\/uploads\/2020\/10\/lg_ochronadanych.png);\"  tabindex=\"0\">\n                <div class=\"overlay\">\n                                        <div class=\"overlay-inner \">\n                        <a href=\"https:\/\/darsa.pl\/www\/o-nas\/ochrona-danych-osobowych\/\"><h2 class=\"img-accordion-title\">Ochrona danych osobowych<\/h2><\/a>                            <p><p style=\"text-align: center\"><strong>kliknij, aby przej\u015b\u0107 do sekcji<\/strong><\/p><\/p>\n                                            <\/div>\n                <\/div>\n            <\/div>\n                    \n            <div class=\"eael-image-accordion-hover eael-image-accordion-item\" style=\"background-image: url(https:\/\/darsa.pl\/www\/wp-content\/uploads\/2020\/10\/lg_aukcjonariusze.png);\"  tabindex=\"0\">\n                <div class=\"overlay\">\n                                        <div class=\"overlay-inner \">\n                        <a href=\"https:\/\/darsa.pl\/www\/o-nas\/ogloszenia-dla-akcjonariuszy\/\"><h2 class=\"img-accordion-title\">Og\u0142oszenia dla akcjonariuszy<\/h2><\/a>                            <p><p style=\"text-align: center\"><strong>kliknij, aby przej\u015b\u0107 do sekcji<\/strong><\/p><\/p>\n                                            <\/div>\n                <\/div>\n            <\/div>\n                <\/div>\n        <style typr=\"text\/css\">\n                    #eael-img-accordion-3507d65 .eael-image-accordion-hover:hover {\n                        flex: 3 1 0% !important;\n                    }\n                    #eael-img-accordion-3507d65 .eael-image-accordion-hover:hover:hover .overlay-inner * {\n                        opacity: 1;\n                        visibility: visible;\n                        transform: none;\n                        transition: all .3s .3s;\n                    }\n                <\/style>\t\t\t\t<\/div>\n\t\t\t\t<\/div>\n\t\t\t\t\t<\/div>\n\t\t<\/div>\n\t\t\t\t\t<\/div>\n\t\t<\/section>\n\t\t\t\t<section class=\"elementor-section elementor-top-section elementor-element elementor-element-496a2896 elementor-section-boxed elementor-section-height-default elementor-section-height-default\" data-id=\"496a2896\" data-element_type=\"section\" data-e-type=\"section\">\n\t\t\t\t\t\t<div class=\"elementor-container elementor-column-gap-default\">\n\t\t\t\t\t<div class=\"elementor-column elementor-col-100 elementor-top-column elementor-element elementor-element-17c29827\" data-id=\"17c29827\" data-element_type=\"column\" data-e-type=\"column\">\n\t\t\t<div class=\"elementor-widget-wrap elementor-element-populated\">\n\t\t\t\t\t\t<div class=\"elementor-element elementor-element-165a4f58 elementor-widget elementor-widget-text-editor\" data-id=\"165a4f58\" data-element_type=\"widget\" data-e-type=\"widget\" data-widget_type=\"text-editor.default\">\n\t\t\t\t<div class=\"elementor-widget-container\">\n\t\t\t\t\t\t\t\t\t<p><b>Dzia\u0142dowska Agencja Rozwoju S.A.<span>\u00a0<\/span><\/b><span>z siedzib\u0105 w Dzia\u0142dowie przy ul. W\u0142. Jagie\u0142\u0142y 15, wpisana do KRS pod nr 0000129760 w S\u0105dzie Rejonowymi w Olsztynie, VIII Wydzia\u0142 Krajowego Rejestru S\u0105dowego z kapita\u0142em zak\u0142adowym 1 432 800 z\u0142, w ca\u0142o\u015bci op\u0142aconym, posiadaj\u0105ca numer NIP 5711000706 &#8211; powsta\u0142a w 1994 roku.<\/span>\u00a0Od pocz\u0105tku istnienia konsekwentnie kroczy drog\u0105 wytyczonych jej Statutem zada\u0144. Na ich czele stoj\u0105, m. in. zadania zwi\u0105zane ze wspomaganiem rozwoju gospodarczego, kulturalnego i spo\u0142ecznego Miasta i Gminy Dzia\u0142dowo w zakresie kszta\u0142towania i realizacji polityki regionalnej, ale tak\u017ce wsp\u00f3\u0142praca z instytucjami pa\u0144stwowymi i samorz\u0105dowymi oraz kompleksowa obs\u0142uga ma\u0142ych i \u015brednich przedsi\u0119biorstw. \u00a0\u00a0<\/p><p>Sp\u00f3\u0142k\u0119 charakteryzuje wielotorowo\u015b\u0107 dzia\u0142ania, kt\u00f3ra przejawia si\u0119 podejmowaniem dzia\u0142a\u0144 wp\u0142ywaj\u0105cych po\u015brednio lub bezpo\u015brednio na polepszenie jako\u015bci \u017cycia na terenie Miasta i Gminy Dzia\u0142dowo. Przejawem funkcjonowania Sp\u00f3\u0142ki jest kilkadziesi\u0105t zrealizowanych projekt\u00f3w, niekt\u00f3re z nich funkcjonuj\u0105 do dnia dzisiejszego. Zalicza si\u0119 do nich m. in. Centrum Kszta\u0142cenia Ustawicznego DAR S.A., Dzia\u0142dowski Fundusz Przedsi\u0119biorczo\u015bci oraz O\u015brodek Szkoleniowo \u2013 Informacyjny Przedsi\u0119biorczo\u015bci.<\/p><p>W ci\u0105gu kilkunastu lat swojego istnienia DAR S.A. ewoluowa\u0142a i w spos\u00f3b ci\u0105g\u0142y umacnia\u0142a swoj\u0105 pozycj\u0119 w\u015br\u00f3d organizacji zajmuj\u0105cych si\u0119 wspomaganiem rozwoju lokalnego. Zadania realizowali\u015bmy zgodnie z oczekiwaniami &#8211; z jednej strony za\u0142o\u017cycieli Sp\u00f3\u0142ki, z drugiej za\u015b strony odbiorc\u00f3w us\u0142ug, czyli mieszka\u0144c\u00f3w rejonu, zw\u0142aszcza Miasta<br \/>i Gminy Dzia\u0142dowo. Do podstawowych narz\u0119dzi jakimi pos\u0142ugujemy si\u0119 w tym celu nale\u017c\u0105:<\/p><ul><li>po\u017cyczki dla mikro, ma\u0142ych i \u015brednich przedsi\u0119biorc\u00f3w oraz os\u00f3b rozpoczynaj\u0105cych dzia\u0142alno\u015b\u0107,<\/li><li>por\u0119czenia, udzielane jako zabezpieczenia do kredyt\u00f3w i po\u017cyczek, finansowane zar\u00f3wno ze \u015brodk\u00f3w w\u0142asnych Agencji, jak i ze \u015brodk\u00f3w uzyskanych w ramach funduszy unijnych,<\/li><li>doradztwo dla ma\u0142ych i \u015brednich przedsi\u0119biorstw,<\/li><li>szkolenia,<\/li><li>kursy j\u0119zykowe,<\/li><li>edukacja doros\u0142ych,<\/li><li>doskonalenie nauczycieli.\u00a0<\/li><\/ul>\t\t\t\t\t\t\t\t<\/div>\n\t\t\t\t<\/div>\n\t\t\t\t\t<\/div>\n\t\t<\/div>\n\t\t\t\t\t<\/div>\n\t\t<\/section>\n\t\t\t\t<section class=\"elementor-section elementor-top-section elementor-element elementor-element-438502af elementor-section-boxed elementor-section-height-default elementor-section-height-default\" data-id=\"438502af\" data-element_type=\"section\" data-e-type=\"section\">\n\t\t\t\t\t\t<div class=\"elementor-container elementor-column-gap-default\">\n\t\t\t\t\t<div class=\"elementor-column elementor-col-50 elementor-top-column elementor-element elementor-element-18a71edf\" data-id=\"18a71edf\" data-element_type=\"column\" data-e-type=\"column\">\n\t\t\t<div class=\"elementor-widget-wrap elementor-element-populated\">\n\t\t\t\t\t\t<div class=\"elementor-element elementor-element-49b3428a elementor-widget elementor-widget-counter\" data-id=\"49b3428a\" data-element_type=\"widget\" data-e-type=\"widget\" data-widget_type=\"counter.default\">\n\t\t\t\t<div class=\"elementor-widget-container\">\n\t\t\t\t\t\t\t<div class=\"elementor-counter\">\n\t\t\t<div class=\"elementor-counter-title\">Kwota udzielonych po\u017cyczek (w PLN)<\/div>\t\t\t<div class=\"elementor-counter-number-wrapper\">\n\t\t\t\t<span class=\"elementor-counter-number-prefix\"><\/span>\n\t\t\t\t<span class=\"elementor-counter-number\" data-duration=\"5000\" data-to-value=\"210689890\" data-from-value=\"0\" data-delimiter=\" \">0<\/span>\n\t\t\t\t<span class=\"elementor-counter-number-suffix\"><\/span>\n\t\t\t<\/div>\n\t\t<\/div>\n\t\t\t\t\t\t<\/div>\n\t\t\t\t<\/div>\n\t\t\t\t\t<\/div>\n\t\t<\/div>\n\t\t\t\t<div class=\"elementor-column elementor-col-50 elementor-top-column elementor-element elementor-element-6928e040\" data-id=\"6928e040\" data-element_type=\"column\" data-e-type=\"column\">\n\t\t\t<div class=\"elementor-widget-wrap elementor-element-populated\">\n\t\t\t\t\t\t<div class=\"elementor-element elementor-element-7aac0b97 elementor-widget elementor-widget-counter\" data-id=\"7aac0b97\" data-element_type=\"widget\" data-e-type=\"widget\" data-widget_type=\"counter.default\">\n\t\t\t\t<div class=\"elementor-widget-container\">\n\t\t\t\t\t\t\t<div class=\"elementor-counter\">\n\t\t\t<div class=\"elementor-counter-title\">Liczba udzielonych po\u017cyczek<\/div>\t\t\t<div class=\"elementor-counter-number-wrapper\">\n\t\t\t\t<span class=\"elementor-counter-number-prefix\"><\/span>\n\t\t\t\t<span class=\"elementor-counter-number\" data-duration=\"3000\" data-to-value=\"1793\" data-from-value=\"0\" data-delimiter=\" \">0<\/span>\n\t\t\t\t<span class=\"elementor-counter-number-suffix\"><\/span>\n\t\t\t<\/div>\n\t\t<\/div>\n\t\t\t\t\t\t<\/div>\n\t\t\t\t<\/div>\n\t\t\t\t\t<\/div>\n\t\t<\/div>\n\t\t\t\t\t<\/div>\n\t\t<\/section>\n\t\t\t\t<\/div>\n\t\t","protected":false},"excerpt":{"rendered":"<p>W\u0142adze sp\u00f3\u0142ki kliknij, aby przej\u015b\u0107 do sekcji Statut kliknij, aby przej\u015b\u0107 do sekcji Regulaminy kliknij, aby przej\u015b\u0107 do sekcji Ochrona danych osobowych kliknij, aby przej\u015b\u0107 do sekcji Og\u0142oszenia dla akcjonariuszy kliknij, aby przej\u015b\u0107 do sekcji Dzia\u0142dowska Agencja Rozwoju S.A.\u00a0z siedzib\u0105 w Dzia\u0142dowie przy ul. W\u0142. Jagie\u0142\u0142y 15, wpisana do KRS [&hellip;]<\/p>\n","protected":false},"author":1,"featured_media":0,"parent":0,"menu_order":0,"comment_status":"closed","ping_status":"closed","template":"elementor_header_footer","meta":{"footnotes":""},"class_list":["post-165","page","type-page","status-publish","hentry"],"yoast_head":"<!-- This site is optimized with the Yoast SEO plugin v27.3 - https:\/\/yoast.com\/product\/yoast-seo-wordpress\/ -->\n<title>Dzia\u0142dowska Agencja Rozwoju S.A.<\/title>\n<meta name=\"description\" content=\"Wspieranie ma\u0142ych i \u015brednich przedsi\u0119biorstw, edukacja i szkolenia.\" \/>\n<meta name=\"robots\" content=\"index, follow, max-snippet:-1, max-image-preview:large, max-video-preview:-1\" \/>\n<link rel=\"canonical\" href=\"https:\/\/darsa.pl\/www\/o-nas\/\" \/>\n<meta property=\"og:locale\" content=\"pl_PL\" \/>\n<meta property=\"og:type\" content=\"article\" \/>\n<meta property=\"og:description\" content=\"Wspieranie ma\u0142ych i \u015brednich przedsi\u0119biorstw, edukacja i szkolenia.\" \/>\n<meta property=\"og:url\" content=\"https:\/\/darsa.pl\/www\/o-nas\/\" \/>\n<meta property=\"og:site_name\" content=\"Dzia\u0142dowska Agencja Rozwoju S.A.\" \/>\n<meta property=\"article:modified_time\" content=\"2024-07-03T12:33:48+00:00\" \/>\n<meta property=\"og:image\" content=\"https:\/\/darsa.pl\/www\/wp-content\/uploads\/2020\/07\/og_img3.png\" \/>\n\t<meta property=\"og:image:width\" content=\"1200\" \/>\n\t<meta property=\"og:image:height\" content=\"630\" \/>\n\t<meta property=\"og:image:type\" content=\"image\/png\" \/>\n<meta name=\"twitter:card\" content=\"summary_large_image\" \/>\n<meta name=\"twitter:label1\" content=\"Szacowany czas czytania\" \/>\n\t<meta name=\"twitter:data1\" content=\"2 minuty\" \/>\n<script type=\"application\/ld+json\" class=\"yoast-schema-graph\">{\"@context\":\"https:\\\/\\\/schema.org\",\"@graph\":[{\"@type\":\"WebPage\",\"@id\":\"https:\\\/\\\/darsa.pl\\\/www\\\/o-nas\\\/\",\"url\":\"https:\\\/\\\/darsa.pl\\\/www\\\/o-nas\\\/\",\"name\":\"\",\"isPartOf\":{\"@id\":\"https:\\\/\\\/darsa.pl\\\/www\\\/#website\"},\"datePublished\":\"2020-06-28T21:28:56+00:00\",\"dateModified\":\"2024-07-03T12:33:48+00:00\",\"description\":\"Wspieranie ma\u0142ych i \u015brednich przedsi\u0119biorstw, edukacja i szkolenia.\",\"breadcrumb\":{\"@id\":\"https:\\\/\\\/darsa.pl\\\/www\\\/o-nas\\\/#breadcrumb\"},\"inLanguage\":\"pl-PL\",\"potentialAction\":[{\"@type\":\"ReadAction\",\"target\":[\"https:\\\/\\\/darsa.pl\\\/www\\\/o-nas\\\/\"]}]},{\"@type\":\"BreadcrumbList\",\"@id\":\"https:\\\/\\\/darsa.pl\\\/www\\\/o-nas\\\/#breadcrumb\",\"itemListElement\":[{\"@type\":\"ListItem\",\"position\":1,\"name\":\"Strona g\u0142\u00f3wna\",\"item\":\"https:\\\/\\\/darsa.pl\\\/www\\\/\"},{\"@type\":\"ListItem\",\"position\":2,\"name\":\"O NAS\"}]},{\"@type\":\"WebSite\",\"@id\":\"https:\\\/\\\/darsa.pl\\\/www\\\/#website\",\"url\":\"https:\\\/\\\/darsa.pl\\\/www\\\/\",\"name\":\"Dzia\u0142dowska Agencja Rozwoju S.A.\",\"description\":\"Wspieranie ma\u0142ych i \u015brednich przedsi\u0119biorstw, edukacja i szkolenia.\",\"publisher\":{\"@id\":\"https:\\\/\\\/darsa.pl\\\/www\\\/#organization\"},\"potentialAction\":[{\"@type\":\"SearchAction\",\"target\":{\"@type\":\"EntryPoint\",\"urlTemplate\":\"https:\\\/\\\/darsa.pl\\\/www\\\/?s={search_term_string}\"},\"query-input\":{\"@type\":\"PropertyValueSpecification\",\"valueRequired\":true,\"valueName\":\"search_term_string\"}}],\"inLanguage\":\"pl-PL\"},{\"@type\":\"Organization\",\"@id\":\"https:\\\/\\\/darsa.pl\\\/www\\\/#organization\",\"name\":\"Dzia\u0142dowska Agencja Rozwoju S.A.\",\"url\":\"https:\\\/\\\/darsa.pl\\\/www\\\/\",\"logo\":{\"@type\":\"ImageObject\",\"inLanguage\":\"pl-PL\",\"@id\":\"https:\\\/\\\/darsa.pl\\\/www\\\/#\\\/schema\\\/logo\\\/image\\\/\",\"url\":\"https:\\\/\\\/darsa.pl\\\/www\\\/wp-content\\\/uploads\\\/2020\\\/06\\\/logo_h200px.png\",\"contentUrl\":\"https:\\\/\\\/darsa.pl\\\/www\\\/wp-content\\\/uploads\\\/2020\\\/06\\\/logo_h200px.png\",\"width\":856,\"height\":200,\"caption\":\"Dzia\u0142dowska Agencja Rozwoju S.A.\"},\"image\":{\"@id\":\"https:\\\/\\\/darsa.pl\\\/www\\\/#\\\/schema\\\/logo\\\/image\\\/\"}}]}<\/script>\n<!-- \/ Yoast SEO plugin. -->","yoast_head_json":{"title":"Dzia\u0142dowska Agencja Rozwoju S.A.","description":"Wspieranie ma\u0142ych i \u015brednich przedsi\u0119biorstw, edukacja i szkolenia.","robots":{"index":"index","follow":"follow","max-snippet":"max-snippet:-1","max-image-preview":"max-image-preview:large","max-video-preview":"max-video-preview:-1"},"canonical":"https:\/\/darsa.pl\/www\/o-nas\/","og_locale":"pl_PL","og_type":"article","og_description":"Wspieranie ma\u0142ych i \u015brednich przedsi\u0119biorstw, edukacja i szkolenia.","og_url":"https:\/\/darsa.pl\/www\/o-nas\/","og_site_name":"Dzia\u0142dowska Agencja Rozwoju S.A.","article_modified_time":"2024-07-03T12:33:48+00:00","og_image":[{"width":1200,"height":630,"url":"https:\/\/darsa.pl\/www\/wp-content\/uploads\/2020\/07\/og_img3.png","type":"image\/png"}],"twitter_card":"summary_large_image","twitter_misc":{"Szacowany czas czytania":"2 minuty"},"schema":{"@context":"https:\/\/schema.org","@graph":[{"@type":"WebPage","@id":"https:\/\/darsa.pl\/www\/o-nas\/","url":"https:\/\/darsa.pl\/www\/o-nas\/","name":"","isPartOf":{"@id":"https:\/\/darsa.pl\/www\/#website"},"datePublished":"2020-06-28T21:28:56+00:00","dateModified":"2024-07-03T12:33:48+00:00","description":"Wspieranie ma\u0142ych i \u015brednich przedsi\u0119biorstw, edukacja i szkolenia.","breadcrumb":{"@id":"https:\/\/darsa.pl\/www\/o-nas\/#breadcrumb"},"inLanguage":"pl-PL","potentialAction":[{"@type":"ReadAction","target":["https:\/\/darsa.pl\/www\/o-nas\/"]}]},{"@type":"BreadcrumbList","@id":"https:\/\/darsa.pl\/www\/o-nas\/#breadcrumb","itemListElement":[{"@type":"ListItem","position":1,"name":"Strona g\u0142\u00f3wna","item":"https:\/\/darsa.pl\/www\/"},{"@type":"ListItem","position":2,"name":"O NAS"}]},{"@type":"WebSite","@id":"https:\/\/darsa.pl\/www\/#website","url":"https:\/\/darsa.pl\/www\/","name":"Dzia\u0142dowska Agencja Rozwoju S.A.","description":"Wspieranie ma\u0142ych i \u015brednich przedsi\u0119biorstw, edukacja i szkolenia.","publisher":{"@id":"https:\/\/darsa.pl\/www\/#organization"},"potentialAction":[{"@type":"SearchAction","target":{"@type":"EntryPoint","urlTemplate":"https:\/\/darsa.pl\/www\/?s={search_term_string}"},"query-input":{"@type":"PropertyValueSpecification","valueRequired":true,"valueName":"search_term_string"}}],"inLanguage":"pl-PL"},{"@type":"Organization","@id":"https:\/\/darsa.pl\/www\/#organization","name":"Dzia\u0142dowska Agencja Rozwoju S.A.","url":"https:\/\/darsa.pl\/www\/","logo":{"@type":"ImageObject","inLanguage":"pl-PL","@id":"https:\/\/darsa.pl\/www\/#\/schema\/logo\/image\/","url":"https:\/\/darsa.pl\/www\/wp-content\/uploads\/2020\/06\/logo_h200px.png","contentUrl":"https:\/\/darsa.pl\/www\/wp-content\/uploads\/2020\/06\/logo_h200px.png","width":856,"height":200,"caption":"Dzia\u0142dowska Agencja Rozwoju S.A."},"image":{"@id":"https:\/\/darsa.pl\/www\/#\/schema\/logo\/image\/"}}]}},"_links":{"self":[{"href":"https:\/\/darsa.pl\/www\/wp-json\/wp\/v2\/pages\/165","targetHints":{"allow":["GET"]}}],"collection":[{"href":"https:\/\/darsa.pl\/www\/wp-json\/wp\/v2\/pages"}],"about":[{"href":"https:\/\/darsa.pl\/www\/wp-json\/wp\/v2\/types\/page"}],"author":[{"embeddable":true,"href":"https:\/\/darsa.pl\/www\/wp-json\/wp\/v2\/users\/1"}],"replies":[{"embeddable":true,"href":"https:\/\/darsa.pl\/www\/wp-json\/wp\/v2\/comments?post=165"}],"version-history":[{"count":18,"href":"https:\/\/darsa.pl\/www\/wp-json\/wp\/v2\/pages\/165\/revisions"}],"predecessor-version":[{"id":5899,"href":"https:\/\/darsa.pl\/www\/wp-json\/wp\/v2\/pages\/165\/revisions\/5899"}],"wp:attachment":[{"href":"https:\/\/darsa.pl\/www\/wp-json\/wp\/v2\/media?parent=165"}],"curies":[{"name":"wp","href":"https:\/\/api.w.org\/{rel}","templated":true}]}}