{"id":163,"date":"2020-06-28T23:28:45","date_gmt":"2020-06-28T21:28:45","guid":{"rendered":"https:\/\/darsa.pl\/www\/?page_id=163"},"modified":"2020-08-07T07:53:43","modified_gmt":"2020-08-07T05:53:43","slug":"targowisko","status":"publish","type":"page","link":"https:\/\/darsa.pl\/www\/targowisko\/","title":{"rendered":"TARGOWISKO"},"content":{"rendered":"\t\t<div data-elementor-type=\"wp-page\" data-elementor-id=\"163\" class=\"elementor elementor-163\">\n\t\t\t\t\t\t<section class=\"elementor-section elementor-top-section elementor-element elementor-element-3b49dd3d elementor-section-boxed elementor-section-height-default elementor-section-height-default\" data-id=\"3b49dd3d\" data-element_type=\"section\" data-e-type=\"section\" data-settings=\"{&quot;background_background&quot;:&quot;gradient&quot;}\">\n\t\t\t\t\t\t<div class=\"elementor-container elementor-column-gap-default\">\n\t\t\t\t\t<div class=\"elementor-column elementor-col-100 elementor-top-column elementor-element elementor-element-473dc13f\" data-id=\"473dc13f\" data-element_type=\"column\" data-e-type=\"column\">\n\t\t\t<div class=\"elementor-widget-wrap elementor-element-populated\">\n\t\t\t\t\t\t<div class=\"elementor-element elementor-element-73a9348c elementor-widget elementor-widget-heading\" data-id=\"73a9348c\" data-element_type=\"widget\" data-e-type=\"widget\" data-widget_type=\"heading.default\">\n\t\t\t\t<div class=\"elementor-widget-container\">\n\t\t\t\t\t<h2 class=\"elementor-heading-title elementor-size-default\">Targowisko<\/h2>\t\t\t\t<\/div>\n\t\t\t\t<\/div>\n\t\t\t\t\t<\/div>\n\t\t<\/div>\n\t\t\t\t\t<\/div>\n\t\t<\/section>\n\t\t\t\t<section class=\"elementor-section elementor-top-section elementor-element elementor-element-5c846676 elementor-section-boxed elementor-section-height-default elementor-section-height-default\" data-id=\"5c846676\" data-element_type=\"section\" data-e-type=\"section\" data-settings=\"{&quot;background_background&quot;:&quot;classic&quot;}\">\n\t\t\t\t\t\t<div class=\"elementor-container elementor-column-gap-default\">\n\t\t\t\t\t<div class=\"elementor-column elementor-col-50 elementor-top-column elementor-element elementor-element-2b84c417\" data-id=\"2b84c417\" data-element_type=\"column\" data-e-type=\"column\">\n\t\t\t<div class=\"elementor-widget-wrap elementor-element-populated\">\n\t\t\t\t\t\t<div class=\"elementor-element elementor-element-3d2d69e elementor-widget elementor-widget-text-editor\" data-id=\"3d2d69e\" data-element_type=\"widget\" data-e-type=\"widget\" data-widget_type=\"text-editor.default\">\n\t\t\t\t<div class=\"elementor-widget-container\">\n\t\t\t\t\t\t\t\t\t<div align=\"justify\" style=\"text-align: center;\">Rok 2020 to dziesi\u0105ty rok istnienia i funkcjonowania nowego bazaru po\u0142o\u017conego przy ul. Hallera 33 w Dzia\u0142dowie, zarz\u0105dzanego przez Dzia\u0142dowsk\u0105 Agencj\u0119 Rozwoju S.A. Na placu bazarowym znajduj\u0105 si\u0119<span>\u00a0<\/span><strong>232 stanowiska odkryte oraz 60 zamkni\u0119tych, zadaszonych pawilon\u00f3w<\/strong>, wyposa\u017conych w energi\u0119 elektryczn\u0105 i wod\u0119.<\/div><div align=\"justify\">\u00a0<\/div><div align=\"justify\"><p style=\"text-align: center;\"><strong>Godziny funkcjonowania:<\/strong><\/p><p>\u00a0&#8211; w okresie letnim \/tj. od 01 kwietnia do 30 wrze\u015bnia\/<span>\u00a0<\/span><strong>6:00 &#8211; 18:00<\/strong><\/p><p>&#8211; w okresie zimowym \/tj. od 01 pa\u017adziernika do 31 marca\/<span>\u00a0<\/span><strong>7:00 &#8211; 17:00<\/strong><\/p><\/div>\t\t\t\t\t\t\t\t<\/div>\n\t\t\t\t<\/div>\n\t\t\t\t\t<\/div>\n\t\t<\/div>\n\t\t\t\t<div class=\"elementor-column elementor-col-50 elementor-top-column elementor-element elementor-element-250f18fd\" data-id=\"250f18fd\" data-element_type=\"column\" data-e-type=\"column\">\n\t\t\t<div class=\"elementor-widget-wrap elementor-element-populated\">\n\t\t\t\t\t\t<div class=\"elementor-element elementor-element-52ff31c1 elementor-widget elementor-widget-image\" data-id=\"52ff31c1\" data-element_type=\"widget\" data-e-type=\"widget\" data-widget_type=\"image.default\">\n\t\t\t\t<div class=\"elementor-widget-container\">\n\t\t\t\t\t\t\t\t\t\t\t\t\t\t\t<img fetchpriority=\"high\" decoding=\"async\" width=\"848\" height=\"546\" src=\"https:\/\/darsa.pl\/www\/wp-content\/uploads\/2020\/08\/targowisko.png\" class=\"attachment-full size-full wp-image-1449\" alt=\"\" srcset=\"https:\/\/darsa.pl\/www\/wp-content\/uploads\/2020\/08\/targowisko.png 848w, https:\/\/darsa.pl\/www\/wp-content\/uploads\/2020\/08\/targowisko-300x193.png 300w, https:\/\/darsa.pl\/www\/wp-content\/uploads\/2020\/08\/targowisko-768x494.png 768w\" sizes=\"(max-width: 848px) 100vw, 848px\" \/>\t\t\t\t\t\t\t\t\t\t\t\t\t\t\t<\/div>\n\t\t\t\t<\/div>\n\t\t\t\t\t<\/div>\n\t\t<\/div>\n\t\t\t\t\t<\/div>\n\t\t<\/section>\n\t\t\t\t<section class=\"elementor-section elementor-top-section elementor-element elementor-element-46a7ae6 elementor-section-boxed elementor-section-height-default elementor-section-height-default\" data-id=\"46a7ae6\" data-element_type=\"section\" data-e-type=\"section\">\n\t\t\t\t\t\t<div class=\"elementor-container elementor-column-gap-default\">\n\t\t\t\t\t<div class=\"elementor-column elementor-col-100 elementor-top-column elementor-element elementor-element-1669838\" data-id=\"1669838\" data-element_type=\"column\" data-e-type=\"column\">\n\t\t\t<div class=\"elementor-widget-wrap elementor-element-populated\">\n\t\t\t\t\t\t<div class=\"elementor-element elementor-element-def272e elementor-widget elementor-widget-text-editor\" data-id=\"def272e\" data-element_type=\"widget\" data-e-type=\"widget\" data-widget_type=\"text-editor.default\">\n\t\t\t\t<div class=\"elementor-widget-container\">\n\t\t\t\t\t\t\t\t\t<div align=\"justify\"><p style=\"text-align: center;\"><strong>Uroczyste otwarcie:<\/strong><\/p><p>W dniu 30 listopada 2010 roku odby\u0142a si\u0119 inauguracja nowego targowiska. Obecnie znajduje si\u0119 ono przy ul. Hallera. Realizacja tego przedsi\u0119wzi\u0119cia, kt\u00f3rego inwestorem jest Dzia\u0142dowska Agencja Rozwoju S.A., zako\u0144czy\u0142a si\u0119 sukcesem. Na targowisku znajduje si\u0119 60 pawilon\u00f3w handlowych i ok. 232 stanowisk otwartych.<\/p><p>Otwarcie bazaruW uroczysto\u015bci udzia\u0142 wdzieli, m.in. burmistrz miasta Bronis\u0142aw Mazurkiewicz, starosta Dzia\u0142dowa Marian Janicki, w\u00f3jt gminy Pawe\u0142 Cie\u015bli\u0144ski. Nie mog\u0142o zabrakn\u0105\u0107 oczywi\u015bcie kupc\u00f3w oraz wszystkich tych os\u00f3b, kt\u00f3re kibicowa\u0142y powstaniu tej wielkiej inwestycji. Administratorem nowego bazaru jest DAR S.A., w zwi\u0105zku z tym nie mog\u0142o zabrakn\u0105\u0107 okoliczno\u015bciowego przem\u00f3wienia prezesa Zarz\u0105du Zenona Szacherskiego, kt\u00f3ry wyrazi\u0142 nadziej\u0119, \u017ce nowy bazar b\u0119dzie spe\u0142nia\u0142 wymagania zar\u00f3wno mieszka\u0144c\u00f3w Dzia\u0142dowa, jak i kupc\u00f3w oraz \u017ce stanie si\u0119 on swoistego rodzaju centrum handlowym. Powstanie tak du\u017cego kompleksu handlowego jest szans\u0105 dla kupc\u00f3w i realn\u0105 przeciwwag\u0105 dla supermarket\u00f3w.<\/p><p>Po kr\u00f3tkiej przemowie nast\u0105pi\u0142o uroczyste przekazanie kluczy do pawilon\u00f3w oraz um\u00f3w najmu. Kupcy ju\u017c od 1 grudnia mog\u0105 zacz\u0105\u0107 sprzeda\u017c w nowo wybudowanych pawilonach oraz na tradycyjnych, otwartych stanowiskach handlowych. Otwarciu targowiska towarzyszy\u0142o symboliczne przeci\u0119cie wst\u0119gi i kr\u00f3tkie przem\u00f3wienie Burmistrza miasta, kt\u00f3ry pogratulowa\u0142 zrealizowanej inwestycji oraz \u017cyczy\u0142 kupcom du\u017cych utarg\u00f3w.<\/p><\/div>\t\t\t\t\t\t\t\t<\/div>\n\t\t\t\t<\/div>\n\t\t\t\t\t<\/div>\n\t\t<\/div>\n\t\t\t\t\t<\/div>\n\t\t<\/section>\n\t\t\t\t<\/div>\n\t\t","protected":false},"excerpt":{"rendered":"<p>Targowisko Rok 2020 to dziesi\u0105ty rok istnienia i funkcjonowania nowego bazaru po\u0142o\u017conego przy ul. Hallera 33 w Dzia\u0142dowie, zarz\u0105dzanego przez Dzia\u0142dowsk\u0105 Agencj\u0119 Rozwoju S.A. Na placu bazarowym znajduj\u0105 si\u0119\u00a0232 stanowiska odkryte oraz 60 zamkni\u0119tych, zadaszonych pawilon\u00f3w, wyposa\u017conych w energi\u0119 elektryczn\u0105 i wod\u0119.\u00a0 Godziny funkcjonowania: \u00a0&#8211; w okresie letnim \/tj. od [&hellip;]<\/p>\n","protected":false},"author":1,"featured_media":0,"parent":0,"menu_order":0,"comment_status":"closed","ping_status":"closed","template":"elementor_header_footer","meta":{"footnotes":""},"class_list":["post-163","page","type-page","status-publish","hentry"],"yoast_head":"<!-- This site is optimized with the Yoast SEO plugin v27.3 - https:\/\/yoast.com\/product\/yoast-seo-wordpress\/ -->\n<title>Dzia\u0142dowska Agencja Rozwoju S.A.<\/title>\n<meta name=\"description\" content=\"Wspieranie ma\u0142ych i \u015brednich przedsi\u0119biorstw, edukacja i szkolenia.\" \/>\n<meta name=\"robots\" content=\"index, follow, max-snippet:-1, max-image-preview:large, max-video-preview:-1\" \/>\n<link rel=\"canonical\" href=\"https:\/\/darsa.pl\/www\/targowisko\/\" \/>\n<meta property=\"og:locale\" content=\"pl_PL\" \/>\n<meta property=\"og:type\" content=\"article\" \/>\n<meta property=\"og:description\" content=\"Wspieranie ma\u0142ych i \u015brednich przedsi\u0119biorstw, edukacja i szkolenia.\" \/>\n<meta property=\"og:url\" content=\"https:\/\/darsa.pl\/www\/targowisko\/\" \/>\n<meta property=\"og:site_name\" content=\"Dzia\u0142dowska Agencja Rozwoju S.A.\" \/>\n<meta property=\"article:modified_time\" content=\"2020-08-07T05:53:43+00:00\" \/>\n<meta property=\"og:image\" content=\"https:\/\/darsa.pl\/www\/wp-content\/uploads\/2020\/08\/targowisko.png\" \/>\n<meta name=\"twitter:card\" content=\"summary_large_image\" \/>\n<meta name=\"twitter:label1\" content=\"Szacowany czas czytania\" \/>\n\t<meta name=\"twitter:data1\" content=\"2 minuty\" \/>\n<script type=\"application\/ld+json\" class=\"yoast-schema-graph\">{\"@context\":\"https:\\\/\\\/schema.org\",\"@graph\":[{\"@type\":\"WebPage\",\"@id\":\"https:\\\/\\\/darsa.pl\\\/www\\\/targowisko\\\/\",\"url\":\"https:\\\/\\\/darsa.pl\\\/www\\\/targowisko\\\/\",\"name\":\"\",\"isPartOf\":{\"@id\":\"https:\\\/\\\/darsa.pl\\\/www\\\/#website\"},\"primaryImageOfPage\":{\"@id\":\"https:\\\/\\\/darsa.pl\\\/www\\\/targowisko\\\/#primaryimage\"},\"image\":{\"@id\":\"https:\\\/\\\/darsa.pl\\\/www\\\/targowisko\\\/#primaryimage\"},\"thumbnailUrl\":\"https:\\\/\\\/darsa.pl\\\/www\\\/wp-content\\\/uploads\\\/2020\\\/08\\\/targowisko.png\",\"datePublished\":\"2020-06-28T21:28:45+00:00\",\"dateModified\":\"2020-08-07T05:53:43+00:00\",\"description\":\"Wspieranie ma\u0142ych i \u015brednich przedsi\u0119biorstw, edukacja i szkolenia.\",\"breadcrumb\":{\"@id\":\"https:\\\/\\\/darsa.pl\\\/www\\\/targowisko\\\/#breadcrumb\"},\"inLanguage\":\"pl-PL\",\"potentialAction\":[{\"@type\":\"ReadAction\",\"target\":[\"https:\\\/\\\/darsa.pl\\\/www\\\/targowisko\\\/\"]}]},{\"@type\":\"ImageObject\",\"inLanguage\":\"pl-PL\",\"@id\":\"https:\\\/\\\/darsa.pl\\\/www\\\/targowisko\\\/#primaryimage\",\"url\":\"https:\\\/\\\/darsa.pl\\\/www\\\/wp-content\\\/uploads\\\/2020\\\/08\\\/targowisko.png\",\"contentUrl\":\"https:\\\/\\\/darsa.pl\\\/www\\\/wp-content\\\/uploads\\\/2020\\\/08\\\/targowisko.png\",\"width\":848,\"height\":546},{\"@type\":\"BreadcrumbList\",\"@id\":\"https:\\\/\\\/darsa.pl\\\/www\\\/targowisko\\\/#breadcrumb\",\"itemListElement\":[{\"@type\":\"ListItem\",\"position\":1,\"name\":\"Strona g\u0142\u00f3wna\",\"item\":\"https:\\\/\\\/darsa.pl\\\/www\\\/\"},{\"@type\":\"ListItem\",\"position\":2,\"name\":\"TARGOWISKO\"}]},{\"@type\":\"WebSite\",\"@id\":\"https:\\\/\\\/darsa.pl\\\/www\\\/#website\",\"url\":\"https:\\\/\\\/darsa.pl\\\/www\\\/\",\"name\":\"Dzia\u0142dowska Agencja Rozwoju S.A.\",\"description\":\"Wspieranie ma\u0142ych i \u015brednich przedsi\u0119biorstw, edukacja i szkolenia.\",\"publisher\":{\"@id\":\"https:\\\/\\\/darsa.pl\\\/www\\\/#organization\"},\"potentialAction\":[{\"@type\":\"SearchAction\",\"target\":{\"@type\":\"EntryPoint\",\"urlTemplate\":\"https:\\\/\\\/darsa.pl\\\/www\\\/?s={search_term_string}\"},\"query-input\":{\"@type\":\"PropertyValueSpecification\",\"valueRequired\":true,\"valueName\":\"search_term_string\"}}],\"inLanguage\":\"pl-PL\"},{\"@type\":\"Organization\",\"@id\":\"https:\\\/\\\/darsa.pl\\\/www\\\/#organization\",\"name\":\"Dzia\u0142dowska Agencja Rozwoju S.A.\",\"url\":\"https:\\\/\\\/darsa.pl\\\/www\\\/\",\"logo\":{\"@type\":\"ImageObject\",\"inLanguage\":\"pl-PL\",\"@id\":\"https:\\\/\\\/darsa.pl\\\/www\\\/#\\\/schema\\\/logo\\\/image\\\/\",\"url\":\"https:\\\/\\\/darsa.pl\\\/www\\\/wp-content\\\/uploads\\\/2020\\\/06\\\/logo_h200px.png\",\"contentUrl\":\"https:\\\/\\\/darsa.pl\\\/www\\\/wp-content\\\/uploads\\\/2020\\\/06\\\/logo_h200px.png\",\"width\":856,\"height\":200,\"caption\":\"Dzia\u0142dowska Agencja Rozwoju S.A.\"},\"image\":{\"@id\":\"https:\\\/\\\/darsa.pl\\\/www\\\/#\\\/schema\\\/logo\\\/image\\\/\"}}]}<\/script>\n<!-- \/ Yoast SEO plugin. -->","yoast_head_json":{"title":"Dzia\u0142dowska Agencja Rozwoju S.A.","description":"Wspieranie ma\u0142ych i \u015brednich przedsi\u0119biorstw, edukacja i szkolenia.","robots":{"index":"index","follow":"follow","max-snippet":"max-snippet:-1","max-image-preview":"max-image-preview:large","max-video-preview":"max-video-preview:-1"},"canonical":"https:\/\/darsa.pl\/www\/targowisko\/","og_locale":"pl_PL","og_type":"article","og_description":"Wspieranie ma\u0142ych i \u015brednich przedsi\u0119biorstw, edukacja i szkolenia.","og_url":"https:\/\/darsa.pl\/www\/targowisko\/","og_site_name":"Dzia\u0142dowska Agencja Rozwoju S.A.","article_modified_time":"2020-08-07T05:53:43+00:00","og_image":[{"url":"https:\/\/darsa.pl\/www\/wp-content\/uploads\/2020\/08\/targowisko.png","type":"","width":"","height":""}],"twitter_card":"summary_large_image","twitter_misc":{"Szacowany czas czytania":"2 minuty"},"schema":{"@context":"https:\/\/schema.org","@graph":[{"@type":"WebPage","@id":"https:\/\/darsa.pl\/www\/targowisko\/","url":"https:\/\/darsa.pl\/www\/targowisko\/","name":"","isPartOf":{"@id":"https:\/\/darsa.pl\/www\/#website"},"primaryImageOfPage":{"@id":"https:\/\/darsa.pl\/www\/targowisko\/#primaryimage"},"image":{"@id":"https:\/\/darsa.pl\/www\/targowisko\/#primaryimage"},"thumbnailUrl":"https:\/\/darsa.pl\/www\/wp-content\/uploads\/2020\/08\/targowisko.png","datePublished":"2020-06-28T21:28:45+00:00","dateModified":"2020-08-07T05:53:43+00:00","description":"Wspieranie ma\u0142ych i \u015brednich przedsi\u0119biorstw, edukacja i szkolenia.","breadcrumb":{"@id":"https:\/\/darsa.pl\/www\/targowisko\/#breadcrumb"},"inLanguage":"pl-PL","potentialAction":[{"@type":"ReadAction","target":["https:\/\/darsa.pl\/www\/targowisko\/"]}]},{"@type":"ImageObject","inLanguage":"pl-PL","@id":"https:\/\/darsa.pl\/www\/targowisko\/#primaryimage","url":"https:\/\/darsa.pl\/www\/wp-content\/uploads\/2020\/08\/targowisko.png","contentUrl":"https:\/\/darsa.pl\/www\/wp-content\/uploads\/2020\/08\/targowisko.png","width":848,"height":546},{"@type":"BreadcrumbList","@id":"https:\/\/darsa.pl\/www\/targowisko\/#breadcrumb","itemListElement":[{"@type":"ListItem","position":1,"name":"Strona g\u0142\u00f3wna","item":"https:\/\/darsa.pl\/www\/"},{"@type":"ListItem","position":2,"name":"TARGOWISKO"}]},{"@type":"WebSite","@id":"https:\/\/darsa.pl\/www\/#website","url":"https:\/\/darsa.pl\/www\/","name":"Dzia\u0142dowska Agencja Rozwoju S.A.","description":"Wspieranie ma\u0142ych i \u015brednich przedsi\u0119biorstw, edukacja i szkolenia.","publisher":{"@id":"https:\/\/darsa.pl\/www\/#organization"},"potentialAction":[{"@type":"SearchAction","target":{"@type":"EntryPoint","urlTemplate":"https:\/\/darsa.pl\/www\/?s={search_term_string}"},"query-input":{"@type":"PropertyValueSpecification","valueRequired":true,"valueName":"search_term_string"}}],"inLanguage":"pl-PL"},{"@type":"Organization","@id":"https:\/\/darsa.pl\/www\/#organization","name":"Dzia\u0142dowska Agencja Rozwoju S.A.","url":"https:\/\/darsa.pl\/www\/","logo":{"@type":"ImageObject","inLanguage":"pl-PL","@id":"https:\/\/darsa.pl\/www\/#\/schema\/logo\/image\/","url":"https:\/\/darsa.pl\/www\/wp-content\/uploads\/2020\/06\/logo_h200px.png","contentUrl":"https:\/\/darsa.pl\/www\/wp-content\/uploads\/2020\/06\/logo_h200px.png","width":856,"height":200,"caption":"Dzia\u0142dowska Agencja Rozwoju S.A."},"image":{"@id":"https:\/\/darsa.pl\/www\/#\/schema\/logo\/image\/"}}]}},"_links":{"self":[{"href":"https:\/\/darsa.pl\/www\/wp-json\/wp\/v2\/pages\/163","targetHints":{"allow":["GET"]}}],"collection":[{"href":"https:\/\/darsa.pl\/www\/wp-json\/wp\/v2\/pages"}],"about":[{"href":"https:\/\/darsa.pl\/www\/wp-json\/wp\/v2\/types\/page"}],"author":[{"embeddable":true,"href":"https:\/\/darsa.pl\/www\/wp-json\/wp\/v2\/users\/1"}],"replies":[{"embeddable":true,"href":"https:\/\/darsa.pl\/www\/wp-json\/wp\/v2\/comments?post=163"}],"version-history":[{"count":5,"href":"https:\/\/darsa.pl\/www\/wp-json\/wp\/v2\/pages\/163\/revisions"}],"predecessor-version":[{"id":1453,"href":"https:\/\/darsa.pl\/www\/wp-json\/wp\/v2\/pages\/163\/revisions\/1453"}],"wp:attachment":[{"href":"https:\/\/darsa.pl\/www\/wp-json\/wp\/v2\/media?parent=163"}],"curies":[{"name":"wp","href":"https:\/\/api.w.org\/{rel}","templated":true}]}}