{"id":157,"date":"2020-06-28T23:27:16","date_gmt":"2020-06-28T21:27:16","guid":{"rendered":"https:\/\/darsa.pl\/www\/?page_id=157"},"modified":"2020-07-20T12:25:51","modified_gmt":"2020-07-20T10:25:51","slug":"szkolenia","status":"publish","type":"page","link":"https:\/\/darsa.pl\/www\/szkolenia\/","title":{"rendered":"SZKOLENIA"},"content":{"rendered":"\t\t<div data-elementor-type=\"wp-page\" data-elementor-id=\"157\" class=\"elementor elementor-157\">\n\t\t\t\t\t\t<section class=\"elementor-section elementor-top-section elementor-element elementor-element-296ba4c4 elementor-section-height-full elementor-section-boxed elementor-section-height-default elementor-section-items-middle\" data-id=\"296ba4c4\" data-element_type=\"section\" data-e-type=\"section\" data-settings=\"{&quot;background_background&quot;:&quot;gradient&quot;}\">\n\t\t\t\t\t\t<div class=\"elementor-container elementor-column-gap-default\">\n\t\t\t\t\t<div class=\"elementor-column elementor-col-100 elementor-top-column elementor-element elementor-element-6a1485b2\" data-id=\"6a1485b2\" data-element_type=\"column\" data-e-type=\"column\">\n\t\t\t<div class=\"elementor-widget-wrap elementor-element-populated\">\n\t\t\t\t\t\t<div class=\"elementor-element elementor-element-413ce3a8 elementor-widget elementor-widget-heading\" data-id=\"413ce3a8\" data-element_type=\"widget\" data-e-type=\"widget\" data-widget_type=\"heading.default\">\n\t\t\t\t<div class=\"elementor-widget-container\">\n\t\t\t\t\t<h2 class=\"elementor-heading-title elementor-size-default\">Strona w budowie...<\/h2>\t\t\t\t<\/div>\n\t\t\t\t<\/div>\n\t\t\t\t\t<\/div>\n\t\t<\/div>\n\t\t\t\t\t<\/div>\n\t\t<\/section>\n\t\t\t\t<\/div>\n\t\t","protected":false},"excerpt":{"rendered":"<p>Strona w budowie&#8230;<\/p>\n","protected":false},"author":1,"featured_media":0,"parent":0,"menu_order":0,"comment_status":"closed","ping_status":"closed","template":"elementor_header_footer","meta":{"footnotes":""},"class_list":["post-157","page","type-page","status-publish","hentry"],"yoast_head":"<!-- This site is optimized with the Yoast SEO plugin v27.3 - https:\/\/yoast.com\/product\/yoast-seo-wordpress\/ -->\n<title>Dzia\u0142dowska Agencja Rozwoju S.A.<\/title>\n<meta name=\"description\" content=\"Wspieranie ma\u0142ych i \u015brednich przedsi\u0119biorstw, edukacja i szkolenia.\" \/>\n<meta name=\"robots\" content=\"index, follow, max-snippet:-1, max-image-preview:large, max-video-preview:-1\" \/>\n<link rel=\"canonical\" href=\"https:\/\/darsa.pl\/www\/szkolenia\/\" \/>\n<meta property=\"og:locale\" content=\"pl_PL\" \/>\n<meta property=\"og:type\" content=\"article\" \/>\n<meta property=\"og:description\" content=\"Wspieranie ma\u0142ych i \u015brednich przedsi\u0119biorstw, edukacja i szkolenia.\" \/>\n<meta property=\"og:url\" content=\"https:\/\/darsa.pl\/www\/szkolenia\/\" \/>\n<meta property=\"og:site_name\" content=\"Dzia\u0142dowska Agencja Rozwoju S.A.\" \/>\n<meta property=\"article:modified_time\" content=\"2020-07-20T10:25:51+00:00\" \/>\n<meta property=\"og:image\" content=\"https:\/\/darsa.pl\/www\/wp-content\/uploads\/2020\/07\/og_img3.png\" \/>\n\t<meta property=\"og:image:width\" content=\"1200\" \/>\n\t<meta property=\"og:image:height\" content=\"630\" \/>\n\t<meta property=\"og:image:type\" content=\"image\/png\" \/>\n<meta name=\"twitter:card\" content=\"summary_large_image\" \/>\n<script type=\"application\/ld+json\" class=\"yoast-schema-graph\">{\"@context\":\"https:\\\/\\\/schema.org\",\"@graph\":[{\"@type\":\"WebPage\",\"@id\":\"https:\\\/\\\/darsa.pl\\\/www\\\/szkolenia\\\/\",\"url\":\"https:\\\/\\\/darsa.pl\\\/www\\\/szkolenia\\\/\",\"name\":\"\",\"isPartOf\":{\"@id\":\"https:\\\/\\\/darsa.pl\\\/www\\\/#website\"},\"datePublished\":\"2020-06-28T21:27:16+00:00\",\"dateModified\":\"2020-07-20T10:25:51+00:00\",\"description\":\"Wspieranie ma\u0142ych i \u015brednich przedsi\u0119biorstw, edukacja i szkolenia.\",\"breadcrumb\":{\"@id\":\"https:\\\/\\\/darsa.pl\\\/www\\\/szkolenia\\\/#breadcrumb\"},\"inLanguage\":\"pl-PL\",\"potentialAction\":[{\"@type\":\"ReadAction\",\"target\":[\"https:\\\/\\\/darsa.pl\\\/www\\\/szkolenia\\\/\"]}]},{\"@type\":\"BreadcrumbList\",\"@id\":\"https:\\\/\\\/darsa.pl\\\/www\\\/szkolenia\\\/#breadcrumb\",\"itemListElement\":[{\"@type\":\"ListItem\",\"position\":1,\"name\":\"Strona g\u0142\u00f3wna\",\"item\":\"https:\\\/\\\/darsa.pl\\\/www\\\/\"},{\"@type\":\"ListItem\",\"position\":2,\"name\":\"SZKOLENIA\"}]},{\"@type\":\"WebSite\",\"@id\":\"https:\\\/\\\/darsa.pl\\\/www\\\/#website\",\"url\":\"https:\\\/\\\/darsa.pl\\\/www\\\/\",\"name\":\"Dzia\u0142dowska Agencja Rozwoju S.A.\",\"description\":\"Wspieranie ma\u0142ych i \u015brednich przedsi\u0119biorstw, edukacja i szkolenia.\",\"publisher\":{\"@id\":\"https:\\\/\\\/darsa.pl\\\/www\\\/#organization\"},\"potentialAction\":[{\"@type\":\"SearchAction\",\"target\":{\"@type\":\"EntryPoint\",\"urlTemplate\":\"https:\\\/\\\/darsa.pl\\\/www\\\/?s={search_term_string}\"},\"query-input\":{\"@type\":\"PropertyValueSpecification\",\"valueRequired\":true,\"valueName\":\"search_term_string\"}}],\"inLanguage\":\"pl-PL\"},{\"@type\":\"Organization\",\"@id\":\"https:\\\/\\\/darsa.pl\\\/www\\\/#organization\",\"name\":\"Dzia\u0142dowska Agencja Rozwoju S.A.\",\"url\":\"https:\\\/\\\/darsa.pl\\\/www\\\/\",\"logo\":{\"@type\":\"ImageObject\",\"inLanguage\":\"pl-PL\",\"@id\":\"https:\\\/\\\/darsa.pl\\\/www\\\/#\\\/schema\\\/logo\\\/image\\\/\",\"url\":\"https:\\\/\\\/darsa.pl\\\/www\\\/wp-content\\\/uploads\\\/2020\\\/06\\\/logo_h200px.png\",\"contentUrl\":\"https:\\\/\\\/darsa.pl\\\/www\\\/wp-content\\\/uploads\\\/2020\\\/06\\\/logo_h200px.png\",\"width\":856,\"height\":200,\"caption\":\"Dzia\u0142dowska Agencja Rozwoju S.A.\"},\"image\":{\"@id\":\"https:\\\/\\\/darsa.pl\\\/www\\\/#\\\/schema\\\/logo\\\/image\\\/\"}}]}<\/script>\n<!-- \/ Yoast SEO plugin. -->","yoast_head_json":{"title":"Dzia\u0142dowska Agencja Rozwoju S.A.","description":"Wspieranie ma\u0142ych i \u015brednich przedsi\u0119biorstw, edukacja i szkolenia.","robots":{"index":"index","follow":"follow","max-snippet":"max-snippet:-1","max-image-preview":"max-image-preview:large","max-video-preview":"max-video-preview:-1"},"canonical":"https:\/\/darsa.pl\/www\/szkolenia\/","og_locale":"pl_PL","og_type":"article","og_description":"Wspieranie ma\u0142ych i \u015brednich przedsi\u0119biorstw, edukacja i szkolenia.","og_url":"https:\/\/darsa.pl\/www\/szkolenia\/","og_site_name":"Dzia\u0142dowska Agencja Rozwoju S.A.","article_modified_time":"2020-07-20T10:25:51+00:00","og_image":[{"width":1200,"height":630,"url":"https:\/\/darsa.pl\/www\/wp-content\/uploads\/2020\/07\/og_img3.png","type":"image\/png"}],"twitter_card":"summary_large_image","schema":{"@context":"https:\/\/schema.org","@graph":[{"@type":"WebPage","@id":"https:\/\/darsa.pl\/www\/szkolenia\/","url":"https:\/\/darsa.pl\/www\/szkolenia\/","name":"","isPartOf":{"@id":"https:\/\/darsa.pl\/www\/#website"},"datePublished":"2020-06-28T21:27:16+00:00","dateModified":"2020-07-20T10:25:51+00:00","description":"Wspieranie ma\u0142ych i \u015brednich przedsi\u0119biorstw, edukacja i szkolenia.","breadcrumb":{"@id":"https:\/\/darsa.pl\/www\/szkolenia\/#breadcrumb"},"inLanguage":"pl-PL","potentialAction":[{"@type":"ReadAction","target":["https:\/\/darsa.pl\/www\/szkolenia\/"]}]},{"@type":"BreadcrumbList","@id":"https:\/\/darsa.pl\/www\/szkolenia\/#breadcrumb","itemListElement":[{"@type":"ListItem","position":1,"name":"Strona g\u0142\u00f3wna","item":"https:\/\/darsa.pl\/www\/"},{"@type":"ListItem","position":2,"name":"SZKOLENIA"}]},{"@type":"WebSite","@id":"https:\/\/darsa.pl\/www\/#website","url":"https:\/\/darsa.pl\/www\/","name":"Dzia\u0142dowska Agencja Rozwoju S.A.","description":"Wspieranie ma\u0142ych i \u015brednich przedsi\u0119biorstw, edukacja i szkolenia.","publisher":{"@id":"https:\/\/darsa.pl\/www\/#organization"},"potentialAction":[{"@type":"SearchAction","target":{"@type":"EntryPoint","urlTemplate":"https:\/\/darsa.pl\/www\/?s={search_term_string}"},"query-input":{"@type":"PropertyValueSpecification","valueRequired":true,"valueName":"search_term_string"}}],"inLanguage":"pl-PL"},{"@type":"Organization","@id":"https:\/\/darsa.pl\/www\/#organization","name":"Dzia\u0142dowska Agencja Rozwoju S.A.","url":"https:\/\/darsa.pl\/www\/","logo":{"@type":"ImageObject","inLanguage":"pl-PL","@id":"https:\/\/darsa.pl\/www\/#\/schema\/logo\/image\/","url":"https:\/\/darsa.pl\/www\/wp-content\/uploads\/2020\/06\/logo_h200px.png","contentUrl":"https:\/\/darsa.pl\/www\/wp-content\/uploads\/2020\/06\/logo_h200px.png","width":856,"height":200,"caption":"Dzia\u0142dowska Agencja Rozwoju S.A."},"image":{"@id":"https:\/\/darsa.pl\/www\/#\/schema\/logo\/image\/"}}]}},"_links":{"self":[{"href":"https:\/\/darsa.pl\/www\/wp-json\/wp\/v2\/pages\/157","targetHints":{"allow":["GET"]}}],"collection":[{"href":"https:\/\/darsa.pl\/www\/wp-json\/wp\/v2\/pages"}],"about":[{"href":"https:\/\/darsa.pl\/www\/wp-json\/wp\/v2\/types\/page"}],"author":[{"embeddable":true,"href":"https:\/\/darsa.pl\/www\/wp-json\/wp\/v2\/users\/1"}],"replies":[{"embeddable":true,"href":"https:\/\/darsa.pl\/www\/wp-json\/wp\/v2\/comments?post=157"}],"version-history":[{"count":3,"href":"https:\/\/darsa.pl\/www\/wp-json\/wp\/v2\/pages\/157\/revisions"}],"predecessor-version":[{"id":4044,"href":"https:\/\/darsa.pl\/www\/wp-json\/wp\/v2\/pages\/157\/revisions\/4044"}],"wp:attachment":[{"href":"https:\/\/darsa.pl\/www\/wp-json\/wp\/v2\/media?parent=157"}],"curies":[{"name":"wp","href":"https:\/\/api.w.org\/{rel}","templated":true}]}}