{"id":1503,"date":"2020-08-26T07:30:27","date_gmt":"2020-08-26T05:30:27","guid":{"rendered":"https:\/\/darsa.pl\/www\/?page_id=1503"},"modified":"2020-08-26T09:47:55","modified_gmt":"2020-08-26T07:47:55","slug":"faq","status":"publish","type":"page","link":"https:\/\/darsa.pl\/www\/ekonomia-spoleczna\/owes-nidzica-2019-2022\/faq\/","title":{"rendered":"FAQ"},"content":{"rendered":"\t\t<div data-elementor-type=\"wp-page\" data-elementor-id=\"1503\" class=\"elementor elementor-1503\">\n\t\t\t\t\t\t<section class=\"elementor-section elementor-top-section elementor-element elementor-element-6dd274a7 elementor-section-boxed elementor-section-height-default elementor-section-height-default\" data-id=\"6dd274a7\" data-element_type=\"section\" data-e-type=\"section\" data-settings=\"{&quot;background_background&quot;:&quot;gradient&quot;}\">\n\t\t\t\t\t\t<div class=\"elementor-container elementor-column-gap-default\">\n\t\t\t\t\t<div class=\"elementor-column elementor-col-100 elementor-top-column elementor-element elementor-element-1bea5508\" data-id=\"1bea5508\" data-element_type=\"column\" data-e-type=\"column\">\n\t\t\t<div class=\"elementor-widget-wrap elementor-element-populated\">\n\t\t\t\t\t\t<div class=\"elementor-element elementor-element-abeaa35 elementor-widget elementor-widget-heading\" data-id=\"abeaa35\" data-element_type=\"widget\" data-e-type=\"widget\" data-widget_type=\"heading.default\">\n\t\t\t\t<div class=\"elementor-widget-container\">\n\t\t\t\t\t<h2 class=\"elementor-heading-title elementor-size-default\">FAQ - najcz\u0119\u015bciej zadawane pytania<\/h2>\t\t\t\t<\/div>\n\t\t\t\t<\/div>\n\t\t\t\t\t<\/div>\n\t\t<\/div>\n\t\t\t\t\t<\/div>\n\t\t<\/section>\n\t\t\t\t<section class=\"elementor-section elementor-top-section elementor-element elementor-element-35936fa7 elementor-section-boxed elementor-section-height-default elementor-section-height-default\" data-id=\"35936fa7\" data-element_type=\"section\" data-e-type=\"section\">\n\t\t\t\t\t\t<div class=\"elementor-container elementor-column-gap-default\">\n\t\t\t\t\t<div class=\"elementor-column elementor-col-100 elementor-top-column elementor-element elementor-element-398fbddf\" data-id=\"398fbddf\" data-element_type=\"column\" data-e-type=\"column\">\n\t\t\t<div class=\"elementor-widget-wrap elementor-element-populated\">\n\t\t\t\t\t\t<div class=\"elementor-element elementor-element-392f3b0e elementor-widget elementor-widget-text-editor\" data-id=\"392f3b0e\" data-element_type=\"widget\" data-e-type=\"widget\" data-widget_type=\"text-editor.default\">\n\t\t\t\t<div class=\"elementor-widget-container\">\n\t\t\t\t\t\t\t\t\t<h1 style=\"text-align: center;\"><strong><span style=\"text-decoration: underline;\"><span style=\"color: #fcaf17; text-decoration: underline;\">OD JAKIEJ WARTO\u015aCI U\u017bYWANEGO \u015aRODKA TRWA\u0141EGO JEST POTRZEBNA WYCENA DOKONANA PRZEZ RZECZOZNAWC\u0118? I CO TO S\u0104 TE \u201eINNE MO\u017bLIWO\u015aCI WYCENY\u201d ? \u2013 W DALSZYM CI\u0104GU NIE WIEM W JAKI INNY SPOS\u00d3B MOG\u0118 POTWIERDZI\u0106 WARTO\u015a\u0106 TAKIEGO \u015aRODKA.<\/span><\/span><\/strong><\/h1><p>Zgodnie z zapisami Rozdzia\u0142u VI pkt. 10:<\/p><p><strong><em>\u201eZakup u\u017cywanych \u015brodk\u00f3w trwa\u0142ych<\/em><\/strong><em>\u00a0jest mo\u017cliwy pod warunkiem przedstawienia przez Beneficjenta o\u015bwiadczenia, kt\u00f3rego wz\u00f3r stanowi za\u0142\u0105cznik nr 13 do regulaminu, o tym, \u017ce:<\/em><\/p><ol><li><em>\u015brodek trwa\u0142y posiada w\u0142a\u015bciwo\u015bci techniczne niezb\u0119dne do realizacji przedsi\u0119wzi\u0119cia obj\u0119tego dofinansowaniem oraz spe\u0142nia obowi\u0105zuj\u0105ce normy i standardy,<\/em><\/li><li><em>cena \u015brodka trwa\u0142ego nie przekracza warto\u015bci rynkowej, okre\u015blonej na dzie\u0144 zakupu i jest ni\u017csza od ceny nowego \u015brodka trwa\u0142ego,<\/em><\/li><li><em>w okresie 7 lat poprzedzaj\u0105cych zakupienie przez Beneficjenta pomocy \u00a0(w przypadku nieruchomo\u015bci 10 lat) \u015brodek trwa\u0142y nie zosta\u0142 zakupiony \u00a0z wykorzystaniem \u015brodk\u00f3w publicznych krajowych lub pochodz\u0105cych z funduszy Unii Europejskiej; o\u015bwiadczenie takie musi by\u0107 podpisane przez zbywc\u0119\/sprzedaj\u0105cego.<\/em><\/li><li><em>dostarczony zostanie dokument potwierdzaj\u0105cy op\u0142at\u0119 PCC \u2013 podatku od czynno\u015bci cywilno &#8211; prawnych (w przypadku zakupu od os\u00f3b fizycznych \u015brodk\u00f3w u\u017cywanych przewy\u017cszaj\u0105cych kwot\u0119 1000 z\u0142). Je\u017celi cena nabycia u\u017cywanego \u015brodka trwa\u0142ego b\u0119dzie wy\u017csza ni\u017c jego warto\u015b\u0107 rynkowa ustalona przez niezale\u017cnego rzeczoznawc\u0119, r\u00f3\u017cnica mi\u0119dzy cen\u0105 nabycia a warto\u015bci\u0105 rynkow\u0105 nie jest wydatkiem kwalifikowalnym. Koszt wyceny przez rzeczoznawc\u0119 nie jest wydatkiem kwalifikowalnym i ponosi go podmiot ubiegaj\u0105cy si\u0119 o dotacj\u0119.<\/em><\/li><\/ol><p><strong><em>Wyceny przez rzeczoznawc\u0119 dokonuje si\u0119 w sytuacji braku innych mo\u017cliwo\u015bci pozwalaj\u0105cych okre\u015bli\u0107 cen\u0119 rynkow\u0105 danego zakupu.<\/em><\/strong><\/p><ul><li>W zwi\u0105zku z powy\u017cszymi zapisami: nie ma okre\u015blonej kwoty, od jakiej zakupiony u\u017cywany \u015brodek trwa\u0142y powinien by\u0107 wyceniony przez rzeczoznawc\u0119. Jest jednak zapis, i\u017c takiej wyceny (przez rzeczoznawc\u0119) dokonuje si\u0119 w sytuacji braku innych mo\u017cliwo\u015bci pozwalaj\u0105cych okre\u015bli\u0107 cen\u0119 rynkow\u0105 danego zakupu.<\/li><li>Inn\u0105 mo\u017cliwo\u015bci\u0105 wyceny jest np. szacowanie rynkowych cen produkt\u00f3w.\u00a0 \u2013 tj. w oparciu o najkorzystniejsz\u0105 cen\u0119 rynkow\u0105 pozyskan\u0105 z og\u00f3lnie dost\u0119pnych \u017ar\u00f3de\u0142 np. internet, foldery, ulotki (3 ceny) lub pozyskan\u0105 poprzez wys\u0142anie zapytania o cen\u0119 do potencjalnego wykonawcy (3 zapytania).<\/li><li>Je\u015bli zakup\u00f3w \u015brodk\u00f3w u\u017cywanych dokonujemy od os\u00f3b fizycznych- to w sytuacji, gdy kwota takiego zakupu przewy\u017csza 1\u00a0000,00 nale\u017cy dostarczy\u0107 dokument potwierdzaj\u0105cy poniesienie op\u0142aty PCC.<\/li><\/ul><hr \/><p><\/p><h1 style=\"text-align: center;\"><strong><span style=\"text-decoration: underline;\"><span style=\"color: #fcaf17; text-decoration: underline;\">CZY, JE\u015aLI W RAMACH DOSTOSOWANIA I ADAPTACJI LOKALU ZAKUPIMY MATERIA\u0141Y BUDOWLANE A REMONT ZROBIMY SAMI TO CZY KONIECZNY JEST PROTOK\u00d3\u0141 ODBIORU PRAC REMONTOWYCH?<\/span><\/span><\/strong><\/h1><p>Zgodnie z Regulaminem Funduszu Przedsi\u0119biorczo\u015bci Spo\u0142ecznej tj. Rozdzia\u0142em VI pkt. 10 ppkt. c.:<\/p><p><em>\u201e<strong>Zakup<\/strong>\u00a0<strong>rob\u00f3t budowlanych<\/strong>\u00a0b\u0119dzie kwalifikowany na podstawie protoko\u0142u odbioru rob\u00f3t.\u201d<\/em><\/p><p>Z powy\u017cszego pytania wynika, \u017ce w ramach dotacji sfinansowany b\u0119dzie\u00a0<strong>zakup materia\u0142\u00f3w budowlanych<\/strong>, w tej sytuacji (remont wykonany we w\u0142asnym zakresie, nie pokrywany ze \u015brodk\u00f3w z dotacji) protok\u00f3\u0142 nie b\u0119dzie wymagany.<\/p><p><\/p><hr \/><p><\/p><h1 style=\"text-align: center;\"><span style=\"text-decoration: underline;\"><strong><span style=\"color: #fcaf17; text-decoration: underline;\">CZY Z POMOST\u00d3WKI B\u0118DZIEMY MOGLI SP\u0141ACI\u0106 SOBIE PO\u017bYCZK\u0118, KT\u00d3R\u0104 PRYWATNIE (B\u0104D\u0179 OD KOGO\u015a Z RODZINY, ZNAJOMYCH) UDZIELIMY SP\u00d3\u0141CE NA VAT?<\/span><\/strong><\/span><\/h1><p>Zgodnie z Regulaminem Funduszu Przedsi\u0119biorczo\u015bci Spo\u0142ecznej tj. Rozdzia\u0142em VI pkt. 5:<\/p><p><em>\u201eOperator weryfikuje status PS, jako podatnika VAT, jednak wysoko\u015b\u0107 dotacji jest sta\u0142a i niezale\u017cna od statusu PS jako podatnika VAT. Wydatki kwalifikowalne s\u0105 jedynie do wysoko\u015bci kwoty netto zakup\u00f3w.\u00a0<strong>Wysoko\u015b\u0107 ewentualnego podatku VAT, PS zobligowany jest uzupe\u0142ni\u0107 ze \u015brodk\u00f3w w\u0142asnych<\/strong>.\u201d<\/em><\/p><p>W zwi\u0105zku z powy\u017cszym oraz tym, i\u017c finansowanie VAT ze \u015brodk\u00f3w unijnych traktowane jest jako podw\u00f3jne finansowanie, sp\u0142acenie po\u017cyczki zaci\u0105gni\u0119tej na pokrycie VAT-u z \u015brodk\u00f3w wsparcia pomostowego jest niedopuszczalne.<\/p><p>\u00a0<\/p>\t\t\t\t\t\t\t\t<\/div>\n\t\t\t\t<\/div>\n\t\t\t\t\t<\/div>\n\t\t<\/div>\n\t\t\t\t\t<\/div>\n\t\t<\/section>\n\t\t\t\t<\/div>\n\t\t","protected":false},"excerpt":{"rendered":"<p>FAQ &#8211; najcz\u0119\u015bciej zadawane pytania OD JAKIEJ WARTO\u015aCI U\u017bYWANEGO \u015aRODKA TRWA\u0141EGO JEST POTRZEBNA WYCENA DOKONANA PRZEZ RZECZOZNAWC\u0118? I CO TO S\u0104 TE \u201eINNE MO\u017bLIWO\u015aCI WYCENY\u201d ? \u2013 W DALSZYM CI\u0104GU NIE WIEM W JAKI INNY SPOS\u00d3B MOG\u0118 POTWIERDZI\u0106 WARTO\u015a\u0106 TAKIEGO \u015aRODKA. Zgodnie z zapisami Rozdzia\u0142u VI pkt. 10: \u201eZakup u\u017cywanych [&hellip;]<\/p>\n","protected":false},"author":1,"featured_media":0,"parent":1488,"menu_order":4,"comment_status":"closed","ping_status":"closed","template":"elementor_header_footer","meta":{"footnotes":""},"class_list":["post-1503","page","type-page","status-publish","hentry"],"yoast_head":"<!-- This site is optimized with the Yoast SEO plugin v27.3 - https:\/\/yoast.com\/product\/yoast-seo-wordpress\/ -->\n<title>Dzia\u0142dowska Agencja Rozwoju S.A.<\/title>\n<meta name=\"description\" content=\"Wspieranie ma\u0142ych i \u015brednich przedsi\u0119biorstw, edukacja i szkolenia.\" \/>\n<meta name=\"robots\" content=\"index, follow, max-snippet:-1, max-image-preview:large, max-video-preview:-1\" \/>\n<link rel=\"canonical\" href=\"https:\/\/darsa.pl\/www\/ekonomia-spoleczna\/owes-nidzica-2019-2022\/faq\/\" \/>\n<meta property=\"og:locale\" content=\"pl_PL\" \/>\n<meta property=\"og:type\" content=\"article\" \/>\n<meta property=\"og:description\" content=\"Wspieranie ma\u0142ych i \u015brednich przedsi\u0119biorstw, edukacja i szkolenia.\" \/>\n<meta property=\"og:url\" content=\"https:\/\/darsa.pl\/www\/ekonomia-spoleczna\/owes-nidzica-2019-2022\/faq\/\" \/>\n<meta property=\"og:site_name\" content=\"Dzia\u0142dowska Agencja Rozwoju S.A.\" \/>\n<meta property=\"article:modified_time\" content=\"2020-08-26T07:47:55+00:00\" \/>\n<meta property=\"og:image\" content=\"https:\/\/darsa.pl\/www\/wp-content\/uploads\/2020\/07\/og_img3.png\" \/>\n\t<meta property=\"og:image:width\" content=\"1200\" \/>\n\t<meta property=\"og:image:height\" content=\"630\" \/>\n\t<meta property=\"og:image:type\" content=\"image\/png\" \/>\n<meta name=\"twitter:card\" content=\"summary_large_image\" \/>\n<meta name=\"twitter:label1\" content=\"Szacowany czas czytania\" \/>\n\t<meta name=\"twitter:data1\" content=\"3 minuty\" \/>\n<script type=\"application\/ld+json\" class=\"yoast-schema-graph\">{\"@context\":\"https:\\\/\\\/schema.org\",\"@graph\":[{\"@type\":\"WebPage\",\"@id\":\"https:\\\/\\\/darsa.pl\\\/www\\\/ekonomia-spoleczna\\\/owes-nidzica-2019-2022\\\/faq\\\/\",\"url\":\"https:\\\/\\\/darsa.pl\\\/www\\\/ekonomia-spoleczna\\\/owes-nidzica-2019-2022\\\/faq\\\/\",\"name\":\"\",\"isPartOf\":{\"@id\":\"https:\\\/\\\/darsa.pl\\\/www\\\/#website\"},\"datePublished\":\"2020-08-26T05:30:27+00:00\",\"dateModified\":\"2020-08-26T07:47:55+00:00\",\"description\":\"Wspieranie ma\u0142ych i \u015brednich przedsi\u0119biorstw, edukacja i szkolenia.\",\"breadcrumb\":{\"@id\":\"https:\\\/\\\/darsa.pl\\\/www\\\/ekonomia-spoleczna\\\/owes-nidzica-2019-2022\\\/faq\\\/#breadcrumb\"},\"inLanguage\":\"pl-PL\",\"potentialAction\":[{\"@type\":\"ReadAction\",\"target\":[\"https:\\\/\\\/darsa.pl\\\/www\\\/ekonomia-spoleczna\\\/owes-nidzica-2019-2022\\\/faq\\\/\"]}]},{\"@type\":\"BreadcrumbList\",\"@id\":\"https:\\\/\\\/darsa.pl\\\/www\\\/ekonomia-spoleczna\\\/owes-nidzica-2019-2022\\\/faq\\\/#breadcrumb\",\"itemListElement\":[{\"@type\":\"ListItem\",\"position\":1,\"name\":\"Strona g\u0142\u00f3wna\",\"item\":\"https:\\\/\\\/darsa.pl\\\/www\\\/\"},{\"@type\":\"ListItem\",\"position\":2,\"name\":\"EKONOMIA SPO\u0141ECZNA\",\"item\":\"https:\\\/\\\/darsa.pl\\\/www\\\/ekonomia-spoleczna\\\/\"},{\"@type\":\"ListItem\",\"position\":3,\"name\":\"OWES NIDZICA 2019-2022\",\"item\":\"https:\\\/\\\/darsa.pl\\\/www\\\/ekonomia-spoleczna\\\/owes-nidzica-2019-2022\\\/\"},{\"@type\":\"ListItem\",\"position\":4,\"name\":\"FAQ\"}]},{\"@type\":\"WebSite\",\"@id\":\"https:\\\/\\\/darsa.pl\\\/www\\\/#website\",\"url\":\"https:\\\/\\\/darsa.pl\\\/www\\\/\",\"name\":\"Dzia\u0142dowska Agencja Rozwoju S.A.\",\"description\":\"Wspieranie ma\u0142ych i \u015brednich przedsi\u0119biorstw, edukacja i szkolenia.\",\"publisher\":{\"@id\":\"https:\\\/\\\/darsa.pl\\\/www\\\/#organization\"},\"potentialAction\":[{\"@type\":\"SearchAction\",\"target\":{\"@type\":\"EntryPoint\",\"urlTemplate\":\"https:\\\/\\\/darsa.pl\\\/www\\\/?s={search_term_string}\"},\"query-input\":{\"@type\":\"PropertyValueSpecification\",\"valueRequired\":true,\"valueName\":\"search_term_string\"}}],\"inLanguage\":\"pl-PL\"},{\"@type\":\"Organization\",\"@id\":\"https:\\\/\\\/darsa.pl\\\/www\\\/#organization\",\"name\":\"Dzia\u0142dowska Agencja Rozwoju S.A.\",\"url\":\"https:\\\/\\\/darsa.pl\\\/www\\\/\",\"logo\":{\"@type\":\"ImageObject\",\"inLanguage\":\"pl-PL\",\"@id\":\"https:\\\/\\\/darsa.pl\\\/www\\\/#\\\/schema\\\/logo\\\/image\\\/\",\"url\":\"https:\\\/\\\/darsa.pl\\\/www\\\/wp-content\\\/uploads\\\/2020\\\/06\\\/logo_h200px.png\",\"contentUrl\":\"https:\\\/\\\/darsa.pl\\\/www\\\/wp-content\\\/uploads\\\/2020\\\/06\\\/logo_h200px.png\",\"width\":856,\"height\":200,\"caption\":\"Dzia\u0142dowska Agencja Rozwoju S.A.\"},\"image\":{\"@id\":\"https:\\\/\\\/darsa.pl\\\/www\\\/#\\\/schema\\\/logo\\\/image\\\/\"}}]}<\/script>\n<!-- \/ Yoast SEO plugin. -->","yoast_head_json":{"title":"Dzia\u0142dowska Agencja Rozwoju S.A.","description":"Wspieranie ma\u0142ych i \u015brednich przedsi\u0119biorstw, edukacja i szkolenia.","robots":{"index":"index","follow":"follow","max-snippet":"max-snippet:-1","max-image-preview":"max-image-preview:large","max-video-preview":"max-video-preview:-1"},"canonical":"https:\/\/darsa.pl\/www\/ekonomia-spoleczna\/owes-nidzica-2019-2022\/faq\/","og_locale":"pl_PL","og_type":"article","og_description":"Wspieranie ma\u0142ych i \u015brednich przedsi\u0119biorstw, edukacja i szkolenia.","og_url":"https:\/\/darsa.pl\/www\/ekonomia-spoleczna\/owes-nidzica-2019-2022\/faq\/","og_site_name":"Dzia\u0142dowska Agencja Rozwoju S.A.","article_modified_time":"2020-08-26T07:47:55+00:00","og_image":[{"width":1200,"height":630,"url":"https:\/\/darsa.pl\/www\/wp-content\/uploads\/2020\/07\/og_img3.png","type":"image\/png"}],"twitter_card":"summary_large_image","twitter_misc":{"Szacowany czas czytania":"3 minuty"},"schema":{"@context":"https:\/\/schema.org","@graph":[{"@type":"WebPage","@id":"https:\/\/darsa.pl\/www\/ekonomia-spoleczna\/owes-nidzica-2019-2022\/faq\/","url":"https:\/\/darsa.pl\/www\/ekonomia-spoleczna\/owes-nidzica-2019-2022\/faq\/","name":"","isPartOf":{"@id":"https:\/\/darsa.pl\/www\/#website"},"datePublished":"2020-08-26T05:30:27+00:00","dateModified":"2020-08-26T07:47:55+00:00","description":"Wspieranie ma\u0142ych i \u015brednich przedsi\u0119biorstw, edukacja i szkolenia.","breadcrumb":{"@id":"https:\/\/darsa.pl\/www\/ekonomia-spoleczna\/owes-nidzica-2019-2022\/faq\/#breadcrumb"},"inLanguage":"pl-PL","potentialAction":[{"@type":"ReadAction","target":["https:\/\/darsa.pl\/www\/ekonomia-spoleczna\/owes-nidzica-2019-2022\/faq\/"]}]},{"@type":"BreadcrumbList","@id":"https:\/\/darsa.pl\/www\/ekonomia-spoleczna\/owes-nidzica-2019-2022\/faq\/#breadcrumb","itemListElement":[{"@type":"ListItem","position":1,"name":"Strona g\u0142\u00f3wna","item":"https:\/\/darsa.pl\/www\/"},{"@type":"ListItem","position":2,"name":"EKONOMIA SPO\u0141ECZNA","item":"https:\/\/darsa.pl\/www\/ekonomia-spoleczna\/"},{"@type":"ListItem","position":3,"name":"OWES NIDZICA 2019-2022","item":"https:\/\/darsa.pl\/www\/ekonomia-spoleczna\/owes-nidzica-2019-2022\/"},{"@type":"ListItem","position":4,"name":"FAQ"}]},{"@type":"WebSite","@id":"https:\/\/darsa.pl\/www\/#website","url":"https:\/\/darsa.pl\/www\/","name":"Dzia\u0142dowska Agencja Rozwoju S.A.","description":"Wspieranie ma\u0142ych i \u015brednich przedsi\u0119biorstw, edukacja i szkolenia.","publisher":{"@id":"https:\/\/darsa.pl\/www\/#organization"},"potentialAction":[{"@type":"SearchAction","target":{"@type":"EntryPoint","urlTemplate":"https:\/\/darsa.pl\/www\/?s={search_term_string}"},"query-input":{"@type":"PropertyValueSpecification","valueRequired":true,"valueName":"search_term_string"}}],"inLanguage":"pl-PL"},{"@type":"Organization","@id":"https:\/\/darsa.pl\/www\/#organization","name":"Dzia\u0142dowska Agencja Rozwoju S.A.","url":"https:\/\/darsa.pl\/www\/","logo":{"@type":"ImageObject","inLanguage":"pl-PL","@id":"https:\/\/darsa.pl\/www\/#\/schema\/logo\/image\/","url":"https:\/\/darsa.pl\/www\/wp-content\/uploads\/2020\/06\/logo_h200px.png","contentUrl":"https:\/\/darsa.pl\/www\/wp-content\/uploads\/2020\/06\/logo_h200px.png","width":856,"height":200,"caption":"Dzia\u0142dowska Agencja Rozwoju S.A."},"image":{"@id":"https:\/\/darsa.pl\/www\/#\/schema\/logo\/image\/"}}]}},"_links":{"self":[{"href":"https:\/\/darsa.pl\/www\/wp-json\/wp\/v2\/pages\/1503","targetHints":{"allow":["GET"]}}],"collection":[{"href":"https:\/\/darsa.pl\/www\/wp-json\/wp\/v2\/pages"}],"about":[{"href":"https:\/\/darsa.pl\/www\/wp-json\/wp\/v2\/types\/page"}],"author":[{"embeddable":true,"href":"https:\/\/darsa.pl\/www\/wp-json\/wp\/v2\/users\/1"}],"replies":[{"embeddable":true,"href":"https:\/\/darsa.pl\/www\/wp-json\/wp\/v2\/comments?post=1503"}],"version-history":[{"count":2,"href":"https:\/\/darsa.pl\/www\/wp-json\/wp\/v2\/pages\/1503\/revisions"}],"predecessor-version":[{"id":1536,"href":"https:\/\/darsa.pl\/www\/wp-json\/wp\/v2\/pages\/1503\/revisions\/1536"}],"up":[{"embeddable":true,"href":"https:\/\/darsa.pl\/www\/wp-json\/wp\/v2\/pages\/1488"}],"wp:attachment":[{"href":"https:\/\/darsa.pl\/www\/wp-json\/wp\/v2\/media?parent=1503"}],"curies":[{"name":"wp","href":"https:\/\/api.w.org\/{rel}","templated":true}]}}