{"id":1501,"date":"2020-08-26T07:30:03","date_gmt":"2020-08-26T05:30:03","guid":{"rendered":"https:\/\/darsa.pl\/www\/?page_id=1501"},"modified":"2020-08-26T09:33:05","modified_gmt":"2020-08-26T07:33:05","slug":"kontakt","status":"publish","type":"page","link":"https:\/\/darsa.pl\/www\/ekonomia-spoleczna\/owes-nidzica-2019-2022\/kontakt\/","title":{"rendered":"KONTAKT"},"content":{"rendered":"\t\t<div data-elementor-type=\"wp-page\" data-elementor-id=\"1501\" class=\"elementor elementor-1501\">\n\t\t\t\t\t\t<section class=\"elementor-section elementor-top-section elementor-element elementor-element-5d451ae8 elementor-section-boxed elementor-section-height-default elementor-section-height-default\" data-id=\"5d451ae8\" data-element_type=\"section\" data-e-type=\"section\" data-settings=\"{&quot;background_background&quot;:&quot;gradient&quot;}\">\n\t\t\t\t\t\t<div class=\"elementor-container elementor-column-gap-default\">\n\t\t\t\t\t<div class=\"elementor-column elementor-col-100 elementor-top-column elementor-element elementor-element-49a2b6bc\" data-id=\"49a2b6bc\" data-element_type=\"column\" data-e-type=\"column\">\n\t\t\t<div class=\"elementor-widget-wrap elementor-element-populated\">\n\t\t\t\t\t\t<div class=\"elementor-element elementor-element-9a5c356 elementor-widget elementor-widget-heading\" data-id=\"9a5c356\" data-element_type=\"widget\" data-e-type=\"widget\" data-widget_type=\"heading.default\">\n\t\t\t\t<div class=\"elementor-widget-container\">\n\t\t\t\t\t<h2 class=\"elementor-heading-title elementor-size-default\">Kontakt<\/h2>\t\t\t\t<\/div>\n\t\t\t\t<\/div>\n\t\t\t\t\t<\/div>\n\t\t<\/div>\n\t\t\t\t\t<\/div>\n\t\t<\/section>\n\t\t\t\t<section class=\"elementor-section elementor-top-section elementor-element elementor-element-73552126 elementor-section-full_width elementor-section-height-default elementor-section-height-default\" data-id=\"73552126\" data-element_type=\"section\" data-e-type=\"section\">\n\t\t\t\t\t\t<div class=\"elementor-container elementor-column-gap-default\">\n\t\t\t\t\t<div class=\"elementor-column elementor-col-50 elementor-top-column elementor-element elementor-element-adcbfb8\" data-id=\"adcbfb8\" data-element_type=\"column\" data-e-type=\"column\">\n\t\t\t<div class=\"elementor-widget-wrap elementor-element-populated\">\n\t\t\t\t\t\t<div class=\"elementor-element elementor-element-44a9b7ad elementor-widget elementor-widget-text-editor\" data-id=\"44a9b7ad\" data-element_type=\"widget\" data-e-type=\"widget\" data-widget_type=\"text-editor.default\">\n\t\t\t\t<div class=\"elementor-widget-container\">\n\t\t\t\t\t\t\t\t\t<p style=\"text-align: center;\"><b><u>LIDER PROJEKTU<\/u><\/b><\/p><p style=\"text-align: center;\"><span><strong>Nidzicka Fundacja Rozwoju \u201eNIDA\u201d<\/strong><\/span><\/p><p style=\"text-align: center;\">ul. Rzemie\u015blnicza 3<\/p><p style=\"text-align: center;\">13-100 Nidzica<\/p><p style=\"text-align: center;\">tel.: 89\u00a0625 22 26, 696\u00a0088 701<\/p><p style=\"text-align: center;\"><a href=\"http:\/\/www.ekonomiaspoleczna.nida.pl\/\">www.ekonomiaspoleczna.nida.pl<\/a><\/p><p style=\"text-align: center;\">e-mail:<span>\u00a0<\/span><span id=\"cloak448a009fd537023f39572b1d11d55fdc\"><a href=\"mailto:ekonomiaspoleczna@nida.pl\">ekonomiaspoleczna@nida.pl<\/a><\/span><\/p><p style=\"text-align: center;\"><span style=\"text-decoration: underline;\">Biuro czynne:<\/span><\/p><p style=\"text-align: center;\">poniedzia\u0142ek \u2013 pi\u0105tek 8.00-16.00<\/p>\t\t\t\t\t\t\t\t<\/div>\n\t\t\t\t<\/div>\n\t\t\t\t\t<\/div>\n\t\t<\/div>\n\t\t\t\t<div class=\"elementor-column elementor-col-50 elementor-top-column elementor-element elementor-element-1e73aab7\" data-id=\"1e73aab7\" data-element_type=\"column\" data-e-type=\"column\">\n\t\t\t<div class=\"elementor-widget-wrap elementor-element-populated\">\n\t\t\t\t\t\t<div class=\"elementor-element elementor-element-537bb9a8 elementor-widget elementor-widget-text-editor\" data-id=\"537bb9a8\" data-element_type=\"widget\" data-e-type=\"widget\" data-widget_type=\"text-editor.default\">\n\t\t\t\t<div class=\"elementor-widget-container\">\n\t\t\t\t\t\t\t\t\t<p style=\"text-align: center;\"><b><u>PARTNER PROJEKTU<\/u><\/b><\/p><p style=\"text-align: center;\"><span><strong>Dzia\u0142dowska Agencja Rozwoju S.A.<\/strong><\/span><\/p><p style=\"text-align: center;\">ul. W\u0142adys\u0142awa Jagie\u0142\u0142y 15A<\/p><p style=\"text-align: center;\">13-200 Dzia\u0142dowo<\/p><p style=\"text-align: center;\">tel.: 23\u00a0697 06 74, 23\u00a0697 06 80, 23\u00a0697 06 81, 23\u00a0697 06 87<\/p><p style=\"text-align: center;\">fax: 23 697 06 66<\/p><p style=\"text-align: center;\"><a href=\"http:\/\/www.darsa.pl\/\">www.darsa.pl<\/a><\/p><p style=\"text-align: center;\">e-mail:<span>\u00a0<\/span><span id=\"cloaka1a0cd471e4cd19aa661b043c80a62a0\"><a href=\"mailto:ips.dzialdowo@darsa.pl\">ips.dzialdowo@darsa.pl<\/a><\/span><\/p><p style=\"text-align: center;\"><span style=\"text-decoration: underline;\">Biuro czynne:<\/span><\/p><p style=\"text-align: center;\">poniedzia\u0142ek \u2013 pi\u0105tek 7.30-15.30<\/p>\t\t\t\t\t\t\t\t<\/div>\n\t\t\t\t<\/div>\n\t\t\t\t\t<\/div>\n\t\t<\/div>\n\t\t\t\t\t<\/div>\n\t\t<\/section>\n\t\t\t\t<section class=\"elementor-section elementor-top-section elementor-element elementor-element-1bf0a0f1 elementor-section-full_width elementor-section-height-default elementor-section-height-default\" data-id=\"1bf0a0f1\" data-element_type=\"section\" data-e-type=\"section\">\n\t\t\t\t\t\t<div class=\"elementor-container elementor-column-gap-default\">\n\t\t\t\t\t<div class=\"elementor-column elementor-col-33 elementor-top-column elementor-element elementor-element-35931b\" data-id=\"35931b\" data-element_type=\"column\" data-e-type=\"column\">\n\t\t\t<div class=\"elementor-widget-wrap elementor-element-populated\">\n\t\t\t\t\t\t<div class=\"elementor-element elementor-element-64aaf88 elementor-widget elementor-widget-text-editor\" data-id=\"64aaf88\" data-element_type=\"widget\" data-e-type=\"widget\" data-widget_type=\"text-editor.default\">\n\t\t\t\t<div class=\"elementor-widget-container\">\n\t\t\t\t\t\t\t\t\t<p style=\"text-align: center;\"><strong><u>CENTRUM EKONOMII SPO\u0141ECZNEJ W KAMIONCE<\/u><\/strong><\/p><p style=\"text-align: center;\"><strong>Nidzicka Fundacja Rozwoju NIDA<\/strong><\/p><p style=\"text-align: center;\">Kamionka 5<\/p><p style=\"text-align: center;\">13-100 Nidzica<\/p><p style=\"text-align: center;\">tel.: 882\u00a0189 464<\/p><p style=\"text-align: center;\">e-mail: <span id=\"cloakd271a118dbe266a0351d3b0fec8f7ee7\"><a href=\"mailto:p.regula@nida.pl\">p.regula@nida.pl<\/a><\/span><\/p>\t\t\t\t\t\t\t\t<\/div>\n\t\t\t\t<\/div>\n\t\t\t\t\t<\/div>\n\t\t<\/div>\n\t\t\t\t<div class=\"elementor-column elementor-col-33 elementor-top-column elementor-element elementor-element-e351a74\" data-id=\"e351a74\" data-element_type=\"column\" data-e-type=\"column\">\n\t\t\t<div class=\"elementor-widget-wrap elementor-element-populated\">\n\t\t\t\t\t\t<div class=\"elementor-element elementor-element-4c6bf5f1 elementor-widget elementor-widget-text-editor\" data-id=\"4c6bf5f1\" data-element_type=\"widget\" data-e-type=\"widget\" data-widget_type=\"text-editor.default\">\n\t\t\t\t<div class=\"elementor-widget-container\">\n\t\t\t\t\t\t\t\t\t<p style=\"font-size: 12px; text-align: center;\"><span style=\"font-weight: bold;\"><u>INKUBATOR PRZEDSI\u0118BIORCZO\u015aCI SPO\u0141ECZNEJ<\/u><\/span><\/p><p style=\"text-align: center;\"><strong>Nidzicka Fundacja Rozwoju NIDA<\/strong><\/p><p style=\"text-align: center;\">Kamionka 7A<\/p><p style=\"text-align: center;\">13-100 Nidzica<\/p><p style=\"text-align: center;\">tel.: 666\u00a0028 992<\/p><p style=\"text-align: center;\">e-mail:<span>\u00a0<\/span><span id=\"cloaka5bcc533d3ea4735ad0533b1b2155d31\"><a href=\"mailto:ips.kamionka@nida.pl\">ips.kamionka@nida.pl<\/a><\/span>,<span>\u00a0<\/span><span id=\"cloak965daaf29dc1c911b010ca9a5079e7e2\"><a href=\"mailto:e.waskiewicz@nida.pl\">e.waskiewicz@nida.pl<\/a><\/span><\/p>\t\t\t\t\t\t\t\t<\/div>\n\t\t\t\t<\/div>\n\t\t\t\t\t<\/div>\n\t\t<\/div>\n\t\t\t\t<div class=\"elementor-column elementor-col-33 elementor-top-column elementor-element elementor-element-6917ea98\" data-id=\"6917ea98\" data-element_type=\"column\" data-e-type=\"column\">\n\t\t\t<div class=\"elementor-widget-wrap elementor-element-populated\">\n\t\t\t\t\t\t<div class=\"elementor-element elementor-element-da32eed elementor-widget elementor-widget-text-editor\" data-id=\"da32eed\" data-element_type=\"widget\" data-e-type=\"widget\" data-widget_type=\"text-editor.default\">\n\t\t\t\t<div class=\"elementor-widget-container\">\n\t\t\t\t\t\t\t\t\t<p style=\"font-size: 12px; text-align: center;\"><span style=\"font-weight: bold;\"><u>INKUBATOR PRZEDSI\u0118BIORCZO\u015aCI SPO\u0141ECZNEJ<\/u><\/span><\/p><p style=\"text-align: center;\"><strong>Dzia\u0142dowska Agencja Rozwoju S.A.<\/strong><\/p><p style=\"text-align: center;\">ul. W\u0142adys\u0142awa Jagie\u0142\u0142y 15 A<\/p><p style=\"text-align: center;\">13-200 Dzia\u0142dowo<\/p><p style=\"text-align: center;\">tel.: 23\u00a0697 06 87,<\/p><p style=\"text-align: center;\">fax 23\u00a0697 06 67<\/p><p style=\"text-align: center;\">e-mail:<span>\u00a0<\/span><span id=\"cloak3be939f7f6d98c6a0a494a383c03dc5e\"><a href=\"mailto:ips.dzialdowo@darsa.pl\">ips.dzialdowo@darsa.pl<\/a><\/span><\/p>\t\t\t\t\t\t\t\t<\/div>\n\t\t\t\t<\/div>\n\t\t\t\t\t<\/div>\n\t\t<\/div>\n\t\t\t\t\t<\/div>\n\t\t<\/section>\n\t\t\t\t<\/div>\n\t\t","protected":false},"excerpt":{"rendered":"<p>Kontakt LIDER PROJEKTU Nidzicka Fundacja Rozwoju \u201eNIDA\u201d ul. Rzemie\u015blnicza 3 13-100 Nidzica tel.: 89\u00a0625 22 26, 696\u00a0088 701 www.ekonomiaspoleczna.nida.pl e-mail:\u00a0ekonomiaspoleczna@nida.pl Biuro czynne: poniedzia\u0142ek \u2013 pi\u0105tek 8.00-16.00 PARTNER PROJEKTU Dzia\u0142dowska Agencja Rozwoju S.A. ul. W\u0142adys\u0142awa Jagie\u0142\u0142y 15A 13-200 Dzia\u0142dowo tel.: 23\u00a0697 06 74, 23\u00a0697 06 80, 23\u00a0697 06 81, 23\u00a0697 06 [&hellip;]<\/p>\n","protected":false},"author":1,"featured_media":0,"parent":1488,"menu_order":3,"comment_status":"closed","ping_status":"closed","template":"elementor_header_footer","meta":{"footnotes":""},"class_list":["post-1501","page","type-page","status-publish","hentry"],"yoast_head":"<!-- This site is optimized with the Yoast SEO plugin v27.3 - https:\/\/yoast.com\/product\/yoast-seo-wordpress\/ -->\n<title>Dzia\u0142dowska Agencja Rozwoju S.A.<\/title>\n<meta name=\"description\" content=\"Wspieranie ma\u0142ych i \u015brednich przedsi\u0119biorstw, edukacja i szkolenia.\" \/>\n<meta name=\"robots\" content=\"index, follow, max-snippet:-1, max-image-preview:large, max-video-preview:-1\" \/>\n<link rel=\"canonical\" href=\"https:\/\/darsa.pl\/www\/ekonomia-spoleczna\/owes-nidzica-2019-2022\/kontakt\/\" \/>\n<meta property=\"og:locale\" content=\"pl_PL\" \/>\n<meta property=\"og:type\" content=\"article\" \/>\n<meta property=\"og:description\" content=\"Wspieranie ma\u0142ych i \u015brednich przedsi\u0119biorstw, edukacja i szkolenia.\" \/>\n<meta property=\"og:url\" content=\"https:\/\/darsa.pl\/www\/ekonomia-spoleczna\/owes-nidzica-2019-2022\/kontakt\/\" \/>\n<meta property=\"og:site_name\" content=\"Dzia\u0142dowska Agencja Rozwoju S.A.\" \/>\n<meta property=\"article:modified_time\" content=\"2020-08-26T07:33:05+00:00\" \/>\n<meta property=\"og:image\" content=\"https:\/\/darsa.pl\/www\/wp-content\/uploads\/2020\/07\/og_img3.png\" \/>\n\t<meta property=\"og:image:width\" content=\"1200\" \/>\n\t<meta property=\"og:image:height\" content=\"630\" \/>\n\t<meta property=\"og:image:type\" content=\"image\/png\" \/>\n<meta name=\"twitter:card\" content=\"summary_large_image\" \/>\n<meta name=\"twitter:label1\" content=\"Szacowany czas czytania\" \/>\n\t<meta name=\"twitter:data1\" content=\"1 minuta\" \/>\n<script type=\"application\/ld+json\" class=\"yoast-schema-graph\">{\"@context\":\"https:\\\/\\\/schema.org\",\"@graph\":[{\"@type\":\"WebPage\",\"@id\":\"https:\\\/\\\/darsa.pl\\\/www\\\/ekonomia-spoleczna\\\/owes-nidzica-2019-2022\\\/kontakt\\\/\",\"url\":\"https:\\\/\\\/darsa.pl\\\/www\\\/ekonomia-spoleczna\\\/owes-nidzica-2019-2022\\\/kontakt\\\/\",\"name\":\"\",\"isPartOf\":{\"@id\":\"https:\\\/\\\/darsa.pl\\\/www\\\/#website\"},\"datePublished\":\"2020-08-26T05:30:03+00:00\",\"dateModified\":\"2020-08-26T07:33:05+00:00\",\"description\":\"Wspieranie ma\u0142ych i \u015brednich przedsi\u0119biorstw, edukacja i szkolenia.\",\"breadcrumb\":{\"@id\":\"https:\\\/\\\/darsa.pl\\\/www\\\/ekonomia-spoleczna\\\/owes-nidzica-2019-2022\\\/kontakt\\\/#breadcrumb\"},\"inLanguage\":\"pl-PL\",\"potentialAction\":[{\"@type\":\"ReadAction\",\"target\":[\"https:\\\/\\\/darsa.pl\\\/www\\\/ekonomia-spoleczna\\\/owes-nidzica-2019-2022\\\/kontakt\\\/\"]}]},{\"@type\":\"BreadcrumbList\",\"@id\":\"https:\\\/\\\/darsa.pl\\\/www\\\/ekonomia-spoleczna\\\/owes-nidzica-2019-2022\\\/kontakt\\\/#breadcrumb\",\"itemListElement\":[{\"@type\":\"ListItem\",\"position\":1,\"name\":\"Strona g\u0142\u00f3wna\",\"item\":\"https:\\\/\\\/darsa.pl\\\/www\\\/\"},{\"@type\":\"ListItem\",\"position\":2,\"name\":\"EKONOMIA SPO\u0141ECZNA\",\"item\":\"https:\\\/\\\/darsa.pl\\\/www\\\/ekonomia-spoleczna\\\/\"},{\"@type\":\"ListItem\",\"position\":3,\"name\":\"OWES NIDZICA 2019-2022\",\"item\":\"https:\\\/\\\/darsa.pl\\\/www\\\/ekonomia-spoleczna\\\/owes-nidzica-2019-2022\\\/\"},{\"@type\":\"ListItem\",\"position\":4,\"name\":\"KONTAKT\"}]},{\"@type\":\"WebSite\",\"@id\":\"https:\\\/\\\/darsa.pl\\\/www\\\/#website\",\"url\":\"https:\\\/\\\/darsa.pl\\\/www\\\/\",\"name\":\"Dzia\u0142dowska Agencja Rozwoju S.A.\",\"description\":\"Wspieranie ma\u0142ych i \u015brednich przedsi\u0119biorstw, edukacja i szkolenia.\",\"publisher\":{\"@id\":\"https:\\\/\\\/darsa.pl\\\/www\\\/#organization\"},\"potentialAction\":[{\"@type\":\"SearchAction\",\"target\":{\"@type\":\"EntryPoint\",\"urlTemplate\":\"https:\\\/\\\/darsa.pl\\\/www\\\/?s={search_term_string}\"},\"query-input\":{\"@type\":\"PropertyValueSpecification\",\"valueRequired\":true,\"valueName\":\"search_term_string\"}}],\"inLanguage\":\"pl-PL\"},{\"@type\":\"Organization\",\"@id\":\"https:\\\/\\\/darsa.pl\\\/www\\\/#organization\",\"name\":\"Dzia\u0142dowska Agencja Rozwoju S.A.\",\"url\":\"https:\\\/\\\/darsa.pl\\\/www\\\/\",\"logo\":{\"@type\":\"ImageObject\",\"inLanguage\":\"pl-PL\",\"@id\":\"https:\\\/\\\/darsa.pl\\\/www\\\/#\\\/schema\\\/logo\\\/image\\\/\",\"url\":\"https:\\\/\\\/darsa.pl\\\/www\\\/wp-content\\\/uploads\\\/2020\\\/06\\\/logo_h200px.png\",\"contentUrl\":\"https:\\\/\\\/darsa.pl\\\/www\\\/wp-content\\\/uploads\\\/2020\\\/06\\\/logo_h200px.png\",\"width\":856,\"height\":200,\"caption\":\"Dzia\u0142dowska Agencja Rozwoju S.A.\"},\"image\":{\"@id\":\"https:\\\/\\\/darsa.pl\\\/www\\\/#\\\/schema\\\/logo\\\/image\\\/\"}}]}<\/script>\n<!-- \/ Yoast SEO plugin. -->","yoast_head_json":{"title":"Dzia\u0142dowska Agencja Rozwoju S.A.","description":"Wspieranie ma\u0142ych i \u015brednich przedsi\u0119biorstw, edukacja i szkolenia.","robots":{"index":"index","follow":"follow","max-snippet":"max-snippet:-1","max-image-preview":"max-image-preview:large","max-video-preview":"max-video-preview:-1"},"canonical":"https:\/\/darsa.pl\/www\/ekonomia-spoleczna\/owes-nidzica-2019-2022\/kontakt\/","og_locale":"pl_PL","og_type":"article","og_description":"Wspieranie ma\u0142ych i \u015brednich przedsi\u0119biorstw, edukacja i szkolenia.","og_url":"https:\/\/darsa.pl\/www\/ekonomia-spoleczna\/owes-nidzica-2019-2022\/kontakt\/","og_site_name":"Dzia\u0142dowska Agencja Rozwoju S.A.","article_modified_time":"2020-08-26T07:33:05+00:00","og_image":[{"width":1200,"height":630,"url":"https:\/\/darsa.pl\/www\/wp-content\/uploads\/2020\/07\/og_img3.png","type":"image\/png"}],"twitter_card":"summary_large_image","twitter_misc":{"Szacowany czas czytania":"1 minuta"},"schema":{"@context":"https:\/\/schema.org","@graph":[{"@type":"WebPage","@id":"https:\/\/darsa.pl\/www\/ekonomia-spoleczna\/owes-nidzica-2019-2022\/kontakt\/","url":"https:\/\/darsa.pl\/www\/ekonomia-spoleczna\/owes-nidzica-2019-2022\/kontakt\/","name":"","isPartOf":{"@id":"https:\/\/darsa.pl\/www\/#website"},"datePublished":"2020-08-26T05:30:03+00:00","dateModified":"2020-08-26T07:33:05+00:00","description":"Wspieranie ma\u0142ych i \u015brednich przedsi\u0119biorstw, edukacja i szkolenia.","breadcrumb":{"@id":"https:\/\/darsa.pl\/www\/ekonomia-spoleczna\/owes-nidzica-2019-2022\/kontakt\/#breadcrumb"},"inLanguage":"pl-PL","potentialAction":[{"@type":"ReadAction","target":["https:\/\/darsa.pl\/www\/ekonomia-spoleczna\/owes-nidzica-2019-2022\/kontakt\/"]}]},{"@type":"BreadcrumbList","@id":"https:\/\/darsa.pl\/www\/ekonomia-spoleczna\/owes-nidzica-2019-2022\/kontakt\/#breadcrumb","itemListElement":[{"@type":"ListItem","position":1,"name":"Strona g\u0142\u00f3wna","item":"https:\/\/darsa.pl\/www\/"},{"@type":"ListItem","position":2,"name":"EKONOMIA SPO\u0141ECZNA","item":"https:\/\/darsa.pl\/www\/ekonomia-spoleczna\/"},{"@type":"ListItem","position":3,"name":"OWES NIDZICA 2019-2022","item":"https:\/\/darsa.pl\/www\/ekonomia-spoleczna\/owes-nidzica-2019-2022\/"},{"@type":"ListItem","position":4,"name":"KONTAKT"}]},{"@type":"WebSite","@id":"https:\/\/darsa.pl\/www\/#website","url":"https:\/\/darsa.pl\/www\/","name":"Dzia\u0142dowska Agencja Rozwoju S.A.","description":"Wspieranie ma\u0142ych i \u015brednich przedsi\u0119biorstw, edukacja i szkolenia.","publisher":{"@id":"https:\/\/darsa.pl\/www\/#organization"},"potentialAction":[{"@type":"SearchAction","target":{"@type":"EntryPoint","urlTemplate":"https:\/\/darsa.pl\/www\/?s={search_term_string}"},"query-input":{"@type":"PropertyValueSpecification","valueRequired":true,"valueName":"search_term_string"}}],"inLanguage":"pl-PL"},{"@type":"Organization","@id":"https:\/\/darsa.pl\/www\/#organization","name":"Dzia\u0142dowska Agencja Rozwoju S.A.","url":"https:\/\/darsa.pl\/www\/","logo":{"@type":"ImageObject","inLanguage":"pl-PL","@id":"https:\/\/darsa.pl\/www\/#\/schema\/logo\/image\/","url":"https:\/\/darsa.pl\/www\/wp-content\/uploads\/2020\/06\/logo_h200px.png","contentUrl":"https:\/\/darsa.pl\/www\/wp-content\/uploads\/2020\/06\/logo_h200px.png","width":856,"height":200,"caption":"Dzia\u0142dowska Agencja Rozwoju S.A."},"image":{"@id":"https:\/\/darsa.pl\/www\/#\/schema\/logo\/image\/"}}]}},"_links":{"self":[{"href":"https:\/\/darsa.pl\/www\/wp-json\/wp\/v2\/pages\/1501","targetHints":{"allow":["GET"]}}],"collection":[{"href":"https:\/\/darsa.pl\/www\/wp-json\/wp\/v2\/pages"}],"about":[{"href":"https:\/\/darsa.pl\/www\/wp-json\/wp\/v2\/types\/page"}],"author":[{"embeddable":true,"href":"https:\/\/darsa.pl\/www\/wp-json\/wp\/v2\/users\/1"}],"replies":[{"embeddable":true,"href":"https:\/\/darsa.pl\/www\/wp-json\/wp\/v2\/comments?post=1501"}],"version-history":[{"count":4,"href":"https:\/\/darsa.pl\/www\/wp-json\/wp\/v2\/pages\/1501\/revisions"}],"predecessor-version":[{"id":1534,"href":"https:\/\/darsa.pl\/www\/wp-json\/wp\/v2\/pages\/1501\/revisions\/1534"}],"up":[{"embeddable":true,"href":"https:\/\/darsa.pl\/www\/wp-json\/wp\/v2\/pages\/1488"}],"wp:attachment":[{"href":"https:\/\/darsa.pl\/www\/wp-json\/wp\/v2\/media?parent=1501"}],"curies":[{"name":"wp","href":"https:\/\/api.w.org\/{rel}","templated":true}]}}