{"id":1388,"date":"2020-08-05T12:28:37","date_gmt":"2020-08-05T10:28:37","guid":{"rendered":"https:\/\/darsa.pl\/www\/?page_id=1388"},"modified":"2025-04-07T20:50:35","modified_gmt":"2025-04-07T18:50:35","slug":"oplaty","status":"publish","type":"page","link":"https:\/\/darsa.pl\/www\/targowisko\/oplaty\/","title":{"rendered":"OP\u0141ATY"},"content":{"rendered":"\t\t<div data-elementor-type=\"wp-page\" data-elementor-id=\"1388\" class=\"elementor elementor-1388\">\n\t\t\t\t\t\t<section class=\"elementor-section elementor-top-section elementor-element elementor-element-36785df6 elementor-section-boxed elementor-section-height-default elementor-section-height-default\" data-id=\"36785df6\" data-element_type=\"section\" data-e-type=\"section\" data-settings=\"{&quot;background_background&quot;:&quot;gradient&quot;}\">\n\t\t\t\t\t\t<div class=\"elementor-container elementor-column-gap-default\">\n\t\t\t\t\t<div class=\"elementor-column elementor-col-100 elementor-top-column elementor-element elementor-element-7f881731\" data-id=\"7f881731\" data-element_type=\"column\" data-e-type=\"column\">\n\t\t\t<div class=\"elementor-widget-wrap elementor-element-populated\">\n\t\t\t\t\t\t<div class=\"elementor-element elementor-element-678e5899 elementor-widget elementor-widget-heading\" data-id=\"678e5899\" data-element_type=\"widget\" data-e-type=\"widget\" data-widget_type=\"heading.default\">\n\t\t\t\t<div class=\"elementor-widget-container\">\n\t\t\t\t\t<h2 class=\"elementor-heading-title elementor-size-default\">Op\u0142aty<\/h2>\t\t\t\t<\/div>\n\t\t\t\t<\/div>\n\t\t\t\t\t<\/div>\n\t\t<\/div>\n\t\t\t\t\t<\/div>\n\t\t<\/section>\n\t\t\t\t<section class=\"elementor-section elementor-top-section elementor-element elementor-element-ab8e2e4 elementor-section-boxed elementor-section-height-default elementor-section-height-default\" data-id=\"ab8e2e4\" data-element_type=\"section\" data-e-type=\"section\" data-settings=\"{&quot;background_background&quot;:&quot;classic&quot;}\">\n\t\t\t\t\t\t<div class=\"elementor-container elementor-column-gap-default\">\n\t\t\t\t\t<div class=\"elementor-column elementor-col-100 elementor-top-column elementor-element elementor-element-4ebea656\" data-id=\"4ebea656\" data-element_type=\"column\" data-e-type=\"column\">\n\t\t\t<div class=\"elementor-widget-wrap elementor-element-populated\">\n\t\t\t\t\t\t<div class=\"elementor-element elementor-element-5067cb49 elementor-widget elementor-widget-text-editor\" data-id=\"5067cb49\" data-element_type=\"widget\" data-e-type=\"widget\" data-widget_type=\"text-editor.default\">\n\t\t\t\t<div class=\"elementor-widget-container\">\n\t\t\t\t\t\t\t\t\t<p style=\"text-align: center;\"><strong>Ustala si\u0119 nast\u0119puj\u0105ce rodzaje i wysoko\u015bci op\u0142at za udost\u0119pnianie sprzedaj\u0105cym (kupcom) urz\u0105dze\u0144 Targowiska:<\/strong><\/p><ol style=\"text-align: left;\"><li>Op\u0142ata za wynajem ka\u017cdego pawilonu handlowego o powierzchni <b>15 m<sup>2<\/sup><span>\u00a0<\/span>+ 3 m<sup>2<\/sup><\/b><span>\u00a0<\/span>powierzchni wystawienniczej niehandlowej po\u0142o\u017conej od czo\u0142a lokalu u\u017cytkowego \u2013 <b>440 z\u0142 netto miesi\u0119cznie + nale\u017cny podatek VAT<\/b>,<\/li><li>Op\u0142ata rezerwacyjna za udost\u0119pnienie sta\u0142ego, niezadaszonego miejsca sprzeda\u017cy<br \/>o powierzchni do <b>18 m<sup>2<\/sup><\/b><span>\u00a0<\/span>na terenie Targowiska, innego ni\u017c okre\u015blone w pkt. 4 \u2013 <b>120 z\u0142 netto miesi\u0119cznie + nale\u017cny podatek VAT<\/b>,<\/li><li>Op\u0142ata rezerwacyjna za udost\u0119pnienie sta\u0142ego, niezadaszonego miejsca sprzeda\u017cy<br \/>o powierzchni powy\u017cej <b>18 m<sup>2<\/sup><\/b><span>\u00a0<\/span>na terenie Targowiska \u2013 p<b>o 120 z\u0142 netto miesi\u0119cznie<br \/>+ nale\u017cny podatek VAT<\/b> za ka\u017cd\u0105 rozpocz\u0119t\u0105 wielokrotno\u015b\u0107 18 m<sup>2<\/sup>\u00a0 tej powierzchni,.<\/li><li>Op\u0142ata rezerwacyjna za udostepnienie sta\u0142ego, niezadaszonego miejsca sprzeda\u017cy<br \/>o powierzchni do <b>18 m<\/b><sup><b>2<\/b><span>\u00a0<\/span><\/sup>na terenie Targowiska oznaczonego numerem <b>14, 28, 228, 229, 230, 231 i 232<\/b> \u2013 <b>100 z\u0142 netto miesi\u0119cznie + nale\u017cny podatek VAT<\/b>,<br \/>oraz oznaczonego numerem <b>13a<\/b> &#8211;\u00a0 <b>60 z\u0142\u00a0 netto miesi\u0119cznie + podatek VAT<\/b>,<\/li><li>Op\u0142ata jednorazowa za korzystanie w jednym dniu wy\u0142\u0105cznie przez osob\u0119 sprzedaj\u0105c\u0105<br \/>z r\u0119ki lub z kosza z niezadaszonego miejsca sprzeda\u017cy wskazanego przez pracownika obs\u0142uguj\u0105cego Targowisko o powierzchni <b>do 2 m<sup>2<\/sup><\/b><span>\u00a0<\/span>na terenie Targowiska<br \/>\u2013 <b>2,50 z\u0142 brutto<\/b>,<\/li><li>Op\u0142ata jednorazowa za korzystanie w jednym dniu ze sta\u0142ego, niezadaszonego miejsca sprzeda\u017cy na terenie<\/li><li>Targowiska:<ol><li>w niedziel\u0119 \u2013 <b>30 z\u0142 netto + nale\u017cny podatek VAT<\/b>,<\/li><li>w pozosta\u0142e dni \u2013 <b>10 z\u0142 netto + nale\u017cny podatek VAT<\/b><\/li><\/ol><\/li><\/ol><p style=\"text-align: left;\">za ka\u017cde zaj\u0119te stanowisko handlowe o powierzchni <b>do 18 m<sup>2<\/sup><\/b>, o ile sprzedaj\u0105cy nie ui\u015bci\u0142 wcze\u015bniej za to stanowisko op\u0142aty rezerwacyjnej.<\/p><ol start=\"8\" style=\"text-align: left;\"><li>Sprzeda\u017c rzeczy u\u017cywanych odbywa si\u0119 w ka\u017cdy pi\u0105tek, od godz. <b>8.30<\/b> do godz. <b>18.00<\/b><br \/>i w ka\u017cd\u0105 sobot\u0119 od godz. <b>8.30<\/b>\u00a0do godz. <b>15.00<\/b>.<\/li><li>O wyborze miejsca sprzeda\u017cy dla osoby handluj\u0105cej rzeczami u\u017cywanymi decyduje pracownik obs\u0142uguj\u0105cy w danym dniu Targowisko.<\/li><\/ol><p style=\"text-align: center;\">Zwalnia si\u0119 z op\u0142aty jednorazowej okre\u015blonej w \u00a7 1 pkt. 5 i pkt. 6 wszystkie osoby handluj\u0105ce rzeczami u\u017cywanymi na terenie Targowiska w ka\u017cdy pi\u0105tek od godz. <b>8.30<\/b><br \/>do godz. <b>18.00<\/b>\u00a0 i w ka\u017cd\u0105 sobot\u0119 od godz. <b>8.30<\/b> do godz. <b>15.00<\/b>.<\/p><hr \/><p><\/p><p style=\"text-align: center;\">W zwi\u0105zku z opublikowaniem <br \/>w Dzienniku Urz\u0119dowym Wojew\u00f3dztwa Warmi\u0144sko-Mazurskiego <br \/>Uchwa\u0142y nr XI\/95\/25 Rady Miasta Dzia\u0142dowo <br \/>w sprawie zmiany uchwa\u0142y nr XIV\/112\/15 Rady Miasta Dzia\u0142dowo <br \/>z dnia 30 listopada 2015 r. dotycz\u0105cej op\u0142aty targowej, informujemy, \u017ce z dniem<strong> 08.04.2025 r. nast\u0105pi zmiana dziennej stawki op\u0142aty targowej obowi\u0105zuj\u0105cej <br \/>na terenie Gminy-Miasto Dzia\u0142dowo<\/strong>, zgodnie z za\u0142\u0105czon\u0105 Uchwa\u0142\u0105.<\/p><p style=\"text-align: center;\"><a href=\"https:\/\/darsa.pl\/www\/wp-content\/uploads\/2025\/04\/uchwala_oplaty.pdf\" target=\"_blank\" rel=\"noopener\">&gt;&gt;&gt; Uchwa\u0142a nr XI\/95\/25 Rady Miasta Dzia\u0142dowo<\/a><\/p>\t\t\t\t\t\t\t\t<\/div>\n\t\t\t\t<\/div>\n\t\t\t\t\t<\/div>\n\t\t<\/div>\n\t\t\t\t\t<\/div>\n\t\t<\/section>\n\t\t\t\t<\/div>\n\t\t","protected":false},"excerpt":{"rendered":"<p>Op\u0142aty Ustala si\u0119 nast\u0119puj\u0105ce rodzaje i wysoko\u015bci op\u0142at za udost\u0119pnianie sprzedaj\u0105cym (kupcom) urz\u0105dze\u0144 Targowiska: Op\u0142ata za wynajem ka\u017cdego pawilonu handlowego o powierzchni 15 m2\u00a0+ 3 m2\u00a0powierzchni wystawienniczej niehandlowej po\u0142o\u017conej od czo\u0142a lokalu u\u017cytkowego \u2013 440 z\u0142 netto miesi\u0119cznie + nale\u017cny podatek VAT, Op\u0142ata rezerwacyjna za udost\u0119pnienie sta\u0142ego, niezadaszonego miejsca sprzeda\u017cyo [&hellip;]<\/p>\n","protected":false},"author":1,"featured_media":0,"parent":163,"menu_order":0,"comment_status":"closed","ping_status":"closed","template":"elementor_header_footer","meta":{"footnotes":""},"class_list":["post-1388","page","type-page","status-publish","hentry"],"yoast_head":"<!-- This site is optimized with the Yoast SEO plugin v27.3 - https:\/\/yoast.com\/product\/yoast-seo-wordpress\/ -->\n<title>Dzia\u0142dowska Agencja Rozwoju S.A.<\/title>\n<meta name=\"description\" content=\"Wspieranie ma\u0142ych i \u015brednich przedsi\u0119biorstw, edukacja i szkolenia.\" \/>\n<meta name=\"robots\" content=\"index, follow, max-snippet:-1, max-image-preview:large, max-video-preview:-1\" \/>\n<link rel=\"canonical\" href=\"https:\/\/darsa.pl\/www\/targowisko\/oplaty\/\" \/>\n<meta property=\"og:locale\" content=\"pl_PL\" \/>\n<meta property=\"og:type\" content=\"article\" \/>\n<meta property=\"og:description\" content=\"Wspieranie ma\u0142ych i \u015brednich przedsi\u0119biorstw, edukacja i szkolenia.\" \/>\n<meta property=\"og:url\" content=\"https:\/\/darsa.pl\/www\/targowisko\/oplaty\/\" \/>\n<meta property=\"og:site_name\" content=\"Dzia\u0142dowska Agencja Rozwoju S.A.\" \/>\n<meta property=\"article:modified_time\" content=\"2025-04-07T18:50:35+00:00\" \/>\n<meta property=\"og:image\" content=\"https:\/\/darsa.pl\/www\/wp-content\/uploads\/2020\/07\/og_img3.png\" \/>\n\t<meta property=\"og:image:width\" content=\"1200\" \/>\n\t<meta property=\"og:image:height\" content=\"630\" \/>\n\t<meta property=\"og:image:type\" content=\"image\/png\" \/>\n<meta name=\"twitter:card\" content=\"summary_large_image\" \/>\n<meta name=\"twitter:label1\" content=\"Szacowany czas czytania\" \/>\n\t<meta name=\"twitter:data1\" content=\"3 minuty\" \/>\n<script type=\"application\/ld+json\" class=\"yoast-schema-graph\">{\"@context\":\"https:\\\/\\\/schema.org\",\"@graph\":[{\"@type\":\"WebPage\",\"@id\":\"https:\\\/\\\/darsa.pl\\\/www\\\/targowisko\\\/oplaty\\\/\",\"url\":\"https:\\\/\\\/darsa.pl\\\/www\\\/targowisko\\\/oplaty\\\/\",\"name\":\"\",\"isPartOf\":{\"@id\":\"https:\\\/\\\/darsa.pl\\\/www\\\/#website\"},\"datePublished\":\"2020-08-05T10:28:37+00:00\",\"dateModified\":\"2025-04-07T18:50:35+00:00\",\"description\":\"Wspieranie ma\u0142ych i \u015brednich przedsi\u0119biorstw, edukacja i szkolenia.\",\"breadcrumb\":{\"@id\":\"https:\\\/\\\/darsa.pl\\\/www\\\/targowisko\\\/oplaty\\\/#breadcrumb\"},\"inLanguage\":\"pl-PL\",\"potentialAction\":[{\"@type\":\"ReadAction\",\"target\":[\"https:\\\/\\\/darsa.pl\\\/www\\\/targowisko\\\/oplaty\\\/\"]}]},{\"@type\":\"BreadcrumbList\",\"@id\":\"https:\\\/\\\/darsa.pl\\\/www\\\/targowisko\\\/oplaty\\\/#breadcrumb\",\"itemListElement\":[{\"@type\":\"ListItem\",\"position\":1,\"name\":\"Strona g\u0142\u00f3wna\",\"item\":\"https:\\\/\\\/darsa.pl\\\/www\\\/\"},{\"@type\":\"ListItem\",\"position\":2,\"name\":\"TARGOWISKO\",\"item\":\"https:\\\/\\\/darsa.pl\\\/www\\\/targowisko\\\/\"},{\"@type\":\"ListItem\",\"position\":3,\"name\":\"OP\u0141ATY\"}]},{\"@type\":\"WebSite\",\"@id\":\"https:\\\/\\\/darsa.pl\\\/www\\\/#website\",\"url\":\"https:\\\/\\\/darsa.pl\\\/www\\\/\",\"name\":\"Dzia\u0142dowska Agencja Rozwoju S.A.\",\"description\":\"Wspieranie ma\u0142ych i \u015brednich przedsi\u0119biorstw, edukacja i szkolenia.\",\"publisher\":{\"@id\":\"https:\\\/\\\/darsa.pl\\\/www\\\/#organization\"},\"potentialAction\":[{\"@type\":\"SearchAction\",\"target\":{\"@type\":\"EntryPoint\",\"urlTemplate\":\"https:\\\/\\\/darsa.pl\\\/www\\\/?s={search_term_string}\"},\"query-input\":{\"@type\":\"PropertyValueSpecification\",\"valueRequired\":true,\"valueName\":\"search_term_string\"}}],\"inLanguage\":\"pl-PL\"},{\"@type\":\"Organization\",\"@id\":\"https:\\\/\\\/darsa.pl\\\/www\\\/#organization\",\"name\":\"Dzia\u0142dowska Agencja Rozwoju S.A.\",\"url\":\"https:\\\/\\\/darsa.pl\\\/www\\\/\",\"logo\":{\"@type\":\"ImageObject\",\"inLanguage\":\"pl-PL\",\"@id\":\"https:\\\/\\\/darsa.pl\\\/www\\\/#\\\/schema\\\/logo\\\/image\\\/\",\"url\":\"https:\\\/\\\/darsa.pl\\\/www\\\/wp-content\\\/uploads\\\/2020\\\/06\\\/logo_h200px.png\",\"contentUrl\":\"https:\\\/\\\/darsa.pl\\\/www\\\/wp-content\\\/uploads\\\/2020\\\/06\\\/logo_h200px.png\",\"width\":856,\"height\":200,\"caption\":\"Dzia\u0142dowska Agencja Rozwoju S.A.\"},\"image\":{\"@id\":\"https:\\\/\\\/darsa.pl\\\/www\\\/#\\\/schema\\\/logo\\\/image\\\/\"}}]}<\/script>\n<!-- \/ Yoast SEO plugin. -->","yoast_head_json":{"title":"Dzia\u0142dowska Agencja Rozwoju S.A.","description":"Wspieranie ma\u0142ych i \u015brednich przedsi\u0119biorstw, edukacja i szkolenia.","robots":{"index":"index","follow":"follow","max-snippet":"max-snippet:-1","max-image-preview":"max-image-preview:large","max-video-preview":"max-video-preview:-1"},"canonical":"https:\/\/darsa.pl\/www\/targowisko\/oplaty\/","og_locale":"pl_PL","og_type":"article","og_description":"Wspieranie ma\u0142ych i \u015brednich przedsi\u0119biorstw, edukacja i szkolenia.","og_url":"https:\/\/darsa.pl\/www\/targowisko\/oplaty\/","og_site_name":"Dzia\u0142dowska Agencja Rozwoju S.A.","article_modified_time":"2025-04-07T18:50:35+00:00","og_image":[{"width":1200,"height":630,"url":"https:\/\/darsa.pl\/www\/wp-content\/uploads\/2020\/07\/og_img3.png","type":"image\/png"}],"twitter_card":"summary_large_image","twitter_misc":{"Szacowany czas czytania":"3 minuty"},"schema":{"@context":"https:\/\/schema.org","@graph":[{"@type":"WebPage","@id":"https:\/\/darsa.pl\/www\/targowisko\/oplaty\/","url":"https:\/\/darsa.pl\/www\/targowisko\/oplaty\/","name":"","isPartOf":{"@id":"https:\/\/darsa.pl\/www\/#website"},"datePublished":"2020-08-05T10:28:37+00:00","dateModified":"2025-04-07T18:50:35+00:00","description":"Wspieranie ma\u0142ych i \u015brednich przedsi\u0119biorstw, edukacja i szkolenia.","breadcrumb":{"@id":"https:\/\/darsa.pl\/www\/targowisko\/oplaty\/#breadcrumb"},"inLanguage":"pl-PL","potentialAction":[{"@type":"ReadAction","target":["https:\/\/darsa.pl\/www\/targowisko\/oplaty\/"]}]},{"@type":"BreadcrumbList","@id":"https:\/\/darsa.pl\/www\/targowisko\/oplaty\/#breadcrumb","itemListElement":[{"@type":"ListItem","position":1,"name":"Strona g\u0142\u00f3wna","item":"https:\/\/darsa.pl\/www\/"},{"@type":"ListItem","position":2,"name":"TARGOWISKO","item":"https:\/\/darsa.pl\/www\/targowisko\/"},{"@type":"ListItem","position":3,"name":"OP\u0141ATY"}]},{"@type":"WebSite","@id":"https:\/\/darsa.pl\/www\/#website","url":"https:\/\/darsa.pl\/www\/","name":"Dzia\u0142dowska Agencja Rozwoju S.A.","description":"Wspieranie ma\u0142ych i \u015brednich przedsi\u0119biorstw, edukacja i szkolenia.","publisher":{"@id":"https:\/\/darsa.pl\/www\/#organization"},"potentialAction":[{"@type":"SearchAction","target":{"@type":"EntryPoint","urlTemplate":"https:\/\/darsa.pl\/www\/?s={search_term_string}"},"query-input":{"@type":"PropertyValueSpecification","valueRequired":true,"valueName":"search_term_string"}}],"inLanguage":"pl-PL"},{"@type":"Organization","@id":"https:\/\/darsa.pl\/www\/#organization","name":"Dzia\u0142dowska Agencja Rozwoju S.A.","url":"https:\/\/darsa.pl\/www\/","logo":{"@type":"ImageObject","inLanguage":"pl-PL","@id":"https:\/\/darsa.pl\/www\/#\/schema\/logo\/image\/","url":"https:\/\/darsa.pl\/www\/wp-content\/uploads\/2020\/06\/logo_h200px.png","contentUrl":"https:\/\/darsa.pl\/www\/wp-content\/uploads\/2020\/06\/logo_h200px.png","width":856,"height":200,"caption":"Dzia\u0142dowska Agencja Rozwoju S.A."},"image":{"@id":"https:\/\/darsa.pl\/www\/#\/schema\/logo\/image\/"}}]}},"_links":{"self":[{"href":"https:\/\/darsa.pl\/www\/wp-json\/wp\/v2\/pages\/1388","targetHints":{"allow":["GET"]}}],"collection":[{"href":"https:\/\/darsa.pl\/www\/wp-json\/wp\/v2\/pages"}],"about":[{"href":"https:\/\/darsa.pl\/www\/wp-json\/wp\/v2\/types\/page"}],"author":[{"embeddable":true,"href":"https:\/\/darsa.pl\/www\/wp-json\/wp\/v2\/users\/1"}],"replies":[{"embeddable":true,"href":"https:\/\/darsa.pl\/www\/wp-json\/wp\/v2\/comments?post=1388"}],"version-history":[{"count":19,"href":"https:\/\/darsa.pl\/www\/wp-json\/wp\/v2\/pages\/1388\/revisions"}],"predecessor-version":[{"id":6852,"href":"https:\/\/darsa.pl\/www\/wp-json\/wp\/v2\/pages\/1388\/revisions\/6852"}],"up":[{"embeddable":true,"href":"https:\/\/darsa.pl\/www\/wp-json\/wp\/v2\/pages\/163"}],"wp:attachment":[{"href":"https:\/\/darsa.pl\/www\/wp-json\/wp\/v2\/media?parent=1388"}],"curies":[{"name":"wp","href":"https:\/\/api.w.org\/{rel}","templated":true}]}}