{"id":1228,"date":"2020-07-17T20:19:00","date_gmt":"2020-07-17T18:19:00","guid":{"rendered":"https:\/\/darsa.pl\/www\/?page_id=1228"},"modified":"2020-07-17T21:55:20","modified_gmt":"2020-07-17T19:55:20","slug":"prawa-osob-wynikajace-z-rodo","status":"publish","type":"page","link":"https:\/\/darsa.pl\/www\/o-nas\/ochrona-danych-osobowych\/prawa-osob-wynikajace-z-rodo\/","title":{"rendered":"PRAWA OS\u00d3B WYNIKAJ\u0104CE Z RODO"},"content":{"rendered":"\t\t<div data-elementor-type=\"wp-page\" data-elementor-id=\"1228\" class=\"elementor elementor-1228\">\n\t\t\t\t\t\t<section class=\"elementor-section elementor-top-section elementor-element elementor-element-4f82fa16 elementor-section-boxed elementor-section-height-default elementor-section-height-default\" data-id=\"4f82fa16\" data-element_type=\"section\" data-e-type=\"section\" data-settings=\"{&quot;background_background&quot;:&quot;gradient&quot;}\">\n\t\t\t\t\t\t<div class=\"elementor-container elementor-column-gap-default\">\n\t\t\t\t\t<div class=\"elementor-column elementor-col-100 elementor-top-column elementor-element elementor-element-56cc793\" data-id=\"56cc793\" data-element_type=\"column\" data-e-type=\"column\">\n\t\t\t<div class=\"elementor-widget-wrap elementor-element-populated\">\n\t\t\t\t\t\t<div class=\"elementor-element elementor-element-552f0a33 elementor-widget elementor-widget-heading\" data-id=\"552f0a33\" data-element_type=\"widget\" data-e-type=\"widget\" data-widget_type=\"heading.default\">\n\t\t\t\t<div class=\"elementor-widget-container\">\n\t\t\t\t\t<h2 class=\"elementor-heading-title elementor-size-default\">Prawa os\u00f3b wynikaj\u0105ce z RODO<\/h2>\t\t\t\t<\/div>\n\t\t\t\t<\/div>\n\t\t\t\t\t<\/div>\n\t\t<\/div>\n\t\t\t\t\t<\/div>\n\t\t<\/section>\n\t\t\t\t<section class=\"elementor-section elementor-top-section elementor-element elementor-element-3043558b elementor-section-boxed elementor-section-height-default elementor-section-height-default\" data-id=\"3043558b\" data-element_type=\"section\" data-e-type=\"section\">\n\t\t\t\t\t\t<div class=\"elementor-container elementor-column-gap-default\">\n\t\t\t\t\t<div class=\"elementor-column elementor-col-100 elementor-top-column elementor-element elementor-element-4213797\" data-id=\"4213797\" data-element_type=\"column\" data-e-type=\"column\">\n\t\t\t<div class=\"elementor-widget-wrap elementor-element-populated\">\n\t\t\t\t\t\t<div class=\"elementor-element elementor-element-71d1847b elementor-widget elementor-widget-text-editor\" data-id=\"71d1847b\" data-element_type=\"widget\" data-e-type=\"widget\" data-widget_type=\"text-editor.default\">\n\t\t\t\t<div class=\"elementor-widget-container\">\n\t\t\t\t\t\t\t\t\t<p style=\"text-align: center;\"><strong>RODO &#8211; BEZPIECZE\u0143STWO DANYCH OSOBOWYCH<\/strong><\/p><p>25 maja 2018 roku zacz\u0119\u0142o obowi\u0105zywa\u0107 Rozporz\u0105dzenie Parlamentu Europejskiego i Rady (EU) 2016\/679 z dnia 27 kwietnia 2016 roku w sprawie ochrony os\u00f3b fizycznych w zwi\u0105zku z przetwarzaniem ich danych osobowych i w sprawie swobodnego przep\u0142ywu takich danych oraz uchylenia dyrektywy 95\/46\/WE (okre\u015blane jako RODO, GDPR lub Og\u00f3lne Rozporz\u0105dzenie o Ochronie Danych Osobowych). Celem RODO jest ujednolicenie zasad przetwarzania danych osobowych w ca\u0142ej Unii Europejskiej oraz ustandaryzowanie informacji kierowanych do klient\u00f3w o ich prawach.<\/p><ol><li><strong>Prawo do informacji i kopii danych.<\/strong><\/li><\/ol><p>Osoba, kt\u00f3ra chce si\u0119 dowiedzie\u0107, czy administrator przetwarza dane na jej temat, mo\u017ce zwr\u00f3ci\u0107 si\u0119 do administratora o udzielenie informacji. Tego rodzaju wniosek nie wymaga uzasadnienia. Przepisy nie precyzuj\u0105 formy, w jakiej wniosek powinien by\u0107 z\u0142o\u017cony, dlatego wniosek mo\u017ce przybra\u0107 form\u0119 dowoln\u0105; mo\u017ce to by\u0107 wniosek pisemny, elektroniczny b\u0105d\u017a zapytanie ustne. Administrator zobowi\u0105zany jest dokona\u0107 weryfikacji to\u017csamo\u015bci osoby sk\u0142adaj\u0105cej wniosek, by upewni\u0107 si\u0119, \u017ce dane zostan\u0105 przekazane w\u0142a\u015bciwej osobie.\u00a0Wydanie kopii przetwarzanych danych wnioskuj\u0105cej osobie jest nieodp\u0142atne, gdy jest to pierwszy wniosek, za kolejne kopie mo\u017cliwa jest op\u0142ata.<\/p><p>Administrator bez zb\u0119dnej zw\u0142oki &#8211; w terminie miesi\u0105ca od otrzymania \u017c\u0105dania &#8211; powinien udzieli\u0107 osobie, kt\u00f3rej dane dotycz\u0105, informacji o dzia\u0142aniach podj\u0119tych w zwi\u0105zku z \u017c\u0105daniem. W razie potrzeby termin ten mo\u017cna przed\u0142u\u017cy\u0107 o kolejne dwa miesi\u0105ce, z uwagi na skomplikowany charakter \u017c\u0105dania lub liczb\u0119 \u017c\u0105da\u0144. W terminie miesi\u0105ca od otrzymania \u017c\u0105dania, administrator informuje osob\u0119, kt\u00f3rej dane dotycz\u0105, o takim przed\u0142u\u017ceniu terminu, z podaniem przyczyn op\u00f3\u017anienia. Uzyskanie informacji o spe\u0142nieniu \u017c\u0105dania podmiotu danych, ko\u0144czy post\u0119powanie w tym zakresie. Uzyskanie informacji o niespe\u0142nieniu \u017c\u0105dania, uprawnia podmiot danych do wniesienia skargi do organu nadzorczego zgodnie z art. 77 r.o.d.o.<\/p><ol start=\"2\"><li><strong>Prawo do sprostowania danych<\/strong><\/li><\/ol><p>Osoba kt\u00f3rej dane dotycz\u0105, ma prawo do \u017c\u0105dania dokonania korekty, b\u0105d\u017a usuni\u0119cia jej danych, je\u015bli s\u0105 one nieprawdziwe, niepe\u0142ne lub zosta\u0142y zebrane \u00a0w spos\u00f3b sprzeczny z ustaw\u0105. Unijne rozporz\u0105dzenie o ochronie danych nak\u0142ada na administratora obowi\u0105zek zapewnienia prawid\u0142owo\u015bci danych. Dane osobowe powinny by\u0107 prawid\u0142owe i w razie potrzeby uaktualniane; nale\u017cy podj\u0105\u0107 wszelkie rozs\u0105dne dzia\u0142ania, aby dane osobowe, kt\u00f3re s\u0105 nieprawid\u0142owe w \u015bwietle cel\u00f3w ich przetwarzania, zosta\u0142y niezw\u0142ocznie usuni\u0119te lub sprostowane. W przypadku rozbie\u017cno\u015bci mi\u0119dzy stanem faktycznym, a tre\u015bci\u0105 danych, prawodawca unijny przyzna\u0142 osobie, kt\u00f3rej dane dotycz\u0105, uprawnienie do \u017c\u0105dania od administratora sprostowania przetwarzanych danych, a w przypadku, gdy dane s\u0105 niekompletne, podmiot danych mo\u017ce domaga\u0107 si\u0119 ich uzupe\u0142nienia. Ci\u0119\u017car wykazania nieprawid\u0142owo\u015bci spoczywa na osobie, kt\u00f3rej dane dotycz\u0105.<\/p><p>Administrator bez zb\u0119dnej zw\u0142oki &#8211; w terminie miesi\u0105ca od otrzymania \u017c\u0105dania &#8211; powinien udzieli\u0107 osobie, kt\u00f3rej dane dotycz\u0105, informacji o dzia\u0142aniach podj\u0119tych w zwi\u0105zku z \u017c\u0105daniem. W razie potrzeby termin ten mo\u017cna przed\u0142u\u017cy\u0107 o kolejne dwa miesi\u0105ce, z uwagi na skomplikowany charakter \u017c\u0105dania lub liczb\u0119 \u017c\u0105da\u0144. W terminie miesi\u0105ca od otrzymania \u017c\u0105dania, administrator informuje osob\u0119, kt\u00f3rej dane dotycz\u0105, o takim przed\u0142u\u017ceniu terminu, z podaniem przyczyn op\u00f3\u017anienia. Uzyskanie informacji o spe\u0142nieniu \u017c\u0105dania podmiotu danych ko\u0144czy post\u0119powanie w tym zakresie. Uzyskanie informacji o niespe\u0142nieniu \u017c\u0105dania, uprawnia podmiot danych do wniesienia skargi do organu nadzorczego zgodnie z art. 77 r.o.d.o.<\/p><ol start=\"3\"><li><strong>Prawo do bycia zapomnianym<\/strong><\/li><\/ol><p>W okre\u015blonych w rozporz\u0105dzeniu przypadkach prawodawca unijny przyzna\u0142 osobie, kt\u00f3rej dane dotycz\u0105, uprawnienie do \u017c\u0105dania od administratora usuni\u0119cia danych jej dotycz\u0105cych. Uprawnienie to, okre\u015blane jest tak\u017ce mianem \u201eprawa do bycia zapomnianym\u201d.<\/p><p>Je\u017celi osoba, kt\u00f3rej dane dotycz\u0105:<\/p><ul><li>stwierdzi, \u017ce dane nie s\u0105 ju\u017c niezb\u0119dne do cel\u00f3w, w kt\u00f3rych zosta\u0142y zebrane lub w inny spos\u00f3b przetwarzane,<\/li><li>cofn\u0119\u0142a zgod\u0119, na kt\u00f3rej opiera si\u0119 przetwarzanie i nie ma innej podstawy prawnej przetwarzania,<\/li><li>wnosi sprzeciw wobec przetwarzania jej danych i nie wyst\u0119puj\u0105 nadrz\u0119dne prawnie uzasadnione podstawy przetwarzania,<\/li><li>stwierdzi, \u017ce dane osobowe by\u0142y przetwarzane niezgodnie z prawem,<\/li><li>stwierdzi, \u017ce dane osobowe musz\u0105 zosta\u0107 usuni\u0119te w celu wywi\u0105zania si\u0119 z obowi\u0105zku prawnego, kt\u00f3remu podlega administrator,<\/li><li>stwierdzi, \u017ce dane osobowe zosta\u0142y zebrane w zwi\u0105zku z oferowaniem us\u0142ug spo\u0142ecze\u0144stwa informacyjnego,<\/li><\/ul><p>to mo\u017ce zwr\u00f3ci\u0107 si\u0119 do administratora z \u017c\u0105daniem usuni\u0119cia danych. Ci\u0119\u017car dowodu (wykazania nieprawid\u0142owo\u015bci, nielegalno\u015bci przetwarzania b\u0105d\u017a zb\u0119dno\u015bci danych) ci\u0105\u017cy na osobie, kt\u00f3rej dane dotycz\u0105.<\/p><p>Administrator bez zb\u0119dnej zw\u0142oki &#8211; w terminie miesi\u0105ca od otrzymania \u017c\u0105dania &#8211; powinien udzieli\u0107 osobie, kt\u00f3rej dane dotycz\u0105, informacji o dzia\u0142aniach podj\u0119tych w zwi\u0105zku z \u017c\u0105daniem. W razie potrzeby termin ten mo\u017cna przed\u0142u\u017cy\u0107 o kolejne dwa miesi\u0105ce, z uwagi na skomplikowany charakter \u017c\u0105dania lub liczb\u0119 \u017c\u0105da\u0144. W terminie miesi\u0105ca od otrzymania \u017c\u0105dania, administrator informuje osob\u0119, kt\u00f3rej dane dotycz\u0105, o takim przed\u0142u\u017ceniu terminu, z podaniem przyczyn op\u00f3\u017anienia. Uzyskanie informacji o spe\u0142nieniu \u017c\u0105dania podmiotu danych ko\u0144czy post\u0119powanie w tym zakresie. Uzyskanie informacji o niespe\u0142nieniu \u017c\u0105dania, uprawnia podmiot danych do wniesienia skargi do organu nadzorczego zgodnie<br \/>z art. 77 r.o.d.o.<\/p><ol start=\"4\"><li><strong>Prawo do ograniczenia przetwarzania<\/strong><\/li><\/ol><p>Przepisy r.o.d.o. przewiduj\u0105 uprawnienie osoby, kt\u00f3rej dane dotycz\u0105, do \u017c\u0105dania od administratora ograniczenia ich przetwarzania.<\/p><p>Je\u017celi osoba, kt\u00f3rej dane dotycz\u0105:<\/p><ul><li>kwestionuje prawid\u0142owo\u015b\u0107 danych, mo\u017ce zwr\u00f3ci\u0107 si\u0119 do administratora z \u017c\u0105daniem ograniczenia przetwarzania danych &#8211; na okres pozwalaj\u0105cy administratorowi sprawdzi\u0107 prawid\u0142owo\u015b\u0107 tych danych,<\/li><li>sprzeciwia si\u0119 usuni\u0119ciu danych osobowych, \u017c\u0105daj\u0105c w zamian ograniczenia ich wykorzystania, gdy przetwarzanie jest niezgodne z prawem,<\/li><li>stwierdza, \u017ce dane s\u0105 jej potrzebne do ustalenia, dochodzenia lub obrony roszcze\u0144, a administrator nie potrzebuje ju\u017c danych osobowych do cel\u00f3w przetwarzania,<\/li><li>wnios\u0142a sprzeciw \u2013 do czasu stwierdzenia, czy prawnie uzasadnione podstawy po stronie administratora s\u0105 nadrz\u0119dne wobec podstaw sprzeciwu.<\/li><\/ul><p>Administrator bez zb\u0119dnej zw\u0142oki &#8211; w terminie miesi\u0105ca od otrzymania \u017c\u0105dania &#8211; powinien udzieli\u0107 osobie, kt\u00f3rej dane dotycz\u0105, informacji o dzia\u0142aniach podj\u0119tych w zwi\u0105zku z \u017c\u0105daniem. W razie potrzeby, termin ten mo\u017cna przed\u0142u\u017cy\u0107 o kolejne dwa miesi\u0105ce, z uwagi na skomplikowany charakter \u017c\u0105dania lub liczb\u0119 \u017c\u0105da\u0144. W terminie miesi\u0105ca od otrzymania \u017c\u0105dania, administrator informuje osob\u0119, kt\u00f3rej dane dotycz\u0105, o takim przed\u0142u\u017ceniu terminu, z podaniem przyczyn op\u00f3\u017anienia. Uzyskanie informacji o spe\u0142nieniu \u017c\u0105dania podmiotu danych ko\u0144czy post\u0119powanie w tym zakresie. Uzyskanie informacji o niespe\u0142nieniu \u017c\u0105dania, uprawnia podmiot danych do wniesienia skargi do organu nadzorczego zgodnie z art. 77 r.o.d.o.<\/p><ol start=\"5\"><li><strong>Prawo do przenoszenia danych<\/strong><\/li><\/ol><p>W przypadku, gdy przetwarzanie danych osobowych odbywa si\u0119 w spos\u00f3b zautomatyzowany, tzn. je\u017celi czynno\u015bci, kt\u00f3re s\u0105 wykonywane w ramach proces\u00f3w przetwarzania, realizowane s\u0105 przez systemy informatyczne lub inne mechanizmy pozwalaj\u0105ce na automatyzacj\u0119 (wykonywanie czynno\u015bci przez maszyn\u0119 samoczynnie, bez ka\u017cdorazowego dzia\u0142ania cz\u0142owieka), osoba, kt\u00f3rej dane dotycz\u0105, mo\u017ce zwr\u00f3ci\u0107 si\u0119 do administratora z wnioskiem o przeniesienie danych osobowych. Dla mo\u017cno\u015bci skorzystania z prawa do przenoszenia danych prawodawca unijny wymaga \u0142\u0105cznego spe\u0142nienia przes\u0142anek dotycz\u0105cych: podstawy przetwarzania (zgoda lub umowa) oraz sposobu przetwarzania (zautomatyzowany).<\/p><p>Administrator bez zb\u0119dnej zw\u0142oki &#8211; w terminie miesi\u0105ca od otrzymania \u017c\u0105dania &#8211; powinien udzieli\u0107 osobie, kt\u00f3rej dane dotycz\u0105, informacji o dzia\u0142aniach podj\u0119tych w zwi\u0105zku z \u017c\u0105daniem. W razie potrzeby termin ten mo\u017cna przed\u0142u\u017cy\u0107 o kolejne dwa miesi\u0105ce z uwagi na skomplikowany charakter \u017c\u0105dania lub liczb\u0119 \u017c\u0105da\u0144. W terminie miesi\u0105ca od otrzymania \u017c\u0105dania, administrator informuje osob\u0119, kt\u00f3rej dane dotycz\u0105, o takim przed\u0142u\u017ceniu terminu, z podaniem przyczyn op\u00f3\u017anienia. Uzyskanie informacji o spe\u0142nieniu \u017c\u0105dania podmiotu danych ko\u0144czy post\u0119powanie w tym zakresie. Uzyskanie informacji o niespe\u0142nieniu \u017c\u0105dania, uprawnia podmiot danych do wniesienia skargi do organu nadzorczego zgodnie z art. 77 r.o.d.o.<\/p><ol start=\"6\"><li><strong>Prawo do sprzeciwu<\/strong><\/li><\/ol><p>Je\u017celi osoba, kt\u00f3rej dane dotycz\u0105, sprzeciwia si\u0119 przetwarzaniu danych na sw\u00f3j temat, mo\u017ce wnie\u015b\u0107 do administratora sprzeciw. Sprzeciw nie przys\u0142uguje jednak w przypadku, gdy osoba wyrazi\u0142a zgod\u0119 na przetwarzanie danych. Je\u017celi osoba nie chce, aby administrator dalej przetwarza\u0142 jej dane, powinna cofn\u0105\u0107 zgod\u0119 (cho\u0107 skutek mo\u017ce by\u0107 taki sam, to z punktu widzenia prawnego sprzeciw i odwo\u0142anie zgody to konstrukcje odmienne).<\/p><p>Sprzeciw nie przys\u0142uguje r\u00f3wnie\u017c w przypadku, gdy:<\/p><ul><li>podstaw\u0105 przetwarzania danych osobowych jest konieczno\u015b\u0107 realizacji umowy (art. 6 ust. 1 lit. b r.o.d.o.);<\/li><li>przetwarzanie jest niezb\u0119dne do wype\u0142nienia obowi\u0105zku prawnego ci\u0105\u017c\u0105cego na administratorze (art. 6 ust. 1 lit. c r.o.d.o.);<\/li><li>przetwarzanie jest niezb\u0119dne do ochrony \u017cywotnych interes\u00f3w osoby, kt\u00f3rej dane dotycz\u0105, lub innej osoby fizycznej (art. 6 ust. 1 lit. d r.o.d.o.).<\/li><\/ul><p>Administrator bez zb\u0119dnej zw\u0142oki &#8211; w terminie miesi\u0105ca od otrzymania \u017c\u0105dania &#8211; powinien udzieli\u0107 osobie, kt\u00f3rej dane dotycz\u0105, informacji o dzia\u0142aniach podj\u0119tych w zwi\u0105zku z \u017c\u0105daniem. W razie potrzeby termin ten mo\u017cna przed\u0142u\u017cy\u0107 o kolejne dwa miesi\u0105ce, z uwagi na skomplikowany charakter \u017c\u0105dania lub liczb\u0119 \u017c\u0105da\u0144. W terminie miesi\u0105ca od otrzymania \u017c\u0105dania, administrator informuje osob\u0119, kt\u00f3rej dane dotycz\u0105, o takim przed\u0142u\u017ceniu terminu, z podaniem przyczyn op\u00f3\u017anienia. Uzyskanie informacji o spe\u0142nieniu \u017c\u0105dania podmiotu danych ko\u0144czy post\u0119powanie w tym zakresie. Uzyskanie informacji o niespe\u0142nieniu \u017c\u0105dania, uprawnia podmiot danych do wniesienia skargi do organu nadzorczego zgodnie z art. 77 r.o.d.o.<\/p><ol start=\"7\"><li><strong>Informacje o prawie wniesienia skargi do organu nadzorczego<\/strong><\/li><\/ol><p>Bez uszczerbku dla innych administracyjnych lub \u015brodk\u00f3w ochrony prawnej przed s\u0105dem, ka\u017cda osoba, kt\u00f3rej dane dotycz\u0105, ma prawo wnie\u015b\u0107 skarg\u0119 do organu nadzorczego, w szczeg\u00f3lno\u015bci w pa\u0144stwie cz\u0142onkowskim swojego zwyk\u0142ego pobytu, swojego miejsca pracy lub miejsca pope\u0142nienia domniemanego naruszenia, je\u017celi s\u0105dzi, \u017ce przetwarzanie danych osobowych jej dotycz\u0105ce narusza rozporz\u0105dzenie r.o.d.o.<\/p><p>Organ nadzorczy, do kt\u00f3rego wniesiono skarg\u0119, informuje skar\u017c\u0105cego o post\u0119pach i efektach rozpatrywania skargi, w tym o mo\u017cliwo\u015bci skorzystania z s\u0105dowego \u015brodka ochrony prawnej na mocy art. 78 r.o.d.o.<\/p><p>Ka\u017cda osoba fizyczna ma prawo wniesienia skargi do Prezesa Urz\u0119du Ochrony Danych Osobowych, gdy uzna i\u017c przetwarzanie danych osobowych jej dotycz\u0105cych narusza przepisy r.o.d.o.<\/p>\t\t\t\t\t\t\t\t<\/div>\n\t\t\t\t<\/div>\n\t\t\t\t\t<\/div>\n\t\t<\/div>\n\t\t\t\t\t<\/div>\n\t\t<\/section>\n\t\t\t\t<\/div>\n\t\t","protected":false},"excerpt":{"rendered":"<p>Prawa os\u00f3b wynikaj\u0105ce z RODO RODO &#8211; BEZPIECZE\u0143STWO DANYCH OSOBOWYCH 25 maja 2018 roku zacz\u0119\u0142o obowi\u0105zywa\u0107 Rozporz\u0105dzenie Parlamentu Europejskiego i Rady (EU) 2016\/679 z dnia 27 kwietnia 2016 roku w sprawie ochrony os\u00f3b fizycznych w zwi\u0105zku z przetwarzaniem ich danych osobowych i w sprawie swobodnego przep\u0142ywu takich danych oraz uchylenia [&hellip;]<\/p>\n","protected":false},"author":1,"featured_media":0,"parent":1136,"menu_order":2,"comment_status":"closed","ping_status":"closed","template":"elementor_header_footer","meta":{"footnotes":""},"class_list":["post-1228","page","type-page","status-publish","hentry"],"yoast_head":"<!-- This site is optimized with the Yoast SEO plugin v27.3 - https:\/\/yoast.com\/product\/yoast-seo-wordpress\/ -->\n<title>Dzia\u0142dowska Agencja Rozwoju S.A.<\/title>\n<meta name=\"description\" content=\"Wspieranie ma\u0142ych i \u015brednich przedsi\u0119biorstw, edukacja i szkolenia.\" \/>\n<meta name=\"robots\" content=\"index, follow, max-snippet:-1, max-image-preview:large, max-video-preview:-1\" \/>\n<link rel=\"canonical\" href=\"https:\/\/darsa.pl\/www\/o-nas\/ochrona-danych-osobowych\/prawa-osob-wynikajace-z-rodo\/\" \/>\n<meta property=\"og:locale\" content=\"pl_PL\" \/>\n<meta property=\"og:type\" content=\"article\" \/>\n<meta property=\"og:description\" content=\"Wspieranie ma\u0142ych i \u015brednich przedsi\u0119biorstw, edukacja i szkolenia.\" \/>\n<meta property=\"og:url\" content=\"https:\/\/darsa.pl\/www\/o-nas\/ochrona-danych-osobowych\/prawa-osob-wynikajace-z-rodo\/\" \/>\n<meta property=\"og:site_name\" content=\"Dzia\u0142dowska Agencja Rozwoju S.A.\" \/>\n<meta property=\"article:modified_time\" content=\"2020-07-17T19:55:20+00:00\" \/>\n<meta property=\"og:image\" content=\"https:\/\/darsa.pl\/www\/wp-content\/uploads\/2020\/07\/og_img3.png\" \/>\n\t<meta property=\"og:image:width\" content=\"1200\" \/>\n\t<meta property=\"og:image:height\" content=\"630\" \/>\n\t<meta property=\"og:image:type\" content=\"image\/png\" \/>\n<meta name=\"twitter:card\" content=\"summary_large_image\" \/>\n<meta name=\"twitter:label1\" content=\"Szacowany czas czytania\" \/>\n\t<meta name=\"twitter:data1\" content=\"9 minut\" \/>\n<script type=\"application\/ld+json\" class=\"yoast-schema-graph\">{\"@context\":\"https:\\\/\\\/schema.org\",\"@graph\":[{\"@type\":\"WebPage\",\"@id\":\"https:\\\/\\\/darsa.pl\\\/www\\\/o-nas\\\/ochrona-danych-osobowych\\\/prawa-osob-wynikajace-z-rodo\\\/\",\"url\":\"https:\\\/\\\/darsa.pl\\\/www\\\/o-nas\\\/ochrona-danych-osobowych\\\/prawa-osob-wynikajace-z-rodo\\\/\",\"name\":\"\",\"isPartOf\":{\"@id\":\"https:\\\/\\\/darsa.pl\\\/www\\\/#website\"},\"datePublished\":\"2020-07-17T18:19:00+00:00\",\"dateModified\":\"2020-07-17T19:55:20+00:00\",\"description\":\"Wspieranie ma\u0142ych i \u015brednich przedsi\u0119biorstw, edukacja i szkolenia.\",\"breadcrumb\":{\"@id\":\"https:\\\/\\\/darsa.pl\\\/www\\\/o-nas\\\/ochrona-danych-osobowych\\\/prawa-osob-wynikajace-z-rodo\\\/#breadcrumb\"},\"inLanguage\":\"pl-PL\",\"potentialAction\":[{\"@type\":\"ReadAction\",\"target\":[\"https:\\\/\\\/darsa.pl\\\/www\\\/o-nas\\\/ochrona-danych-osobowych\\\/prawa-osob-wynikajace-z-rodo\\\/\"]}]},{\"@type\":\"BreadcrumbList\",\"@id\":\"https:\\\/\\\/darsa.pl\\\/www\\\/o-nas\\\/ochrona-danych-osobowych\\\/prawa-osob-wynikajace-z-rodo\\\/#breadcrumb\",\"itemListElement\":[{\"@type\":\"ListItem\",\"position\":1,\"name\":\"Strona g\u0142\u00f3wna\",\"item\":\"https:\\\/\\\/darsa.pl\\\/www\\\/\"},{\"@type\":\"ListItem\",\"position\":2,\"name\":\"O NAS\",\"item\":\"https:\\\/\\\/darsa.pl\\\/www\\\/o-nas\\\/\"},{\"@type\":\"ListItem\",\"position\":3,\"name\":\"OCHRONA DANYCH OSOBOWYCH\",\"item\":\"https:\\\/\\\/darsa.pl\\\/www\\\/o-nas\\\/ochrona-danych-osobowych\\\/\"},{\"@type\":\"ListItem\",\"position\":4,\"name\":\"PRAWA OS\u00d3B WYNIKAJ\u0104CE Z RODO\"}]},{\"@type\":\"WebSite\",\"@id\":\"https:\\\/\\\/darsa.pl\\\/www\\\/#website\",\"url\":\"https:\\\/\\\/darsa.pl\\\/www\\\/\",\"name\":\"Dzia\u0142dowska Agencja Rozwoju S.A.\",\"description\":\"Wspieranie ma\u0142ych i \u015brednich przedsi\u0119biorstw, edukacja i szkolenia.\",\"publisher\":{\"@id\":\"https:\\\/\\\/darsa.pl\\\/www\\\/#organization\"},\"potentialAction\":[{\"@type\":\"SearchAction\",\"target\":{\"@type\":\"EntryPoint\",\"urlTemplate\":\"https:\\\/\\\/darsa.pl\\\/www\\\/?s={search_term_string}\"},\"query-input\":{\"@type\":\"PropertyValueSpecification\",\"valueRequired\":true,\"valueName\":\"search_term_string\"}}],\"inLanguage\":\"pl-PL\"},{\"@type\":\"Organization\",\"@id\":\"https:\\\/\\\/darsa.pl\\\/www\\\/#organization\",\"name\":\"Dzia\u0142dowska Agencja Rozwoju S.A.\",\"url\":\"https:\\\/\\\/darsa.pl\\\/www\\\/\",\"logo\":{\"@type\":\"ImageObject\",\"inLanguage\":\"pl-PL\",\"@id\":\"https:\\\/\\\/darsa.pl\\\/www\\\/#\\\/schema\\\/logo\\\/image\\\/\",\"url\":\"https:\\\/\\\/darsa.pl\\\/www\\\/wp-content\\\/uploads\\\/2020\\\/06\\\/logo_h200px.png\",\"contentUrl\":\"https:\\\/\\\/darsa.pl\\\/www\\\/wp-content\\\/uploads\\\/2020\\\/06\\\/logo_h200px.png\",\"width\":856,\"height\":200,\"caption\":\"Dzia\u0142dowska Agencja Rozwoju S.A.\"},\"image\":{\"@id\":\"https:\\\/\\\/darsa.pl\\\/www\\\/#\\\/schema\\\/logo\\\/image\\\/\"}}]}<\/script>\n<!-- \/ Yoast SEO plugin. -->","yoast_head_json":{"title":"Dzia\u0142dowska Agencja Rozwoju S.A.","description":"Wspieranie ma\u0142ych i \u015brednich przedsi\u0119biorstw, edukacja i szkolenia.","robots":{"index":"index","follow":"follow","max-snippet":"max-snippet:-1","max-image-preview":"max-image-preview:large","max-video-preview":"max-video-preview:-1"},"canonical":"https:\/\/darsa.pl\/www\/o-nas\/ochrona-danych-osobowych\/prawa-osob-wynikajace-z-rodo\/","og_locale":"pl_PL","og_type":"article","og_description":"Wspieranie ma\u0142ych i \u015brednich przedsi\u0119biorstw, edukacja i szkolenia.","og_url":"https:\/\/darsa.pl\/www\/o-nas\/ochrona-danych-osobowych\/prawa-osob-wynikajace-z-rodo\/","og_site_name":"Dzia\u0142dowska Agencja Rozwoju S.A.","article_modified_time":"2020-07-17T19:55:20+00:00","og_image":[{"width":1200,"height":630,"url":"https:\/\/darsa.pl\/www\/wp-content\/uploads\/2020\/07\/og_img3.png","type":"image\/png"}],"twitter_card":"summary_large_image","twitter_misc":{"Szacowany czas czytania":"9 minut"},"schema":{"@context":"https:\/\/schema.org","@graph":[{"@type":"WebPage","@id":"https:\/\/darsa.pl\/www\/o-nas\/ochrona-danych-osobowych\/prawa-osob-wynikajace-z-rodo\/","url":"https:\/\/darsa.pl\/www\/o-nas\/ochrona-danych-osobowych\/prawa-osob-wynikajace-z-rodo\/","name":"","isPartOf":{"@id":"https:\/\/darsa.pl\/www\/#website"},"datePublished":"2020-07-17T18:19:00+00:00","dateModified":"2020-07-17T19:55:20+00:00","description":"Wspieranie ma\u0142ych i \u015brednich przedsi\u0119biorstw, edukacja i szkolenia.","breadcrumb":{"@id":"https:\/\/darsa.pl\/www\/o-nas\/ochrona-danych-osobowych\/prawa-osob-wynikajace-z-rodo\/#breadcrumb"},"inLanguage":"pl-PL","potentialAction":[{"@type":"ReadAction","target":["https:\/\/darsa.pl\/www\/o-nas\/ochrona-danych-osobowych\/prawa-osob-wynikajace-z-rodo\/"]}]},{"@type":"BreadcrumbList","@id":"https:\/\/darsa.pl\/www\/o-nas\/ochrona-danych-osobowych\/prawa-osob-wynikajace-z-rodo\/#breadcrumb","itemListElement":[{"@type":"ListItem","position":1,"name":"Strona g\u0142\u00f3wna","item":"https:\/\/darsa.pl\/www\/"},{"@type":"ListItem","position":2,"name":"O NAS","item":"https:\/\/darsa.pl\/www\/o-nas\/"},{"@type":"ListItem","position":3,"name":"OCHRONA DANYCH OSOBOWYCH","item":"https:\/\/darsa.pl\/www\/o-nas\/ochrona-danych-osobowych\/"},{"@type":"ListItem","position":4,"name":"PRAWA OS\u00d3B WYNIKAJ\u0104CE Z RODO"}]},{"@type":"WebSite","@id":"https:\/\/darsa.pl\/www\/#website","url":"https:\/\/darsa.pl\/www\/","name":"Dzia\u0142dowska Agencja Rozwoju S.A.","description":"Wspieranie ma\u0142ych i \u015brednich przedsi\u0119biorstw, edukacja i szkolenia.","publisher":{"@id":"https:\/\/darsa.pl\/www\/#organization"},"potentialAction":[{"@type":"SearchAction","target":{"@type":"EntryPoint","urlTemplate":"https:\/\/darsa.pl\/www\/?s={search_term_string}"},"query-input":{"@type":"PropertyValueSpecification","valueRequired":true,"valueName":"search_term_string"}}],"inLanguage":"pl-PL"},{"@type":"Organization","@id":"https:\/\/darsa.pl\/www\/#organization","name":"Dzia\u0142dowska Agencja Rozwoju S.A.","url":"https:\/\/darsa.pl\/www\/","logo":{"@type":"ImageObject","inLanguage":"pl-PL","@id":"https:\/\/darsa.pl\/www\/#\/schema\/logo\/image\/","url":"https:\/\/darsa.pl\/www\/wp-content\/uploads\/2020\/06\/logo_h200px.png","contentUrl":"https:\/\/darsa.pl\/www\/wp-content\/uploads\/2020\/06\/logo_h200px.png","width":856,"height":200,"caption":"Dzia\u0142dowska Agencja Rozwoju S.A."},"image":{"@id":"https:\/\/darsa.pl\/www\/#\/schema\/logo\/image\/"}}]}},"_links":{"self":[{"href":"https:\/\/darsa.pl\/www\/wp-json\/wp\/v2\/pages\/1228","targetHints":{"allow":["GET"]}}],"collection":[{"href":"https:\/\/darsa.pl\/www\/wp-json\/wp\/v2\/pages"}],"about":[{"href":"https:\/\/darsa.pl\/www\/wp-json\/wp\/v2\/types\/page"}],"author":[{"embeddable":true,"href":"https:\/\/darsa.pl\/www\/wp-json\/wp\/v2\/users\/1"}],"replies":[{"embeddable":true,"href":"https:\/\/darsa.pl\/www\/wp-json\/wp\/v2\/comments?post=1228"}],"version-history":[{"count":5,"href":"https:\/\/darsa.pl\/www\/wp-json\/wp\/v2\/pages\/1228\/revisions"}],"predecessor-version":[{"id":4108,"href":"https:\/\/darsa.pl\/www\/wp-json\/wp\/v2\/pages\/1228\/revisions\/4108"}],"up":[{"embeddable":true,"href":"https:\/\/darsa.pl\/www\/wp-json\/wp\/v2\/pages\/1136"}],"wp:attachment":[{"href":"https:\/\/darsa.pl\/www\/wp-json\/wp\/v2\/media?parent=1228"}],"curies":[{"name":"wp","href":"https:\/\/api.w.org\/{rel}","templated":true}]}}