{"id":1226,"date":"2020-07-17T20:18:06","date_gmt":"2020-07-17T18:18:06","guid":{"rendered":"https:\/\/darsa.pl\/www\/?page_id=1226"},"modified":"2020-07-17T21:44:46","modified_gmt":"2020-07-17T19:44:46","slug":"klauzula-informacyjna","status":"publish","type":"page","link":"https:\/\/darsa.pl\/www\/o-nas\/ochrona-danych-osobowych\/klauzula-informacyjna\/","title":{"rendered":"KLAUZULA INFORMACYJNA"},"content":{"rendered":"\t\t<div data-elementor-type=\"wp-page\" data-elementor-id=\"1226\" class=\"elementor elementor-1226\">\n\t\t\t\t\t\t<section class=\"elementor-section elementor-top-section elementor-element elementor-element-39995884 elementor-section-boxed elementor-section-height-default elementor-section-height-default\" data-id=\"39995884\" data-element_type=\"section\" data-e-type=\"section\" data-settings=\"{&quot;background_background&quot;:&quot;gradient&quot;}\">\n\t\t\t\t\t\t<div class=\"elementor-container elementor-column-gap-default\">\n\t\t\t\t\t<div class=\"elementor-column elementor-col-100 elementor-top-column elementor-element elementor-element-3a20d0e3\" data-id=\"3a20d0e3\" data-element_type=\"column\" data-e-type=\"column\">\n\t\t\t<div class=\"elementor-widget-wrap elementor-element-populated\">\n\t\t\t\t\t\t<div class=\"elementor-element elementor-element-5516a299 elementor-widget elementor-widget-heading\" data-id=\"5516a299\" data-element_type=\"widget\" data-e-type=\"widget\" data-widget_type=\"heading.default\">\n\t\t\t\t<div class=\"elementor-widget-container\">\n\t\t\t\t\t<h2 class=\"elementor-heading-title elementor-size-default\">Klauzula informacyjna<\/h2>\t\t\t\t<\/div>\n\t\t\t\t<\/div>\n\t\t\t\t\t<\/div>\n\t\t<\/div>\n\t\t\t\t\t<\/div>\n\t\t<\/section>\n\t\t\t\t<section class=\"elementor-section elementor-top-section elementor-element elementor-element-10ead612 elementor-section-boxed elementor-section-height-default elementor-section-height-default\" data-id=\"10ead612\" data-element_type=\"section\" data-e-type=\"section\">\n\t\t\t\t\t\t<div class=\"elementor-container elementor-column-gap-default\">\n\t\t\t\t\t<div class=\"elementor-column elementor-col-100 elementor-top-column elementor-element elementor-element-21c0382c\" data-id=\"21c0382c\" data-element_type=\"column\" data-e-type=\"column\">\n\t\t\t<div class=\"elementor-widget-wrap elementor-element-populated\">\n\t\t\t\t\t\t<div class=\"elementor-element elementor-element-6bf5e9ad elementor-widget elementor-widget-text-editor\" data-id=\"6bf5e9ad\" data-element_type=\"widget\" data-e-type=\"widget\" data-widget_type=\"text-editor.default\">\n\t\t\t\t<div class=\"elementor-widget-container\">\n\t\t\t\t\t\t\t\t\t<p style=\"text-align: center;\"><strong>INFORMACJE OG\u00d3LNE<\/strong><\/p><p>25 maja 2018 roku zacz\u0119\u0142o obowi\u0105zywa\u0107 Rozporz\u0105dzenie Parlamentu Europejskiego i Rady (EU) 2016\/679 z dnia 27 kwietnia 2016 roku w sprawie ochrony os\u00f3b fizycznych w zwi\u0105zku z przetwarzaniem ich danych osobowych i w sprawie swobodnego przep\u0142ywu takich danych oraz uchylenia dyrektywy 95\/46\/WE (okre\u015blane jako RODO lub og\u00f3lne rozporz\u0105dzenie o ochronie danych osobowych). Celem RODO jest ujednolicenie zasad przetwarzania danych osobowych w ca\u0142ej Unii Europejskiej oraz ustandaryzowanie informacji kierowanych do klient\u00f3w o ich prawach.<\/p><h1>\u00a0<\/h1><p style=\"text-align: center;\"><strong>ADMINISTRATOR DANYCH<\/strong><\/p><p>Administratorem Pani\/Pana danych osobowych jest Dzia\u0142dowska Agencja Rozwoju S.A. (zwana dalej DAR S.A.), 13 \u2013 200 Dzia\u0142dowo, ul. W\u0142. Jagie\u0142\u0142y 15.<\/p><p>W sprawach z zakresu ochrony danych osobowych mo\u017cliwy jest kontakt z inspektorem ochrony danych osobowych za po\u015brednictwem poczty elektronicznej pod adresem:<span>\u00a0<\/span><span id=\"cloakf3bb0543c83b3cc9ac30870d9b410908\"><a href=\"mailto:iod@darsa.pl\">iod@darsa.pl<\/a><\/span>.<\/p><h1>\u00a0<\/h1><p style=\"text-align: center;\"><strong>CEL ORAZ PODSTAWA PRAWNA PRZETWARZANIA DANYCH OSOBOWYCH<\/strong><\/p><p>Pani\/Pana dane osobowe przetwarzane b\u0119d\u0105 w celach zwi\u0105zanych z dzia\u0142alno\u015bci\u0105 DAR S.A. na podstawie:<\/p><ul><li>6 ust. 1 lit. a RODO, tj. na podstawie wyra\u017conej zgody w okre\u015blonym celu,<\/li><li>6 ust. 1 lit. b RODO, tj. w celu wype\u0142nienia zobowi\u0105za\u0144 umownych, w tym r\u00f3wnie\u017c w celu realizacji dzia\u0142a\u0144 przed zawarciem umowy, kt\u00f3re s\u0105 wykonywane na \u017cyczenie klienta,<\/li><li>6 ust. 1 lit. c RODO, tj. w celu wype\u0142nienia obowi\u0105zku prawnego ci\u0105\u017c\u0105cego na administratorze,<\/li><li>6 ust. 1 lit. f RODO, tj. w celach wynikaj\u0105cych z prawnie uzasadnionych interes\u00f3w realizowanych przez administratora lub stron\u0119 trzeci\u0105 (np. badanie satysfakcji klient\u00f3w, dochodzenie roszcze\u0144 oraz obrona przed roszczeniami, wewn\u0119trzne cele administracyjne DAR S.A., w tym statystyki, raportowania, sprawozdawczo\u015b\u0107, marketing bezpo\u015bredni).<\/li><\/ul><h1>\u00a0<\/h1><p style=\"text-align: center;\"><strong>ODBIORCY DANYCH\u00a0\u00a0\u00a0\u00a0\u00a0\u00a0\u00a0\u00a0<\/strong><\/p><p>Dane osobowe mog\u0105 by\u0107 udost\u0119pniane innym odbiorcom w celu wykonania z Pani\u0105\/Panem umowy lub w celu wykonania ci\u0105\u017c\u0105cego na DAR S.A. obowi\u0105zku prawnego, lub w oparciu o zgod\u0119 b\u0105d\u017a dla cel\u00f3w wynikaj\u0105cych z prawnie uzasadnionych interes\u00f3w administratora.<\/p><p>Odbiorcami mog\u0105 by\u0107 w szczeg\u00f3lno\u015bci: upowa\u017cnieni pracownicy DAR S.A., biura informacji kredytowej, Poczta Polska S.A., outsourcing IT, firmy windykacyjne, kancelarie prawnicze, banki, Bank Gospodarstwa Krajowego, Urz\u0105d Marsza\u0142kowski Wojew\u00f3dztwa Warmi\u0144sko \u2013 Mazurskiego, Polska Agencja Rozwoju Przedsi\u0119biorczo\u015bci i inne instytucje ustawowo upowa\u017cnione do odbioru Pani\/Pana danych.<\/p><p>Ponadto dane mog\u0105 by\u0107 przekazywane podmiotom przetwarzaj\u0105cym dane osobowe na nasze zlecenie, przy czym zobowi\u0105zane s\u0105 one do zachowania tajemnicy i poufno\u015bci powierzonych danych.<\/p><h1>\u00a0<\/h1><p style=\"text-align: center;\"><strong>PRZESY\u0141ANIE DANYCH DO PA\u0143STWA TRZECIEGO<\/strong><\/p><p>Dane nie b\u0119d\u0105 przekazywane do odbiorc\u00f3w w krajach spoza Unii Europejskiej.<\/p><h1>\u00a0<\/h1><p style=\"text-align: center;\"><strong>OKRES PRZECHOWYWANIA DANYCH<\/strong><\/p><p>Dane osobowe b\u0119d\u0105 przetwarzane przez okres niezb\u0119dny do realizacji cel\u00f3w przetwarzania, tj.:<\/p><ul><li>w zakresie realizacji zawartej umowy \u2013 do czasu zako\u0144czenia realizacji umowy, a po tym czasie przez okres wymagany przez przepisy prawa lub celu realizacji ewentualnych roszcze\u0144,<\/li><li>w zakresie wype\u0142niania zobowi\u0105za\u0144 prawnych ci\u0105\u017c\u0105cych na DAR S.A. w zwi\u0105zku z prowadzeniem dzia\u0142alno\u015bci i realizacj\u0105 zawartych um\u00f3w \u2013 do czasu wype\u0142nienia tych obowi\u0105zk\u00f3w przez DAR S.A.,<\/li><li>w zakresie marketingu bezpo\u015bredniego realizowanego w oparciu o zgod\u0119 \u2013 do czasu wycofania zgody,<\/li><li>do czasu wype\u0142nienia prawnie uzasadnionych interes\u00f3w DAR S.A. stanowi\u0105cych podstaw\u0119 tego przetwarzania lub do czasu wniesienie przez Pani\u0105\/Pana sprzeciwu wobec takiego przetwarzania, o ile nie wyst\u0119puj\u0105 prawnie uzasadnione podstawy dalszego przetwarzania danych.<\/li><\/ul><h1>\u00a0<\/h1><p style=\"text-align: center;\"><strong>PRAWA PRZYS\u0141UGUJ\u0104CE W ZWI\u0104ZKU Z DANYMI OSOBOWYMI<\/strong><\/p><p>Ma Pani\/Pan prawo do \u017c\u0105dania dost\u0119pu do swoich danych osobowych, prawo do ich sprostowania, usuni\u0119cia lub ograniczenia przetwarzania, wniesienia sprzeciwu wobec ich przetwarzania, prawo do przenoszenia danych, prawo do cofni\u0119cia zgody w dowolnym momencie bez wp\u0142ywu na zgodno\u015b\u0107 z prawem przetwarzania, kt\u00f3rego dokonano na podstawie zgody przed jej cofni\u0119ciem, prawo do wniesienia skargi do organu nadzorczego.<\/p><p>Szczeg\u00f3\u0142owe informacje o przys\u0142uguj\u0105cych prawach, zamieszczono w zak\u0142adce Prawa os\u00f3b wynikaj\u0105ce z RODO.<\/p><h1>\u00a0<\/h1><p style=\"text-align: center;\"><strong>WYM\u00d3G PODANIA DANYCH OSOBOWYCH<\/strong><\/p><p>Podanie danych osobowych jest warunkiem koniecznym do podj\u0119cia wsp\u00f3\u0142pracy z DAR S.A., niepodanie danych w zakresie wskazanym przez administratora b\u0119dzie skutkowa\u0107 odmow\u0105 podj\u0119cia wsp\u00f3\u0142pracy.<\/p><h1>\u00a0<\/h1><p style=\"text-align: center;\"><strong>PROFILOWANIE<\/strong><\/p><p style=\"text-align: center;\"><em>dotyczy jedynie klient\u00f3w Funduszu po\u017cyczkowego<\/em><\/p><p>Pa\u0144stwa dane b\u0119d\u0105 poddane zautomatyzowanemu podejmowaniu decyzji (profilowaniu) w celu wst\u0119pnej analizy zdolno\u015bci po\u017cyczkowej na podstawie dostarczonych przez Pani\u0105\/Pana danych wprowadzanych w elektronicznym wniosku, nasi pracownicy oceniaj\u0105, czy mo\u017cemy przyzna\u0107 Pani\/Panu po\u017cyczk\u0119. Wdro\u017cenie przez nas tego mechanizmu oznacza dla Klienta, \u017ce mo\u017cemy wskutek decyzji naszego programu odm\u00f3wi\u0107 dalszego rozpatrywania wniosku. W takim wypadku Klient ma prawo zwr\u00f3cenia si\u0119 do nas z pro\u015bb\u0105 o ponowne rozpatrzenie jego wniosku przez nasz personel. Tak\u0105 pro\u015bb\u0119 mo\u017cna zg\u0142osi\u0107 na adres e-mail:<span>\u00a0<\/span><span id=\"cloak31d6417c2e05be3bcd2d9b8ea5068a37\"><a href=\"mailto:darsa@darsa.pl\">darsa@darsa.pl<\/a><\/span>, tel. 23\u00a0697 06 79.<\/p>\t\t\t\t\t\t\t\t<\/div>\n\t\t\t\t<\/div>\n\t\t\t\t\t<\/div>\n\t\t<\/div>\n\t\t\t\t\t<\/div>\n\t\t<\/section>\n\t\t\t\t<\/div>\n\t\t","protected":false},"excerpt":{"rendered":"<p>Klauzula informacyjna INFORMACJE OG\u00d3LNE 25 maja 2018 roku zacz\u0119\u0142o obowi\u0105zywa\u0107 Rozporz\u0105dzenie Parlamentu Europejskiego i Rady (EU) 2016\/679 z dnia 27 kwietnia 2016 roku w sprawie ochrony os\u00f3b fizycznych w zwi\u0105zku z przetwarzaniem ich danych osobowych i w sprawie swobodnego przep\u0142ywu takich danych oraz uchylenia dyrektywy 95\/46\/WE (okre\u015blane jako RODO lub [&hellip;]<\/p>\n","protected":false},"author":1,"featured_media":0,"parent":1136,"menu_order":1,"comment_status":"closed","ping_status":"closed","template":"elementor_header_footer","meta":{"footnotes":""},"class_list":["post-1226","page","type-page","status-publish","hentry"],"yoast_head":"<!-- This site is optimized with the Yoast SEO plugin v27.3 - https:\/\/yoast.com\/product\/yoast-seo-wordpress\/ -->\n<title>Dzia\u0142dowska Agencja Rozwoju S.A.<\/title>\n<meta name=\"description\" content=\"Wspieranie ma\u0142ych i \u015brednich przedsi\u0119biorstw, edukacja i szkolenia.\" \/>\n<meta name=\"robots\" content=\"index, follow, max-snippet:-1, max-image-preview:large, max-video-preview:-1\" \/>\n<link rel=\"canonical\" href=\"https:\/\/darsa.pl\/www\/o-nas\/ochrona-danych-osobowych\/klauzula-informacyjna\/\" \/>\n<meta property=\"og:locale\" content=\"pl_PL\" \/>\n<meta property=\"og:type\" content=\"article\" \/>\n<meta property=\"og:description\" content=\"Wspieranie ma\u0142ych i \u015brednich przedsi\u0119biorstw, edukacja i szkolenia.\" \/>\n<meta property=\"og:url\" content=\"https:\/\/darsa.pl\/www\/o-nas\/ochrona-danych-osobowych\/klauzula-informacyjna\/\" \/>\n<meta property=\"og:site_name\" content=\"Dzia\u0142dowska Agencja Rozwoju S.A.\" \/>\n<meta property=\"article:modified_time\" content=\"2020-07-17T19:44:46+00:00\" \/>\n<meta property=\"og:image\" content=\"https:\/\/darsa.pl\/www\/wp-content\/uploads\/2020\/07\/og_img3.png\" \/>\n\t<meta property=\"og:image:width\" content=\"1200\" \/>\n\t<meta property=\"og:image:height\" content=\"630\" \/>\n\t<meta property=\"og:image:type\" content=\"image\/png\" \/>\n<meta name=\"twitter:card\" content=\"summary_large_image\" \/>\n<meta name=\"twitter:label1\" content=\"Szacowany czas czytania\" \/>\n\t<meta name=\"twitter:data1\" content=\"4 minuty\" \/>\n<script type=\"application\/ld+json\" class=\"yoast-schema-graph\">{\"@context\":\"https:\\\/\\\/schema.org\",\"@graph\":[{\"@type\":\"WebPage\",\"@id\":\"https:\\\/\\\/darsa.pl\\\/www\\\/o-nas\\\/ochrona-danych-osobowych\\\/klauzula-informacyjna\\\/\",\"url\":\"https:\\\/\\\/darsa.pl\\\/www\\\/o-nas\\\/ochrona-danych-osobowych\\\/klauzula-informacyjna\\\/\",\"name\":\"\",\"isPartOf\":{\"@id\":\"https:\\\/\\\/darsa.pl\\\/www\\\/#website\"},\"datePublished\":\"2020-07-17T18:18:06+00:00\",\"dateModified\":\"2020-07-17T19:44:46+00:00\",\"description\":\"Wspieranie ma\u0142ych i \u015brednich przedsi\u0119biorstw, edukacja i szkolenia.\",\"breadcrumb\":{\"@id\":\"https:\\\/\\\/darsa.pl\\\/www\\\/o-nas\\\/ochrona-danych-osobowych\\\/klauzula-informacyjna\\\/#breadcrumb\"},\"inLanguage\":\"pl-PL\",\"potentialAction\":[{\"@type\":\"ReadAction\",\"target\":[\"https:\\\/\\\/darsa.pl\\\/www\\\/o-nas\\\/ochrona-danych-osobowych\\\/klauzula-informacyjna\\\/\"]}]},{\"@type\":\"BreadcrumbList\",\"@id\":\"https:\\\/\\\/darsa.pl\\\/www\\\/o-nas\\\/ochrona-danych-osobowych\\\/klauzula-informacyjna\\\/#breadcrumb\",\"itemListElement\":[{\"@type\":\"ListItem\",\"position\":1,\"name\":\"Strona g\u0142\u00f3wna\",\"item\":\"https:\\\/\\\/darsa.pl\\\/www\\\/\"},{\"@type\":\"ListItem\",\"position\":2,\"name\":\"O NAS\",\"item\":\"https:\\\/\\\/darsa.pl\\\/www\\\/o-nas\\\/\"},{\"@type\":\"ListItem\",\"position\":3,\"name\":\"OCHRONA DANYCH OSOBOWYCH\",\"item\":\"https:\\\/\\\/darsa.pl\\\/www\\\/o-nas\\\/ochrona-danych-osobowych\\\/\"},{\"@type\":\"ListItem\",\"position\":4,\"name\":\"KLAUZULA INFORMACYJNA\"}]},{\"@type\":\"WebSite\",\"@id\":\"https:\\\/\\\/darsa.pl\\\/www\\\/#website\",\"url\":\"https:\\\/\\\/darsa.pl\\\/www\\\/\",\"name\":\"Dzia\u0142dowska Agencja Rozwoju S.A.\",\"description\":\"Wspieranie ma\u0142ych i \u015brednich przedsi\u0119biorstw, edukacja i szkolenia.\",\"publisher\":{\"@id\":\"https:\\\/\\\/darsa.pl\\\/www\\\/#organization\"},\"potentialAction\":[{\"@type\":\"SearchAction\",\"target\":{\"@type\":\"EntryPoint\",\"urlTemplate\":\"https:\\\/\\\/darsa.pl\\\/www\\\/?s={search_term_string}\"},\"query-input\":{\"@type\":\"PropertyValueSpecification\",\"valueRequired\":true,\"valueName\":\"search_term_string\"}}],\"inLanguage\":\"pl-PL\"},{\"@type\":\"Organization\",\"@id\":\"https:\\\/\\\/darsa.pl\\\/www\\\/#organization\",\"name\":\"Dzia\u0142dowska Agencja Rozwoju S.A.\",\"url\":\"https:\\\/\\\/darsa.pl\\\/www\\\/\",\"logo\":{\"@type\":\"ImageObject\",\"inLanguage\":\"pl-PL\",\"@id\":\"https:\\\/\\\/darsa.pl\\\/www\\\/#\\\/schema\\\/logo\\\/image\\\/\",\"url\":\"https:\\\/\\\/darsa.pl\\\/www\\\/wp-content\\\/uploads\\\/2020\\\/06\\\/logo_h200px.png\",\"contentUrl\":\"https:\\\/\\\/darsa.pl\\\/www\\\/wp-content\\\/uploads\\\/2020\\\/06\\\/logo_h200px.png\",\"width\":856,\"height\":200,\"caption\":\"Dzia\u0142dowska Agencja Rozwoju S.A.\"},\"image\":{\"@id\":\"https:\\\/\\\/darsa.pl\\\/www\\\/#\\\/schema\\\/logo\\\/image\\\/\"}}]}<\/script>\n<!-- \/ Yoast SEO plugin. -->","yoast_head_json":{"title":"Dzia\u0142dowska Agencja Rozwoju S.A.","description":"Wspieranie ma\u0142ych i \u015brednich przedsi\u0119biorstw, edukacja i szkolenia.","robots":{"index":"index","follow":"follow","max-snippet":"max-snippet:-1","max-image-preview":"max-image-preview:large","max-video-preview":"max-video-preview:-1"},"canonical":"https:\/\/darsa.pl\/www\/o-nas\/ochrona-danych-osobowych\/klauzula-informacyjna\/","og_locale":"pl_PL","og_type":"article","og_description":"Wspieranie ma\u0142ych i \u015brednich przedsi\u0119biorstw, edukacja i szkolenia.","og_url":"https:\/\/darsa.pl\/www\/o-nas\/ochrona-danych-osobowych\/klauzula-informacyjna\/","og_site_name":"Dzia\u0142dowska Agencja Rozwoju S.A.","article_modified_time":"2020-07-17T19:44:46+00:00","og_image":[{"width":1200,"height":630,"url":"https:\/\/darsa.pl\/www\/wp-content\/uploads\/2020\/07\/og_img3.png","type":"image\/png"}],"twitter_card":"summary_large_image","twitter_misc":{"Szacowany czas czytania":"4 minuty"},"schema":{"@context":"https:\/\/schema.org","@graph":[{"@type":"WebPage","@id":"https:\/\/darsa.pl\/www\/o-nas\/ochrona-danych-osobowych\/klauzula-informacyjna\/","url":"https:\/\/darsa.pl\/www\/o-nas\/ochrona-danych-osobowych\/klauzula-informacyjna\/","name":"","isPartOf":{"@id":"https:\/\/darsa.pl\/www\/#website"},"datePublished":"2020-07-17T18:18:06+00:00","dateModified":"2020-07-17T19:44:46+00:00","description":"Wspieranie ma\u0142ych i \u015brednich przedsi\u0119biorstw, edukacja i szkolenia.","breadcrumb":{"@id":"https:\/\/darsa.pl\/www\/o-nas\/ochrona-danych-osobowych\/klauzula-informacyjna\/#breadcrumb"},"inLanguage":"pl-PL","potentialAction":[{"@type":"ReadAction","target":["https:\/\/darsa.pl\/www\/o-nas\/ochrona-danych-osobowych\/klauzula-informacyjna\/"]}]},{"@type":"BreadcrumbList","@id":"https:\/\/darsa.pl\/www\/o-nas\/ochrona-danych-osobowych\/klauzula-informacyjna\/#breadcrumb","itemListElement":[{"@type":"ListItem","position":1,"name":"Strona g\u0142\u00f3wna","item":"https:\/\/darsa.pl\/www\/"},{"@type":"ListItem","position":2,"name":"O NAS","item":"https:\/\/darsa.pl\/www\/o-nas\/"},{"@type":"ListItem","position":3,"name":"OCHRONA DANYCH OSOBOWYCH","item":"https:\/\/darsa.pl\/www\/o-nas\/ochrona-danych-osobowych\/"},{"@type":"ListItem","position":4,"name":"KLAUZULA INFORMACYJNA"}]},{"@type":"WebSite","@id":"https:\/\/darsa.pl\/www\/#website","url":"https:\/\/darsa.pl\/www\/","name":"Dzia\u0142dowska Agencja Rozwoju S.A.","description":"Wspieranie ma\u0142ych i \u015brednich przedsi\u0119biorstw, edukacja i szkolenia.","publisher":{"@id":"https:\/\/darsa.pl\/www\/#organization"},"potentialAction":[{"@type":"SearchAction","target":{"@type":"EntryPoint","urlTemplate":"https:\/\/darsa.pl\/www\/?s={search_term_string}"},"query-input":{"@type":"PropertyValueSpecification","valueRequired":true,"valueName":"search_term_string"}}],"inLanguage":"pl-PL"},{"@type":"Organization","@id":"https:\/\/darsa.pl\/www\/#organization","name":"Dzia\u0142dowska Agencja Rozwoju S.A.","url":"https:\/\/darsa.pl\/www\/","logo":{"@type":"ImageObject","inLanguage":"pl-PL","@id":"https:\/\/darsa.pl\/www\/#\/schema\/logo\/image\/","url":"https:\/\/darsa.pl\/www\/wp-content\/uploads\/2020\/06\/logo_h200px.png","contentUrl":"https:\/\/darsa.pl\/www\/wp-content\/uploads\/2020\/06\/logo_h200px.png","width":856,"height":200,"caption":"Dzia\u0142dowska Agencja Rozwoju S.A."},"image":{"@id":"https:\/\/darsa.pl\/www\/#\/schema\/logo\/image\/"}}]}},"_links":{"self":[{"href":"https:\/\/darsa.pl\/www\/wp-json\/wp\/v2\/pages\/1226","targetHints":{"allow":["GET"]}}],"collection":[{"href":"https:\/\/darsa.pl\/www\/wp-json\/wp\/v2\/pages"}],"about":[{"href":"https:\/\/darsa.pl\/www\/wp-json\/wp\/v2\/types\/page"}],"author":[{"embeddable":true,"href":"https:\/\/darsa.pl\/www\/wp-json\/wp\/v2\/users\/1"}],"replies":[{"embeddable":true,"href":"https:\/\/darsa.pl\/www\/wp-json\/wp\/v2\/comments?post=1226"}],"version-history":[{"count":4,"href":"https:\/\/darsa.pl\/www\/wp-json\/wp\/v2\/pages\/1226\/revisions"}],"predecessor-version":[{"id":4105,"href":"https:\/\/darsa.pl\/www\/wp-json\/wp\/v2\/pages\/1226\/revisions\/4105"}],"up":[{"embeddable":true,"href":"https:\/\/darsa.pl\/www\/wp-json\/wp\/v2\/pages\/1136"}],"wp:attachment":[{"href":"https:\/\/darsa.pl\/www\/wp-json\/wp\/v2\/media?parent=1226"}],"curies":[{"name":"wp","href":"https:\/\/api.w.org\/{rel}","templated":true}]}}