{"id":115,"date":"2020-06-28T23:12:47","date_gmt":"2020-06-28T21:12:47","guid":{"rendered":"https:\/\/darsa.pl\/www\/?page_id=115"},"modified":"2022-02-15T09:31:22","modified_gmt":"2022-02-15T08:31:22","slug":"pierwszy-biznes-wsparcie-w-starcie-ii-edycja-2","status":"publish","type":"page","link":"https:\/\/darsa.pl\/www\/projekty\/zrealizowane\/pierwszy-biznes-wsparcie-w-starcie-ii-edycja-2\/","title":{"rendered":"PIERWSZY BIZNES &#8211; WSPARCIE W STARCIE II EDYCJA 2"},"content":{"rendered":"\t\t<div data-elementor-type=\"wp-page\" data-elementor-id=\"115\" class=\"elementor elementor-115\">\n\t\t\t\t\t\t<section class=\"elementor-section elementor-top-section elementor-element elementor-element-703badf2 elementor-section-boxed elementor-section-height-default elementor-section-height-default\" data-id=\"703badf2\" data-element_type=\"section\" data-e-type=\"section\" data-settings=\"{&quot;background_background&quot;:&quot;gradient&quot;}\">\n\t\t\t\t\t\t<div class=\"elementor-container elementor-column-gap-default\">\n\t\t\t\t\t<div class=\"elementor-column elementor-col-100 elementor-top-column elementor-element elementor-element-7bf179fe\" data-id=\"7bf179fe\" data-element_type=\"column\" data-e-type=\"column\">\n\t\t\t<div class=\"elementor-widget-wrap elementor-element-populated\">\n\t\t\t\t\t\t<div class=\"elementor-element elementor-element-4cc99416 elementor-widget elementor-widget-heading\" data-id=\"4cc99416\" data-element_type=\"widget\" data-e-type=\"widget\" data-widget_type=\"heading.default\">\n\t\t\t\t<div class=\"elementor-widget-container\">\n\t\t\t\t\t<h2 class=\"elementor-heading-title elementor-size-default\">Pierwszy Biznes - Wsparcie w Starcie II edycja 2<\/h2>\t\t\t\t<\/div>\n\t\t\t\t<\/div>\n\t\t\t\t\t<\/div>\n\t\t<\/div>\n\t\t\t\t\t<\/div>\n\t\t<\/section>\n\t\t\t\t<section class=\"elementor-section elementor-top-section elementor-element elementor-element-6f94aa6a elementor-section-boxed elementor-section-height-default elementor-section-height-default\" data-id=\"6f94aa6a\" data-element_type=\"section\" data-e-type=\"section\">\n\t\t\t\t\t\t<div class=\"elementor-container elementor-column-gap-default\">\n\t\t\t\t\t<div class=\"elementor-column elementor-col-100 elementor-top-column elementor-element elementor-element-69bf252b\" data-id=\"69bf252b\" data-element_type=\"column\" data-e-type=\"column\">\n\t\t\t<div class=\"elementor-widget-wrap elementor-element-populated\">\n\t\t\t\t\t\t<div class=\"elementor-element elementor-element-4bfac16 elementor-widget elementor-widget-text-editor\" data-id=\"4bfac16\" data-element_type=\"widget\" data-e-type=\"widget\" data-widget_type=\"text-editor.default\">\n\t\t\t\t<div class=\"elementor-widget-container\">\n\t\t\t\t\t\t\t\t\t<p style=\"text-align: center;\"><strong><span style=\"text-decoration: underline;\">PO\u017bYCZKA PODSTAWOWA <\/span><span style=\"text-decoration: underline;\">na rozpocz\u0119cie dzia\u0142alno\u015bci gospodarczej<\/span><\/strong><\/p><p>Warto\u015b\u0107 po\u017cyczki nie mo\u017ce przekracza\u0107 20-krotnej wysoko\u015bci przeci\u0119tnego wynagrodzenia, obowi\u0105zuj\u0105cego w dniu z\u0142o\u017cenia wniosku o udzielenie po\u017cyczki i nie mo\u017ce by\u0107 wy\u017csza ni\u017c 20-krotno\u015b\u0107 przeci\u0119tnego wynagrodzenia obowi\u0105zuj\u0105cego w dniu podpisania umowy.<\/p><ul><li>Oprocentowanie: na poziomie 0,25 stopy redyskonta weksli NBP (aktualna wysoko\u015b\u0107 stopy redyskonta weksli 1,75 &#8211; wysoko\u015b\u0107 oprocentowania po\u017cyczki 0,44% w skali roku),<\/li><li>Okres sp\u0142aty: do 7 lat (do 84 miesi\u0119cy),<\/li><li>Mo\u017cliwo\u015b\u0107 uzyskania karencji w sp\u0142acie kapita\u0142u do 1 roku,<\/li><li>Wyp\u0142ata \u015brodk\u00f3w: zgodnie z harmonogramem przedstawionym przez Wnioskodawc\u0119 i zaakceptowanym przez po\u015brednika finansowego, nie wcze\u015bniej jednak ni\u017c po zarejestrowaniu dzia\u0142alno\u015bci gospodarczej.<\/li><\/ul><p><strong>Dokumenty do pobrania:<\/strong><\/p><p>&#8211;\u00a0<a href=\"http:\/\/www.darsa.pl\/images\/pozyczki\/RPO_2\/up_1.doc\">upowa\u017cnienie konsumenta do InfoMonitor<\/a><\/p><p>&#8211;\u00a0<a href=\"http:\/\/www.darsa.pl\/images\/pozyczki\/RPO_2\/up_2.doc\">upowa\u017cnienie przedsi\u0119biorcy do InfoMonitor<\/a><\/p><p>&#8211;\u00a0<a href=\"http:\/\/www.farr.pl\/index.php?option=com_content&amp;view=article&amp;id=148&amp;Itemid=148\" target=\"_blank\" rel=\"alternate noopener\">z\u0142o\u017cenie wniosku (dost\u0119pne na stronie www.farr.pl)\u00a0<\/a><\/p><p>&#8211;\u00a0<a href=\"http:\/\/www.farr.pl\/index.php?option=com_content&amp;view=article&amp;id=155&amp;Itemid=155\" target=\"_blank\" rel=\"alternate noopener\">podpisanie umowy (dost\u0119pne na stronie www.farr.pl)\u00a0<\/a><\/p><p>&#8211;\u00a0<a href=\"http:\/\/www.farr.pl\/index.php?option=com_content&amp;view=article&amp;id=156&amp;Itemid=156\" target=\"_blank\" rel=\"alternate noopener\">rozliczenie po\u017cyczki (dost\u0119pne na stronie www.farr.pl)\u00a0<\/a><\/p><p><strong>\u00a0<\/strong><\/p><p style=\"text-align: center;\"><span style=\"text-decoration: underline;\"><strong>PO\u017bYCZKA UZUPE\u0141NIAJ\u0104CA\u00a0na utworzenie stanowiska pracy dla bezrobotnego<\/strong><\/span><\/p><p>Warto\u015b\u0107 po\u017cyczki nie mo\u017ce przekracza\u0107 6-krotnej wysoko\u015bci przeci\u0119tnego wynagrodzenia, obowi\u0105zuj\u0105cego w dniu z\u0142o\u017cenia wniosku o udzielenie po\u017cyczki i nie mo\u017ce by\u0107 wy\u017csza ni\u017c 6-krotno\u015b\u0107 przeci\u0119tnego wynagrodzenia obowi\u0105zuj\u0105cego w dniu podpisania umowy.<\/p><ul><li>Oprocentowanie: na poziomie 0,25 stopy redyskonta weksli NBP (aktualna wysoko\u015b\u0107 stopy redyskonta weksli 1,75 &#8211; wysoko\u015b\u0107 oprocentowania po\u017cyczki 0,44% w skali roku),<\/li><li>Okres sp\u0142aty: do 3 lat (do 36 miesi\u0119cy),<\/li><li>Wyp\u0142ata \u015brodk\u00f3w: zgodnie z harmonogramem przedstawionym przez Wnioskodawc\u0119 i zaakceptowanym przez po\u015brednika finansowego.<\/li><\/ul><p><strong>Dokumenty do pobrania:<\/strong><\/p><p>&#8211;\u00a0<a href=\"http:\/\/www.darsa.pl\/images\/pozyczki\/RPO_2\/up_1.doc\">upowa\u017cnienie konsumenta do InfoMonitor<\/a><\/p><p>&#8211;\u00a0<a href=\"http:\/\/www.darsa.pl\/images\/pozyczki\/RPO_2\/up_2.doc\">upowa\u017cnienie przedsi\u0119biorcy do InfoMonitor<\/a><\/p><p>&#8211;\u00a0<a href=\"http:\/\/www.farr.pl\/index.php?option=com_content&amp;view=article&amp;id=161&amp;Itemid=161\" target=\"_blank\" rel=\"alternate noopener\">z\u0142o\u017cenie wniosku (dost\u0119pne na stronie www.farr.pl)<\/a><\/p><p>&#8211;\u00a0<a href=\"http:\/\/www.farr.pl\/index.php?option=com_content&amp;view=article&amp;id=153&amp;Itemid=153\" target=\"_blank\" rel=\"alternate noopener\">podpisanie umowy (dost\u0119pne na stronie www.farr.pl)<\/a><\/p><p>&#8211;\u00a0<a href=\"http:\/\/www.farr.pl\/index.php?option=com_content&amp;view=article&amp;id=126&amp;Itemid=126\" target=\"_blank\" rel=\"alternate noopener\">rozliczenie po\u017cyczki (dost\u0119pne na stronie www.farr.pl)<\/a><\/p><p>&#8211;\u00a0<a href=\"http:\/\/www.farr.pl\/index.php?option=com_content&amp;view=article&amp;id=218&amp;Itemid=218\" target=\"_blank\" rel=\"alternate noopener\">umorzenie po\u017cyczki (dost\u0119pne na stronie www.farr.pl)<\/a><\/p><p>\u00a0<\/p><p style=\"text-align: center;\"><span style=\"text-decoration: underline;\"><strong>PO\u017bYCZKA DLA PRZEDSI\u0118BIORC\u00d3W\u00a0na utworzenie stanowiska pracy dla bezrobotnego<\/strong><\/span><\/p><p>Warto\u015b\u0107 po\u017cyczki nie mo\u017ce przekracza\u0107 6-krotnej wysoko\u015bci przeci\u0119tnego wynagrodzenia, obowi\u0105zuj\u0105cego w dniu z\u0142o\u017cenia wniosku o udzielenie po\u017cyczki i nie mo\u017ce by\u0107 wy\u017csza ni\u017c 6-krotno\u015b\u0107 przeci\u0119tnego wynagrodzenia obowi\u0105zuj\u0105cego w dniu podpisania umowy.<\/p><ul><li>Oprocentowanie: na poziomie 0,25 stopy redyskonta weksli NBP (aktualna wysoko\u015b\u0107 stopy redyskonta weksli 1,75 &#8211; wysoko\u015b\u0107 oprocentowania po\u017cyczki 0,44% w skali roku),<\/li><li>Okres sp\u0142aty: do 3 lat (do 36 miesi\u0119cy),<\/li><li>Wyp\u0142ata \u015brodk\u00f3w: zgodnie z harmonogramem przedstawionym przez Wnioskodawc\u0119 i zaakceptowanym przez po\u015brednika finansowego.<\/li><\/ul><p><strong>Dokumenty do pobrania:<\/strong><\/p><p>&#8211;\u00a0<a href=\"http:\/\/www.darsa.pl\/images\/pozyczki\/RPO_2\/up_1.doc\">upowa\u017cnienie konsumenta do InfoMonitor<\/a><\/p><p>&#8211;\u00a0<a href=\"http:\/\/www.darsa.pl\/images\/pozyczki\/RPO_2\/up_2.doc\">upowa\u017cnienie przedsi\u0119biorcy do InfoMonitor<\/a><\/p><p>&#8211;\u00a0<a href=\"http:\/\/www.farr.pl\/index.php?option=com_content&amp;view=article&amp;id=207&amp;Itemid=207\" target=\"_blank\" rel=\"alternate noopener\">z\u0142o\u017cenie wniosku (dost\u0119pne na stronie www.farr.pl)<\/a><\/p><p>&#8211;\u00a0<a href=\"http:\/\/www.farr.pl\/index.php?option=com_content&amp;view=article&amp;id=208&amp;Itemid=208\" target=\"_blank\" rel=\"alternate noopener\">podpisanie umowy (dost\u0119pne na stronie www.farr.pl)<\/a><\/p><p>&#8211;\u00a0<a href=\"http:\/\/www.farr.pl\/index.php?option=com_content&amp;view=article&amp;id=209&amp;Itemid=209\" target=\"_blank\" rel=\"alternate noopener\">rozliczenie po\u017cyczki (dost\u0119pne na stronie www.farr.pl)<\/a><\/p>\t\t\t\t\t\t\t\t<\/div>\n\t\t\t\t<\/div>\n\t\t\t\t\t<\/div>\n\t\t<\/div>\n\t\t\t\t\t<\/div>\n\t\t<\/section>\n\t\t\t\t<section class=\"elementor-section elementor-top-section elementor-element elementor-element-6b61a elementor-section-boxed elementor-section-height-default elementor-section-height-default\" data-id=\"6b61a\" data-element_type=\"section\" data-e-type=\"section\">\n\t\t\t\t\t\t<div class=\"elementor-container elementor-column-gap-default\">\n\t\t\t\t\t<div class=\"elementor-column elementor-col-50 elementor-top-column elementor-element elementor-element-32058df9\" data-id=\"32058df9\" data-element_type=\"column\" data-e-type=\"column\">\n\t\t\t<div class=\"elementor-widget-wrap elementor-element-populated\">\n\t\t\t\t\t\t<div class=\"elementor-element elementor-element-23e9bf46 elementor-widget elementor-widget-counter\" data-id=\"23e9bf46\" data-element_type=\"widget\" data-e-type=\"widget\" data-widget_type=\"counter.default\">\n\t\t\t\t<div class=\"elementor-widget-container\">\n\t\t\t\t\t\t\t<div class=\"elementor-counter\">\n\t\t\t<div class=\"elementor-counter-title\">Kwota udzielonych po\u017cyczek (w PLN)<\/div>\t\t\t<div class=\"elementor-counter-number-wrapper\">\n\t\t\t\t<span class=\"elementor-counter-number-prefix\"><\/span>\n\t\t\t\t<span class=\"elementor-counter-number\" data-duration=\"5000\" data-to-value=\"210689890\" data-from-value=\"0\" data-delimiter=\" \">0<\/span>\n\t\t\t\t<span class=\"elementor-counter-number-suffix\"><\/span>\n\t\t\t<\/div>\n\t\t<\/div>\n\t\t\t\t\t\t<\/div>\n\t\t\t\t<\/div>\n\t\t\t\t\t<\/div>\n\t\t<\/div>\n\t\t\t\t<div class=\"elementor-column elementor-col-50 elementor-top-column elementor-element elementor-element-588eb249\" data-id=\"588eb249\" data-element_type=\"column\" data-e-type=\"column\">\n\t\t\t<div class=\"elementor-widget-wrap elementor-element-populated\">\n\t\t\t\t\t\t<div class=\"elementor-element elementor-element-7da160bd elementor-widget elementor-widget-counter\" data-id=\"7da160bd\" data-element_type=\"widget\" data-e-type=\"widget\" data-widget_type=\"counter.default\">\n\t\t\t\t<div class=\"elementor-widget-container\">\n\t\t\t\t\t\t\t<div class=\"elementor-counter\">\n\t\t\t<div class=\"elementor-counter-title\">Liczba udzielonych po\u017cyczek<\/div>\t\t\t<div class=\"elementor-counter-number-wrapper\">\n\t\t\t\t<span class=\"elementor-counter-number-prefix\"><\/span>\n\t\t\t\t<span class=\"elementor-counter-number\" data-duration=\"3000\" data-to-value=\"1793\" data-from-value=\"0\" data-delimiter=\" \">0<\/span>\n\t\t\t\t<span class=\"elementor-counter-number-suffix\"><\/span>\n\t\t\t<\/div>\n\t\t<\/div>\n\t\t\t\t\t\t<\/div>\n\t\t\t\t<\/div>\n\t\t\t\t\t<\/div>\n\t\t<\/div>\n\t\t\t\t\t<\/div>\n\t\t<\/section>\n\t\t\t\t<\/div>\n\t\t","protected":false},"excerpt":{"rendered":"<p>Pierwszy Biznes &#8211; Wsparcie w Starcie II edycja 2 PO\u017bYCZKA PODSTAWOWA na rozpocz\u0119cie dzia\u0142alno\u015bci gospodarczej Warto\u015b\u0107 po\u017cyczki nie mo\u017ce przekracza\u0107 20-krotnej wysoko\u015bci przeci\u0119tnego wynagrodzenia, obowi\u0105zuj\u0105cego w dniu z\u0142o\u017cenia wniosku o udzielenie po\u017cyczki i nie mo\u017ce by\u0107 wy\u017csza ni\u017c 20-krotno\u015b\u0107 przeci\u0119tnego wynagrodzenia obowi\u0105zuj\u0105cego w dniu podpisania umowy. Oprocentowanie: na poziomie 0,25 [&hellip;]<\/p>\n","protected":false},"author":1,"featured_media":0,"parent":94,"menu_order":6,"comment_status":"closed","ping_status":"closed","template":"elementor_header_footer","meta":{"footnotes":""},"class_list":["post-115","page","type-page","status-publish","hentry"],"yoast_head":"<!-- This site is optimized with the Yoast SEO plugin v27.3 - https:\/\/yoast.com\/product\/yoast-seo-wordpress\/ -->\n<title>Dzia\u0142dowska Agencja Rozwoju S.A.<\/title>\n<meta name=\"description\" content=\"Wspieranie ma\u0142ych i \u015brednich przedsi\u0119biorstw, edukacja i szkolenia.\" \/>\n<meta name=\"robots\" content=\"index, follow, max-snippet:-1, max-image-preview:large, max-video-preview:-1\" \/>\n<link rel=\"canonical\" href=\"https:\/\/darsa.pl\/www\/projekty\/zrealizowane\/pierwszy-biznes-wsparcie-w-starcie-ii-edycja-2\/\" \/>\n<meta property=\"og:locale\" content=\"pl_PL\" \/>\n<meta property=\"og:type\" content=\"article\" \/>\n<meta property=\"og:description\" content=\"Wspieranie ma\u0142ych i \u015brednich przedsi\u0119biorstw, edukacja i szkolenia.\" \/>\n<meta property=\"og:url\" content=\"https:\/\/darsa.pl\/www\/projekty\/zrealizowane\/pierwszy-biznes-wsparcie-w-starcie-ii-edycja-2\/\" \/>\n<meta property=\"og:site_name\" content=\"Dzia\u0142dowska Agencja Rozwoju S.A.\" \/>\n<meta property=\"article:modified_time\" content=\"2022-02-15T08:31:22+00:00\" \/>\n<meta property=\"og:image\" content=\"https:\/\/darsa.pl\/www\/wp-content\/uploads\/2020\/07\/og_img3.png\" \/>\n\t<meta property=\"og:image:width\" content=\"1200\" \/>\n\t<meta property=\"og:image:height\" content=\"630\" \/>\n\t<meta property=\"og:image:type\" content=\"image\/png\" \/>\n<meta name=\"twitter:card\" content=\"summary_large_image\" \/>\n<meta name=\"twitter:label1\" content=\"Szacowany czas czytania\" \/>\n\t<meta name=\"twitter:data1\" content=\"3 minuty\" \/>\n<script type=\"application\/ld+json\" class=\"yoast-schema-graph\">{\"@context\":\"https:\\\/\\\/schema.org\",\"@graph\":[{\"@type\":\"WebPage\",\"@id\":\"https:\\\/\\\/darsa.pl\\\/www\\\/projekty\\\/zrealizowane\\\/pierwszy-biznes-wsparcie-w-starcie-ii-edycja-2\\\/\",\"url\":\"https:\\\/\\\/darsa.pl\\\/www\\\/projekty\\\/zrealizowane\\\/pierwszy-biznes-wsparcie-w-starcie-ii-edycja-2\\\/\",\"name\":\"\",\"isPartOf\":{\"@id\":\"https:\\\/\\\/darsa.pl\\\/www\\\/#website\"},\"datePublished\":\"2020-06-28T21:12:47+00:00\",\"dateModified\":\"2022-02-15T08:31:22+00:00\",\"description\":\"Wspieranie ma\u0142ych i \u015brednich przedsi\u0119biorstw, edukacja i szkolenia.\",\"breadcrumb\":{\"@id\":\"https:\\\/\\\/darsa.pl\\\/www\\\/projekty\\\/zrealizowane\\\/pierwszy-biznes-wsparcie-w-starcie-ii-edycja-2\\\/#breadcrumb\"},\"inLanguage\":\"pl-PL\",\"potentialAction\":[{\"@type\":\"ReadAction\",\"target\":[\"https:\\\/\\\/darsa.pl\\\/www\\\/projekty\\\/zrealizowane\\\/pierwszy-biznes-wsparcie-w-starcie-ii-edycja-2\\\/\"]}]},{\"@type\":\"BreadcrumbList\",\"@id\":\"https:\\\/\\\/darsa.pl\\\/www\\\/projekty\\\/zrealizowane\\\/pierwszy-biznes-wsparcie-w-starcie-ii-edycja-2\\\/#breadcrumb\",\"itemListElement\":[{\"@type\":\"ListItem\",\"position\":1,\"name\":\"Strona g\u0142\u00f3wna\",\"item\":\"https:\\\/\\\/darsa.pl\\\/www\\\/\"},{\"@type\":\"ListItem\",\"position\":2,\"name\":\"PROJEKTY\",\"item\":\"https:\\\/\\\/darsa.pl\\\/www\\\/projekty\\\/\"},{\"@type\":\"ListItem\",\"position\":3,\"name\":\"ZREALIZOWANE\",\"item\":\"https:\\\/\\\/darsa.pl\\\/www\\\/projekty\\\/zrealizowane\\\/\"},{\"@type\":\"ListItem\",\"position\":4,\"name\":\"PIERWSZY BIZNES &#8211; WSPARCIE W STARCIE II EDYCJA 2\"}]},{\"@type\":\"WebSite\",\"@id\":\"https:\\\/\\\/darsa.pl\\\/www\\\/#website\",\"url\":\"https:\\\/\\\/darsa.pl\\\/www\\\/\",\"name\":\"Dzia\u0142dowska Agencja Rozwoju S.A.\",\"description\":\"Wspieranie ma\u0142ych i \u015brednich przedsi\u0119biorstw, edukacja i szkolenia.\",\"publisher\":{\"@id\":\"https:\\\/\\\/darsa.pl\\\/www\\\/#organization\"},\"potentialAction\":[{\"@type\":\"SearchAction\",\"target\":{\"@type\":\"EntryPoint\",\"urlTemplate\":\"https:\\\/\\\/darsa.pl\\\/www\\\/?s={search_term_string}\"},\"query-input\":{\"@type\":\"PropertyValueSpecification\",\"valueRequired\":true,\"valueName\":\"search_term_string\"}}],\"inLanguage\":\"pl-PL\"},{\"@type\":\"Organization\",\"@id\":\"https:\\\/\\\/darsa.pl\\\/www\\\/#organization\",\"name\":\"Dzia\u0142dowska Agencja Rozwoju S.A.\",\"url\":\"https:\\\/\\\/darsa.pl\\\/www\\\/\",\"logo\":{\"@type\":\"ImageObject\",\"inLanguage\":\"pl-PL\",\"@id\":\"https:\\\/\\\/darsa.pl\\\/www\\\/#\\\/schema\\\/logo\\\/image\\\/\",\"url\":\"https:\\\/\\\/darsa.pl\\\/www\\\/wp-content\\\/uploads\\\/2020\\\/06\\\/logo_h200px.png\",\"contentUrl\":\"https:\\\/\\\/darsa.pl\\\/www\\\/wp-content\\\/uploads\\\/2020\\\/06\\\/logo_h200px.png\",\"width\":856,\"height\":200,\"caption\":\"Dzia\u0142dowska Agencja Rozwoju S.A.\"},\"image\":{\"@id\":\"https:\\\/\\\/darsa.pl\\\/www\\\/#\\\/schema\\\/logo\\\/image\\\/\"}}]}<\/script>\n<!-- \/ Yoast SEO plugin. -->","yoast_head_json":{"title":"Dzia\u0142dowska Agencja Rozwoju S.A.","description":"Wspieranie ma\u0142ych i \u015brednich przedsi\u0119biorstw, edukacja i szkolenia.","robots":{"index":"index","follow":"follow","max-snippet":"max-snippet:-1","max-image-preview":"max-image-preview:large","max-video-preview":"max-video-preview:-1"},"canonical":"https:\/\/darsa.pl\/www\/projekty\/zrealizowane\/pierwszy-biznes-wsparcie-w-starcie-ii-edycja-2\/","og_locale":"pl_PL","og_type":"article","og_description":"Wspieranie ma\u0142ych i \u015brednich przedsi\u0119biorstw, edukacja i szkolenia.","og_url":"https:\/\/darsa.pl\/www\/projekty\/zrealizowane\/pierwszy-biznes-wsparcie-w-starcie-ii-edycja-2\/","og_site_name":"Dzia\u0142dowska Agencja Rozwoju S.A.","article_modified_time":"2022-02-15T08:31:22+00:00","og_image":[{"width":1200,"height":630,"url":"https:\/\/darsa.pl\/www\/wp-content\/uploads\/2020\/07\/og_img3.png","type":"image\/png"}],"twitter_card":"summary_large_image","twitter_misc":{"Szacowany czas czytania":"3 minuty"},"schema":{"@context":"https:\/\/schema.org","@graph":[{"@type":"WebPage","@id":"https:\/\/darsa.pl\/www\/projekty\/zrealizowane\/pierwszy-biznes-wsparcie-w-starcie-ii-edycja-2\/","url":"https:\/\/darsa.pl\/www\/projekty\/zrealizowane\/pierwszy-biznes-wsparcie-w-starcie-ii-edycja-2\/","name":"","isPartOf":{"@id":"https:\/\/darsa.pl\/www\/#website"},"datePublished":"2020-06-28T21:12:47+00:00","dateModified":"2022-02-15T08:31:22+00:00","description":"Wspieranie ma\u0142ych i \u015brednich przedsi\u0119biorstw, edukacja i szkolenia.","breadcrumb":{"@id":"https:\/\/darsa.pl\/www\/projekty\/zrealizowane\/pierwszy-biznes-wsparcie-w-starcie-ii-edycja-2\/#breadcrumb"},"inLanguage":"pl-PL","potentialAction":[{"@type":"ReadAction","target":["https:\/\/darsa.pl\/www\/projekty\/zrealizowane\/pierwszy-biznes-wsparcie-w-starcie-ii-edycja-2\/"]}]},{"@type":"BreadcrumbList","@id":"https:\/\/darsa.pl\/www\/projekty\/zrealizowane\/pierwszy-biznes-wsparcie-w-starcie-ii-edycja-2\/#breadcrumb","itemListElement":[{"@type":"ListItem","position":1,"name":"Strona g\u0142\u00f3wna","item":"https:\/\/darsa.pl\/www\/"},{"@type":"ListItem","position":2,"name":"PROJEKTY","item":"https:\/\/darsa.pl\/www\/projekty\/"},{"@type":"ListItem","position":3,"name":"ZREALIZOWANE","item":"https:\/\/darsa.pl\/www\/projekty\/zrealizowane\/"},{"@type":"ListItem","position":4,"name":"PIERWSZY BIZNES &#8211; WSPARCIE W STARCIE II EDYCJA 2"}]},{"@type":"WebSite","@id":"https:\/\/darsa.pl\/www\/#website","url":"https:\/\/darsa.pl\/www\/","name":"Dzia\u0142dowska Agencja Rozwoju S.A.","description":"Wspieranie ma\u0142ych i \u015brednich przedsi\u0119biorstw, edukacja i szkolenia.","publisher":{"@id":"https:\/\/darsa.pl\/www\/#organization"},"potentialAction":[{"@type":"SearchAction","target":{"@type":"EntryPoint","urlTemplate":"https:\/\/darsa.pl\/www\/?s={search_term_string}"},"query-input":{"@type":"PropertyValueSpecification","valueRequired":true,"valueName":"search_term_string"}}],"inLanguage":"pl-PL"},{"@type":"Organization","@id":"https:\/\/darsa.pl\/www\/#organization","name":"Dzia\u0142dowska Agencja Rozwoju S.A.","url":"https:\/\/darsa.pl\/www\/","logo":{"@type":"ImageObject","inLanguage":"pl-PL","@id":"https:\/\/darsa.pl\/www\/#\/schema\/logo\/image\/","url":"https:\/\/darsa.pl\/www\/wp-content\/uploads\/2020\/06\/logo_h200px.png","contentUrl":"https:\/\/darsa.pl\/www\/wp-content\/uploads\/2020\/06\/logo_h200px.png","width":856,"height":200,"caption":"Dzia\u0142dowska Agencja Rozwoju S.A."},"image":{"@id":"https:\/\/darsa.pl\/www\/#\/schema\/logo\/image\/"}}]}},"_links":{"self":[{"href":"https:\/\/darsa.pl\/www\/wp-json\/wp\/v2\/pages\/115","targetHints":{"allow":["GET"]}}],"collection":[{"href":"https:\/\/darsa.pl\/www\/wp-json\/wp\/v2\/pages"}],"about":[{"href":"https:\/\/darsa.pl\/www\/wp-json\/wp\/v2\/types\/page"}],"author":[{"embeddable":true,"href":"https:\/\/darsa.pl\/www\/wp-json\/wp\/v2\/users\/1"}],"replies":[{"embeddable":true,"href":"https:\/\/darsa.pl\/www\/wp-json\/wp\/v2\/comments?post=115"}],"version-history":[{"count":13,"href":"https:\/\/darsa.pl\/www\/wp-json\/wp\/v2\/pages\/115\/revisions"}],"predecessor-version":[{"id":4042,"href":"https:\/\/darsa.pl\/www\/wp-json\/wp\/v2\/pages\/115\/revisions\/4042"}],"up":[{"embeddable":true,"href":"https:\/\/darsa.pl\/www\/wp-json\/wp\/v2\/pages\/94"}],"wp:attachment":[{"href":"https:\/\/darsa.pl\/www\/wp-json\/wp\/v2\/media?parent=115"}],"curies":[{"name":"wp","href":"https:\/\/api.w.org\/{rel}","templated":true}]}}