{"id":1138,"date":"2020-07-16T19:53:00","date_gmt":"2020-07-16T17:53:00","guid":{"rendered":"https:\/\/darsa.pl\/www\/?page_id=1138"},"modified":"2025-07-11T08:15:47","modified_gmt":"2025-07-11T06:15:47","slug":"ogloszenia-dla-akcjonariuszy","status":"publish","type":"page","link":"https:\/\/darsa.pl\/www\/o-nas\/ogloszenia-dla-akcjonariuszy\/","title":{"rendered":"OG\u0141OSZENIA DLA AKCJONARIUSZY"},"content":{"rendered":"\t\t<div data-elementor-type=\"wp-page\" data-elementor-id=\"1138\" class=\"elementor elementor-1138\">\n\t\t\t\t\t\t<section class=\"elementor-section elementor-top-section elementor-element elementor-element-75dda6da elementor-section-boxed elementor-section-height-default elementor-section-height-default\" data-id=\"75dda6da\" data-element_type=\"section\" data-e-type=\"section\" data-settings=\"{&quot;background_background&quot;:&quot;gradient&quot;}\">\n\t\t\t\t\t\t<div class=\"elementor-container elementor-column-gap-default\">\n\t\t\t\t\t<div class=\"elementor-column elementor-col-100 elementor-top-column elementor-element elementor-element-592a7ba6\" data-id=\"592a7ba6\" data-element_type=\"column\" data-e-type=\"column\">\n\t\t\t<div class=\"elementor-widget-wrap elementor-element-populated\">\n\t\t\t\t\t\t<div class=\"elementor-element elementor-element-c70f164 elementor-widget elementor-widget-heading\" data-id=\"c70f164\" data-element_type=\"widget\" data-e-type=\"widget\" data-widget_type=\"heading.default\">\n\t\t\t\t<div class=\"elementor-widget-container\">\n\t\t\t\t\t<h2 class=\"elementor-heading-title elementor-size-default\">Og\u0142oszenia dla akcjonariuszy<\/h2>\t\t\t\t<\/div>\n\t\t\t\t<\/div>\n\t\t\t\t\t<\/div>\n\t\t<\/div>\n\t\t\t\t\t<\/div>\n\t\t<\/section>\n\t\t\t\t<section class=\"elementor-section elementor-top-section elementor-element elementor-element-3595cde9 elementor-section-boxed elementor-section-height-default elementor-section-height-default\" data-id=\"3595cde9\" data-element_type=\"section\" data-e-type=\"section\">\n\t\t\t\t\t\t<div class=\"elementor-container elementor-column-gap-default\">\n\t\t\t\t\t<div class=\"elementor-column elementor-col-100 elementor-top-column elementor-element elementor-element-13987fee\" data-id=\"13987fee\" data-element_type=\"column\" data-e-type=\"column\">\n\t\t\t<div class=\"elementor-widget-wrap elementor-element-populated\">\n\t\t\t\t\t\t<div class=\"elementor-element elementor-element-72d0cc28 elementor-widget elementor-widget-text-editor\" data-id=\"72d0cc28\" data-element_type=\"widget\" data-e-type=\"widget\" data-widget_type=\"text-editor.default\">\n\t\t\t\t<div class=\"elementor-widget-container\">\n\t\t\t\t\t\t\t\t\t<p style=\"text-align: center;\"><strong>WEZWANIE DO Z\u0141O\u017bENIA DOKUMENT\u00d3W<\/strong><\/p><p>Dzia\u0142dowska Agencja Rozwoju S.A. z siedzib\u0105 w Dzia\u0142dowie, 13-200 Dzia\u0142dowo, ul. W\u0142adys\u0142awa Jagie\u0142\u0142y 15, zarejestrowana w S\u0105dzie Rejonowym w Olsztynie VIII Wydzia\u0142 Gospodarczy Krajowego Rejestru S\u0105dowego pod nr KRS 0000129760, NIP 571-10-00-706, wysoko\u015b\u0107 kapita\u0142u zak\u0142adowego 1 432 800 PLN, kapita\u0142u wp\u0142aconego 1 432 800 PLN, na podstawie art. 16 ust. 1 ustawy z dnia 30 sierpnia 2019 r. o zmianie ustawy \u2013 Kodeks sp\u00f3\u0142ek handlowych oraz niekt\u00f3rych innych ustaw (Dz.U. z 2019 r., poz. 1798)<span>\u00a0<\/span><strong>wzywa akcjonariuszy Dzia\u0142dowskiej Agencji Rozwoju S.A. do z\u0142o\u017cenia dokument\u00f3w<\/strong><span>\u00a0<\/span>akcji w siedzibie Sp\u00f3\u0142ki w Dzia\u0142dowie przy ul. W\u0142adys\u0142awa Jagie\u0142\u0142y 15.<\/p><p>Dokumenty akcji mo\u017cna z\u0142o\u017cy\u0107 w dniach roboczych od poniedzia\u0142ku do pi\u0105tku w godzinach od 7:30 do 15:30.<\/p><hr \/><p><b><br \/><\/b><b>Dzia\u0142dowska Agencja Rozwoju S.A.<\/b>\u00a0z siedzib\u0105: 13-200 Dzia\u0142dowo, ul. W\u0142adys\u0142awa Jagie\u0142\u0142y 15, wpisana do rejestru przedsi\u0119biorc\u00f3w przez S\u0105d Rejonowy w Olsztynie, VIII Wydzia\u0142 Gospodarczy Krajowego Rejestru S\u0105dowego pod numerem KRS 0000129760, NIP: 5711000706, kapita\u0142 zak\u0142adowy w wysoko\u015bci 1 432 800 z\u0142 w ca\u0142o\u015bci op\u0142acony.<\/p><div align=\"center\" style=\"text-align: left;\"><strong>Tekst jednolity Statutu Dzia\u0142dowskiej Agencji Rozwoju S.A. uwzgl\u0119dniaj\u0105cy zmiany wprowadzone Uchwa\u0142\u0105 Nr 8\/2020 Walnego Zgromadzenia Akcjonariuszy Dzia\u0142dowskiej Agencji Rozwoju S.A. z dnia 5 czerwca 2020 r.<\/strong><\/div><div align=\"center\"><p><a href=\"https:\/\/darsa.pl\/www\/wp-content\/uploads\/2020\/07\/statut_20_06_05.pdf\">Pobierz plik w formacie PDF<\/a><\/p><\/div><div align=\"center\"><\/div><div align=\"center\"><p><strong>AKCJONARIUSZE &#8211; SK\u0141AD AKCJONARIATU\u00a0<\/strong><\/p><table border=\"1\" cellspacing=\"0\" cellpadding=\"0\" align=\"center\"><tbody><tr><td><p align=\"center\"><strong><em>Akcjonariusz<\/em><\/strong><\/p><\/td><td width=\"56\"><p align=\"center\"><strong><em>Liczba akcji<\/em><\/strong><\/p><\/td><td width=\"75\"><p align=\"center\"><strong><em>Udzia\u0142 w %<\/em><\/strong><\/p><\/td><td width=\"62\"><p align=\"center\"><strong><em>Liczba g\u0142os\u00f3w<\/em><\/strong><\/p><\/td><td width=\"86\"><p align=\"center\"><strong><em>G\u0142osy w %<\/em><\/strong><\/p><\/td><\/tr><tr><td width=\"197\"><p align=\"center\"><em>Gmina-Miasto Dzia\u0142dowo<\/em><\/p><\/td><td width=\"56\"><p align=\"center\"><em>2 834<\/em><\/p><\/td><td width=\"75\"><p align=\"center\"><em>79,12<\/em><\/p><\/td><td width=\"62\"><p align=\"center\"><em>2 834<\/em><\/p><\/td><td width=\"86\"><p align=\"center\"><em>67,00<\/em><\/p><\/td><\/tr><tr><td width=\"197\"><p align=\"center\"><em>Gmina\u00a0 Dzia\u0142dowo<\/em><\/p><\/td><td width=\"56\"><p align=\"center\"><em>560<\/em><\/p><\/td><td width=\"75\"><p align=\"center\"><em>15,63<\/em><\/p><\/td><td width=\"62\"><p align=\"center\"><em>1120<\/em><\/p><\/td><td width=\"86\"><p align=\"center\"><em>26,48<\/em><\/p><\/td><\/tr><tr><td width=\"197\"><p align=\"center\"><em>PGKiM Sp. z o.o. w Dzia\u0142dowie<\/em><\/p><\/td><td width=\"56\"><p align=\"center\"><em>95<\/em><\/p><\/td><td width=\"75\"><p align=\"center\"><em>2,65<\/em><\/p><\/td><td width=\"62\"><p align=\"center\"><em>95<\/em><\/p><\/td><td width=\"86\"><p align=\"center\"><em>2,25<\/em><\/p><\/td><\/tr><tr><td width=\"197\"><p align=\"center\"><em>Powiat Dzia\u0142dowski<\/em><\/p><\/td><td width=\"56\"><p align=\"center\"><em>50<\/em><\/p><\/td><td width=\"75\"><p align=\"center\"><em>1,40<\/em><\/p><\/td><td width=\"62\"><p align=\"center\"><em>100<\/em><\/p><\/td><td width=\"86\"><p align=\"center\"><em>2,36<\/em><\/p><\/td><\/tr><tr><td width=\"197\"><p align=\"center\"><em>Marek\u00a0 Stefanina<\/em><\/p><\/td><td width=\"56\"><p align=\"center\"><em>20<\/em><\/p><\/td><td width=\"75\"><p align=\"center\"><em>0,56<\/em><\/p><\/td><td width=\"62\"><p align=\"center\"><em>40<\/em><\/p><\/td><td width=\"86\"><p align=\"center\"><em>0,95<\/em><\/p><\/td><\/tr><tr><td width=\"197\"><p align=\"center\"><em>Lidia Koz\u0142owska-Obr\u0119bska<\/em><\/p><\/td><td width=\"56\"><p align=\"center\"><em>15<\/em><\/p><\/td><td width=\"75\"><p align=\"center\"><em>0,42<\/em><\/p><\/td><td width=\"62\"><p align=\"center\"><em>25<\/em><\/p><\/td><td width=\"86\"><p align=\"center\"><em>0,59<\/em><\/p><\/td><\/tr><tr><td width=\"197\"><p align=\"center\"><em>Daniel Borkowski<\/em><\/p><\/td><td width=\"56\"><p align=\"center\"><em>5<\/em><\/p><\/td><td width=\"75\"><p align=\"center\"><em>0,14<\/em><\/p><\/td><td width=\"62\"><p align=\"center\"><em>10<\/em><\/p><\/td><td width=\"86\"><p align=\"center\"><em>0,24<\/em><\/p><\/td><\/tr><tr><td width=\"197\"><p align=\"center\"><em>Anna Kra\u015bniewska<\/em><\/p><\/td><td width=\"56\"><p align=\"center\"><em>3<\/em><\/p><\/td><td width=\"75\"><p align=\"center\"><em>0,08<\/em><\/p><\/td><td width=\"62\"><p align=\"center\"><em>6<\/em><\/p><\/td><td width=\"86\"><p align=\"center\"><em>0,14<\/em><\/p><\/td><\/tr><tr><td valign=\"bottom\" width=\"197\" style=\"text-align: center;\"><strong><em>Razem<\/em><\/strong><\/td><td width=\"56\"><p align=\"center\"><strong><em>3 582<\/em><\/strong><\/p><\/td><td width=\"75\"><p align=\"center\"><strong><em>100<\/em><\/strong><\/p><\/td><td width=\"62\"><p align=\"center\"><strong><em>4 230<\/em><\/strong><\/p><\/td><td width=\"86\"><p align=\"center\"><strong><em>100<\/em><\/strong><\/p><\/td><\/tr><\/tbody><\/table><\/div><p style=\"text-align: center;\"><a href=\"https:\/\/darsa.pl\/www\/wp-content\/uploads\/2021\/07\/DAR_sprawozdanie-zarzadu_2020.pdf\" target=\"_blank\" rel=\"noopener\"><\/a><\/p><p>Zobacz Sprawozdanie Zarz\u0105du za 2024 rok:<\/p><p style=\"text-align: center;\"><a href=\"https:\/\/darsa.pl\/www\/wp-content\/uploads\/2025\/07\/DAR_sprawozdanie-zarzadu_2024.pdf\" target=\"_blank\" rel=\"noopener\">Zobacz Sprawozdanie Zarz\u0105du za 2024 rok<\/a><\/p><p style=\"text-align: center;\"><a href=\"https:\/\/darsa.pl\/www\/wp-content\/uploads\/2025\/07\/Sprawozdanie_finansowe_2024.pdf\" target=\"_blank\" rel=\"noopener\">Zobacz Sprawozdanie finansowe za 2024 rok<\/a><\/p><p style=\"text-align: center;\"><a href=\"https:\/\/darsa.pl\/www\/wp-content\/uploads\/2025\/07\/Opinia_bieg\u0142ego_rewidenta.pdf\" target=\"_blank\" rel=\"noopener\">Zobacz Opini\u0119 Bieg\u0142ego Rewidenta<\/a><\/p><p style=\"text-align: center;\"><a href=\"https:\/\/darsa.pl\/www\/wp-content\/uploads\/2025\/07\/Informacja_dodatkowa_2024.pdf\" target=\"_blank\" rel=\"noopener\">Informacja dodatkowa do sprawozdania<\/a><\/p>\t\t\t\t\t\t\t\t<\/div>\n\t\t\t\t<\/div>\n\t\t\t\t\t<\/div>\n\t\t<\/div>\n\t\t\t\t\t<\/div>\n\t\t<\/section>\n\t\t\t\t<\/div>\n\t\t","protected":false},"excerpt":{"rendered":"<p>Og\u0142oszenia dla akcjonariuszy WEZWANIE DO Z\u0141O\u017bENIA DOKUMENT\u00d3W Dzia\u0142dowska Agencja Rozwoju S.A. z siedzib\u0105 w Dzia\u0142dowie, 13-200 Dzia\u0142dowo, ul. W\u0142adys\u0142awa Jagie\u0142\u0142y 15, zarejestrowana w S\u0105dzie Rejonowym w Olsztynie VIII Wydzia\u0142 Gospodarczy Krajowego Rejestru S\u0105dowego pod nr KRS 0000129760, NIP 571-10-00-706, wysoko\u015b\u0107 kapita\u0142u zak\u0142adowego 1 432 800 PLN, kapita\u0142u wp\u0142aconego 1 432 [&hellip;]<\/p>\n","protected":false},"author":1,"featured_media":0,"parent":165,"menu_order":4,"comment_status":"closed","ping_status":"closed","template":"elementor_header_footer","meta":{"footnotes":""},"class_list":["post-1138","page","type-page","status-publish","hentry"],"yoast_head":"<!-- This site is optimized with the Yoast SEO plugin v27.3 - https:\/\/yoast.com\/product\/yoast-seo-wordpress\/ -->\n<title>Dzia\u0142dowska Agencja Rozwoju S.A.<\/title>\n<meta name=\"description\" content=\"Wspieranie ma\u0142ych i \u015brednich przedsi\u0119biorstw, edukacja i szkolenia.\" \/>\n<meta name=\"robots\" content=\"index, follow, max-snippet:-1, max-image-preview:large, max-video-preview:-1\" \/>\n<link rel=\"canonical\" href=\"https:\/\/darsa.pl\/www\/o-nas\/ogloszenia-dla-akcjonariuszy\/\" \/>\n<meta property=\"og:locale\" content=\"pl_PL\" \/>\n<meta property=\"og:type\" content=\"article\" \/>\n<meta property=\"og:description\" content=\"Wspieranie ma\u0142ych i \u015brednich przedsi\u0119biorstw, edukacja i szkolenia.\" \/>\n<meta property=\"og:url\" content=\"https:\/\/darsa.pl\/www\/o-nas\/ogloszenia-dla-akcjonariuszy\/\" \/>\n<meta property=\"og:site_name\" content=\"Dzia\u0142dowska Agencja Rozwoju S.A.\" \/>\n<meta property=\"article:modified_time\" content=\"2025-07-11T06:15:47+00:00\" \/>\n<meta property=\"og:image\" content=\"https:\/\/darsa.pl\/www\/wp-content\/uploads\/2020\/07\/og_img3.png\" \/>\n\t<meta property=\"og:image:width\" content=\"1200\" \/>\n\t<meta property=\"og:image:height\" content=\"630\" \/>\n\t<meta property=\"og:image:type\" content=\"image\/png\" \/>\n<meta name=\"twitter:card\" content=\"summary_large_image\" \/>\n<meta name=\"twitter:label1\" content=\"Szacowany czas czytania\" \/>\n\t<meta name=\"twitter:data1\" content=\"2 minuty\" \/>\n<script type=\"application\/ld+json\" class=\"yoast-schema-graph\">{\"@context\":\"https:\\\/\\\/schema.org\",\"@graph\":[{\"@type\":\"WebPage\",\"@id\":\"https:\\\/\\\/darsa.pl\\\/www\\\/o-nas\\\/ogloszenia-dla-akcjonariuszy\\\/\",\"url\":\"https:\\\/\\\/darsa.pl\\\/www\\\/o-nas\\\/ogloszenia-dla-akcjonariuszy\\\/\",\"name\":\"\",\"isPartOf\":{\"@id\":\"https:\\\/\\\/darsa.pl\\\/www\\\/#website\"},\"datePublished\":\"2020-07-16T17:53:00+00:00\",\"dateModified\":\"2025-07-11T06:15:47+00:00\",\"description\":\"Wspieranie ma\u0142ych i \u015brednich przedsi\u0119biorstw, edukacja i szkolenia.\",\"breadcrumb\":{\"@id\":\"https:\\\/\\\/darsa.pl\\\/www\\\/o-nas\\\/ogloszenia-dla-akcjonariuszy\\\/#breadcrumb\"},\"inLanguage\":\"pl-PL\",\"potentialAction\":[{\"@type\":\"ReadAction\",\"target\":[\"https:\\\/\\\/darsa.pl\\\/www\\\/o-nas\\\/ogloszenia-dla-akcjonariuszy\\\/\"]}]},{\"@type\":\"BreadcrumbList\",\"@id\":\"https:\\\/\\\/darsa.pl\\\/www\\\/o-nas\\\/ogloszenia-dla-akcjonariuszy\\\/#breadcrumb\",\"itemListElement\":[{\"@type\":\"ListItem\",\"position\":1,\"name\":\"Strona g\u0142\u00f3wna\",\"item\":\"https:\\\/\\\/darsa.pl\\\/www\\\/\"},{\"@type\":\"ListItem\",\"position\":2,\"name\":\"O NAS\",\"item\":\"https:\\\/\\\/darsa.pl\\\/www\\\/o-nas\\\/\"},{\"@type\":\"ListItem\",\"position\":3,\"name\":\"OG\u0141OSZENIA DLA AKCJONARIUSZY\"}]},{\"@type\":\"WebSite\",\"@id\":\"https:\\\/\\\/darsa.pl\\\/www\\\/#website\",\"url\":\"https:\\\/\\\/darsa.pl\\\/www\\\/\",\"name\":\"Dzia\u0142dowska Agencja Rozwoju S.A.\",\"description\":\"Wspieranie ma\u0142ych i \u015brednich przedsi\u0119biorstw, edukacja i szkolenia.\",\"publisher\":{\"@id\":\"https:\\\/\\\/darsa.pl\\\/www\\\/#organization\"},\"potentialAction\":[{\"@type\":\"SearchAction\",\"target\":{\"@type\":\"EntryPoint\",\"urlTemplate\":\"https:\\\/\\\/darsa.pl\\\/www\\\/?s={search_term_string}\"},\"query-input\":{\"@type\":\"PropertyValueSpecification\",\"valueRequired\":true,\"valueName\":\"search_term_string\"}}],\"inLanguage\":\"pl-PL\"},{\"@type\":\"Organization\",\"@id\":\"https:\\\/\\\/darsa.pl\\\/www\\\/#organization\",\"name\":\"Dzia\u0142dowska Agencja Rozwoju S.A.\",\"url\":\"https:\\\/\\\/darsa.pl\\\/www\\\/\",\"logo\":{\"@type\":\"ImageObject\",\"inLanguage\":\"pl-PL\",\"@id\":\"https:\\\/\\\/darsa.pl\\\/www\\\/#\\\/schema\\\/logo\\\/image\\\/\",\"url\":\"https:\\\/\\\/darsa.pl\\\/www\\\/wp-content\\\/uploads\\\/2020\\\/06\\\/logo_h200px.png\",\"contentUrl\":\"https:\\\/\\\/darsa.pl\\\/www\\\/wp-content\\\/uploads\\\/2020\\\/06\\\/logo_h200px.png\",\"width\":856,\"height\":200,\"caption\":\"Dzia\u0142dowska Agencja Rozwoju S.A.\"},\"image\":{\"@id\":\"https:\\\/\\\/darsa.pl\\\/www\\\/#\\\/schema\\\/logo\\\/image\\\/\"}}]}<\/script>\n<!-- \/ Yoast SEO plugin. -->","yoast_head_json":{"title":"Dzia\u0142dowska Agencja Rozwoju S.A.","description":"Wspieranie ma\u0142ych i \u015brednich przedsi\u0119biorstw, edukacja i szkolenia.","robots":{"index":"index","follow":"follow","max-snippet":"max-snippet:-1","max-image-preview":"max-image-preview:large","max-video-preview":"max-video-preview:-1"},"canonical":"https:\/\/darsa.pl\/www\/o-nas\/ogloszenia-dla-akcjonariuszy\/","og_locale":"pl_PL","og_type":"article","og_description":"Wspieranie ma\u0142ych i \u015brednich przedsi\u0119biorstw, edukacja i szkolenia.","og_url":"https:\/\/darsa.pl\/www\/o-nas\/ogloszenia-dla-akcjonariuszy\/","og_site_name":"Dzia\u0142dowska Agencja Rozwoju S.A.","article_modified_time":"2025-07-11T06:15:47+00:00","og_image":[{"width":1200,"height":630,"url":"https:\/\/darsa.pl\/www\/wp-content\/uploads\/2020\/07\/og_img3.png","type":"image\/png"}],"twitter_card":"summary_large_image","twitter_misc":{"Szacowany czas czytania":"2 minuty"},"schema":{"@context":"https:\/\/schema.org","@graph":[{"@type":"WebPage","@id":"https:\/\/darsa.pl\/www\/o-nas\/ogloszenia-dla-akcjonariuszy\/","url":"https:\/\/darsa.pl\/www\/o-nas\/ogloszenia-dla-akcjonariuszy\/","name":"","isPartOf":{"@id":"https:\/\/darsa.pl\/www\/#website"},"datePublished":"2020-07-16T17:53:00+00:00","dateModified":"2025-07-11T06:15:47+00:00","description":"Wspieranie ma\u0142ych i \u015brednich przedsi\u0119biorstw, edukacja i szkolenia.","breadcrumb":{"@id":"https:\/\/darsa.pl\/www\/o-nas\/ogloszenia-dla-akcjonariuszy\/#breadcrumb"},"inLanguage":"pl-PL","potentialAction":[{"@type":"ReadAction","target":["https:\/\/darsa.pl\/www\/o-nas\/ogloszenia-dla-akcjonariuszy\/"]}]},{"@type":"BreadcrumbList","@id":"https:\/\/darsa.pl\/www\/o-nas\/ogloszenia-dla-akcjonariuszy\/#breadcrumb","itemListElement":[{"@type":"ListItem","position":1,"name":"Strona g\u0142\u00f3wna","item":"https:\/\/darsa.pl\/www\/"},{"@type":"ListItem","position":2,"name":"O NAS","item":"https:\/\/darsa.pl\/www\/o-nas\/"},{"@type":"ListItem","position":3,"name":"OG\u0141OSZENIA DLA AKCJONARIUSZY"}]},{"@type":"WebSite","@id":"https:\/\/darsa.pl\/www\/#website","url":"https:\/\/darsa.pl\/www\/","name":"Dzia\u0142dowska Agencja Rozwoju S.A.","description":"Wspieranie ma\u0142ych i \u015brednich przedsi\u0119biorstw, edukacja i szkolenia.","publisher":{"@id":"https:\/\/darsa.pl\/www\/#organization"},"potentialAction":[{"@type":"SearchAction","target":{"@type":"EntryPoint","urlTemplate":"https:\/\/darsa.pl\/www\/?s={search_term_string}"},"query-input":{"@type":"PropertyValueSpecification","valueRequired":true,"valueName":"search_term_string"}}],"inLanguage":"pl-PL"},{"@type":"Organization","@id":"https:\/\/darsa.pl\/www\/#organization","name":"Dzia\u0142dowska Agencja Rozwoju S.A.","url":"https:\/\/darsa.pl\/www\/","logo":{"@type":"ImageObject","inLanguage":"pl-PL","@id":"https:\/\/darsa.pl\/www\/#\/schema\/logo\/image\/","url":"https:\/\/darsa.pl\/www\/wp-content\/uploads\/2020\/06\/logo_h200px.png","contentUrl":"https:\/\/darsa.pl\/www\/wp-content\/uploads\/2020\/06\/logo_h200px.png","width":856,"height":200,"caption":"Dzia\u0142dowska Agencja Rozwoju S.A."},"image":{"@id":"https:\/\/darsa.pl\/www\/#\/schema\/logo\/image\/"}}]}},"_links":{"self":[{"href":"https:\/\/darsa.pl\/www\/wp-json\/wp\/v2\/pages\/1138","targetHints":{"allow":["GET"]}}],"collection":[{"href":"https:\/\/darsa.pl\/www\/wp-json\/wp\/v2\/pages"}],"about":[{"href":"https:\/\/darsa.pl\/www\/wp-json\/wp\/v2\/types\/page"}],"author":[{"embeddable":true,"href":"https:\/\/darsa.pl\/www\/wp-json\/wp\/v2\/users\/1"}],"replies":[{"embeddable":true,"href":"https:\/\/darsa.pl\/www\/wp-json\/wp\/v2\/comments?post=1138"}],"version-history":[{"count":46,"href":"https:\/\/darsa.pl\/www\/wp-json\/wp\/v2\/pages\/1138\/revisions"}],"predecessor-version":[{"id":7214,"href":"https:\/\/darsa.pl\/www\/wp-json\/wp\/v2\/pages\/1138\/revisions\/7214"}],"up":[{"embeddable":true,"href":"https:\/\/darsa.pl\/www\/wp-json\/wp\/v2\/pages\/165"}],"wp:attachment":[{"href":"https:\/\/darsa.pl\/www\/wp-json\/wp\/v2\/media?parent=1138"}],"curies":[{"name":"wp","href":"https:\/\/api.w.org\/{rel}","templated":true}]}}