{"id":1130,"date":"2020-07-16T19:50:38","date_gmt":"2020-07-16T17:50:38","guid":{"rendered":"https:\/\/darsa.pl\/www\/?page_id=1130"},"modified":"2026-04-03T19:58:39","modified_gmt":"2026-04-03T17:58:39","slug":"wladze-spolki","status":"publish","type":"page","link":"https:\/\/darsa.pl\/www\/o-nas\/wladze-spolki\/","title":{"rendered":"W\u0141ADZE SP\u00d3\u0141KI"},"content":{"rendered":"\t\t<div data-elementor-type=\"wp-page\" data-elementor-id=\"1130\" class=\"elementor elementor-1130\">\n\t\t\t\t\t\t<section class=\"elementor-section elementor-top-section elementor-element elementor-element-750157ae elementor-section-boxed elementor-section-height-default elementor-section-height-default\" data-id=\"750157ae\" data-element_type=\"section\" data-e-type=\"section\" data-settings=\"{&quot;background_background&quot;:&quot;gradient&quot;}\">\n\t\t\t\t\t\t<div class=\"elementor-container elementor-column-gap-default\">\n\t\t\t\t\t<div class=\"elementor-column elementor-col-100 elementor-top-column elementor-element elementor-element-76ad33db\" data-id=\"76ad33db\" data-element_type=\"column\" data-e-type=\"column\">\n\t\t\t<div class=\"elementor-widget-wrap elementor-element-populated\">\n\t\t\t\t\t\t<div class=\"elementor-element elementor-element-4f1fae21 elementor-widget elementor-widget-heading\" data-id=\"4f1fae21\" data-element_type=\"widget\" data-e-type=\"widget\" data-widget_type=\"heading.default\">\n\t\t\t\t<div class=\"elementor-widget-container\">\n\t\t\t\t\t<h2 class=\"elementor-heading-title elementor-size-default\">W\u0142adze Sp\u00f3\u0142ki<\/h2>\t\t\t\t<\/div>\n\t\t\t\t<\/div>\n\t\t\t\t\t<\/div>\n\t\t<\/div>\n\t\t\t\t\t<\/div>\n\t\t<\/section>\n\t\t\t\t<section class=\"elementor-section elementor-top-section elementor-element elementor-element-7dde3c5 elementor-section-boxed elementor-section-height-default elementor-section-height-default\" data-id=\"7dde3c5\" data-element_type=\"section\" data-e-type=\"section\" data-settings=\"{&quot;background_background&quot;:&quot;classic&quot;}\">\n\t\t\t\t\t\t<div class=\"elementor-container elementor-column-gap-default\">\n\t\t\t\t\t<div class=\"elementor-column elementor-col-50 elementor-top-column elementor-element elementor-element-9102e29\" data-id=\"9102e29\" data-element_type=\"column\" data-e-type=\"column\">\n\t\t\t<div class=\"elementor-widget-wrap elementor-element-populated\">\n\t\t\t\t\t\t<div class=\"elementor-element elementor-element-f6b4cd0 elementor-widget elementor-widget-text-editor\" data-id=\"f6b4cd0\" data-element_type=\"widget\" data-e-type=\"widget\" data-widget_type=\"text-editor.default\">\n\t\t\t\t<div class=\"elementor-widget-container\">\n\t\t\t\t\t\t\t\t\t<p align=\"center\"><strong><span style=\"color: #223e81;\">Roman Dawidowski<\/span><\/strong><\/p><p align=\"center\"><\/p>\t\t\t\t\t\t\t\t<\/div>\n\t\t\t\t<\/div>\n\t\t\t\t<div class=\"elementor-element elementor-element-7450837 elementor-widget elementor-widget-text-editor\" data-id=\"7450837\" data-element_type=\"widget\" data-e-type=\"widget\" data-widget_type=\"text-editor.default\">\n\t\t\t\t<div class=\"elementor-widget-container\">\n\t\t\t\t\t\t\t\t\t<p align=\"center\"><span style=\"color: #223e81;\">Prezes Zarz\u0105du<\/span><\/p>\t\t\t\t\t\t\t\t<\/div>\n\t\t\t\t<\/div>\n\t\t\t\t\t<\/div>\n\t\t<\/div>\n\t\t\t\t<div class=\"elementor-column elementor-col-50 elementor-top-column elementor-element elementor-element-3b020b96\" data-id=\"3b020b96\" data-element_type=\"column\" data-e-type=\"column\">\n\t\t\t<div class=\"elementor-widget-wrap elementor-element-populated\">\n\t\t\t\t\t\t<div class=\"elementor-element elementor-element-644da102 elementor-widget elementor-widget-image\" data-id=\"644da102\" data-element_type=\"widget\" data-e-type=\"widget\" data-widget_type=\"image.default\">\n\t\t\t\t<div class=\"elementor-widget-container\">\n\t\t\t\t\t\t\t\t\t\t\t\t\t\t\t<img decoding=\"async\" width=\"167\" height=\"250\" src=\"https:\/\/darsa.pl\/www\/wp-content\/uploads\/2020\/07\/R_Dawidowski_m.jpg\" class=\"attachment-full size-full wp-image-1166\" alt=\"\" \/>\t\t\t\t\t\t\t\t\t\t\t\t\t\t\t<\/div>\n\t\t\t\t<\/div>\n\t\t\t\t\t<\/div>\n\t\t<\/div>\n\t\t\t\t\t<\/div>\n\t\t<\/section>\n\t\t\t\t<section class=\"elementor-section elementor-top-section elementor-element elementor-element-36d89d72 elementor-section-boxed elementor-section-height-default elementor-section-height-default\" data-id=\"36d89d72\" data-element_type=\"section\" data-e-type=\"section\">\n\t\t\t\t\t\t<div class=\"elementor-container elementor-column-gap-default\">\n\t\t\t\t\t<div class=\"elementor-column elementor-col-50 elementor-top-column elementor-element elementor-element-6b3b158e\" data-id=\"6b3b158e\" data-element_type=\"column\" data-e-type=\"column\">\n\t\t\t<div class=\"elementor-widget-wrap elementor-element-populated\">\n\t\t\t\t\t\t<div class=\"elementor-element elementor-element-23a350ab elementor-widget elementor-widget-text-editor\" data-id=\"23a350ab\" data-element_type=\"widget\" data-e-type=\"widget\" data-widget_type=\"text-editor.default\">\n\t\t\t\t<div class=\"elementor-widget-container\">\n\t\t\t\t\t\t\t\t\t<p style=\"text-align: center;\"><strong style=\"font-size: inherit; color: var( --e-global-color-text );\">Anna Kra\u015bniewska<\/strong><span style=\"font-size: inherit; color: var( --e-global-color-text ); font-weight: var( --e-global-typography-text-font-weight );\">\u00a0\u2014 Prokurent<\/span><\/p><p style=\"text-align: center;\"><strong style=\"font-size: inherit; color: var( --e-global-color-text );\">Emilia Smoli\u0144ska<\/strong><span style=\"font-size: inherit; color: var( --e-global-color-text ); font-weight: var( --e-global-typography-text-font-weight );\">\u00a0\u2014 Prokurent\u00a0<\/span><\/p><p style=\"text-align: center;\"><strong style=\"font-size: inherit; color: var( --e-global-color-text );\">Martyna Sumeradzka<\/strong><span style=\"font-size: inherit; color: var( --e-global-color-text ); font-weight: var( --e-global-typography-text-font-weight );\">\u00a0\u2014 Prokurent\u00a0<\/span><\/p>\t\t\t\t\t\t\t\t<\/div>\n\t\t\t\t<\/div>\n\t\t\t\t\t<\/div>\n\t\t<\/div>\n\t\t\t\t<div class=\"elementor-column elementor-col-50 elementor-top-column elementor-element elementor-element-fcd4024\" data-id=\"fcd4024\" data-element_type=\"column\" data-e-type=\"column\">\n\t\t\t<div class=\"elementor-widget-wrap elementor-element-populated\">\n\t\t\t\t\t\t<div class=\"elementor-element elementor-element-0672d45 elementor-widget elementor-widget-text-editor\" data-id=\"0672d45\" data-element_type=\"widget\" data-e-type=\"widget\" data-widget_type=\"text-editor.default\">\n\t\t\t\t<div class=\"elementor-widget-container\">\n\t\t\t\t\t\t\t\t\t<p style=\"text-align: center;\"><strong>RADA NADZORCZA<\/strong><\/p><p style=\"text-align: center;\"><strong>Pawe\u0142 Cie\u015bli\u0144ski<\/strong><span>\u00a0<\/span>\u2014 Przewodnicz\u0105cy Rady Nadzorczej<\/p><p style=\"text-align: center;\"><strong>Jakub Zi\u0119ty<\/strong> \u2014 Zast\u0119pca Przewodnicz\u0105cego Rady Nadzorczej<\/p><p style=\"text-align: center;\"><strong>Andrzej Kami\u0144ski<\/strong><span>\u00a0\u2014 Cz\u0142onek Rady Nadzorczej<\/span><\/p><p style=\"text-align: center;\"><strong>Barbara G\u0142adysz <\/strong>\u2014 Cz\u0142onek Rady Nadzorczej<\/p><p style=\"text-align: center;\"><strong>Jan \u015awiniarski<\/strong><span>\u00a0<\/span>\u2014 Cz\u0142onek Rady Nadzorczej<\/p><p style=\"text-align: center;\"><strong>Andrzej Wi\u015bniewski<\/strong><span>\u00a0<\/span>\u2014 Cz\u0142onek Rady Nadzorczej<\/p>\t\t\t\t\t\t\t\t<\/div>\n\t\t\t\t<\/div>\n\t\t\t\t\t<\/div>\n\t\t<\/div>\n\t\t\t\t\t<\/div>\n\t\t<\/section>\n\t\t\t\t<section class=\"elementor-section elementor-top-section elementor-element elementor-element-d6dc929 elementor-section-boxed elementor-section-height-default elementor-section-height-default\" data-id=\"d6dc929\" data-element_type=\"section\" data-e-type=\"section\">\n\t\t\t\t\t\t<div class=\"elementor-container elementor-column-gap-default\">\n\t\t\t\t\t<div class=\"elementor-column elementor-col-100 elementor-top-column elementor-element elementor-element-e35be22\" data-id=\"e35be22\" data-element_type=\"column\" data-e-type=\"column\">\n\t\t\t<div class=\"elementor-widget-wrap elementor-element-populated\">\n\t\t\t\t\t\t<div class=\"elementor-element elementor-element-853c2c2 elementor-widget elementor-widget-text-editor\" data-id=\"853c2c2\" data-element_type=\"widget\" data-e-type=\"widget\" data-widget_type=\"text-editor.default\">\n\t\t\t\t<div class=\"elementor-widget-container\">\n\t\t\t\t\t\t\t\t\t<p style=\"text-align: center;\"><strong>AKCJONARIUSZE &#8211; SK\u0141AD AKCJONARIATU\u00a0<\/strong><\/p><table border=\"1\" cellspacing=\"0\" cellpadding=\"0\" align=\"center\"><tbody><tr><td><p align=\"center\"><strong><em>Akcjonariusz<\/em><\/strong><\/p><\/td><td width=\"56\"><p align=\"center\"><strong><em>Liczba akcji<\/em><\/strong><\/p><\/td><td width=\"75\"><p align=\"center\"><strong><em>Udzia\u0142 w %<\/em><\/strong><\/p><\/td><td width=\"62\"><p align=\"center\"><strong><em>Liczba g\u0142os\u00f3w<\/em><\/strong><\/p><\/td><td width=\"86\"><p align=\"center\"><strong><em>G\u0142osy w %<\/em><\/strong><\/p><\/td><\/tr><tr><td width=\"197\"><p align=\"center\"><em>Miasto Dzia\u0142dowo<\/em><\/p><\/td><td width=\"56\"><p align=\"center\"><em>2 834<\/em><\/p><\/td><td width=\"75\"><p align=\"center\"><em>79,12<\/em><\/p><\/td><td width=\"62\"><p align=\"center\"><em>2 834<\/em><\/p><\/td><td width=\"86\"><p align=\"center\"><em>67,00<\/em><\/p><\/td><\/tr><tr><td width=\"197\"><p align=\"center\"><em>Gmina\u00a0 Dzia\u0142dowo<\/em><\/p><\/td><td width=\"56\"><p align=\"center\"><em>560<\/em><\/p><\/td><td width=\"75\"><p align=\"center\"><em>15,63<\/em><\/p><\/td><td width=\"62\"><p align=\"center\"><em>1120<\/em><\/p><\/td><td width=\"86\"><p align=\"center\"><em>26,48<\/em><\/p><\/td><\/tr><tr><td width=\"197\"><p align=\"center\"><em>PGKiM Sp. z o.o. w Dzia\u0142dowie<\/em><\/p><\/td><td width=\"56\"><p align=\"center\"><em>95<\/em><\/p><\/td><td width=\"75\"><p align=\"center\"><em>2,65<\/em><\/p><\/td><td width=\"62\"><p align=\"center\"><em>95<\/em><\/p><\/td><td width=\"86\"><p align=\"center\"><em>2,25<\/em><\/p><\/td><\/tr><tr><td width=\"197\"><p align=\"center\"><em>Powiat Dzia\u0142dowski<\/em><\/p><\/td><td width=\"56\"><p align=\"center\"><em>50<\/em><\/p><\/td><td width=\"75\"><p align=\"center\"><em>1,40<\/em><\/p><\/td><td width=\"62\"><p align=\"center\"><em>100<\/em><\/p><\/td><td width=\"86\"><p align=\"center\"><em>2,36<\/em><\/p><\/td><\/tr><tr><td width=\"197\"><p align=\"center\"><em>Marek\u00a0 Stefanina<\/em><\/p><\/td><td width=\"56\"><p align=\"center\"><em>20<\/em><\/p><\/td><td width=\"75\"><p align=\"center\"><em>0,56<\/em><\/p><\/td><td width=\"62\"><p align=\"center\"><em>40<\/em><\/p><\/td><td width=\"86\"><p align=\"center\"><em>0,95<\/em><\/p><\/td><\/tr><tr><td width=\"197\"><p align=\"center\"><em>Lidia Koz\u0142owska-Obr\u0119bska<\/em><\/p><\/td><td width=\"56\"><p align=\"center\"><em>15<\/em><\/p><\/td><td width=\"75\"><p align=\"center\"><em>0,42<\/em><\/p><\/td><td width=\"62\"><p align=\"center\"><em>25<\/em><\/p><\/td><td width=\"86\"><p align=\"center\"><em>0,59<\/em><\/p><\/td><\/tr><tr><td width=\"197\"><p align=\"center\"><em>Daniel Borkowski<\/em><\/p><\/td><td width=\"56\"><p align=\"center\"><em>5<\/em><\/p><\/td><td width=\"75\"><p align=\"center\"><em>0,14<\/em><\/p><\/td><td width=\"62\"><p align=\"center\"><em>10<\/em><\/p><\/td><td width=\"86\"><p align=\"center\"><em>0,24<\/em><\/p><\/td><\/tr><tr><td width=\"197\"><p align=\"center\"><em>Anna Kra\u015bniewska<\/em><\/p><\/td><td width=\"56\"><p align=\"center\"><em>3<\/em><\/p><\/td><td width=\"75\"><p align=\"center\"><em>0,08<\/em><\/p><\/td><td width=\"62\"><p align=\"center\"><em>6<\/em><\/p><\/td><td width=\"86\"><p align=\"center\"><em>0,14<\/em><\/p><\/td><\/tr><tr><td valign=\"bottom\" width=\"197\"><p style=\"text-align: center;\"><strong><em>Razem<\/em><\/strong><\/p><\/td><td width=\"56\"><p align=\"center\"><strong><em>3 582<\/em><\/strong><\/p><\/td><td width=\"75\"><p align=\"center\"><strong><em>100<\/em><\/strong><\/p><\/td><td width=\"62\"><p align=\"center\"><strong><em>4 230<\/em><\/strong><\/p><\/td><td width=\"86\"><p align=\"center\"><strong><em>100<\/em><\/strong><\/p><\/td><\/tr><\/tbody><\/table>\t\t\t\t\t\t\t\t<\/div>\n\t\t\t\t<\/div>\n\t\t\t\t\t<\/div>\n\t\t<\/div>\n\t\t\t\t\t<\/div>\n\t\t<\/section>\n\t\t\t\t<section class=\"elementor-section elementor-top-section elementor-element elementor-element-42c0091 elementor-section-boxed elementor-section-height-default elementor-section-height-default\" data-id=\"42c0091\" data-element_type=\"section\" data-e-type=\"section\">\n\t\t\t\t\t\t<div class=\"elementor-container elementor-column-gap-default\">\n\t\t\t\t\t<div class=\"elementor-column elementor-col-100 elementor-top-column elementor-element elementor-element-d54f0fa\" data-id=\"d54f0fa\" data-element_type=\"column\" data-e-type=\"column\">\n\t\t\t<div class=\"elementor-widget-wrap elementor-element-populated\">\n\t\t\t\t\t\t\t<\/div>\n\t\t<\/div>\n\t\t\t\t\t<\/div>\n\t\t<\/section>\n\t\t\t\t<\/div>\n\t\t","protected":false},"excerpt":{"rendered":"<p>W\u0142adze Sp\u00f3\u0142ki Roman Dawidowski Prezes Zarz\u0105du Anna Kra\u015bniewska\u00a0\u2014 Prokurent Emilia Smoli\u0144ska\u00a0\u2014 Prokurent\u00a0 Martyna Sumeradzka\u00a0\u2014 Prokurent\u00a0 RADA NADZORCZA Pawe\u0142 Cie\u015bli\u0144ski\u00a0\u2014 Przewodnicz\u0105cy Rady Nadzorczej Jakub Zi\u0119ty \u2014 Zast\u0119pca Przewodnicz\u0105cego Rady Nadzorczej Andrzej Kami\u0144ski\u00a0\u2014 Cz\u0142onek Rady Nadzorczej Barbara G\u0142adysz \u2014 Cz\u0142onek Rady Nadzorczej Jan \u015awiniarski\u00a0\u2014 Cz\u0142onek Rady Nadzorczej Andrzej Wi\u015bniewski\u00a0\u2014 Cz\u0142onek Rady Nadzorczej [&hellip;]<\/p>\n","protected":false},"author":1,"featured_media":0,"parent":165,"menu_order":0,"comment_status":"closed","ping_status":"closed","template":"elementor_header_footer","meta":{"footnotes":""},"class_list":["post-1130","page","type-page","status-publish","hentry"],"yoast_head":"<!-- This site is optimized with the Yoast SEO plugin v27.3 - https:\/\/yoast.com\/product\/yoast-seo-wordpress\/ -->\n<title>Dzia\u0142dowska Agencja Rozwoju S.A.<\/title>\n<meta name=\"description\" content=\"Wspieranie ma\u0142ych i \u015brednich przedsi\u0119biorstw, edukacja i szkolenia.\" \/>\n<meta name=\"robots\" content=\"index, follow, max-snippet:-1, max-image-preview:large, max-video-preview:-1\" \/>\n<link rel=\"canonical\" href=\"https:\/\/darsa.pl\/www\/o-nas\/wladze-spolki\/\" \/>\n<meta property=\"og:locale\" content=\"pl_PL\" \/>\n<meta property=\"og:type\" content=\"article\" \/>\n<meta property=\"og:description\" content=\"Wspieranie ma\u0142ych i \u015brednich przedsi\u0119biorstw, edukacja i szkolenia.\" \/>\n<meta property=\"og:url\" content=\"https:\/\/darsa.pl\/www\/o-nas\/wladze-spolki\/\" \/>\n<meta property=\"og:site_name\" content=\"Dzia\u0142dowska Agencja Rozwoju S.A.\" \/>\n<meta property=\"article:modified_time\" content=\"2026-04-03T17:58:39+00:00\" \/>\n<meta property=\"og:image\" content=\"https:\/\/darsa.pl\/www\/wp-content\/uploads\/2020\/07\/R_Dawidowski_m.jpg\" \/>\n\t<meta property=\"og:image:width\" content=\"167\" \/>\n\t<meta property=\"og:image:height\" content=\"250\" \/>\n\t<meta property=\"og:image:type\" content=\"image\/jpeg\" \/>\n<meta name=\"twitter:card\" content=\"summary_large_image\" \/>\n<meta name=\"twitter:label1\" content=\"Szacowany czas czytania\" \/>\n\t<meta name=\"twitter:data1\" content=\"1 minuta\" \/>\n<script type=\"application\/ld+json\" class=\"yoast-schema-graph\">{\"@context\":\"https:\\\/\\\/schema.org\",\"@graph\":[{\"@type\":\"WebPage\",\"@id\":\"https:\\\/\\\/darsa.pl\\\/www\\\/o-nas\\\/wladze-spolki\\\/\",\"url\":\"https:\\\/\\\/darsa.pl\\\/www\\\/o-nas\\\/wladze-spolki\\\/\",\"name\":\"\",\"isPartOf\":{\"@id\":\"https:\\\/\\\/darsa.pl\\\/www\\\/#website\"},\"primaryImageOfPage\":{\"@id\":\"https:\\\/\\\/darsa.pl\\\/www\\\/o-nas\\\/wladze-spolki\\\/#primaryimage\"},\"image\":{\"@id\":\"https:\\\/\\\/darsa.pl\\\/www\\\/o-nas\\\/wladze-spolki\\\/#primaryimage\"},\"thumbnailUrl\":\"https:\\\/\\\/darsa.pl\\\/www\\\/wp-content\\\/uploads\\\/2020\\\/07\\\/R_Dawidowski_m.jpg\",\"datePublished\":\"2020-07-16T17:50:38+00:00\",\"dateModified\":\"2026-04-03T17:58:39+00:00\",\"description\":\"Wspieranie ma\u0142ych i \u015brednich przedsi\u0119biorstw, edukacja i szkolenia.\",\"breadcrumb\":{\"@id\":\"https:\\\/\\\/darsa.pl\\\/www\\\/o-nas\\\/wladze-spolki\\\/#breadcrumb\"},\"inLanguage\":\"pl-PL\",\"potentialAction\":[{\"@type\":\"ReadAction\",\"target\":[\"https:\\\/\\\/darsa.pl\\\/www\\\/o-nas\\\/wladze-spolki\\\/\"]}]},{\"@type\":\"ImageObject\",\"inLanguage\":\"pl-PL\",\"@id\":\"https:\\\/\\\/darsa.pl\\\/www\\\/o-nas\\\/wladze-spolki\\\/#primaryimage\",\"url\":\"https:\\\/\\\/darsa.pl\\\/www\\\/wp-content\\\/uploads\\\/2020\\\/07\\\/R_Dawidowski_m.jpg\",\"contentUrl\":\"https:\\\/\\\/darsa.pl\\\/www\\\/wp-content\\\/uploads\\\/2020\\\/07\\\/R_Dawidowski_m.jpg\",\"width\":167,\"height\":250},{\"@type\":\"BreadcrumbList\",\"@id\":\"https:\\\/\\\/darsa.pl\\\/www\\\/o-nas\\\/wladze-spolki\\\/#breadcrumb\",\"itemListElement\":[{\"@type\":\"ListItem\",\"position\":1,\"name\":\"Strona g\u0142\u00f3wna\",\"item\":\"https:\\\/\\\/darsa.pl\\\/www\\\/\"},{\"@type\":\"ListItem\",\"position\":2,\"name\":\"O NAS\",\"item\":\"https:\\\/\\\/darsa.pl\\\/www\\\/o-nas\\\/\"},{\"@type\":\"ListItem\",\"position\":3,\"name\":\"W\u0141ADZE SP\u00d3\u0141KI\"}]},{\"@type\":\"WebSite\",\"@id\":\"https:\\\/\\\/darsa.pl\\\/www\\\/#website\",\"url\":\"https:\\\/\\\/darsa.pl\\\/www\\\/\",\"name\":\"Dzia\u0142dowska Agencja Rozwoju S.A.\",\"description\":\"Wspieranie ma\u0142ych i \u015brednich przedsi\u0119biorstw, edukacja i szkolenia.\",\"publisher\":{\"@id\":\"https:\\\/\\\/darsa.pl\\\/www\\\/#organization\"},\"potentialAction\":[{\"@type\":\"SearchAction\",\"target\":{\"@type\":\"EntryPoint\",\"urlTemplate\":\"https:\\\/\\\/darsa.pl\\\/www\\\/?s={search_term_string}\"},\"query-input\":{\"@type\":\"PropertyValueSpecification\",\"valueRequired\":true,\"valueName\":\"search_term_string\"}}],\"inLanguage\":\"pl-PL\"},{\"@type\":\"Organization\",\"@id\":\"https:\\\/\\\/darsa.pl\\\/www\\\/#organization\",\"name\":\"Dzia\u0142dowska Agencja Rozwoju S.A.\",\"url\":\"https:\\\/\\\/darsa.pl\\\/www\\\/\",\"logo\":{\"@type\":\"ImageObject\",\"inLanguage\":\"pl-PL\",\"@id\":\"https:\\\/\\\/darsa.pl\\\/www\\\/#\\\/schema\\\/logo\\\/image\\\/\",\"url\":\"https:\\\/\\\/darsa.pl\\\/www\\\/wp-content\\\/uploads\\\/2020\\\/06\\\/logo_h200px.png\",\"contentUrl\":\"https:\\\/\\\/darsa.pl\\\/www\\\/wp-content\\\/uploads\\\/2020\\\/06\\\/logo_h200px.png\",\"width\":856,\"height\":200,\"caption\":\"Dzia\u0142dowska Agencja Rozwoju S.A.\"},\"image\":{\"@id\":\"https:\\\/\\\/darsa.pl\\\/www\\\/#\\\/schema\\\/logo\\\/image\\\/\"}}]}<\/script>\n<!-- \/ Yoast SEO plugin. -->","yoast_head_json":{"title":"Dzia\u0142dowska Agencja Rozwoju S.A.","description":"Wspieranie ma\u0142ych i \u015brednich przedsi\u0119biorstw, edukacja i szkolenia.","robots":{"index":"index","follow":"follow","max-snippet":"max-snippet:-1","max-image-preview":"max-image-preview:large","max-video-preview":"max-video-preview:-1"},"canonical":"https:\/\/darsa.pl\/www\/o-nas\/wladze-spolki\/","og_locale":"pl_PL","og_type":"article","og_description":"Wspieranie ma\u0142ych i \u015brednich przedsi\u0119biorstw, edukacja i szkolenia.","og_url":"https:\/\/darsa.pl\/www\/o-nas\/wladze-spolki\/","og_site_name":"Dzia\u0142dowska Agencja Rozwoju S.A.","article_modified_time":"2026-04-03T17:58:39+00:00","og_image":[{"width":167,"height":250,"url":"https:\/\/darsa.pl\/www\/wp-content\/uploads\/2020\/07\/R_Dawidowski_m.jpg","type":"image\/jpeg"}],"twitter_card":"summary_large_image","twitter_misc":{"Szacowany czas czytania":"1 minuta"},"schema":{"@context":"https:\/\/schema.org","@graph":[{"@type":"WebPage","@id":"https:\/\/darsa.pl\/www\/o-nas\/wladze-spolki\/","url":"https:\/\/darsa.pl\/www\/o-nas\/wladze-spolki\/","name":"","isPartOf":{"@id":"https:\/\/darsa.pl\/www\/#website"},"primaryImageOfPage":{"@id":"https:\/\/darsa.pl\/www\/o-nas\/wladze-spolki\/#primaryimage"},"image":{"@id":"https:\/\/darsa.pl\/www\/o-nas\/wladze-spolki\/#primaryimage"},"thumbnailUrl":"https:\/\/darsa.pl\/www\/wp-content\/uploads\/2020\/07\/R_Dawidowski_m.jpg","datePublished":"2020-07-16T17:50:38+00:00","dateModified":"2026-04-03T17:58:39+00:00","description":"Wspieranie ma\u0142ych i \u015brednich przedsi\u0119biorstw, edukacja i szkolenia.","breadcrumb":{"@id":"https:\/\/darsa.pl\/www\/o-nas\/wladze-spolki\/#breadcrumb"},"inLanguage":"pl-PL","potentialAction":[{"@type":"ReadAction","target":["https:\/\/darsa.pl\/www\/o-nas\/wladze-spolki\/"]}]},{"@type":"ImageObject","inLanguage":"pl-PL","@id":"https:\/\/darsa.pl\/www\/o-nas\/wladze-spolki\/#primaryimage","url":"https:\/\/darsa.pl\/www\/wp-content\/uploads\/2020\/07\/R_Dawidowski_m.jpg","contentUrl":"https:\/\/darsa.pl\/www\/wp-content\/uploads\/2020\/07\/R_Dawidowski_m.jpg","width":167,"height":250},{"@type":"BreadcrumbList","@id":"https:\/\/darsa.pl\/www\/o-nas\/wladze-spolki\/#breadcrumb","itemListElement":[{"@type":"ListItem","position":1,"name":"Strona g\u0142\u00f3wna","item":"https:\/\/darsa.pl\/www\/"},{"@type":"ListItem","position":2,"name":"O NAS","item":"https:\/\/darsa.pl\/www\/o-nas\/"},{"@type":"ListItem","position":3,"name":"W\u0141ADZE SP\u00d3\u0141KI"}]},{"@type":"WebSite","@id":"https:\/\/darsa.pl\/www\/#website","url":"https:\/\/darsa.pl\/www\/","name":"Dzia\u0142dowska Agencja Rozwoju S.A.","description":"Wspieranie ma\u0142ych i \u015brednich przedsi\u0119biorstw, edukacja i szkolenia.","publisher":{"@id":"https:\/\/darsa.pl\/www\/#organization"},"potentialAction":[{"@type":"SearchAction","target":{"@type":"EntryPoint","urlTemplate":"https:\/\/darsa.pl\/www\/?s={search_term_string}"},"query-input":{"@type":"PropertyValueSpecification","valueRequired":true,"valueName":"search_term_string"}}],"inLanguage":"pl-PL"},{"@type":"Organization","@id":"https:\/\/darsa.pl\/www\/#organization","name":"Dzia\u0142dowska Agencja Rozwoju S.A.","url":"https:\/\/darsa.pl\/www\/","logo":{"@type":"ImageObject","inLanguage":"pl-PL","@id":"https:\/\/darsa.pl\/www\/#\/schema\/logo\/image\/","url":"https:\/\/darsa.pl\/www\/wp-content\/uploads\/2020\/06\/logo_h200px.png","contentUrl":"https:\/\/darsa.pl\/www\/wp-content\/uploads\/2020\/06\/logo_h200px.png","width":856,"height":200,"caption":"Dzia\u0142dowska Agencja Rozwoju S.A."},"image":{"@id":"https:\/\/darsa.pl\/www\/#\/schema\/logo\/image\/"}}]}},"_links":{"self":[{"href":"https:\/\/darsa.pl\/www\/wp-json\/wp\/v2\/pages\/1130","targetHints":{"allow":["GET"]}}],"collection":[{"href":"https:\/\/darsa.pl\/www\/wp-json\/wp\/v2\/pages"}],"about":[{"href":"https:\/\/darsa.pl\/www\/wp-json\/wp\/v2\/types\/page"}],"author":[{"embeddable":true,"href":"https:\/\/darsa.pl\/www\/wp-json\/wp\/v2\/users\/1"}],"replies":[{"embeddable":true,"href":"https:\/\/darsa.pl\/www\/wp-json\/wp\/v2\/comments?post=1130"}],"version-history":[{"count":115,"href":"https:\/\/darsa.pl\/www\/wp-json\/wp\/v2\/pages\/1130\/revisions"}],"predecessor-version":[{"id":7904,"href":"https:\/\/darsa.pl\/www\/wp-json\/wp\/v2\/pages\/1130\/revisions\/7904"}],"up":[{"embeddable":true,"href":"https:\/\/darsa.pl\/www\/wp-json\/wp\/v2\/pages\/165"}],"wp:attachment":[{"href":"https:\/\/darsa.pl\/www\/wp-json\/wp\/v2\/media?parent=1130"}],"curies":[{"name":"wp","href":"https:\/\/api.w.org\/{rel}","templated":true}]}}