{"id":113,"date":"2020-06-28T23:12:01","date_gmt":"2020-06-28T21:12:01","guid":{"rendered":"https:\/\/darsa.pl\/www\/?page_id=113"},"modified":"2022-02-15T09:31:09","modified_gmt":"2022-02-15T08:31:09","slug":"pozyczka-na-utworzenie-stanowiska-pracy","status":"publish","type":"page","link":"https:\/\/darsa.pl\/www\/projekty\/zrealizowane\/pierwszy-biznes-wsparcie-w-starcie-ii\/pozyczka-na-utworzenie-stanowiska-pracy\/","title":{"rendered":"PO\u017bYCZKA NA UTWORZENIE STANOWISKA PRACY"},"content":{"rendered":"\t\t<div data-elementor-type=\"wp-page\" data-elementor-id=\"113\" class=\"elementor elementor-113\">\n\t\t\t\t\t\t<section class=\"elementor-section elementor-top-section elementor-element elementor-element-343e50aa elementor-section-boxed elementor-section-height-default elementor-section-height-default\" data-id=\"343e50aa\" data-element_type=\"section\" data-e-type=\"section\" data-settings=\"{&quot;background_background&quot;:&quot;gradient&quot;}\">\n\t\t\t\t\t\t<div class=\"elementor-container elementor-column-gap-default\">\n\t\t\t\t\t<div class=\"elementor-column elementor-col-100 elementor-top-column elementor-element elementor-element-7a05ec2d\" data-id=\"7a05ec2d\" data-element_type=\"column\" data-e-type=\"column\">\n\t\t\t<div class=\"elementor-widget-wrap elementor-element-populated\">\n\t\t\t\t\t\t<div class=\"elementor-element elementor-element-74226fcb elementor-widget elementor-widget-heading\" data-id=\"74226fcb\" data-element_type=\"widget\" data-e-type=\"widget\" data-widget_type=\"heading.default\">\n\t\t\t\t<div class=\"elementor-widget-container\">\n\t\t\t\t\t<h2 class=\"elementor-heading-title elementor-size-default\">Po\u017cyczka na utworzenie stanowiska pracy<\/h2>\t\t\t\t<\/div>\n\t\t\t\t<\/div>\n\t\t\t\t\t<\/div>\n\t\t<\/div>\n\t\t\t\t\t<\/div>\n\t\t<\/section>\n\t\t\t\t<section class=\"elementor-section elementor-top-section elementor-element elementor-element-4b5d7198 elementor-section-boxed elementor-section-height-default elementor-section-height-default\" data-id=\"4b5d7198\" data-element_type=\"section\" data-e-type=\"section\">\n\t\t\t\t\t\t<div class=\"elementor-container elementor-column-gap-default\">\n\t\t\t\t\t<div class=\"elementor-column elementor-col-100 elementor-top-column elementor-element elementor-element-497be33\" data-id=\"497be33\" data-element_type=\"column\" data-e-type=\"column\">\n\t\t\t<div class=\"elementor-widget-wrap elementor-element-populated\">\n\t\t\t\t\t\t<div class=\"elementor-element elementor-element-30e5dd7f elementor-widget elementor-widget-text-editor\" data-id=\"30e5dd7f\" data-element_type=\"widget\" data-e-type=\"widget\" data-widget_type=\"text-editor.default\">\n\t\t\t\t<div class=\"elementor-widget-container\">\n\t\t\t\t\t\t\t\t\t<p align=\"center\"><span><strong>PO\u017bYCZKA NA UTWORZENIE STANOWISKA PRACY<\/strong><\/span><\/p><p>Warto\u015b\u0107 po\u017cyczki wynosi maksymalnie 6-krotn\u0105 wysoko\u015b\u0107 przeci\u0119tnego wynagrodzenia, obowi\u0105zuj\u0105cego w dniu z\u0142o\u017cenia wniosku o po\u017cyczk\u0119 i nie mo\u017ce by\u0107 wy\u017csza ni\u017c 6-krotno\u015b\u0107 wysoko\u015bci przeci\u0119tnego wynagrodzenia obowi\u0105zuj\u0105cego w dniu podpisania umowy z po\u017cyczkobiorc\u0105 \u2013 aktualnie to oko\u0142o <strong>23 000,00<\/strong>\u00a0z\u0142otych.<\/p><p>Maksymalny okres sp\u0142aty nie mo\u017ce przekroczy\u0107<span>\u00a0<\/span><strong>3 lat<\/strong>, przy czym po\u017cyczka udzielona podmiotowi korzystaj\u0105cemu z po\u017cyczki na podj\u0119cie dzia\u0142alno\u015bci gospodarczej powi\u0119ksza kapita\u0142 jego zad\u0142u\u017cenia i podlega sp\u0142acie w terminie wynikaj\u0105cym z harmonogramu okre\u015blonym dla po\u017cyczki na podj\u0119cie dzia\u0142alno\u015bci.<\/p><p>Oprocentowanie na poziomie 0,25 stopy redyskonta weksli NBP (aktualna wysoko\u015b\u0107 stopy redyskonta weksli 2,75) &#8211; wysoko\u015b\u0107 oprocentowania po\u017cyczki<span>\u00a0<\/span><strong>0,44%<\/strong><span>\u00a0<\/span>w skali roku.<\/p><p>Wnioskodawcy nie ponosz\u0105 op\u0142at i prowizji zwi\u0105zanych z uzyskaniem po\u017cyczki.<\/p><p>Podstaw\u0105 rozliczenia po\u017cyczki na utworzenie stanowiska pracy s\u0105 zrealizowane wydatki na utworzenie stanowiska pracy, tj. op\u0142acone faktury lub inne dokumenty ksi\u0119gowe o r\u00f3wnowa\u017cnej warto\u015bci dowodowej.<\/p><p><\/p><p><strong><span>DOKUMENTY DO POBRANIA:<\/span><\/strong><\/p><p><a href=\"https:\/\/darsa.pl\/images\/pozyczki\/WSPARCIE\/utworzenie\/wniosek_o_udzielenie_pozyczki_uzupelniajacej.doc\">Wniosek o udzielenie po\u017cyczki uzupe\u0142niaj\u0105cej<\/a><span>\u00a0<\/span>(dla przedsi\u0119biorc\u00f3w, kt\u00f3rzy skorzystali z po\u017cyczki na podj\u0119cie dzia\u0142alno\u015bci gospodarczej)<\/p><p><a href=\"https:\/\/darsa.pl\/images\/pozyczki\/WSPARCIE\/utworzenie\/wniosek_o_udzielenie_pozyczki.doc\">Wniosek o udzielenie po\u017cyczki dla przedsi\u0119biorcy<\/a><\/p><p><strong><em><span>Za\u0142\u0105czniki do wniosku o udzielenie po\u017cyczki:<\/span><\/em><\/strong><\/p><p><a href=\"https:\/\/darsa.pl\/images\/pozyczki\/WSPARCIE\/utworzenie\/zalacznik_1_wysokosc_przecietnego_wynagrodzenia.doc\">Za\u0142\u0105cznik nr 1\u00a0 &#8211; wysoko\u015b\u0107 przeci\u0119tnego wynagrodzenia<\/a><span>\u00a0<\/span><em>(wype\u0142nia po\u015brednik finansowy)<\/em><\/p><p><a href=\"https:\/\/darsa.pl\/images\/pozyczki\/WSPARCIE\/utworzenie\/zalacznik_2_oswiadczenie_o_pomocy_de_minimis.doc\">Za\u0142\u0105cznik nr 2 &#8211; o\u015bwiadczenie o pomocy<span>\u00a0<\/span><em>de minimis<\/em><\/a><\/p><p><a href=\"https:\/\/darsa.pl\/images\/pozyczki\/WSPARCIE\/utworzenie\/zalacznik_3_oswiadczenie_o_nieubieganiu_sie_o_inne_srodki_publiczne_na_wnioskowane_przedsiewziecie.doc\">Za\u0142\u0105cznik nr 3 &#8211; o\u015bwiadczenie o nieubieganiu si\u0119 o inne \u015brodki publiczne na wnioskowane przedsi\u0119wzi\u0119cie<\/a><\/p><p><a href=\"https:\/\/darsa.pl\/images\/pozyczki\/WSPARCIE\/utworzenie\/zalacznik_4_oswiadczenie_majatkowe_wnioskodawcy_lub_poreczyciela.doc\">Za\u0142\u0105cznik nr 4 &#8211; o\u015bwiadczenie maj\u0105tkowe wnioskodawcy\/por\u0119czyciela<\/a><\/p><p><a href=\"https:\/\/darsa.pl\/images\/pozyczki\/WSPARCIE\/utworzenie\/zalacznik_5_opinia_powiatowego_urzedu_pracy.doc\">Za\u0142\u0105cznik nr 5 &#8211; opinia Powiatowego Urz\u0119du Pracy<\/a><\/p><p><a href=\"https:\/\/darsa.pl\/images\/pozyczki\/WSPARCIE\/utworzenie\/oswiadczenie_o_przetwarzaniu_danych_osobowych.doc\">O\u015bwiadczenie o wyra\u017ceniu zgody na przetwarzanie danych osobowych<\/a><\/p><p><a href=\"https:\/\/darsa.pl\/images\/pozyczki\/WSPARCIE\/utworzenie\/oswiadczenie_o_braku_wykluczenia_z_ubiegania_sie_o_srodki.doc\">O\u015bwiadczenie o braku wykluczenia z ubiegania si\u0119 o \u015brodki<\/a><\/p><p><a href=\"https:\/\/darsa.pl\/images\/pozyczki\/WSPARCIE\/utworzenie\/oswiadczenie_o_zakazie_dostepu_do_srodkow.doc\">O\u015bwiadczenie o zakazie dost\u0119pu do \u015brodk\u00f3w<\/a><\/p><p><a href=\"https:\/\/darsa.pl\/images\/pozyczki\/WSPARCIE\/utworzenie\/upowaznienie_konsumenta_do_infomonitor.doc\">Upowa\u017cnienie konsumenta do BIG InfoMonitor<\/a><\/p><p><a href=\"https:\/\/darsa.pl\/images\/pozyczki\/WSPARCIE\/utworzenie\/upowaznienie_przedsiebiorcy_do_infomonitor.doc\">Upowa\u017cnienie przedsi\u0119biorcy do BIG InfoMonitor<\/a><span>\u00a0<\/span>(dotyczy wszystkich prowadz\u0105cych dzia\u0142alno\u015b\u0107 gospodarcz\u0105)<\/p><p><a href=\"https:\/\/darsa.pl\/images\/pozyczki\/WSPARCIE\/utworzenie\/oswiadczenie_wspolmalzonka_wnioskodawcy_poreczyciela.doc\">O\u015bwiadczenie wsp\u00f3\u0142ma\u0142\u017conka\/i wnioskodawcy\/por\u0119czyciela<\/a><\/p><p><a href=\"https:\/\/darsa.pl\/images\/pozyczki\/WSPARCIE\/utworzenie\/regulamin_udzielania_pozyczek.pdf\" target=\"_blank\" rel=\"noopener\">Regulamin udzielania po\u017cyczek<\/a><\/p><p><a href=\"https:\/\/darsa.pl\/images\/pozyczki\/WSPARCIE\/utworzenie\/taryfa_oplat.pdf\" target=\"_blank\" rel=\"noopener\">Taryfa op\u0142at i prowizji<\/a><\/p><p><strong>Dodatkowo do wniosku o udzielenie po\u017cyczki nale\u017cy do\u0142\u0105czy\u0107:<\/strong><\/p><ul><li>Kopi\u0119 za\u015bwiadczenia o pomocy<span>\u00a0<\/span><em>de minimis\u00a0<\/em>(dotyczy Wnioskodawcy, kt\u00f3ry otrzyma\u0142 pomoc<span>\u00a0<\/span><em>de minimis<\/em>\u00a0w\u00a0okresie obejmuj\u0105cym bie\u017c\u0105cy rok kalendarzowy i poprzedzaj\u0105ce go dwa lata kalendarzowe), potwierdzon\u0105 za zgodno\u015b\u0107 z orygina\u0142em<\/li><li>Za\u015bwiadczenie z w\u0142a\u015bciwego urz\u0119du skarbowego oraz Zak\u0142adu Ubezpiecze\u0144 Spo\u0142ecznych o niezaleganiu z wp\u0142atami odpowiednich nale\u017cno\u015bci wystawione nie wcze\u015bniej ni\u017c 3 miesi\u0105ce przed dat\u0105 z\u0142o\u017cenia wniosku<\/li><li>Kserokopie dowod\u00f3w osobistych potwierdzonych za zgodno\u015b\u0107 z orygina\u0142em<\/li><li>Kserokopi\u0119 dokumentu potwierdzaj\u0105cego rozdzielno\u015b\u0107 maj\u0105tkow\u0105 (je\u015bli dotyczy)<\/li><li>Za\u015bwiadczenie o osi\u0105ganych dochodach z tytu\u0142u zatrudnienia za ostatnie 3 miesi\u0105ce (dotyczy os\u00f3b zatrudnionych oraz wykonuj\u0105cych prac\u0119 zarobkow\u0105)<\/li><li>Kserokopie zezna\u0144 podatkowych za 2 ostatnie okresy rozliczeniowe &#8211; PIT (dotyczy os\u00f3b prowadz\u0105cych dzia\u0142alno\u015b\u0107 gospodarcz\u0105)<\/li><li>Inne dokumenty wymagane przez Agencj\u0119 do oceny sytuacji ekonomiczno-finansowej oraz stopnia zabezpieczenia po\u017cyczki\u00a0<\/li><\/ul><div><p><strong>Po przyznaniu po\u017cyczki wnioskodawca do\u0142\u0105cza nast\u0119puj\u0105ce dokumenty:<\/strong><\/p><p><a href=\"https:\/\/darsa.pl\/images\/pozyczki\/WSPARCIE\/utworzenie\/wniosek_pomoc_de_minimis.doc\">Wniosek o udzielenie pomocy de minimis<\/a><\/p><p><a href=\"https:\/\/darsa.pl\/images\/pozyczki\/WSPARCIE\/utworzenie\/formularz_informacji_pomoc_de_minimis.xls\">Formularz informacji przedstawianych przy ubieganiu si\u0119 o pomoc de minimis<\/a><\/p><ul><li>Umow\u0119 na prowadzenie firmowego rachunku bankowego<\/li><li>Dokumenty potwierdzaj\u0105ce ustanowienie stosownych zabezpiecze\u0144<\/li><\/ul><\/div>\t\t\t\t\t\t\t\t<\/div>\n\t\t\t\t<\/div>\n\t\t\t\t\t<\/div>\n\t\t<\/div>\n\t\t\t\t\t<\/div>\n\t\t<\/section>\n\t\t\t\t<section class=\"elementor-section elementor-top-section elementor-element elementor-element-4a909b4e elementor-section-boxed elementor-section-height-default elementor-section-height-default\" data-id=\"4a909b4e\" data-element_type=\"section\" data-e-type=\"section\">\n\t\t\t\t\t\t<div class=\"elementor-container elementor-column-gap-default\">\n\t\t\t\t\t<div class=\"elementor-column elementor-col-50 elementor-top-column elementor-element elementor-element-5be259de\" data-id=\"5be259de\" data-element_type=\"column\" data-e-type=\"column\">\n\t\t\t<div class=\"elementor-widget-wrap elementor-element-populated\">\n\t\t\t\t\t\t<div class=\"elementor-element elementor-element-598df442 elementor-widget elementor-widget-counter\" data-id=\"598df442\" data-element_type=\"widget\" data-e-type=\"widget\" data-widget_type=\"counter.default\">\n\t\t\t\t<div class=\"elementor-widget-container\">\n\t\t\t\t\t\t\t<div class=\"elementor-counter\">\n\t\t\t<div class=\"elementor-counter-title\">Kwota udzielonych po\u017cyczek (w PLN)<\/div>\t\t\t<div class=\"elementor-counter-number-wrapper\">\n\t\t\t\t<span class=\"elementor-counter-number-prefix\"><\/span>\n\t\t\t\t<span class=\"elementor-counter-number\" data-duration=\"5000\" data-to-value=\"210689890\" data-from-value=\"0\" data-delimiter=\" \">0<\/span>\n\t\t\t\t<span class=\"elementor-counter-number-suffix\"><\/span>\n\t\t\t<\/div>\n\t\t<\/div>\n\t\t\t\t\t\t<\/div>\n\t\t\t\t<\/div>\n\t\t\t\t\t<\/div>\n\t\t<\/div>\n\t\t\t\t<div class=\"elementor-column elementor-col-50 elementor-top-column elementor-element elementor-element-4d625778\" data-id=\"4d625778\" data-element_type=\"column\" data-e-type=\"column\">\n\t\t\t<div class=\"elementor-widget-wrap elementor-element-populated\">\n\t\t\t\t\t\t<div class=\"elementor-element elementor-element-1b249f5e elementor-widget elementor-widget-counter\" data-id=\"1b249f5e\" data-element_type=\"widget\" data-e-type=\"widget\" data-widget_type=\"counter.default\">\n\t\t\t\t<div class=\"elementor-widget-container\">\n\t\t\t\t\t\t\t<div class=\"elementor-counter\">\n\t\t\t<div class=\"elementor-counter-title\">Liczba udzielonych po\u017cyczek<\/div>\t\t\t<div class=\"elementor-counter-number-wrapper\">\n\t\t\t\t<span class=\"elementor-counter-number-prefix\"><\/span>\n\t\t\t\t<span class=\"elementor-counter-number\" data-duration=\"3000\" data-to-value=\"1793\" data-from-value=\"0\" data-delimiter=\" \">0<\/span>\n\t\t\t\t<span class=\"elementor-counter-number-suffix\"><\/span>\n\t\t\t<\/div>\n\t\t<\/div>\n\t\t\t\t\t\t<\/div>\n\t\t\t\t<\/div>\n\t\t\t\t\t<\/div>\n\t\t<\/div>\n\t\t\t\t\t<\/div>\n\t\t<\/section>\n\t\t\t\t<\/div>\n\t\t","protected":false},"excerpt":{"rendered":"<p>Po\u017cyczka na utworzenie stanowiska pracy PO\u017bYCZKA NA UTWORZENIE STANOWISKA PRACY Warto\u015b\u0107 po\u017cyczki wynosi maksymalnie 6-krotn\u0105 wysoko\u015b\u0107 przeci\u0119tnego wynagrodzenia, obowi\u0105zuj\u0105cego w dniu z\u0142o\u017cenia wniosku o po\u017cyczk\u0119 i nie mo\u017ce by\u0107 wy\u017csza ni\u017c 6-krotno\u015b\u0107 wysoko\u015bci przeci\u0119tnego wynagrodzenia obowi\u0105zuj\u0105cego w dniu podpisania umowy z po\u017cyczkobiorc\u0105 \u2013 aktualnie to oko\u0142o 23 000,00\u00a0z\u0142otych. Maksymalny okres [&hellip;]<\/p>\n","protected":false},"author":1,"featured_media":0,"parent":109,"menu_order":1,"comment_status":"closed","ping_status":"closed","template":"elementor_header_footer","meta":{"footnotes":""},"class_list":["post-113","page","type-page","status-publish","hentry"],"yoast_head":"<!-- This site is optimized with the Yoast SEO plugin v27.3 - https:\/\/yoast.com\/product\/yoast-seo-wordpress\/ -->\n<title>Dzia\u0142dowska Agencja Rozwoju S.A.<\/title>\n<meta name=\"description\" content=\"Wspieranie ma\u0142ych i \u015brednich przedsi\u0119biorstw, edukacja i szkolenia.\" \/>\n<meta name=\"robots\" content=\"index, follow, max-snippet:-1, max-image-preview:large, max-video-preview:-1\" \/>\n<link rel=\"canonical\" href=\"https:\/\/darsa.pl\/www\/projekty\/zrealizowane\/pierwszy-biznes-wsparcie-w-starcie-ii\/pozyczka-na-utworzenie-stanowiska-pracy\/\" \/>\n<meta property=\"og:locale\" content=\"pl_PL\" \/>\n<meta property=\"og:type\" content=\"article\" \/>\n<meta property=\"og:description\" content=\"Wspieranie ma\u0142ych i \u015brednich przedsi\u0119biorstw, edukacja i szkolenia.\" \/>\n<meta property=\"og:url\" content=\"https:\/\/darsa.pl\/www\/projekty\/zrealizowane\/pierwszy-biznes-wsparcie-w-starcie-ii\/pozyczka-na-utworzenie-stanowiska-pracy\/\" \/>\n<meta property=\"og:site_name\" content=\"Dzia\u0142dowska Agencja Rozwoju S.A.\" \/>\n<meta property=\"article:modified_time\" content=\"2022-02-15T08:31:09+00:00\" \/>\n<meta property=\"og:image\" content=\"https:\/\/darsa.pl\/www\/wp-content\/uploads\/2020\/07\/og_img3.png\" \/>\n\t<meta property=\"og:image:width\" content=\"1200\" \/>\n\t<meta property=\"og:image:height\" content=\"630\" \/>\n\t<meta property=\"og:image:type\" content=\"image\/png\" \/>\n<meta name=\"twitter:card\" content=\"summary_large_image\" \/>\n<meta name=\"twitter:label1\" content=\"Szacowany czas czytania\" \/>\n\t<meta name=\"twitter:data1\" content=\"3 minuty\" \/>\n<script type=\"application\/ld+json\" class=\"yoast-schema-graph\">{\"@context\":\"https:\\\/\\\/schema.org\",\"@graph\":[{\"@type\":\"WebPage\",\"@id\":\"https:\\\/\\\/darsa.pl\\\/www\\\/projekty\\\/zrealizowane\\\/pierwszy-biznes-wsparcie-w-starcie-ii\\\/pozyczka-na-utworzenie-stanowiska-pracy\\\/\",\"url\":\"https:\\\/\\\/darsa.pl\\\/www\\\/projekty\\\/zrealizowane\\\/pierwszy-biznes-wsparcie-w-starcie-ii\\\/pozyczka-na-utworzenie-stanowiska-pracy\\\/\",\"name\":\"\",\"isPartOf\":{\"@id\":\"https:\\\/\\\/darsa.pl\\\/www\\\/#website\"},\"datePublished\":\"2020-06-28T21:12:01+00:00\",\"dateModified\":\"2022-02-15T08:31:09+00:00\",\"description\":\"Wspieranie ma\u0142ych i \u015brednich przedsi\u0119biorstw, edukacja i szkolenia.\",\"breadcrumb\":{\"@id\":\"https:\\\/\\\/darsa.pl\\\/www\\\/projekty\\\/zrealizowane\\\/pierwszy-biznes-wsparcie-w-starcie-ii\\\/pozyczka-na-utworzenie-stanowiska-pracy\\\/#breadcrumb\"},\"inLanguage\":\"pl-PL\",\"potentialAction\":[{\"@type\":\"ReadAction\",\"target\":[\"https:\\\/\\\/darsa.pl\\\/www\\\/projekty\\\/zrealizowane\\\/pierwszy-biznes-wsparcie-w-starcie-ii\\\/pozyczka-na-utworzenie-stanowiska-pracy\\\/\"]}]},{\"@type\":\"BreadcrumbList\",\"@id\":\"https:\\\/\\\/darsa.pl\\\/www\\\/projekty\\\/zrealizowane\\\/pierwszy-biznes-wsparcie-w-starcie-ii\\\/pozyczka-na-utworzenie-stanowiska-pracy\\\/#breadcrumb\",\"itemListElement\":[{\"@type\":\"ListItem\",\"position\":1,\"name\":\"Strona g\u0142\u00f3wna\",\"item\":\"https:\\\/\\\/darsa.pl\\\/www\\\/\"},{\"@type\":\"ListItem\",\"position\":2,\"name\":\"PROJEKTY\",\"item\":\"https:\\\/\\\/darsa.pl\\\/www\\\/projekty\\\/\"},{\"@type\":\"ListItem\",\"position\":3,\"name\":\"ZREALIZOWANE\",\"item\":\"https:\\\/\\\/darsa.pl\\\/www\\\/projekty\\\/zrealizowane\\\/\"},{\"@type\":\"ListItem\",\"position\":4,\"name\":\"PIERWSZY BIZNES &#8211; WSPARCIE W STARCIE II\",\"item\":\"https:\\\/\\\/darsa.pl\\\/www\\\/projekty\\\/zrealizowane\\\/pierwszy-biznes-wsparcie-w-starcie-ii\\\/\"},{\"@type\":\"ListItem\",\"position\":5,\"name\":\"PO\u017bYCZKA NA UTWORZENIE STANOWISKA PRACY\"}]},{\"@type\":\"WebSite\",\"@id\":\"https:\\\/\\\/darsa.pl\\\/www\\\/#website\",\"url\":\"https:\\\/\\\/darsa.pl\\\/www\\\/\",\"name\":\"Dzia\u0142dowska Agencja Rozwoju S.A.\",\"description\":\"Wspieranie ma\u0142ych i \u015brednich przedsi\u0119biorstw, edukacja i szkolenia.\",\"publisher\":{\"@id\":\"https:\\\/\\\/darsa.pl\\\/www\\\/#organization\"},\"potentialAction\":[{\"@type\":\"SearchAction\",\"target\":{\"@type\":\"EntryPoint\",\"urlTemplate\":\"https:\\\/\\\/darsa.pl\\\/www\\\/?s={search_term_string}\"},\"query-input\":{\"@type\":\"PropertyValueSpecification\",\"valueRequired\":true,\"valueName\":\"search_term_string\"}}],\"inLanguage\":\"pl-PL\"},{\"@type\":\"Organization\",\"@id\":\"https:\\\/\\\/darsa.pl\\\/www\\\/#organization\",\"name\":\"Dzia\u0142dowska Agencja Rozwoju S.A.\",\"url\":\"https:\\\/\\\/darsa.pl\\\/www\\\/\",\"logo\":{\"@type\":\"ImageObject\",\"inLanguage\":\"pl-PL\",\"@id\":\"https:\\\/\\\/darsa.pl\\\/www\\\/#\\\/schema\\\/logo\\\/image\\\/\",\"url\":\"https:\\\/\\\/darsa.pl\\\/www\\\/wp-content\\\/uploads\\\/2020\\\/06\\\/logo_h200px.png\",\"contentUrl\":\"https:\\\/\\\/darsa.pl\\\/www\\\/wp-content\\\/uploads\\\/2020\\\/06\\\/logo_h200px.png\",\"width\":856,\"height\":200,\"caption\":\"Dzia\u0142dowska Agencja Rozwoju S.A.\"},\"image\":{\"@id\":\"https:\\\/\\\/darsa.pl\\\/www\\\/#\\\/schema\\\/logo\\\/image\\\/\"}}]}<\/script>\n<!-- \/ Yoast SEO plugin. -->","yoast_head_json":{"title":"Dzia\u0142dowska Agencja Rozwoju S.A.","description":"Wspieranie ma\u0142ych i \u015brednich przedsi\u0119biorstw, edukacja i szkolenia.","robots":{"index":"index","follow":"follow","max-snippet":"max-snippet:-1","max-image-preview":"max-image-preview:large","max-video-preview":"max-video-preview:-1"},"canonical":"https:\/\/darsa.pl\/www\/projekty\/zrealizowane\/pierwszy-biznes-wsparcie-w-starcie-ii\/pozyczka-na-utworzenie-stanowiska-pracy\/","og_locale":"pl_PL","og_type":"article","og_description":"Wspieranie ma\u0142ych i \u015brednich przedsi\u0119biorstw, edukacja i szkolenia.","og_url":"https:\/\/darsa.pl\/www\/projekty\/zrealizowane\/pierwszy-biznes-wsparcie-w-starcie-ii\/pozyczka-na-utworzenie-stanowiska-pracy\/","og_site_name":"Dzia\u0142dowska Agencja Rozwoju S.A.","article_modified_time":"2022-02-15T08:31:09+00:00","og_image":[{"width":1200,"height":630,"url":"https:\/\/darsa.pl\/www\/wp-content\/uploads\/2020\/07\/og_img3.png","type":"image\/png"}],"twitter_card":"summary_large_image","twitter_misc":{"Szacowany czas czytania":"3 minuty"},"schema":{"@context":"https:\/\/schema.org","@graph":[{"@type":"WebPage","@id":"https:\/\/darsa.pl\/www\/projekty\/zrealizowane\/pierwszy-biznes-wsparcie-w-starcie-ii\/pozyczka-na-utworzenie-stanowiska-pracy\/","url":"https:\/\/darsa.pl\/www\/projekty\/zrealizowane\/pierwszy-biznes-wsparcie-w-starcie-ii\/pozyczka-na-utworzenie-stanowiska-pracy\/","name":"","isPartOf":{"@id":"https:\/\/darsa.pl\/www\/#website"},"datePublished":"2020-06-28T21:12:01+00:00","dateModified":"2022-02-15T08:31:09+00:00","description":"Wspieranie ma\u0142ych i \u015brednich przedsi\u0119biorstw, edukacja i szkolenia.","breadcrumb":{"@id":"https:\/\/darsa.pl\/www\/projekty\/zrealizowane\/pierwszy-biznes-wsparcie-w-starcie-ii\/pozyczka-na-utworzenie-stanowiska-pracy\/#breadcrumb"},"inLanguage":"pl-PL","potentialAction":[{"@type":"ReadAction","target":["https:\/\/darsa.pl\/www\/projekty\/zrealizowane\/pierwszy-biznes-wsparcie-w-starcie-ii\/pozyczka-na-utworzenie-stanowiska-pracy\/"]}]},{"@type":"BreadcrumbList","@id":"https:\/\/darsa.pl\/www\/projekty\/zrealizowane\/pierwszy-biznes-wsparcie-w-starcie-ii\/pozyczka-na-utworzenie-stanowiska-pracy\/#breadcrumb","itemListElement":[{"@type":"ListItem","position":1,"name":"Strona g\u0142\u00f3wna","item":"https:\/\/darsa.pl\/www\/"},{"@type":"ListItem","position":2,"name":"PROJEKTY","item":"https:\/\/darsa.pl\/www\/projekty\/"},{"@type":"ListItem","position":3,"name":"ZREALIZOWANE","item":"https:\/\/darsa.pl\/www\/projekty\/zrealizowane\/"},{"@type":"ListItem","position":4,"name":"PIERWSZY BIZNES &#8211; WSPARCIE W STARCIE II","item":"https:\/\/darsa.pl\/www\/projekty\/zrealizowane\/pierwszy-biznes-wsparcie-w-starcie-ii\/"},{"@type":"ListItem","position":5,"name":"PO\u017bYCZKA NA UTWORZENIE STANOWISKA PRACY"}]},{"@type":"WebSite","@id":"https:\/\/darsa.pl\/www\/#website","url":"https:\/\/darsa.pl\/www\/","name":"Dzia\u0142dowska Agencja Rozwoju S.A.","description":"Wspieranie ma\u0142ych i \u015brednich przedsi\u0119biorstw, edukacja i szkolenia.","publisher":{"@id":"https:\/\/darsa.pl\/www\/#organization"},"potentialAction":[{"@type":"SearchAction","target":{"@type":"EntryPoint","urlTemplate":"https:\/\/darsa.pl\/www\/?s={search_term_string}"},"query-input":{"@type":"PropertyValueSpecification","valueRequired":true,"valueName":"search_term_string"}}],"inLanguage":"pl-PL"},{"@type":"Organization","@id":"https:\/\/darsa.pl\/www\/#organization","name":"Dzia\u0142dowska Agencja Rozwoju S.A.","url":"https:\/\/darsa.pl\/www\/","logo":{"@type":"ImageObject","inLanguage":"pl-PL","@id":"https:\/\/darsa.pl\/www\/#\/schema\/logo\/image\/","url":"https:\/\/darsa.pl\/www\/wp-content\/uploads\/2020\/06\/logo_h200px.png","contentUrl":"https:\/\/darsa.pl\/www\/wp-content\/uploads\/2020\/06\/logo_h200px.png","width":856,"height":200,"caption":"Dzia\u0142dowska Agencja Rozwoju S.A."},"image":{"@id":"https:\/\/darsa.pl\/www\/#\/schema\/logo\/image\/"}}]}},"_links":{"self":[{"href":"https:\/\/darsa.pl\/www\/wp-json\/wp\/v2\/pages\/113","targetHints":{"allow":["GET"]}}],"collection":[{"href":"https:\/\/darsa.pl\/www\/wp-json\/wp\/v2\/pages"}],"about":[{"href":"https:\/\/darsa.pl\/www\/wp-json\/wp\/v2\/types\/page"}],"author":[{"embeddable":true,"href":"https:\/\/darsa.pl\/www\/wp-json\/wp\/v2\/users\/1"}],"replies":[{"embeddable":true,"href":"https:\/\/darsa.pl\/www\/wp-json\/wp\/v2\/comments?post=113"}],"version-history":[{"count":13,"href":"https:\/\/darsa.pl\/www\/wp-json\/wp\/v2\/pages\/113\/revisions"}],"predecessor-version":[{"id":4039,"href":"https:\/\/darsa.pl\/www\/wp-json\/wp\/v2\/pages\/113\/revisions\/4039"}],"up":[{"embeddable":true,"href":"https:\/\/darsa.pl\/www\/wp-json\/wp\/v2\/pages\/109"}],"wp:attachment":[{"href":"https:\/\/darsa.pl\/www\/wp-json\/wp\/v2\/media?parent=113"}],"curies":[{"name":"wp","href":"https:\/\/api.w.org\/{rel}","templated":true}]}}