{"id":111,"date":"2020-06-28T23:11:34","date_gmt":"2020-06-28T21:11:34","guid":{"rendered":"https:\/\/darsa.pl\/www\/?page_id=111"},"modified":"2022-02-15T09:30:58","modified_gmt":"2022-02-15T08:30:58","slug":"pozyczka-na-podjecie-dzialalnosci-gospodarczej","status":"publish","type":"page","link":"https:\/\/darsa.pl\/www\/projekty\/zrealizowane\/pierwszy-biznes-wsparcie-w-starcie-ii\/pozyczka-na-podjecie-dzialalnosci-gospodarczej\/","title":{"rendered":"PO\u017bYCZKA NA PODJ\u0118CIE DZIA\u0141ALNO\u015aCI GOSPODARCZEJ"},"content":{"rendered":"\t\t<div data-elementor-type=\"wp-page\" data-elementor-id=\"111\" class=\"elementor elementor-111\">\n\t\t\t\t\t\t<section class=\"elementor-section elementor-top-section elementor-element elementor-element-3a416e6e elementor-section-boxed elementor-section-height-default elementor-section-height-default\" data-id=\"3a416e6e\" data-element_type=\"section\" data-e-type=\"section\" data-settings=\"{&quot;background_background&quot;:&quot;gradient&quot;}\">\n\t\t\t\t\t\t<div class=\"elementor-container elementor-column-gap-default\">\n\t\t\t\t\t<div class=\"elementor-column elementor-col-100 elementor-top-column elementor-element elementor-element-1a973793\" data-id=\"1a973793\" data-element_type=\"column\" data-e-type=\"column\">\n\t\t\t<div class=\"elementor-widget-wrap elementor-element-populated\">\n\t\t\t\t\t\t<div class=\"elementor-element elementor-element-54a788de elementor-widget elementor-widget-heading\" data-id=\"54a788de\" data-element_type=\"widget\" data-e-type=\"widget\" data-widget_type=\"heading.default\">\n\t\t\t\t<div class=\"elementor-widget-container\">\n\t\t\t\t\t<h2 class=\"elementor-heading-title elementor-size-default\">Po\u017cyczka na podj\u0119cie dzia\u0142alno\u015bci gospodarczej<\/h2>\t\t\t\t<\/div>\n\t\t\t\t<\/div>\n\t\t\t\t\t<\/div>\n\t\t<\/div>\n\t\t\t\t\t<\/div>\n\t\t<\/section>\n\t\t\t\t<section class=\"elementor-section elementor-top-section elementor-element elementor-element-4e86860f elementor-section-boxed elementor-section-height-default elementor-section-height-default\" data-id=\"4e86860f\" data-element_type=\"section\" data-e-type=\"section\">\n\t\t\t\t\t\t<div class=\"elementor-container elementor-column-gap-default\">\n\t\t\t\t\t<div class=\"elementor-column elementor-col-100 elementor-top-column elementor-element elementor-element-c11c351\" data-id=\"c11c351\" data-element_type=\"column\" data-e-type=\"column\">\n\t\t\t<div class=\"elementor-widget-wrap elementor-element-populated\">\n\t\t\t\t\t\t<div class=\"elementor-element elementor-element-5c31673f elementor-widget elementor-widget-text-editor\" data-id=\"5c31673f\" data-element_type=\"widget\" data-e-type=\"widget\" data-widget_type=\"text-editor.default\">\n\t\t\t\t<div class=\"elementor-widget-container\">\n\t\t\t\t\t\t\t\t\t<p align=\"center\"><span><strong>PO\u017bYCZKA NA PODJ\u0118CIE DZIA\u0141ALNO\u015aCI GOSPODARCZEJ<br \/>(PO\u017bYCZKA PODSTAWOWA)<\/strong><\/span><\/p><p>Warto\u015b\u0107 po\u017cyczki wynosi maksymalnie 20-krotn\u0105 wysoko\u015b\u0107 przeci\u0119tnego wynagrodzenia, obowi\u0105zuj\u0105cego w dniu z\u0142o\u017cenia wniosku o po\u017cyczk\u0119 i nie mo\u017ce by\u0107 wy\u017csza ni\u017c 20-krotno\u015b\u0107 przeci\u0119tnego wynagrodzenia obowi\u0105zuj\u0105cego w dniu podpisania umowy z po\u017cyczkobiorc\u0105 \u2013 aktualnie to oko\u0142o <strong>77 000,00<span>\u00a0<\/span><\/strong>z\u0142otych.<\/p><p>Maksymalny okres sp\u0142aty nie mo\u017ce przekroczy\u0107<span>\u00a0<\/span><strong>7 lat<\/strong>,\u00a0\u00a0przy czym mo\u017cna skorzysta\u0107 z karencji w sp\u0142acie kapita\u0142u do 12 miesi\u0119cy.<\/p><p>Oprocentowanie na poziomie 0,25 stopy redyskonta weksli NBP (aktualna wysoko\u015b\u0107 stopy redyskonta weksli 2,75) &#8211; wysoko\u015b\u0107 oprocentowania po\u017cyczki<span>\u00a0<\/span><strong>0,44%<\/strong><span>\u00a0<\/span>w skali roku.<\/p><p>Wnioskodawcy nie ponosz\u0105 op\u0142at i prowizji zwi\u0105zanych z uzyskaniem po\u017cyczki.<\/p><p>Form\u0105 zabezpieczenia sp\u0142aty i zwrotu udzielanych po\u017cyczek jest weksel w\u0142asny in blanco osoby fizycznej i por\u0119czenie dw\u00f3ch os\u00f3b fizycznych. W zale\u017cno\u015bci od oceny zdolno\u015bci kredytowej i ryzyka kredytowego, zamiast por\u0119czenia dw\u00f3ch os\u00f3b fizycznych, mo\u017ce by\u0107 ustanowione inne zabezpieczenie sp\u0142aty akceptowalne przez Agencj\u0119.<\/p><p>Umowa po\u017cyczki zawierana jest po zarejestrowaniu przez po\u017cyczkobiorc\u0119 dzia\u0142alno\u015bci. Po\u017cyczkobiorca rejestruje dzia\u0142alno\u015b\u0107 po uzyskaniu pozytywnej oceny wniosku o po\u017cyczk\u0119.<\/p><p>Podstaw\u0105 rozliczenia po\u017cyczki na podj\u0119cie dzia\u0142alno\u015bci gospodarczej s\u0105 zrealizowane na ten cel wydatki, tj. op\u0142acone faktury lub inne dokumenty ksi\u0119gowe o r\u00f3wnowa\u017cnej warto\u015bci dowodowej.<\/p><p><\/p><p><strong><span>DOKUMENTY DO POBRANIA:<\/span><\/strong><\/p><p><a href=\"https:\/\/darsa.pl\/images\/pozyczki\/WSPARCIE\/podjecie\/wniosek_o_udzielenie_pozyczki.doc\">Wniosek o udzielenie po\u017cyczki<\/a><\/p><p><strong><em><span>Za\u0142\u0105czniki do wniosku o udzielenie po\u017cyczki:<\/span><\/em><\/strong><\/p><p><a href=\"https:\/\/darsa.pl\/images\/pozyczki\/WSPARCIE\/podjecie\/zalacznik_1_wysokosc_przecietnego_wynagrodzenia.doc\">Za\u0142\u0105cznik nr 1\u00a0 &#8211; wysoko\u015b\u0107 przeci\u0119tnego wynagrodzenia<\/a><span>\u00a0<\/span><em>(wype\u0142nia po\u015brednik finansowy)<\/em><\/p><p><a href=\"https:\/\/darsa.pl\/images\/pozyczki\/WSPARCIE\/podjecie\/zalacznik_2_oswiadczenie_o_pomocy_de_minimis.doc\">Za\u0142\u0105cznik nr 2 &#8211; o\u015bwiadczenie o pomocy<span>\u00a0<\/span><em>de minimis<\/em><\/a><\/p><p><a href=\"https:\/\/darsa.pl\/images\/pozyczki\/WSPARCIE\/podjecie\/zalacznik_3_oswiadczenie_o_nieubieganiu_sie_o_inne_srodki_publiczne_na_wnioskowane_przedsiewziecie.doc\">Za\u0142\u0105cznik nr 3 &#8211; o\u015bwiadczenie o nieubieganiu si\u0119 o inne \u015brodki publiczne na wnioskowane przedsi\u0119wzi\u0119cie<\/a><\/p><p><a href=\"https:\/\/darsa.pl\/images\/pozyczki\/WSPARCIE\/podjecie\/zalacznik_4_oswiadczenie_majatkowe_wnioskodawcy_lub_poreczyciela.doc\">Za\u0142\u0105cznik nr 4 &#8211; o\u015bwiadczenie maj\u0105tkowe wnioskodawcy\/por\u0119czyciela<\/a><\/p><p><a href=\"https:\/\/darsa.pl\/images\/pozyczki\/WSPARCIE\/podjecie\/zalacznik_5_oswiadczenie_o_niewykonywaniu_zatrudnienia_lub_innej_pracy_zarobkowej.doc\">Za\u0142\u0105cznik nr 5 &#8211; o\u015bwiadczenie o niewykonywaniu zatrudnienia lub innej pracy zarobkowej<\/a><\/p><p><a href=\"https:\/\/darsa.pl\/images\/pozyczki\/WSPARCIE\/podjecie\/oswiadczenie_o_wyrazeniu_zgody_na_przetwarzanie_danych_osobowych.doc\">O\u015bwiadczenie o wyra\u017ceniu zgody na przetwarzanie danych osobowych<\/a><\/p><p><a href=\"https:\/\/darsa.pl\/images\/pozyczki\/WSPARCIE\/podjecie\/oswiadczenie_o_braku_wykluczenia_z_ubiegania_sie_o_srodki.doc\">O\u015bwiadczenie o braku wykluczenia z ubiegania si\u0119 o \u015brodki<\/a><\/p><p><a href=\"https:\/\/darsa.pl\/images\/pozyczki\/WSPARCIE\/podjecie\/upowaznienie_konsumenta_do_infomonitor.doc\">Upowa\u017cnienie konsumenta do BIG InfoMonitor<\/a><span>\u00a0<\/span>(dotyczy wnioskodawcy, wsp\u00f3\u0142ma\u0142\u017conka wnioskodawcy, por\u0119czycieli i ich ma\u0142\u017conk\u00f3w)<\/p><p><a href=\"https:\/\/darsa.pl\/images\/pozyczki\/WSPARCIE\/podjecie\/upowaznienie_przedsiebiorcy_do_infomonitor.doc\">Upowa\u017cnienie przedsi\u0119biorcy do BIG InfoMonitor<\/a><span>\u00a0<\/span>(je\u015bli wsp\u00f3\u0142ma\u0142\u017conek wnioskodawcy lub por\u0119czyciel prowadzi dzia\u0142alno\u015b\u0107 gospodarcz\u0105)<\/p><p><a href=\"https:\/\/darsa.pl\/images\/pozyczki\/WSPARCIE\/podjecie\/oswiadczenie_wspolmalzonka_wnioskodawcy_poreczyciela.doc\">O\u015bwiadczenie wsp\u00f3\u0142ma\u0142\u017conka\/i wnioskodawcy\/por\u0119czyciela<\/a><\/p><p><a href=\"https:\/\/darsa.pl\/images\/pozyczki\/WSPARCIE\/podjecie\/regulamin_udzielania_pozyczek.pdf\" target=\"_blank\" rel=\"noopener\">Regulamin udzielania po\u017cyczek<\/a><\/p><p><a href=\"https:\/\/darsa.pl\/images\/pozyczki\/WSPARCIE\/podjecie\/taryfa_oplat.pdf\" target=\"_blank\" rel=\"noopener\">Taryfa op\u0142at i prowizji<\/a><\/p><p><strong>Dodatkowo do wniosku o udzielenie po\u017cyczki nale\u017cy do\u0142\u0105czy\u0107:<\/strong><\/p><ul><li>Kopi\u0119 za\u015bwiadczenia o pomocy<span>\u00a0<\/span><em>de minimis\u00a0<\/em>(dotyczy Wnioskodawcy, kt\u00f3ry otrzyma\u0142 pomoc<span>\u00a0<\/span><em>de minimis<\/em>\u00a0w\u00a0okresie obejmuj\u0105cym bie\u017c\u0105cy rok kalendarzowy i poprzedzaj\u0105ce go dwa lata kalendarzowe), potwierdzon\u0105 za zgodno\u015b\u0107 z orygina\u0142em<\/li><li>Za\u015bwiadczenie z w\u0142a\u015bciwego urz\u0119du skarbowego oraz Zak\u0142adu Ubezpiecze\u0144 Spo\u0142ecznych o niezaleganiu z wp\u0142atami odpowiednich nale\u017cno\u015bci wystawione nie wcze\u015bniej ni\u017c 3 miesi\u0105ce przed dat\u0105 z\u0142o\u017cenia wniosku<\/li><li>Kopi\u0119 odpisu dyplomu potwierdzon\u0105 za zgodno\u015b\u0107 z orygina\u0142em lub za\u015bwiadczenie o uzyskanym wykszta\u0142ceniu (dotyczy absolwenta uczelni lub szko\u0142y \u015bredniej\/zawodowej)\/<br \/>Za\u015bwiadczenie z uczelni o kontynuacji nauki na ostatnim roku studi\u00f3w (dotyczy studenta)\/<br \/>Za\u015bwiadczenie z powiatowego urz\u0119du pracy potwierdzaj\u0105ce posiadanie statusu bezrobotnego (dotyczy bezrobotnego)<\/li><li>Kserokopie dowod\u00f3w osobistych potwierdzonych za zgodno\u015b\u0107 z orygina\u0142em<\/li><li>Kserokopi\u0119 dokumentu potwierdzaj\u0105cego rozdzielno\u015b\u0107 maj\u0105tkow\u0105 (je\u015bli dotyczy)<\/li><li>Za\u015bwiadczenie o osi\u0105ganych dochodach z tytu\u0142u zatrudnienia za ostatnie 3 miesi\u0105ce (dotyczy wsp\u00f3\u0142ma\u0142\u017conka wnioskodawcy, por\u0119czycieli i ich ma\u0142\u017conk\u00f3w)<\/li><li>Kserokopi\u0119 zeznania podatkowego za ubieg\u0142y rok &#8211; PIT, za\u015bwiadczenie z Urz\u0119du Skarbowego o niezaleganiu ze zobowi\u0105zaniami podatkowymi oraz za\u015bwiadczenie z ZUS o niezaleganiu w op\u0142acaniu sk\u0142adek nie starsze ni\u017c 3 miesi\u0105ce (dotyczy os\u00f3b prowadz\u0105cych w\u0142asn\u0105 firm\u0119)<\/li><\/ul><div><p><strong>Po przyznaniu po\u017cyczki wnioskodawca do\u0142\u0105cza nast\u0119puj\u0105ce dokumenty:<\/strong><\/p><p><a href=\"https:\/\/darsa.pl\/images\/pozyczki\/WSPARCIE\/podjecie\/wniosek_pomoc_de_minimis.doc\">Wniosek o udzielenie pomocy de minimis<\/a><\/p><p><a href=\"https:\/\/darsa.pl\/images\/pozyczki\/WSPARCIE\/podjecie\/formularz_informacji_pomoc_de_minimis.xls\">Formularz informacji przedstawianych przy ubieganiu si\u0119 o pomoc de minimis<\/a><\/p><ul><li>Potwierdzenie rejestracji w CEIDG<\/li><li>Potwierdzenie rejestracji w rejestrze REGON<\/li><li>Umow\u0119 na prowadzenie firmowego rachunku bankowego<\/li><li>Dokumenty potwierdzaj\u0105ce ustanowienie stosownych zabezpiecze\u0144<\/li><\/ul><\/div>\t\t\t\t\t\t\t\t<\/div>\n\t\t\t\t<\/div>\n\t\t\t\t\t<\/div>\n\t\t<\/div>\n\t\t\t\t\t<\/div>\n\t\t<\/section>\n\t\t\t\t<section class=\"elementor-section elementor-top-section elementor-element elementor-element-40bbe04a elementor-section-boxed elementor-section-height-default elementor-section-height-default\" data-id=\"40bbe04a\" data-element_type=\"section\" data-e-type=\"section\">\n\t\t\t\t\t\t<div class=\"elementor-container elementor-column-gap-default\">\n\t\t\t\t\t<div class=\"elementor-column elementor-col-50 elementor-top-column elementor-element elementor-element-53f8fb50\" data-id=\"53f8fb50\" data-element_type=\"column\" data-e-type=\"column\">\n\t\t\t<div class=\"elementor-widget-wrap elementor-element-populated\">\n\t\t\t\t\t\t<div class=\"elementor-element elementor-element-8e3c933 elementor-widget elementor-widget-counter\" data-id=\"8e3c933\" data-element_type=\"widget\" data-e-type=\"widget\" data-widget_type=\"counter.default\">\n\t\t\t\t<div class=\"elementor-widget-container\">\n\t\t\t\t\t\t\t<div class=\"elementor-counter\">\n\t\t\t<div class=\"elementor-counter-title\">Kwota udzielonych po\u017cyczek (w PLN)<\/div>\t\t\t<div class=\"elementor-counter-number-wrapper\">\n\t\t\t\t<span class=\"elementor-counter-number-prefix\"><\/span>\n\t\t\t\t<span class=\"elementor-counter-number\" data-duration=\"5000\" data-to-value=\"210689890\" data-from-value=\"0\" data-delimiter=\" \">0<\/span>\n\t\t\t\t<span class=\"elementor-counter-number-suffix\"><\/span>\n\t\t\t<\/div>\n\t\t<\/div>\n\t\t\t\t\t\t<\/div>\n\t\t\t\t<\/div>\n\t\t\t\t\t<\/div>\n\t\t<\/div>\n\t\t\t\t<div class=\"elementor-column elementor-col-50 elementor-top-column elementor-element elementor-element-c3c47af\" data-id=\"c3c47af\" data-element_type=\"column\" data-e-type=\"column\">\n\t\t\t<div class=\"elementor-widget-wrap elementor-element-populated\">\n\t\t\t\t\t\t<div class=\"elementor-element elementor-element-3c19232 elementor-widget elementor-widget-counter\" data-id=\"3c19232\" data-element_type=\"widget\" data-e-type=\"widget\" data-widget_type=\"counter.default\">\n\t\t\t\t<div class=\"elementor-widget-container\">\n\t\t\t\t\t\t\t<div class=\"elementor-counter\">\n\t\t\t<div class=\"elementor-counter-title\">Liczba udzielonych po\u017cyczek<\/div>\t\t\t<div class=\"elementor-counter-number-wrapper\">\n\t\t\t\t<span class=\"elementor-counter-number-prefix\"><\/span>\n\t\t\t\t<span class=\"elementor-counter-number\" data-duration=\"3000\" data-to-value=\"1793\" data-from-value=\"0\" data-delimiter=\" \">0<\/span>\n\t\t\t\t<span class=\"elementor-counter-number-suffix\"><\/span>\n\t\t\t<\/div>\n\t\t<\/div>\n\t\t\t\t\t\t<\/div>\n\t\t\t\t<\/div>\n\t\t\t\t\t<\/div>\n\t\t<\/div>\n\t\t\t\t\t<\/div>\n\t\t<\/section>\n\t\t\t\t<\/div>\n\t\t","protected":false},"excerpt":{"rendered":"<p>Po\u017cyczka na podj\u0119cie dzia\u0142alno\u015bci gospodarczej PO\u017bYCZKA NA PODJ\u0118CIE DZIA\u0141ALNO\u015aCI GOSPODARCZEJ(PO\u017bYCZKA PODSTAWOWA) Warto\u015b\u0107 po\u017cyczki wynosi maksymalnie 20-krotn\u0105 wysoko\u015b\u0107 przeci\u0119tnego wynagrodzenia, obowi\u0105zuj\u0105cego w dniu z\u0142o\u017cenia wniosku o po\u017cyczk\u0119 i nie mo\u017ce by\u0107 wy\u017csza ni\u017c 20-krotno\u015b\u0107 przeci\u0119tnego wynagrodzenia obowi\u0105zuj\u0105cego w dniu podpisania umowy z po\u017cyczkobiorc\u0105 \u2013 aktualnie to oko\u0142o 77 000,00\u00a0z\u0142otych. Maksymalny okres [&hellip;]<\/p>\n","protected":false},"author":1,"featured_media":0,"parent":109,"menu_order":0,"comment_status":"closed","ping_status":"closed","template":"elementor_header_footer","meta":{"footnotes":""},"class_list":["post-111","page","type-page","status-publish","hentry"],"yoast_head":"<!-- This site is optimized with the Yoast SEO plugin v27.3 - https:\/\/yoast.com\/product\/yoast-seo-wordpress\/ -->\n<title>Dzia\u0142dowska Agencja Rozwoju S.A.<\/title>\n<meta name=\"description\" content=\"Wspieranie ma\u0142ych i \u015brednich przedsi\u0119biorstw, edukacja i szkolenia.\" \/>\n<meta name=\"robots\" content=\"index, follow, max-snippet:-1, max-image-preview:large, max-video-preview:-1\" \/>\n<link rel=\"canonical\" href=\"https:\/\/darsa.pl\/www\/projekty\/zrealizowane\/pierwszy-biznes-wsparcie-w-starcie-ii\/pozyczka-na-podjecie-dzialalnosci-gospodarczej\/\" \/>\n<meta property=\"og:locale\" content=\"pl_PL\" \/>\n<meta property=\"og:type\" content=\"article\" \/>\n<meta property=\"og:description\" content=\"Wspieranie ma\u0142ych i \u015brednich przedsi\u0119biorstw, edukacja i szkolenia.\" \/>\n<meta property=\"og:url\" content=\"https:\/\/darsa.pl\/www\/projekty\/zrealizowane\/pierwszy-biznes-wsparcie-w-starcie-ii\/pozyczka-na-podjecie-dzialalnosci-gospodarczej\/\" \/>\n<meta property=\"og:site_name\" content=\"Dzia\u0142dowska Agencja Rozwoju S.A.\" \/>\n<meta property=\"article:modified_time\" content=\"2022-02-15T08:30:58+00:00\" \/>\n<meta property=\"og:image\" content=\"https:\/\/darsa.pl\/www\/wp-content\/uploads\/2020\/07\/og_img3.png\" \/>\n\t<meta property=\"og:image:width\" content=\"1200\" \/>\n\t<meta property=\"og:image:height\" content=\"630\" \/>\n\t<meta property=\"og:image:type\" content=\"image\/png\" \/>\n<meta name=\"twitter:card\" content=\"summary_large_image\" \/>\n<meta name=\"twitter:label1\" content=\"Szacowany czas czytania\" \/>\n\t<meta name=\"twitter:data1\" content=\"4 minuty\" \/>\n<script type=\"application\/ld+json\" class=\"yoast-schema-graph\">{\"@context\":\"https:\\\/\\\/schema.org\",\"@graph\":[{\"@type\":\"WebPage\",\"@id\":\"https:\\\/\\\/darsa.pl\\\/www\\\/projekty\\\/zrealizowane\\\/pierwszy-biznes-wsparcie-w-starcie-ii\\\/pozyczka-na-podjecie-dzialalnosci-gospodarczej\\\/\",\"url\":\"https:\\\/\\\/darsa.pl\\\/www\\\/projekty\\\/zrealizowane\\\/pierwszy-biznes-wsparcie-w-starcie-ii\\\/pozyczka-na-podjecie-dzialalnosci-gospodarczej\\\/\",\"name\":\"\",\"isPartOf\":{\"@id\":\"https:\\\/\\\/darsa.pl\\\/www\\\/#website\"},\"datePublished\":\"2020-06-28T21:11:34+00:00\",\"dateModified\":\"2022-02-15T08:30:58+00:00\",\"description\":\"Wspieranie ma\u0142ych i \u015brednich przedsi\u0119biorstw, edukacja i szkolenia.\",\"breadcrumb\":{\"@id\":\"https:\\\/\\\/darsa.pl\\\/www\\\/projekty\\\/zrealizowane\\\/pierwszy-biznes-wsparcie-w-starcie-ii\\\/pozyczka-na-podjecie-dzialalnosci-gospodarczej\\\/#breadcrumb\"},\"inLanguage\":\"pl-PL\",\"potentialAction\":[{\"@type\":\"ReadAction\",\"target\":[\"https:\\\/\\\/darsa.pl\\\/www\\\/projekty\\\/zrealizowane\\\/pierwszy-biznes-wsparcie-w-starcie-ii\\\/pozyczka-na-podjecie-dzialalnosci-gospodarczej\\\/\"]}]},{\"@type\":\"BreadcrumbList\",\"@id\":\"https:\\\/\\\/darsa.pl\\\/www\\\/projekty\\\/zrealizowane\\\/pierwszy-biznes-wsparcie-w-starcie-ii\\\/pozyczka-na-podjecie-dzialalnosci-gospodarczej\\\/#breadcrumb\",\"itemListElement\":[{\"@type\":\"ListItem\",\"position\":1,\"name\":\"Strona g\u0142\u00f3wna\",\"item\":\"https:\\\/\\\/darsa.pl\\\/www\\\/\"},{\"@type\":\"ListItem\",\"position\":2,\"name\":\"PROJEKTY\",\"item\":\"https:\\\/\\\/darsa.pl\\\/www\\\/projekty\\\/\"},{\"@type\":\"ListItem\",\"position\":3,\"name\":\"ZREALIZOWANE\",\"item\":\"https:\\\/\\\/darsa.pl\\\/www\\\/projekty\\\/zrealizowane\\\/\"},{\"@type\":\"ListItem\",\"position\":4,\"name\":\"PIERWSZY BIZNES &#8211; WSPARCIE W STARCIE II\",\"item\":\"https:\\\/\\\/darsa.pl\\\/www\\\/projekty\\\/zrealizowane\\\/pierwszy-biznes-wsparcie-w-starcie-ii\\\/\"},{\"@type\":\"ListItem\",\"position\":5,\"name\":\"PO\u017bYCZKA NA PODJ\u0118CIE DZIA\u0141ALNO\u015aCI GOSPODARCZEJ\"}]},{\"@type\":\"WebSite\",\"@id\":\"https:\\\/\\\/darsa.pl\\\/www\\\/#website\",\"url\":\"https:\\\/\\\/darsa.pl\\\/www\\\/\",\"name\":\"Dzia\u0142dowska Agencja Rozwoju S.A.\",\"description\":\"Wspieranie ma\u0142ych i \u015brednich przedsi\u0119biorstw, edukacja i szkolenia.\",\"publisher\":{\"@id\":\"https:\\\/\\\/darsa.pl\\\/www\\\/#organization\"},\"potentialAction\":[{\"@type\":\"SearchAction\",\"target\":{\"@type\":\"EntryPoint\",\"urlTemplate\":\"https:\\\/\\\/darsa.pl\\\/www\\\/?s={search_term_string}\"},\"query-input\":{\"@type\":\"PropertyValueSpecification\",\"valueRequired\":true,\"valueName\":\"search_term_string\"}}],\"inLanguage\":\"pl-PL\"},{\"@type\":\"Organization\",\"@id\":\"https:\\\/\\\/darsa.pl\\\/www\\\/#organization\",\"name\":\"Dzia\u0142dowska Agencja Rozwoju S.A.\",\"url\":\"https:\\\/\\\/darsa.pl\\\/www\\\/\",\"logo\":{\"@type\":\"ImageObject\",\"inLanguage\":\"pl-PL\",\"@id\":\"https:\\\/\\\/darsa.pl\\\/www\\\/#\\\/schema\\\/logo\\\/image\\\/\",\"url\":\"https:\\\/\\\/darsa.pl\\\/www\\\/wp-content\\\/uploads\\\/2020\\\/06\\\/logo_h200px.png\",\"contentUrl\":\"https:\\\/\\\/darsa.pl\\\/www\\\/wp-content\\\/uploads\\\/2020\\\/06\\\/logo_h200px.png\",\"width\":856,\"height\":200,\"caption\":\"Dzia\u0142dowska Agencja Rozwoju S.A.\"},\"image\":{\"@id\":\"https:\\\/\\\/darsa.pl\\\/www\\\/#\\\/schema\\\/logo\\\/image\\\/\"}}]}<\/script>\n<!-- \/ Yoast SEO plugin. -->","yoast_head_json":{"title":"Dzia\u0142dowska Agencja Rozwoju S.A.","description":"Wspieranie ma\u0142ych i \u015brednich przedsi\u0119biorstw, edukacja i szkolenia.","robots":{"index":"index","follow":"follow","max-snippet":"max-snippet:-1","max-image-preview":"max-image-preview:large","max-video-preview":"max-video-preview:-1"},"canonical":"https:\/\/darsa.pl\/www\/projekty\/zrealizowane\/pierwszy-biznes-wsparcie-w-starcie-ii\/pozyczka-na-podjecie-dzialalnosci-gospodarczej\/","og_locale":"pl_PL","og_type":"article","og_description":"Wspieranie ma\u0142ych i \u015brednich przedsi\u0119biorstw, edukacja i szkolenia.","og_url":"https:\/\/darsa.pl\/www\/projekty\/zrealizowane\/pierwszy-biznes-wsparcie-w-starcie-ii\/pozyczka-na-podjecie-dzialalnosci-gospodarczej\/","og_site_name":"Dzia\u0142dowska Agencja Rozwoju S.A.","article_modified_time":"2022-02-15T08:30:58+00:00","og_image":[{"width":1200,"height":630,"url":"https:\/\/darsa.pl\/www\/wp-content\/uploads\/2020\/07\/og_img3.png","type":"image\/png"}],"twitter_card":"summary_large_image","twitter_misc":{"Szacowany czas czytania":"4 minuty"},"schema":{"@context":"https:\/\/schema.org","@graph":[{"@type":"WebPage","@id":"https:\/\/darsa.pl\/www\/projekty\/zrealizowane\/pierwszy-biznes-wsparcie-w-starcie-ii\/pozyczka-na-podjecie-dzialalnosci-gospodarczej\/","url":"https:\/\/darsa.pl\/www\/projekty\/zrealizowane\/pierwszy-biznes-wsparcie-w-starcie-ii\/pozyczka-na-podjecie-dzialalnosci-gospodarczej\/","name":"","isPartOf":{"@id":"https:\/\/darsa.pl\/www\/#website"},"datePublished":"2020-06-28T21:11:34+00:00","dateModified":"2022-02-15T08:30:58+00:00","description":"Wspieranie ma\u0142ych i \u015brednich przedsi\u0119biorstw, edukacja i szkolenia.","breadcrumb":{"@id":"https:\/\/darsa.pl\/www\/projekty\/zrealizowane\/pierwszy-biznes-wsparcie-w-starcie-ii\/pozyczka-na-podjecie-dzialalnosci-gospodarczej\/#breadcrumb"},"inLanguage":"pl-PL","potentialAction":[{"@type":"ReadAction","target":["https:\/\/darsa.pl\/www\/projekty\/zrealizowane\/pierwszy-biznes-wsparcie-w-starcie-ii\/pozyczka-na-podjecie-dzialalnosci-gospodarczej\/"]}]},{"@type":"BreadcrumbList","@id":"https:\/\/darsa.pl\/www\/projekty\/zrealizowane\/pierwszy-biznes-wsparcie-w-starcie-ii\/pozyczka-na-podjecie-dzialalnosci-gospodarczej\/#breadcrumb","itemListElement":[{"@type":"ListItem","position":1,"name":"Strona g\u0142\u00f3wna","item":"https:\/\/darsa.pl\/www\/"},{"@type":"ListItem","position":2,"name":"PROJEKTY","item":"https:\/\/darsa.pl\/www\/projekty\/"},{"@type":"ListItem","position":3,"name":"ZREALIZOWANE","item":"https:\/\/darsa.pl\/www\/projekty\/zrealizowane\/"},{"@type":"ListItem","position":4,"name":"PIERWSZY BIZNES &#8211; WSPARCIE W STARCIE II","item":"https:\/\/darsa.pl\/www\/projekty\/zrealizowane\/pierwszy-biznes-wsparcie-w-starcie-ii\/"},{"@type":"ListItem","position":5,"name":"PO\u017bYCZKA NA PODJ\u0118CIE DZIA\u0141ALNO\u015aCI GOSPODARCZEJ"}]},{"@type":"WebSite","@id":"https:\/\/darsa.pl\/www\/#website","url":"https:\/\/darsa.pl\/www\/","name":"Dzia\u0142dowska Agencja Rozwoju S.A.","description":"Wspieranie ma\u0142ych i \u015brednich przedsi\u0119biorstw, edukacja i szkolenia.","publisher":{"@id":"https:\/\/darsa.pl\/www\/#organization"},"potentialAction":[{"@type":"SearchAction","target":{"@type":"EntryPoint","urlTemplate":"https:\/\/darsa.pl\/www\/?s={search_term_string}"},"query-input":{"@type":"PropertyValueSpecification","valueRequired":true,"valueName":"search_term_string"}}],"inLanguage":"pl-PL"},{"@type":"Organization","@id":"https:\/\/darsa.pl\/www\/#organization","name":"Dzia\u0142dowska Agencja Rozwoju S.A.","url":"https:\/\/darsa.pl\/www\/","logo":{"@type":"ImageObject","inLanguage":"pl-PL","@id":"https:\/\/darsa.pl\/www\/#\/schema\/logo\/image\/","url":"https:\/\/darsa.pl\/www\/wp-content\/uploads\/2020\/06\/logo_h200px.png","contentUrl":"https:\/\/darsa.pl\/www\/wp-content\/uploads\/2020\/06\/logo_h200px.png","width":856,"height":200,"caption":"Dzia\u0142dowska Agencja Rozwoju S.A."},"image":{"@id":"https:\/\/darsa.pl\/www\/#\/schema\/logo\/image\/"}}]}},"_links":{"self":[{"href":"https:\/\/darsa.pl\/www\/wp-json\/wp\/v2\/pages\/111","targetHints":{"allow":["GET"]}}],"collection":[{"href":"https:\/\/darsa.pl\/www\/wp-json\/wp\/v2\/pages"}],"about":[{"href":"https:\/\/darsa.pl\/www\/wp-json\/wp\/v2\/types\/page"}],"author":[{"embeddable":true,"href":"https:\/\/darsa.pl\/www\/wp-json\/wp\/v2\/users\/1"}],"replies":[{"embeddable":true,"href":"https:\/\/darsa.pl\/www\/wp-json\/wp\/v2\/comments?post=111"}],"version-history":[{"count":13,"href":"https:\/\/darsa.pl\/www\/wp-json\/wp\/v2\/pages\/111\/revisions"}],"predecessor-version":[{"id":4036,"href":"https:\/\/darsa.pl\/www\/wp-json\/wp\/v2\/pages\/111\/revisions\/4036"}],"up":[{"embeddable":true,"href":"https:\/\/darsa.pl\/www\/wp-json\/wp\/v2\/pages\/109"}],"wp:attachment":[{"href":"https:\/\/darsa.pl\/www\/wp-json\/wp\/v2\/media?parent=111"}],"curies":[{"name":"wp","href":"https:\/\/api.w.org\/{rel}","templated":true}]}}