{"id":109,"date":"2020-06-28T23:10:57","date_gmt":"2020-06-28T21:10:57","guid":{"rendered":"https:\/\/darsa.pl\/www\/?page_id=109"},"modified":"2022-02-15T09:30:46","modified_gmt":"2022-02-15T08:30:46","slug":"pierwszy-biznes-wsparcie-w-starcie-ii","status":"publish","type":"page","link":"https:\/\/darsa.pl\/www\/projekty\/zrealizowane\/pierwszy-biznes-wsparcie-w-starcie-ii\/","title":{"rendered":"PIERWSZY BIZNES &#8211; WSPARCIE W STARCIE II"},"content":{"rendered":"\t\t<div data-elementor-type=\"wp-page\" data-elementor-id=\"109\" class=\"elementor elementor-109\">\n\t\t\t\t\t\t<section class=\"elementor-section elementor-top-section elementor-element elementor-element-66e55b0d elementor-section-boxed elementor-section-height-default elementor-section-height-default\" data-id=\"66e55b0d\" data-element_type=\"section\" data-e-type=\"section\" data-settings=\"{&quot;background_background&quot;:&quot;gradient&quot;}\">\n\t\t\t\t\t\t<div class=\"elementor-container elementor-column-gap-default\">\n\t\t\t\t\t<div class=\"elementor-column elementor-col-100 elementor-top-column elementor-element elementor-element-6648c5e9\" data-id=\"6648c5e9\" data-element_type=\"column\" data-e-type=\"column\">\n\t\t\t<div class=\"elementor-widget-wrap elementor-element-populated\">\n\t\t\t\t\t\t<div class=\"elementor-element elementor-element-36a9be4a elementor-widget elementor-widget-heading\" data-id=\"36a9be4a\" data-element_type=\"widget\" data-e-type=\"widget\" data-widget_type=\"heading.default\">\n\t\t\t\t<div class=\"elementor-widget-container\">\n\t\t\t\t\t<h2 class=\"elementor-heading-title elementor-size-default\">Pierwszy Biznes - Wsparcie w Starcie II<\/h2>\t\t\t\t<\/div>\n\t\t\t\t<\/div>\n\t\t\t\t\t<\/div>\n\t\t<\/div>\n\t\t\t\t\t<\/div>\n\t\t<\/section>\n\t\t\t\t<section class=\"elementor-section elementor-top-section elementor-element elementor-element-4278d186 elementor-section-boxed elementor-section-height-default elementor-section-height-default\" data-id=\"4278d186\" data-element_type=\"section\" data-e-type=\"section\">\n\t\t\t\t\t\t<div class=\"elementor-container elementor-column-gap-default\">\n\t\t\t\t\t<div class=\"elementor-column elementor-col-100 elementor-top-column elementor-element elementor-element-16dcfe82\" data-id=\"16dcfe82\" data-element_type=\"column\" data-e-type=\"column\">\n\t\t\t<div class=\"elementor-widget-wrap elementor-element-populated\">\n\t\t\t\t\t\t<div class=\"elementor-element elementor-element-20dccc58 elementor-widget elementor-widget-text-editor\" data-id=\"20dccc58\" data-element_type=\"widget\" data-e-type=\"widget\" data-widget_type=\"text-editor.default\">\n\t\t\t\t<div class=\"elementor-widget-container\">\n\t\t\t\t\t\t\t\t\t<p style=\"text-align: center;\"><span><strong>&#8222;Pierwszy biznes &#8211; Wsparcie w starcie II&#8221;<\/strong><\/span><\/p><p><span>Dzia\u0142dowska Agencja Rozwoju S.A. informuje, i\u017c jako Cz\u0142onek Konsorcjum realizuje rz\u0105dowy projekt\u00a0<strong>&#8222;Pierwszy biznes &#8211; Wsparcie w starcie II&#8221;<\/strong>\u00a0na terenie wojew\u00f3dztwa warmi\u0144sko-mazurskiego, podlaskiego oraz powiatu m\u0142awskiego i \u017curomi\u0144skiego. Rz\u0105dowy Program \u201ePierwszy biznes \u2013 Wsparcie w\u00a0starcie II&#8221; realizowany jest przez jedyny pa\u0144stwowy bank w\u00a0Polsce \u2013 Bank Gospodarstwa Krajowego. Inicjatorem Programu jest Minister Pracy i\u00a0Polityki Spo\u0142ecznej, na zlecenie kt\u00f3rego BGK b\u0119dzie zarz\u0105dza\u0107 Programem przez ca\u0142y okres jego funkcjonowania.\u00a0\u015arodki na realizacj\u0119 Programu pochodz\u0105 z\u00a0Funduszu Pracy, na podstawie znowelizowanej w\u00a02014\u00a0r. ustawy o\u00a0promocji zatrudnienia i\u00a0instytucjach rynku pracy.<\/span><\/p><p><span>Celem Programu jest rozw\u00f3j przedsi\u0119biorczo\u015bci oraz tworzenie nowych miejsc pracy jako element\u00f3w rozwoju rynku pracy, a tak\u017ce przeciwdzia\u0142anie bezrobociu &#8211; poprzez udzielanie niskooprocentowanych po\u017cyczek na podejmowanie dzia\u0142alno\u015bci gospodarczej oraz tworzenie nowych miejsc pracy dla os\u00f3b bezrobotnych.<\/span><\/p><p><span>Projekt skierowany jest do os\u00f3b bezrobotnych, niezatrudnionych oraz niewykonuj\u0105cych innej pracy zarobkowej student\u00f3w ostatniego roku studi\u00f3w wy\u017cszych tj. licencjackich i magisterskich oraz absolwent\u00f3w szk\u00f3\u0142 \u015brednich i wy\u017cszych tj. I i II stopnia oraz jednolitych studi\u00f3w magisterskich w okresie 48 miesi\u0119cy od dnia otrzymania dyplomu. Przedsi\u0119biorcy natomiast mog\u0105 ubiega\u0107 si\u0119 o po\u017cyczk\u0119 na tworzenie nowych miejsc pracy dla os\u00f3b bezrobotnych.<\/span><\/p><p><\/p><p><span>Oferowane wsparcie w ramach programu<strong>\u00a0\u201ePierwszy biznes &#8211; Wsparcie w starcie II&#8221;:<\/strong><\/span><\/p><ul><li><span><a href=\"https:\/\/darsa.pl\/www\/projekty\/zrealizowane\/pierwszy-biznes-wsparcie-w-starcie-ii\/pozyczka-na-podjecie-dzialalnosci-gospodarczej\/\" rel=\"alternate\">Po\u017cyczka na podj\u0119cie dzia\u0142alno\u015bci gospodarczej<\/a>\u00a0(po\u017cyczka podstawowa),<\/span><\/li><li><span><a href=\"https:\/\/darsa.pl\/projekty\/zrealizowane\/pierwszy-biznes-wsparcie-w-starcie-2\/pozyczka-na-utworzenie-stanowiska-pracy\" rel=\"alternate\">Po\u017cyczka na utworzenie stanowiska pracy.<\/a><\/span><\/li><\/ul>\t\t\t\t\t\t\t\t<\/div>\n\t\t\t\t<\/div>\n\t\t\t\t\t<\/div>\n\t\t<\/div>\n\t\t\t\t\t<\/div>\n\t\t<\/section>\n\t\t\t\t<section class=\"elementor-section elementor-top-section elementor-element elementor-element-6cdcc583 elementor-section-boxed elementor-section-height-default elementor-section-height-default\" data-id=\"6cdcc583\" data-element_type=\"section\" data-e-type=\"section\">\n\t\t\t\t\t\t<div class=\"elementor-container elementor-column-gap-default\">\n\t\t\t\t\t<div class=\"elementor-column elementor-col-50 elementor-top-column elementor-element elementor-element-4a42486a\" data-id=\"4a42486a\" data-element_type=\"column\" data-e-type=\"column\">\n\t\t\t<div class=\"elementor-widget-wrap elementor-element-populated\">\n\t\t\t\t\t\t<div class=\"elementor-element elementor-element-722994a0 elementor-widget elementor-widget-counter\" data-id=\"722994a0\" data-element_type=\"widget\" data-e-type=\"widget\" data-widget_type=\"counter.default\">\n\t\t\t\t<div class=\"elementor-widget-container\">\n\t\t\t\t\t\t\t<div class=\"elementor-counter\">\n\t\t\t<div class=\"elementor-counter-title\">Kwota udzielonych po\u017cyczek (w PLN)<\/div>\t\t\t<div class=\"elementor-counter-number-wrapper\">\n\t\t\t\t<span class=\"elementor-counter-number-prefix\"><\/span>\n\t\t\t\t<span class=\"elementor-counter-number\" data-duration=\"5000\" data-to-value=\"210689890\" data-from-value=\"0\" data-delimiter=\" \">0<\/span>\n\t\t\t\t<span class=\"elementor-counter-number-suffix\"><\/span>\n\t\t\t<\/div>\n\t\t<\/div>\n\t\t\t\t\t\t<\/div>\n\t\t\t\t<\/div>\n\t\t\t\t\t<\/div>\n\t\t<\/div>\n\t\t\t\t<div class=\"elementor-column elementor-col-50 elementor-top-column elementor-element elementor-element-19a75a30\" data-id=\"19a75a30\" data-element_type=\"column\" data-e-type=\"column\">\n\t\t\t<div class=\"elementor-widget-wrap elementor-element-populated\">\n\t\t\t\t\t\t<div class=\"elementor-element elementor-element-4e6e071b elementor-widget elementor-widget-counter\" data-id=\"4e6e071b\" data-element_type=\"widget\" data-e-type=\"widget\" data-widget_type=\"counter.default\">\n\t\t\t\t<div class=\"elementor-widget-container\">\n\t\t\t\t\t\t\t<div class=\"elementor-counter\">\n\t\t\t<div class=\"elementor-counter-title\">Liczba udzielonych po\u017cyczek<\/div>\t\t\t<div class=\"elementor-counter-number-wrapper\">\n\t\t\t\t<span class=\"elementor-counter-number-prefix\"><\/span>\n\t\t\t\t<span class=\"elementor-counter-number\" data-duration=\"3000\" data-to-value=\"1793\" data-from-value=\"0\" data-delimiter=\" \">0<\/span>\n\t\t\t\t<span class=\"elementor-counter-number-suffix\"><\/span>\n\t\t\t<\/div>\n\t\t<\/div>\n\t\t\t\t\t\t<\/div>\n\t\t\t\t<\/div>\n\t\t\t\t\t<\/div>\n\t\t<\/div>\n\t\t\t\t\t<\/div>\n\t\t<\/section>\n\t\t\t\t<\/div>\n\t\t","protected":false},"excerpt":{"rendered":"<p>Pierwszy Biznes &#8211; Wsparcie w Starcie II &#8222;Pierwszy biznes &#8211; Wsparcie w starcie II&#8221; Dzia\u0142dowska Agencja Rozwoju S.A. informuje, i\u017c jako Cz\u0142onek Konsorcjum realizuje rz\u0105dowy projekt\u00a0&#8222;Pierwszy biznes &#8211; Wsparcie w starcie II&#8221;\u00a0na terenie wojew\u00f3dztwa warmi\u0144sko-mazurskiego, podlaskiego oraz powiatu m\u0142awskiego i \u017curomi\u0144skiego. Rz\u0105dowy Program \u201ePierwszy biznes \u2013 Wsparcie w\u00a0starcie II&#8221; realizowany [&hellip;]<\/p>\n","protected":false},"author":1,"featured_media":0,"parent":94,"menu_order":5,"comment_status":"closed","ping_status":"closed","template":"elementor_header_footer","meta":{"footnotes":""},"class_list":["post-109","page","type-page","status-publish","hentry"],"yoast_head":"<!-- This site is optimized with the Yoast SEO plugin v27.3 - https:\/\/yoast.com\/product\/yoast-seo-wordpress\/ -->\n<title>Dzia\u0142dowska Agencja Rozwoju S.A.<\/title>\n<meta name=\"description\" content=\"Wspieranie ma\u0142ych i \u015brednich przedsi\u0119biorstw, edukacja i szkolenia.\" \/>\n<meta name=\"robots\" content=\"index, follow, max-snippet:-1, max-image-preview:large, max-video-preview:-1\" \/>\n<link rel=\"canonical\" href=\"https:\/\/darsa.pl\/www\/projekty\/zrealizowane\/pierwszy-biznes-wsparcie-w-starcie-ii\/\" \/>\n<meta property=\"og:locale\" content=\"pl_PL\" \/>\n<meta property=\"og:type\" content=\"article\" \/>\n<meta property=\"og:description\" content=\"Wspieranie ma\u0142ych i \u015brednich przedsi\u0119biorstw, edukacja i szkolenia.\" \/>\n<meta property=\"og:url\" content=\"https:\/\/darsa.pl\/www\/projekty\/zrealizowane\/pierwszy-biznes-wsparcie-w-starcie-ii\/\" \/>\n<meta property=\"og:site_name\" content=\"Dzia\u0142dowska Agencja Rozwoju S.A.\" \/>\n<meta property=\"article:modified_time\" content=\"2022-02-15T08:30:46+00:00\" \/>\n<meta property=\"og:image\" content=\"https:\/\/darsa.pl\/www\/wp-content\/uploads\/2020\/07\/og_img3.png\" \/>\n\t<meta property=\"og:image:width\" content=\"1200\" \/>\n\t<meta property=\"og:image:height\" content=\"630\" \/>\n\t<meta property=\"og:image:type\" content=\"image\/png\" \/>\n<meta name=\"twitter:card\" content=\"summary_large_image\" \/>\n<meta name=\"twitter:label1\" content=\"Szacowany czas czytania\" \/>\n\t<meta name=\"twitter:data1\" content=\"2 minuty\" \/>\n<script type=\"application\/ld+json\" class=\"yoast-schema-graph\">{\"@context\":\"https:\\\/\\\/schema.org\",\"@graph\":[{\"@type\":\"WebPage\",\"@id\":\"https:\\\/\\\/darsa.pl\\\/www\\\/projekty\\\/zrealizowane\\\/pierwszy-biznes-wsparcie-w-starcie-ii\\\/\",\"url\":\"https:\\\/\\\/darsa.pl\\\/www\\\/projekty\\\/zrealizowane\\\/pierwszy-biznes-wsparcie-w-starcie-ii\\\/\",\"name\":\"\",\"isPartOf\":{\"@id\":\"https:\\\/\\\/darsa.pl\\\/www\\\/#website\"},\"datePublished\":\"2020-06-28T21:10:57+00:00\",\"dateModified\":\"2022-02-15T08:30:46+00:00\",\"description\":\"Wspieranie ma\u0142ych i \u015brednich przedsi\u0119biorstw, edukacja i szkolenia.\",\"breadcrumb\":{\"@id\":\"https:\\\/\\\/darsa.pl\\\/www\\\/projekty\\\/zrealizowane\\\/pierwszy-biznes-wsparcie-w-starcie-ii\\\/#breadcrumb\"},\"inLanguage\":\"pl-PL\",\"potentialAction\":[{\"@type\":\"ReadAction\",\"target\":[\"https:\\\/\\\/darsa.pl\\\/www\\\/projekty\\\/zrealizowane\\\/pierwszy-biznes-wsparcie-w-starcie-ii\\\/\"]}]},{\"@type\":\"BreadcrumbList\",\"@id\":\"https:\\\/\\\/darsa.pl\\\/www\\\/projekty\\\/zrealizowane\\\/pierwszy-biznes-wsparcie-w-starcie-ii\\\/#breadcrumb\",\"itemListElement\":[{\"@type\":\"ListItem\",\"position\":1,\"name\":\"Strona g\u0142\u00f3wna\",\"item\":\"https:\\\/\\\/darsa.pl\\\/www\\\/\"},{\"@type\":\"ListItem\",\"position\":2,\"name\":\"PROJEKTY\",\"item\":\"https:\\\/\\\/darsa.pl\\\/www\\\/projekty\\\/\"},{\"@type\":\"ListItem\",\"position\":3,\"name\":\"ZREALIZOWANE\",\"item\":\"https:\\\/\\\/darsa.pl\\\/www\\\/projekty\\\/zrealizowane\\\/\"},{\"@type\":\"ListItem\",\"position\":4,\"name\":\"PIERWSZY BIZNES &#8211; WSPARCIE W STARCIE II\"}]},{\"@type\":\"WebSite\",\"@id\":\"https:\\\/\\\/darsa.pl\\\/www\\\/#website\",\"url\":\"https:\\\/\\\/darsa.pl\\\/www\\\/\",\"name\":\"Dzia\u0142dowska Agencja Rozwoju S.A.\",\"description\":\"Wspieranie ma\u0142ych i \u015brednich przedsi\u0119biorstw, edukacja i szkolenia.\",\"publisher\":{\"@id\":\"https:\\\/\\\/darsa.pl\\\/www\\\/#organization\"},\"potentialAction\":[{\"@type\":\"SearchAction\",\"target\":{\"@type\":\"EntryPoint\",\"urlTemplate\":\"https:\\\/\\\/darsa.pl\\\/www\\\/?s={search_term_string}\"},\"query-input\":{\"@type\":\"PropertyValueSpecification\",\"valueRequired\":true,\"valueName\":\"search_term_string\"}}],\"inLanguage\":\"pl-PL\"},{\"@type\":\"Organization\",\"@id\":\"https:\\\/\\\/darsa.pl\\\/www\\\/#organization\",\"name\":\"Dzia\u0142dowska Agencja Rozwoju S.A.\",\"url\":\"https:\\\/\\\/darsa.pl\\\/www\\\/\",\"logo\":{\"@type\":\"ImageObject\",\"inLanguage\":\"pl-PL\",\"@id\":\"https:\\\/\\\/darsa.pl\\\/www\\\/#\\\/schema\\\/logo\\\/image\\\/\",\"url\":\"https:\\\/\\\/darsa.pl\\\/www\\\/wp-content\\\/uploads\\\/2020\\\/06\\\/logo_h200px.png\",\"contentUrl\":\"https:\\\/\\\/darsa.pl\\\/www\\\/wp-content\\\/uploads\\\/2020\\\/06\\\/logo_h200px.png\",\"width\":856,\"height\":200,\"caption\":\"Dzia\u0142dowska Agencja Rozwoju S.A.\"},\"image\":{\"@id\":\"https:\\\/\\\/darsa.pl\\\/www\\\/#\\\/schema\\\/logo\\\/image\\\/\"}}]}<\/script>\n<!-- \/ Yoast SEO plugin. -->","yoast_head_json":{"title":"Dzia\u0142dowska Agencja Rozwoju S.A.","description":"Wspieranie ma\u0142ych i \u015brednich przedsi\u0119biorstw, edukacja i szkolenia.","robots":{"index":"index","follow":"follow","max-snippet":"max-snippet:-1","max-image-preview":"max-image-preview:large","max-video-preview":"max-video-preview:-1"},"canonical":"https:\/\/darsa.pl\/www\/projekty\/zrealizowane\/pierwszy-biznes-wsparcie-w-starcie-ii\/","og_locale":"pl_PL","og_type":"article","og_description":"Wspieranie ma\u0142ych i \u015brednich przedsi\u0119biorstw, edukacja i szkolenia.","og_url":"https:\/\/darsa.pl\/www\/projekty\/zrealizowane\/pierwszy-biznes-wsparcie-w-starcie-ii\/","og_site_name":"Dzia\u0142dowska Agencja Rozwoju S.A.","article_modified_time":"2022-02-15T08:30:46+00:00","og_image":[{"width":1200,"height":630,"url":"https:\/\/darsa.pl\/www\/wp-content\/uploads\/2020\/07\/og_img3.png","type":"image\/png"}],"twitter_card":"summary_large_image","twitter_misc":{"Szacowany czas czytania":"2 minuty"},"schema":{"@context":"https:\/\/schema.org","@graph":[{"@type":"WebPage","@id":"https:\/\/darsa.pl\/www\/projekty\/zrealizowane\/pierwszy-biznes-wsparcie-w-starcie-ii\/","url":"https:\/\/darsa.pl\/www\/projekty\/zrealizowane\/pierwszy-biznes-wsparcie-w-starcie-ii\/","name":"","isPartOf":{"@id":"https:\/\/darsa.pl\/www\/#website"},"datePublished":"2020-06-28T21:10:57+00:00","dateModified":"2022-02-15T08:30:46+00:00","description":"Wspieranie ma\u0142ych i \u015brednich przedsi\u0119biorstw, edukacja i szkolenia.","breadcrumb":{"@id":"https:\/\/darsa.pl\/www\/projekty\/zrealizowane\/pierwszy-biznes-wsparcie-w-starcie-ii\/#breadcrumb"},"inLanguage":"pl-PL","potentialAction":[{"@type":"ReadAction","target":["https:\/\/darsa.pl\/www\/projekty\/zrealizowane\/pierwszy-biznes-wsparcie-w-starcie-ii\/"]}]},{"@type":"BreadcrumbList","@id":"https:\/\/darsa.pl\/www\/projekty\/zrealizowane\/pierwszy-biznes-wsparcie-w-starcie-ii\/#breadcrumb","itemListElement":[{"@type":"ListItem","position":1,"name":"Strona g\u0142\u00f3wna","item":"https:\/\/darsa.pl\/www\/"},{"@type":"ListItem","position":2,"name":"PROJEKTY","item":"https:\/\/darsa.pl\/www\/projekty\/"},{"@type":"ListItem","position":3,"name":"ZREALIZOWANE","item":"https:\/\/darsa.pl\/www\/projekty\/zrealizowane\/"},{"@type":"ListItem","position":4,"name":"PIERWSZY BIZNES &#8211; WSPARCIE W STARCIE II"}]},{"@type":"WebSite","@id":"https:\/\/darsa.pl\/www\/#website","url":"https:\/\/darsa.pl\/www\/","name":"Dzia\u0142dowska Agencja Rozwoju S.A.","description":"Wspieranie ma\u0142ych i \u015brednich przedsi\u0119biorstw, edukacja i szkolenia.","publisher":{"@id":"https:\/\/darsa.pl\/www\/#organization"},"potentialAction":[{"@type":"SearchAction","target":{"@type":"EntryPoint","urlTemplate":"https:\/\/darsa.pl\/www\/?s={search_term_string}"},"query-input":{"@type":"PropertyValueSpecification","valueRequired":true,"valueName":"search_term_string"}}],"inLanguage":"pl-PL"},{"@type":"Organization","@id":"https:\/\/darsa.pl\/www\/#organization","name":"Dzia\u0142dowska Agencja Rozwoju S.A.","url":"https:\/\/darsa.pl\/www\/","logo":{"@type":"ImageObject","inLanguage":"pl-PL","@id":"https:\/\/darsa.pl\/www\/#\/schema\/logo\/image\/","url":"https:\/\/darsa.pl\/www\/wp-content\/uploads\/2020\/06\/logo_h200px.png","contentUrl":"https:\/\/darsa.pl\/www\/wp-content\/uploads\/2020\/06\/logo_h200px.png","width":856,"height":200,"caption":"Dzia\u0142dowska Agencja Rozwoju S.A."},"image":{"@id":"https:\/\/darsa.pl\/www\/#\/schema\/logo\/image\/"}}]}},"_links":{"self":[{"href":"https:\/\/darsa.pl\/www\/wp-json\/wp\/v2\/pages\/109","targetHints":{"allow":["GET"]}}],"collection":[{"href":"https:\/\/darsa.pl\/www\/wp-json\/wp\/v2\/pages"}],"about":[{"href":"https:\/\/darsa.pl\/www\/wp-json\/wp\/v2\/types\/page"}],"author":[{"embeddable":true,"href":"https:\/\/darsa.pl\/www\/wp-json\/wp\/v2\/users\/1"}],"replies":[{"embeddable":true,"href":"https:\/\/darsa.pl\/www\/wp-json\/wp\/v2\/comments?post=109"}],"version-history":[{"count":14,"href":"https:\/\/darsa.pl\/www\/wp-json\/wp\/v2\/pages\/109\/revisions"}],"predecessor-version":[{"id":4147,"href":"https:\/\/darsa.pl\/www\/wp-json\/wp\/v2\/pages\/109\/revisions\/4147"}],"up":[{"embeddable":true,"href":"https:\/\/darsa.pl\/www\/wp-json\/wp\/v2\/pages\/94"}],"wp:attachment":[{"href":"https:\/\/darsa.pl\/www\/wp-json\/wp\/v2\/media?parent=109"}],"curies":[{"name":"wp","href":"https:\/\/api.w.org\/{rel}","templated":true}]}}