{"id":106,"date":"2020-06-28T23:08:42","date_gmt":"2020-06-28T21:08:42","guid":{"rendered":"https:\/\/darsa.pl\/www\/?page_id=106"},"modified":"2022-02-15T09:30:36","modified_gmt":"2022-02-15T08:30:36","slug":"pozyczki-polska-wschodnia","status":"publish","type":"page","link":"https:\/\/darsa.pl\/www\/projekty\/zrealizowane\/pozyczki-polska-wschodnia\/","title":{"rendered":"PO\u017bYCZKI POLSKA WSCHODNIA"},"content":{"rendered":"\t\t<div data-elementor-type=\"wp-page\" data-elementor-id=\"106\" class=\"elementor elementor-106\">\n\t\t\t\t\t\t<section class=\"elementor-section elementor-top-section elementor-element elementor-element-57d565ea elementor-section-boxed elementor-section-height-default elementor-section-height-default\" data-id=\"57d565ea\" data-element_type=\"section\" data-e-type=\"section\" data-settings=\"{&quot;background_background&quot;:&quot;gradient&quot;}\">\n\t\t\t\t\t\t<div class=\"elementor-container elementor-column-gap-default\">\n\t\t\t\t\t<div class=\"elementor-column elementor-col-100 elementor-top-column elementor-element elementor-element-31eeb4e\" data-id=\"31eeb4e\" data-element_type=\"column\" data-e-type=\"column\">\n\t\t\t<div class=\"elementor-widget-wrap elementor-element-populated\">\n\t\t\t\t\t\t<div class=\"elementor-element elementor-element-47f1eb1e elementor-widget elementor-widget-heading\" data-id=\"47f1eb1e\" data-element_type=\"widget\" data-e-type=\"widget\" data-widget_type=\"heading.default\">\n\t\t\t\t<div class=\"elementor-widget-container\">\n\t\t\t\t\t<h2 class=\"elementor-heading-title elementor-size-default\">Po\u017cyczki Polska Wschodnia<\/h2>\t\t\t\t<\/div>\n\t\t\t\t<\/div>\n\t\t\t\t\t<\/div>\n\t\t<\/div>\n\t\t\t\t\t<\/div>\n\t\t<\/section>\n\t\t\t\t<section class=\"elementor-section elementor-top-section elementor-element elementor-element-63286255 elementor-section-boxed elementor-section-height-default elementor-section-height-default\" data-id=\"63286255\" data-element_type=\"section\" data-e-type=\"section\">\n\t\t\t\t\t\t<div class=\"elementor-container elementor-column-gap-default\">\n\t\t\t\t\t<div class=\"elementor-column elementor-col-100 elementor-top-column elementor-element elementor-element-3f18d5de\" data-id=\"3f18d5de\" data-element_type=\"column\" data-e-type=\"column\">\n\t\t\t<div class=\"elementor-widget-wrap elementor-element-populated\">\n\t\t\t\t\t\t<div class=\"elementor-element elementor-element-2965f033 elementor-widget elementor-widget-text-editor\" data-id=\"2965f033\" data-element_type=\"widget\" data-e-type=\"widget\" data-widget_type=\"text-editor.default\">\n\t\t\t\t<div class=\"elementor-widget-container\">\n\t\t\t\t\t\t\t\t\t<p align=\"center\"><em>\u201eFundusze Europejskie \u2013 dla rozwoju Polski Wschodniej\u201d<\/em><\/p><p align=\"center\"><em>Projekt wsp\u00f3\u0142finansowany ze \u015brodk\u00f3w Europejskiego Funduszu Rozwoju Regionalnego oraz bud\u017cetu pa\u0144stwa w ramach Programu Operacyjnego Rozw\u00f3j Polski Wschodniej 2007 &#8211; 2013<\/em><\/p><p><\/p><p style=\"text-align: center;\"><strong><span>NAB\u00d3R WNIOSK\u00d3W DO PROJEKTU ZOSTA\u0141 ZAKO\u0143CZONY<\/span><\/strong><span>\u00a0<\/span><\/p><p>Po\u017cyczki s\u0105 udzielane w ramach <strong><a href=\"http:\/\/www.polskawschodnia.gov.pl\/\" target=\"_blank\" rel=\"noopener\">Programu Operacyjnego Rozw\u00f3j Polski Wschodniej 2007 &#8211; 2013 <\/a><\/strong>w oparciu o<span>\u00a0<\/span><strong>Umow\u0119 Operacyjn\u0105 &#8211; Po\u017cyczka Globalna nr 1\/PG\/POPW\/2012\/02<\/strong><span>\u00a0<\/span>zawart\u0105 pomi\u0119dzy<span>\u00a0<\/span><strong>Bankiem Gospodarstwa Krajowego<\/strong><span>\u00a0<\/span>jako<span>\u00a0<\/span><strong>Beneficjentem Projektu &#8222;Repor\u0119czenia i po\u017cyczki szans\u0105 na zwi\u0119kszenie finansowania zewn\u0119trznego MSP. Instrumenty wsparcia funduszy por\u0119czeniowych i po\u017cyczkowych w Polsce Wschodniej&#8221;<\/strong><span>\u00a0<\/span>w ramach<span>\u00a0<\/span><strong>Dzia\u0142ania I.2 Instrumenty in\u017cynierii finansowej Programu Operacyjnego Rozw\u00f3j Polski Wschodniej 2007 &#8211; 2013 a Dzia\u0142dowsk\u0105 Agencj\u0105 Rozwoju S.A.<\/strong><span>\u00a0<\/span>jako<span>\u00a0<\/span><strong>Po\u015brednikiem Finansowym<\/strong>.<\/p><p><span style=\"text-decoration: underline;\"><strong>dla kogo:<\/strong><\/span><\/p><ul><li>mikro, mali i \u015bredni przedsi\u0119biorcy<\/li><li>osoby rozpoczynaj\u0105ce dzia\u0142alno\u015b\u0107 gospodarcz\u0105<\/li><\/ul><p align=\"center\" style=\"text-align: left;\"><span>zarejestrowani, posiadaj\u0105cy siedzib\u0119 i prowadz\u0105cy dzia\u0142alno\u015b\u0107 gospodarcz\u0105 na terenie obszaru Polski Wschodniej<\/span><\/p><p align=\"center\">\u00a0<\/p><p><span style=\"text-decoration: underline;\"><strong>kwota:<\/strong><\/span><\/p><p><span>maksymalna kwota po\u017cyczki\u00a0<\/span><strong>300 000z\u0142<\/strong><\/p><p>\u00a0<\/p><p><span style=\"text-decoration: underline;\"><strong>oprocentowanie:<\/strong><\/span><\/p><p>sta\u0142e od<span>\u00a0<\/span><strong>3,5%<\/strong><span>\u00a0<\/span>do 6,<strong>8%<\/strong><span>\u00a0<\/span>w stosunku rocznym<\/p><p>\u00a0<\/p><p><span style=\"text-decoration: underline;\"><strong>okres sp\u0142aty:<\/strong><\/span><\/p><p>maksymalny okres finansowania 5 lat, dopuszczalny okres karencji w sp\u0142acie kapita\u0142u wynosi 3 miesi\u0105ce, a w szczeg\u00f3lnych przypadkach 6 miesi\u0119cy<\/p><p>\u00a0<\/p><p><span style=\"text-decoration: underline;\"><strong>koszty kwalifikowane do finansowania ze \u015brodk\u00f3w z po\u017cyczki:<\/strong><\/span><\/p><p>s\u0105 \u015bci\u015ble zwi\u0105zane z celami przedsi\u0119wzi\u0119cia i stanowi\u0105 wydatki w kwotach brutto\/netto (w zale\u017cno\u015bci od sposobu rozliczania) na:<\/p><ul><li>finansowanie inwestycji polegaj\u0105cych m.in. na zakupie, budowie lub modernizacji obiekt\u00f3w produkcyjno &#8211; us\u0142ugowo &#8211; handlowych<\/li><li>tworzenie nowych miejsc pracy<\/li><li>wdra\u017canie nowych rozwi\u0105za\u0144 technicznych lub technologicznych<\/li><li>zakup wyposa\u017cenia w maszyny, urz\u0105dzenia, aparaty w tym tak\u017ce zakup \u015brodk\u00f3w transportu bezpo\u015brednio zwi\u0105zanych z celem realizowanego przedsi\u0119wzi\u0119cia<\/li><li><span>oraz inne cele gospodarcze przyczyniaj\u0105ce si\u0119 do rozwoju M\u015aP<\/span><\/li><\/ul><p><span style=\"text-decoration: underline;\"><strong>rozliczenie po\u017cyczki:<\/strong><\/span><\/p><p><span>po\u017cyczk\u0119 nale\u017cy wykorzysta\u0107 zgodnie z celem na kt\u00f3ry zosta\u0142a udzielona i udokumentowa\u0107 wydatki, tzn. przedstawi\u0107 dokumenty zakupu w terminie 30 dni od daty uruchomienia<\/span><\/p><p>\u00a0<\/p><p><span style=\"text-decoration: underline;\"><strong>rodzaje zabezpiecze\u0144:<\/strong><\/span><\/p><ul><li>por\u0119czenie wekslowe os\u00f3b fizycznych<\/li><li>por\u0119czenie funduszu por\u0119czeniowego<\/li><li>przew\u0142aszczenie rzeczy ruchomych<\/li><li>cesja praw z polisy ubezpieczeniowej<\/li><li>hipoteka na nieruchomo\u015bci w postaci aktu notarialnego<\/li><li>cesja praw z polisy ubezpieczenia nieruchomo\u015bci<\/li><li>inne dopuszczone przez kodeks cywilny akceptowane przez DAR S.A.<\/li><\/ul><p><span><strong>Za\u0142\u0105czniki do pobrania<\/strong> \/wnioskowanie o po\u017cyczk\u0119\/:<\/span><\/p><ul><li><a title=\"Kliknij aby pobra\u0107 plik\" href=\"http:\/\/www.darsa.pl\/images\/pozyczki\/PW\/regulamin.pdf\" target=\"_blank\" rel=\"noopener\">Regulamin funduszu po\u017cyczkowego<\/a><\/li><li><a title=\"Kliknij aby pobra\u0107 plik\" href=\"http:\/\/www.darsa.pl\/images\/pozyczki\/PW\/tabela.pdf\" target=\"_blank\" rel=\"noopener\">Tabela op\u0142at i prowizji<\/a><\/li><\/ul>\t\t\t\t\t\t\t\t<\/div>\n\t\t\t\t<\/div>\n\t\t\t\t\t<\/div>\n\t\t<\/div>\n\t\t\t\t\t<\/div>\n\t\t<\/section>\n\t\t\t\t<section class=\"elementor-section elementor-top-section elementor-element elementor-element-224791d3 elementor-section-boxed elementor-section-height-default elementor-section-height-default\" data-id=\"224791d3\" data-element_type=\"section\" data-e-type=\"section\">\n\t\t\t\t\t\t<div class=\"elementor-container elementor-column-gap-default\">\n\t\t\t\t\t<div class=\"elementor-column elementor-col-50 elementor-top-column elementor-element elementor-element-6f89d365\" data-id=\"6f89d365\" data-element_type=\"column\" data-e-type=\"column\">\n\t\t\t<div class=\"elementor-widget-wrap elementor-element-populated\">\n\t\t\t\t\t\t<div class=\"elementor-element elementor-element-6cde120b elementor-widget elementor-widget-counter\" data-id=\"6cde120b\" data-element_type=\"widget\" data-e-type=\"widget\" data-widget_type=\"counter.default\">\n\t\t\t\t<div class=\"elementor-widget-container\">\n\t\t\t\t\t\t\t<div class=\"elementor-counter\">\n\t\t\t<div class=\"elementor-counter-title\">Kwota udzielonych po\u017cyczek (w PLN)<\/div>\t\t\t<div class=\"elementor-counter-number-wrapper\">\n\t\t\t\t<span class=\"elementor-counter-number-prefix\"><\/span>\n\t\t\t\t<span class=\"elementor-counter-number\" data-duration=\"5000\" data-to-value=\"210689890\" data-from-value=\"0\" data-delimiter=\" \">0<\/span>\n\t\t\t\t<span class=\"elementor-counter-number-suffix\"><\/span>\n\t\t\t<\/div>\n\t\t<\/div>\n\t\t\t\t\t\t<\/div>\n\t\t\t\t<\/div>\n\t\t\t\t\t<\/div>\n\t\t<\/div>\n\t\t\t\t<div class=\"elementor-column elementor-col-50 elementor-top-column elementor-element elementor-element-518d6550\" data-id=\"518d6550\" data-element_type=\"column\" data-e-type=\"column\">\n\t\t\t<div class=\"elementor-widget-wrap elementor-element-populated\">\n\t\t\t\t\t\t<div class=\"elementor-element elementor-element-40d10462 elementor-widget elementor-widget-counter\" data-id=\"40d10462\" data-element_type=\"widget\" data-e-type=\"widget\" data-widget_type=\"counter.default\">\n\t\t\t\t<div class=\"elementor-widget-container\">\n\t\t\t\t\t\t\t<div class=\"elementor-counter\">\n\t\t\t<div class=\"elementor-counter-title\">Liczba udzielonych po\u017cyczek<\/div>\t\t\t<div class=\"elementor-counter-number-wrapper\">\n\t\t\t\t<span class=\"elementor-counter-number-prefix\"><\/span>\n\t\t\t\t<span class=\"elementor-counter-number\" data-duration=\"3000\" data-to-value=\"1793\" data-from-value=\"0\" data-delimiter=\" \">0<\/span>\n\t\t\t\t<span class=\"elementor-counter-number-suffix\"><\/span>\n\t\t\t<\/div>\n\t\t<\/div>\n\t\t\t\t\t\t<\/div>\n\t\t\t\t<\/div>\n\t\t\t\t\t<\/div>\n\t\t<\/div>\n\t\t\t\t\t<\/div>\n\t\t<\/section>\n\t\t\t\t<\/div>\n\t\t","protected":false},"excerpt":{"rendered":"<p>Po\u017cyczki Polska Wschodnia \u201eFundusze Europejskie \u2013 dla rozwoju Polski Wschodniej\u201d Projekt wsp\u00f3\u0142finansowany ze \u015brodk\u00f3w Europejskiego Funduszu Rozwoju Regionalnego oraz bud\u017cetu pa\u0144stwa w ramach Programu Operacyjnego Rozw\u00f3j Polski Wschodniej 2007 &#8211; 2013 NAB\u00d3R WNIOSK\u00d3W DO PROJEKTU ZOSTA\u0141 ZAKO\u0143CZONY\u00a0 Po\u017cyczki s\u0105 udzielane w ramach Programu Operacyjnego Rozw\u00f3j Polski Wschodniej 2007 &#8211; 2013 [&hellip;]<\/p>\n","protected":false},"author":1,"featured_media":0,"parent":94,"menu_order":4,"comment_status":"closed","ping_status":"closed","template":"elementor_header_footer","meta":{"footnotes":""},"class_list":["post-106","page","type-page","status-publish","hentry"],"yoast_head":"<!-- This site is optimized with the Yoast SEO plugin v27.3 - https:\/\/yoast.com\/product\/yoast-seo-wordpress\/ -->\n<title>Dzia\u0142dowska Agencja Rozwoju S.A.<\/title>\n<meta name=\"description\" content=\"Wspieranie ma\u0142ych i \u015brednich przedsi\u0119biorstw, edukacja i szkolenia.\" \/>\n<meta name=\"robots\" content=\"index, follow, max-snippet:-1, max-image-preview:large, max-video-preview:-1\" \/>\n<link rel=\"canonical\" href=\"https:\/\/darsa.pl\/www\/projekty\/zrealizowane\/pozyczki-polska-wschodnia\/\" \/>\n<meta property=\"og:locale\" content=\"pl_PL\" \/>\n<meta property=\"og:type\" content=\"article\" \/>\n<meta property=\"og:description\" content=\"Wspieranie ma\u0142ych i \u015brednich przedsi\u0119biorstw, edukacja i szkolenia.\" \/>\n<meta property=\"og:url\" content=\"https:\/\/darsa.pl\/www\/projekty\/zrealizowane\/pozyczki-polska-wschodnia\/\" \/>\n<meta property=\"og:site_name\" content=\"Dzia\u0142dowska Agencja Rozwoju S.A.\" \/>\n<meta property=\"article:modified_time\" content=\"2022-02-15T08:30:36+00:00\" \/>\n<meta property=\"og:image\" content=\"https:\/\/darsa.pl\/www\/wp-content\/uploads\/2020\/07\/og_img3.png\" \/>\n\t<meta property=\"og:image:width\" content=\"1200\" \/>\n\t<meta property=\"og:image:height\" content=\"630\" \/>\n\t<meta property=\"og:image:type\" content=\"image\/png\" \/>\n<meta name=\"twitter:card\" content=\"summary_large_image\" \/>\n<meta name=\"twitter:label1\" content=\"Szacowany czas czytania\" \/>\n\t<meta name=\"twitter:data1\" content=\"3 minuty\" \/>\n<script type=\"application\/ld+json\" class=\"yoast-schema-graph\">{\"@context\":\"https:\\\/\\\/schema.org\",\"@graph\":[{\"@type\":\"WebPage\",\"@id\":\"https:\\\/\\\/darsa.pl\\\/www\\\/projekty\\\/zrealizowane\\\/pozyczki-polska-wschodnia\\\/\",\"url\":\"https:\\\/\\\/darsa.pl\\\/www\\\/projekty\\\/zrealizowane\\\/pozyczki-polska-wschodnia\\\/\",\"name\":\"\",\"isPartOf\":{\"@id\":\"https:\\\/\\\/darsa.pl\\\/www\\\/#website\"},\"datePublished\":\"2020-06-28T21:08:42+00:00\",\"dateModified\":\"2022-02-15T08:30:36+00:00\",\"description\":\"Wspieranie ma\u0142ych i \u015brednich przedsi\u0119biorstw, edukacja i szkolenia.\",\"breadcrumb\":{\"@id\":\"https:\\\/\\\/darsa.pl\\\/www\\\/projekty\\\/zrealizowane\\\/pozyczki-polska-wschodnia\\\/#breadcrumb\"},\"inLanguage\":\"pl-PL\",\"potentialAction\":[{\"@type\":\"ReadAction\",\"target\":[\"https:\\\/\\\/darsa.pl\\\/www\\\/projekty\\\/zrealizowane\\\/pozyczki-polska-wschodnia\\\/\"]}]},{\"@type\":\"BreadcrumbList\",\"@id\":\"https:\\\/\\\/darsa.pl\\\/www\\\/projekty\\\/zrealizowane\\\/pozyczki-polska-wschodnia\\\/#breadcrumb\",\"itemListElement\":[{\"@type\":\"ListItem\",\"position\":1,\"name\":\"Strona g\u0142\u00f3wna\",\"item\":\"https:\\\/\\\/darsa.pl\\\/www\\\/\"},{\"@type\":\"ListItem\",\"position\":2,\"name\":\"PROJEKTY\",\"item\":\"https:\\\/\\\/darsa.pl\\\/www\\\/projekty\\\/\"},{\"@type\":\"ListItem\",\"position\":3,\"name\":\"ZREALIZOWANE\",\"item\":\"https:\\\/\\\/darsa.pl\\\/www\\\/projekty\\\/zrealizowane\\\/\"},{\"@type\":\"ListItem\",\"position\":4,\"name\":\"PO\u017bYCZKI POLSKA WSCHODNIA\"}]},{\"@type\":\"WebSite\",\"@id\":\"https:\\\/\\\/darsa.pl\\\/www\\\/#website\",\"url\":\"https:\\\/\\\/darsa.pl\\\/www\\\/\",\"name\":\"Dzia\u0142dowska Agencja Rozwoju S.A.\",\"description\":\"Wspieranie ma\u0142ych i \u015brednich przedsi\u0119biorstw, edukacja i szkolenia.\",\"publisher\":{\"@id\":\"https:\\\/\\\/darsa.pl\\\/www\\\/#organization\"},\"potentialAction\":[{\"@type\":\"SearchAction\",\"target\":{\"@type\":\"EntryPoint\",\"urlTemplate\":\"https:\\\/\\\/darsa.pl\\\/www\\\/?s={search_term_string}\"},\"query-input\":{\"@type\":\"PropertyValueSpecification\",\"valueRequired\":true,\"valueName\":\"search_term_string\"}}],\"inLanguage\":\"pl-PL\"},{\"@type\":\"Organization\",\"@id\":\"https:\\\/\\\/darsa.pl\\\/www\\\/#organization\",\"name\":\"Dzia\u0142dowska Agencja Rozwoju S.A.\",\"url\":\"https:\\\/\\\/darsa.pl\\\/www\\\/\",\"logo\":{\"@type\":\"ImageObject\",\"inLanguage\":\"pl-PL\",\"@id\":\"https:\\\/\\\/darsa.pl\\\/www\\\/#\\\/schema\\\/logo\\\/image\\\/\",\"url\":\"https:\\\/\\\/darsa.pl\\\/www\\\/wp-content\\\/uploads\\\/2020\\\/06\\\/logo_h200px.png\",\"contentUrl\":\"https:\\\/\\\/darsa.pl\\\/www\\\/wp-content\\\/uploads\\\/2020\\\/06\\\/logo_h200px.png\",\"width\":856,\"height\":200,\"caption\":\"Dzia\u0142dowska Agencja Rozwoju S.A.\"},\"image\":{\"@id\":\"https:\\\/\\\/darsa.pl\\\/www\\\/#\\\/schema\\\/logo\\\/image\\\/\"}}]}<\/script>\n<!-- \/ Yoast SEO plugin. -->","yoast_head_json":{"title":"Dzia\u0142dowska Agencja Rozwoju S.A.","description":"Wspieranie ma\u0142ych i \u015brednich przedsi\u0119biorstw, edukacja i szkolenia.","robots":{"index":"index","follow":"follow","max-snippet":"max-snippet:-1","max-image-preview":"max-image-preview:large","max-video-preview":"max-video-preview:-1"},"canonical":"https:\/\/darsa.pl\/www\/projekty\/zrealizowane\/pozyczki-polska-wschodnia\/","og_locale":"pl_PL","og_type":"article","og_description":"Wspieranie ma\u0142ych i \u015brednich przedsi\u0119biorstw, edukacja i szkolenia.","og_url":"https:\/\/darsa.pl\/www\/projekty\/zrealizowane\/pozyczki-polska-wschodnia\/","og_site_name":"Dzia\u0142dowska Agencja Rozwoju S.A.","article_modified_time":"2022-02-15T08:30:36+00:00","og_image":[{"width":1200,"height":630,"url":"https:\/\/darsa.pl\/www\/wp-content\/uploads\/2020\/07\/og_img3.png","type":"image\/png"}],"twitter_card":"summary_large_image","twitter_misc":{"Szacowany czas czytania":"3 minuty"},"schema":{"@context":"https:\/\/schema.org","@graph":[{"@type":"WebPage","@id":"https:\/\/darsa.pl\/www\/projekty\/zrealizowane\/pozyczki-polska-wschodnia\/","url":"https:\/\/darsa.pl\/www\/projekty\/zrealizowane\/pozyczki-polska-wschodnia\/","name":"","isPartOf":{"@id":"https:\/\/darsa.pl\/www\/#website"},"datePublished":"2020-06-28T21:08:42+00:00","dateModified":"2022-02-15T08:30:36+00:00","description":"Wspieranie ma\u0142ych i \u015brednich przedsi\u0119biorstw, edukacja i szkolenia.","breadcrumb":{"@id":"https:\/\/darsa.pl\/www\/projekty\/zrealizowane\/pozyczki-polska-wschodnia\/#breadcrumb"},"inLanguage":"pl-PL","potentialAction":[{"@type":"ReadAction","target":["https:\/\/darsa.pl\/www\/projekty\/zrealizowane\/pozyczki-polska-wschodnia\/"]}]},{"@type":"BreadcrumbList","@id":"https:\/\/darsa.pl\/www\/projekty\/zrealizowane\/pozyczki-polska-wschodnia\/#breadcrumb","itemListElement":[{"@type":"ListItem","position":1,"name":"Strona g\u0142\u00f3wna","item":"https:\/\/darsa.pl\/www\/"},{"@type":"ListItem","position":2,"name":"PROJEKTY","item":"https:\/\/darsa.pl\/www\/projekty\/"},{"@type":"ListItem","position":3,"name":"ZREALIZOWANE","item":"https:\/\/darsa.pl\/www\/projekty\/zrealizowane\/"},{"@type":"ListItem","position":4,"name":"PO\u017bYCZKI POLSKA WSCHODNIA"}]},{"@type":"WebSite","@id":"https:\/\/darsa.pl\/www\/#website","url":"https:\/\/darsa.pl\/www\/","name":"Dzia\u0142dowska Agencja Rozwoju S.A.","description":"Wspieranie ma\u0142ych i \u015brednich przedsi\u0119biorstw, edukacja i szkolenia.","publisher":{"@id":"https:\/\/darsa.pl\/www\/#organization"},"potentialAction":[{"@type":"SearchAction","target":{"@type":"EntryPoint","urlTemplate":"https:\/\/darsa.pl\/www\/?s={search_term_string}"},"query-input":{"@type":"PropertyValueSpecification","valueRequired":true,"valueName":"search_term_string"}}],"inLanguage":"pl-PL"},{"@type":"Organization","@id":"https:\/\/darsa.pl\/www\/#organization","name":"Dzia\u0142dowska Agencja Rozwoju S.A.","url":"https:\/\/darsa.pl\/www\/","logo":{"@type":"ImageObject","inLanguage":"pl-PL","@id":"https:\/\/darsa.pl\/www\/#\/schema\/logo\/image\/","url":"https:\/\/darsa.pl\/www\/wp-content\/uploads\/2020\/06\/logo_h200px.png","contentUrl":"https:\/\/darsa.pl\/www\/wp-content\/uploads\/2020\/06\/logo_h200px.png","width":856,"height":200,"caption":"Dzia\u0142dowska Agencja Rozwoju S.A."},"image":{"@id":"https:\/\/darsa.pl\/www\/#\/schema\/logo\/image\/"}}]}},"_links":{"self":[{"href":"https:\/\/darsa.pl\/www\/wp-json\/wp\/v2\/pages\/106","targetHints":{"allow":["GET"]}}],"collection":[{"href":"https:\/\/darsa.pl\/www\/wp-json\/wp\/v2\/pages"}],"about":[{"href":"https:\/\/darsa.pl\/www\/wp-json\/wp\/v2\/types\/page"}],"author":[{"embeddable":true,"href":"https:\/\/darsa.pl\/www\/wp-json\/wp\/v2\/users\/1"}],"replies":[{"embeddable":true,"href":"https:\/\/darsa.pl\/www\/wp-json\/wp\/v2\/comments?post=106"}],"version-history":[{"count":14,"href":"https:\/\/darsa.pl\/www\/wp-json\/wp\/v2\/pages\/106\/revisions"}],"predecessor-version":[{"id":4030,"href":"https:\/\/darsa.pl\/www\/wp-json\/wp\/v2\/pages\/106\/revisions\/4030"}],"up":[{"embeddable":true,"href":"https:\/\/darsa.pl\/www\/wp-json\/wp\/v2\/pages\/94"}],"wp:attachment":[{"href":"https:\/\/darsa.pl\/www\/wp-json\/wp\/v2\/media?parent=106"}],"curies":[{"name":"wp","href":"https:\/\/api.w.org\/{rel}","templated":true}]}}